{"id":15189,"date":"2024-09-06T16:33:06","date_gmt":"2024-09-06T20:33:06","guid":{"rendered":"https:\/\/cheofoundation.com\/dons\/"},"modified":"2026-01-30T16:31:39","modified_gmt":"2026-01-30T21:31:39","slug":"dons","status":"publish","type":"page","link":"https:\/\/cheofoundation.com\/fr\/comment-donner\/dons\/","title":{"rendered":"Donner"},"content":{"rendered":"\n<div class=\"wp-block-media-text has-media-on-the-right is-stacked-on-mobile a11y-link\"><div class=\"wp-block-media-text__content\">\n<h2 class=\"wp-block-heading include-with-link\">Dons mensuels<\/h2>\n\n\n\n<p>En tant que donateur mensuel, vous nous aiderez \u00e0 r\u00e9aliser de grandes choses telles que :<\/p>\n\n\n\n<ul class=\"wp-block-list\">\n<li>Am\u00e9liorer l&rsquo;acc\u00e8s aux soins;<\/li>\n\n\n\n<li>Acheter les technologies m\u00e9dicales les plus innovantes pour fournir les meilleurs soins.<\/li>\n<\/ul>\n\n\n\n<p>Mais vous nous aiderez \u00e9galement \u00e0 faire d&rsquo;autres choses extraordinaires, telles que :<\/p>\n\n\n\n<ul class=\"wp-block-list\">\n<li>Proposer de la musicoth\u00e9rapie et de la th\u00e9rapie par le rire aux enfants hospitalis\u00e9s pendant de longues p\u00e9riodes;<\/li>\n\n\n\n<li style=\"font-size:18px\">Soulager le fardeau financier des familles confront\u00e9es \u00e0 des frais m\u00e9dicaux impr\u00e9vus.<\/li>\n<\/ul>\n\n\n\n<p>Ensemble, nous pouvons faire en sorte que chaque enfant ait la chance d&rsquo;avoir un avenir meilleur et plus sain.<\/p>\n\n\n\n<div class=\"wp-block-buttons is-layout-flex wp-block-buttons-is-layout-flex\">\n<div class=\"wp-block-button append-link-text-to-make-a\"><a class=\"wp-block-button__link has-purple-color has-text-color has-link-color wp-element-button\" href=\"https:\/\/secure.cheofoundation.com\/site\/Donation2?idb=1236410748&amp;df_id=1540&amp;1540.donation=form1&amp;mfc_pref=T&amp;s_locale=fr_CA\" target=\"_blank\" rel=\"noreferrer noopener\">Commencez ici<\/a><\/div>\n<\/div>\n<\/div><figure class=\"wp-block-media-text__media\"><img loading=\"lazy\" decoding=\"async\" width=\"1000\" height=\"668\" src=\"https:\/\/cheofoundation.com\/wp-content\/uploads\/2025\/01\/monthly-gift.jpeg\" alt=\"\" class=\"wp-image-15164 size-full\" srcset=\"https:\/\/cheofoundation.com\/wp-content\/uploads\/2025\/01\/monthly-gift.jpeg 1000w, https:\/\/cheofoundation.com\/wp-content\/uploads\/2025\/01\/monthly-gift-660x441.jpeg 660w, https:\/\/cheofoundation.com\/wp-content\/uploads\/2025\/01\/monthly-gift-768x513.jpeg 768w\" sizes=\"auto, (max-width: 1000px) 100vw, 1000px\" \/><\/figure><\/div>\n\n<div class=\"wp-block-media-text is-stacked-on-mobile a11y-link\"><figure class=\"wp-block-media-text__media\"><img loading=\"lazy\" decoding=\"async\" width=\"1000\" height=\"668\" src=\"https:\/\/cheofoundation.com\/wp-content\/uploads\/2024\/10\/baby-feet.jpg\" alt=\"\" class=\"wp-image-14393 size-full\" srcset=\"https:\/\/cheofoundation.com\/wp-content\/uploads\/2024\/10\/baby-feet.jpg 1000w, https:\/\/cheofoundation.com\/wp-content\/uploads\/2024\/10\/baby-feet-660x441.jpg 660w, https:\/\/cheofoundation.com\/wp-content\/uploads\/2024\/10\/baby-feet-768x513.jpg 768w\" sizes=\"auto, (max-width: 1000px) 100vw, 1000px\" \/><\/figure><div class=\"wp-block-media-text__content\">\n<h2 class=\"wp-block-heading include-with-link\">Don unique<\/h2>\n\n\n\n<p>Votre soutien est essentiel pour le travail que nous accomplissons chaque jour. Un don unique a un impact imm\u00e9diat et significatif, fournissant les ressources n\u00e9cessaires pour offrir des soins et un soutien exceptionnels aux enfants et aux familles. <\/p>\n\n\n\n<div class=\"wp-block-buttons is-layout-flex wp-block-buttons-is-layout-flex\">\n<div class=\"wp-block-button append-link-text-to-make-a\"><a class=\"wp-block-button__link has-purple-color has-text-color has-link-color wp-element-button\" href=\"https:\/\/cheofoundation.donordrive.com\/general-donations\/donate?language=fr\" target=\"_blank\" rel=\"noreferrer noopener\">Commencez ici<\/a><\/div>\n<\/div>\n<\/div><\/div>\n\n<div class=\"wp-block-media-text has-media-on-the-right is-stacked-on-mobile\"><div class=\"wp-block-media-text__content\">\n<h2 class=\"wp-block-heading\">Dons d\u2019articles<\/h2>\n\n\n\n<p style=\"font-size:18px\">Offrir des jouets, des livres et des jeux cr\u00e9e d&rsquo;innombrables sourires pour les enfants de notre communaut\u00e9. Ces cadeaux attentionn\u00e9s apportent r\u00e9confort et joie, contribuent \u00e0 \u00e9gayer les journ\u00e9es et \u00e0 rendre les s\u00e9jours \u00e0 l\u2019h\u00f4pital plus confortables. <\/p>\n\n\n\n<div class=\"wp-block-buttons mt-2 is-layout-flex wp-block-buttons-is-layout-flex\">\n<div class=\"wp-block-button\"><a class=\"wp-block-button__link has-purple-color has-text-color has-link-color wp-element-button\" href=\"mailto:giftinkind@cheofoundation.com\">Donnez aujourd\u2019hui<\/a><\/div>\n<\/div>\n\n\n\n<div style=\"height:20px\" aria-hidden=\"true\" class=\"wp-block-spacer\"><\/div>\n\n\n\n<p style=\"font-size:18px\">Vous pouvez \u00e9galement faire don de vos actions ou de vos fonds communs de placement \u00e0 valeur ajout\u00e9e en <a href=\"https:\/\/cheofoundation.com\/fr\/comment-donner\/dons-de-titres-dactions-en-bourse\/\">cliquant ici<\/a>. Cette fa\u00e7on de donner, fiscalement avantageuse, soutient notre mission de fournir des soins exceptionnels et garantit que nous disposons des ressources n\u00e9cessaires pour le faire.<\/p>\n<\/div><figure class=\"wp-block-media-text__media\"><img loading=\"lazy\" decoding=\"async\" width=\"1320\" height=\"880\" src=\"https:\/\/cheofoundation.com\/wp-content\/uploads\/2025\/01\/Gifts-In-Kind-1320x880.jpeg\" alt=\"\" class=\"wp-image-15162 size-full\" srcset=\"https:\/\/cheofoundation.com\/wp-content\/uploads\/2025\/01\/Gifts-In-Kind-1320x880.jpeg 1320w, https:\/\/cheofoundation.com\/wp-content\/uploads\/2025\/01\/Gifts-In-Kind-660x440.jpeg 660w, https:\/\/cheofoundation.com\/wp-content\/uploads\/2025\/01\/Gifts-In-Kind-768x512.jpeg 768w, https:\/\/cheofoundation.com\/wp-content\/uploads\/2025\/01\/Gifts-In-Kind-1536x1024.jpeg 1536w, https:\/\/cheofoundation.com\/wp-content\/uploads\/2025\/01\/Gifts-In-Kind.jpeg 1613w\" sizes=\"auto, (max-width: 1320px) 100vw, 1320px\" \/><\/figure><\/div>\n\n<div class=\"wp-block-media-text is-stacked-on-mobile a11y-link\"><figure class=\"wp-block-media-text__media\"><img loading=\"lazy\" decoding=\"async\" width=\"1000\" height=\"668\" src=\"https:\/\/cheofoundation.com\/wp-content\/uploads\/2024\/12\/donation-4.jpg\" alt=\"\" class=\"wp-image-14620 size-full\" srcset=\"https:\/\/cheofoundation.com\/wp-content\/uploads\/2024\/12\/donation-4.jpg 1000w, https:\/\/cheofoundation.com\/wp-content\/uploads\/2024\/12\/donation-4-660x441.jpg 660w, https:\/\/cheofoundation.com\/wp-content\/uploads\/2024\/12\/donation-4-768x513.jpg 768w\" sizes=\"auto, (max-width: 1000px) 100vw, 1000px\" \/><\/figure><div class=\"wp-block-media-text__content\">\n<h2 class=\"wp-block-heading include-with-link\">Don de succession<\/h2>\n\n\n\n<p style=\"font-size:18px\">Laissez un don qui rendra votre communaut\u00e9 plus forte pour les g\u00e9n\u00e9rations \u00e0 venir. En incluant le CHEO dans votre planification successorale, vous cr\u00e9ez un h\u00e9ritage durable qui permet aux enfants et aux familles de continuer \u00e0 recevoir les soins exceptionnels dont ils ont besoin. <br\/>  <\/p>\n\n\n\n<p style=\"font-size:18px\">Ce don durable refl\u00e8te votre engagement \u00e0 avoir un impact positif qui s&rsquo;\u00e9tend bien au-del\u00e0 du pr\u00e9sent, favorisant un avenir plus sain et plus heureux pour d&rsquo;innombrables jeunes patients.<br\/><\/p>\n\n\n\n<p>Merci de consid\u00e9rer laisser un don dans votre testament pour soutenir les patients et les familles du CHEO. Laisser un don caritatif de votre succession peut offrir des avantages fiscaux importants, mais plus important encore, cela aura un impact durable sur la vie des jeunes patients du CHEO et de leurs familles. Voici quelques informations que vous devrez partager avec l\u2019avocat qui r\u00e9digera votre dernier testament. <\/p>\n\n\n\n<p>Nom l\u00e9gal \u2013 Fondation du CHEO<br\/>Num\u00e9ro d\u2019enregistrement d\u2019organisme de bienfaisance 11 885 2474 RR0001<br\/>Adresse postale \u2013 415, chemin Smyth Ottawa, ON K1S 3B8<br\/>Personne \u00e0 contacter : Megan Doyle Ray, directrice des programmes de dons en h\u00e9ritage et des programmes comm\u00e9moratifs<br\/><a href=\"mailto:mdoyleray@cheofoundation.com\">mdoyleray@cheofoundation.com<\/a><br\/><a href=\"tel:+16132972633\" type=\"tel\" id=\"tel:+16132972633\">613 297-2633<\/a><\/p>\n\n\n\n<div class=\"wp-block-buttons is-layout-flex wp-block-buttons-is-layout-flex\">\n<div class=\"wp-block-button append-link-text-to-make-a\"><a class=\"wp-block-button__link has-purple-color has-text-color has-link-color wp-element-button\" href=\"https:\/\/cheofoundation.com\/fr\/laissez-un-heritage\/\">Commencez ici<\/a><\/div>\n<\/div>\n<\/div><\/div>\n\n<p><\/p>\n","protected":false},"excerpt":{"rendered":"","protected":false},"author":1,"featured_media":0,"parent":15202,"menu_order":1,"comment_status":"closed","ping_status":"closed","template":"","meta":{"_eb_attr":"","footnotes":""},"class_list":["post-15189","page","type-page","status-publish","hentry"],"yoast_head":"<!-- This site is optimized with the Yoast SEO plugin v27.5 - https:\/\/yoast.com\/product\/yoast-seo-wordpress\/ -->\n<title>Fondation du CHEO | Donner<\/title>\n<meta name=\"description\" content=\"Sauvez des vies et r\u00e9pandez des sourires en faisant un don au CHEO. Financez la recherche, les \u00e9quipements et les soins qui transforment l&#039;avenir des enfants.\" \/>\n<meta name=\"robots\" content=\"index, follow, max-snippet:-1, max-image-preview:large, max-video-preview:-1\" \/>\n<link rel=\"canonical\" href=\"https:\/\/cheofoundation.com\/fr\/comment-donner\/dons\/\" \/>\n<meta property=\"og:locale\" content=\"fr_FR\" \/>\n<meta property=\"og:type\" content=\"article\" \/>\n<meta property=\"og:title\" content=\"Fondation du CHEO | Donner\" \/>\n<meta property=\"og:description\" content=\"Sauvez des vies et r\u00e9pandez des sourires en faisant un don au CHEO. Financez la recherche, les \u00e9quipements et les soins qui transforment l&#039;avenir des enfants.\" \/>\n<meta property=\"og:url\" content=\"https:\/\/cheofoundation.com\/fr\/comment-donner\/dons\/\" \/>\n<meta property=\"og:site_name\" content=\"Fondation du CHEO\" \/>\n<meta property=\"article:modified_time\" content=\"2026-01-30T21:31:39+00:00\" \/>\n<meta property=\"og:image\" content=\"https:\/\/cheofoundation.com\/wp-content\/uploads\/2025\/01\/monthly-gift.jpeg\" \/>\n\t<meta property=\"og:image:width\" content=\"1000\" \/>\n\t<meta property=\"og:image:height\" content=\"668\" \/>\n\t<meta property=\"og:image:type\" content=\"image\/jpeg\" \/>\n<meta name=\"twitter:card\" content=\"summary_large_image\" \/>\n<meta name=\"twitter:label1\" content=\"Est. reading time\" \/>\n\t<meta name=\"twitter:data1\" content=\"3 minutes\" \/>\n<script type=\"application\/ld+json\" class=\"yoast-schema-graph\">{\"@context\":\"https:\\\/\\\/schema.org\",\"@graph\":[{\"@type\":\"WebPage\",\"@id\":\"https:\\\/\\\/cheofoundation.com\\\/fr\\\/comment-donner\\\/dons\\\/\",\"url\":\"https:\\\/\\\/cheofoundation.com\\\/fr\\\/comment-donner\\\/dons\\\/\",\"name\":\"Fondation du CHEO | Donner\",\"isPartOf\":{\"@id\":\"https:\\\/\\\/cheofoundation.com\\\/fr\\\/#website\"},\"primaryImageOfPage\":{\"@id\":\"https:\\\/\\\/cheofoundation.com\\\/fr\\\/comment-donner\\\/dons\\\/#primaryimage\"},\"image\":{\"@id\":\"https:\\\/\\\/cheofoundation.com\\\/fr\\\/comment-donner\\\/dons\\\/#primaryimage\"},\"thumbnailUrl\":\"https:\\\/\\\/cheofoundation.com\\\/wp-content\\\/uploads\\\/2025\\\/01\\\/monthly-gift.jpeg\",\"datePublished\":\"2024-09-06T20:33:06+00:00\",\"dateModified\":\"2026-01-30T21:31:39+00:00\",\"description\":\"Sauvez des vies et r\u00e9pandez des sourires en faisant un don au CHEO. Financez la recherche, les \u00e9quipements et les soins qui transforment l'avenir des enfants.\",\"breadcrumb\":{\"@id\":\"https:\\\/\\\/cheofoundation.com\\\/fr\\\/comment-donner\\\/dons\\\/#breadcrumb\"},\"inLanguage\":\"fr-FR\",\"potentialAction\":[{\"@type\":\"ReadAction\",\"target\":[\"https:\\\/\\\/cheofoundation.com\\\/fr\\\/comment-donner\\\/dons\\\/\"]}]},{\"@type\":\"ImageObject\",\"inLanguage\":\"fr-FR\",\"@id\":\"https:\\\/\\\/cheofoundation.com\\\/fr\\\/comment-donner\\\/dons\\\/#primaryimage\",\"url\":\"https:\\\/\\\/cheofoundation.com\\\/wp-content\\\/uploads\\\/2025\\\/01\\\/monthly-gift.jpeg\",\"contentUrl\":\"https:\\\/\\\/cheofoundation.com\\\/wp-content\\\/uploads\\\/2025\\\/01\\\/monthly-gift.jpeg\"},{\"@type\":\"BreadcrumbList\",\"@id\":\"https:\\\/\\\/cheofoundation.com\\\/fr\\\/comment-donner\\\/dons\\\/#breadcrumb\",\"itemListElement\":[{\"@type\":\"ListItem\",\"position\":1,\"name\":\"Home\",\"item\":\"https:\\\/\\\/cheofoundation.com\\\/fr\\\/\"},{\"@type\":\"ListItem\",\"position\":2,\"name\":\"Comment donner\",\"item\":\"https:\\\/\\\/cheofoundation.com\\\/fr\\\/comment-donner\\\/\"},{\"@type\":\"ListItem\",\"position\":3,\"name\":\"Donner\"}]},{\"@type\":\"WebSite\",\"@id\":\"https:\\\/\\\/cheofoundation.com\\\/fr\\\/#website\",\"url\":\"https:\\\/\\\/cheofoundation.com\\\/fr\\\/\",\"name\":\"Fondation du CHEO\",\"description\":\"\",\"publisher\":{\"@id\":\"https:\\\/\\\/cheofoundation.com\\\/fr\\\/#organization\"},\"potentialAction\":[{\"@type\":\"SearchAction\",\"target\":{\"@type\":\"EntryPoint\",\"urlTemplate\":\"https:\\\/\\\/cheofoundation.com\\\/fr\\\/?s={search_term_string}\"},\"query-input\":{\"@type\":\"PropertyValueSpecification\",\"valueRequired\":true,\"valueName\":\"search_term_string\"}}],\"inLanguage\":\"fr-FR\"},{\"@type\":\"Organization\",\"@id\":\"https:\\\/\\\/cheofoundation.com\\\/fr\\\/#organization\",\"name\":\"CHEO Foundation\",\"url\":\"https:\\\/\\\/cheofoundation.com\\\/fr\\\/\",\"logo\":{\"@type\":\"ImageObject\",\"inLanguage\":\"fr-FR\",\"@id\":\"https:\\\/\\\/cheofoundation.com\\\/fr\\\/#\\\/schema\\\/logo\\\/image\\\/\",\"url\":\"https:\\\/\\\/cheofoundation.com\\\/wp-content\\\/uploads\\\/2024\\\/08\\\/6a9404497b334c9108f34826e2e2a7ce.png\",\"contentUrl\":\"https:\\\/\\\/cheofoundation.com\\\/wp-content\\\/uploads\\\/2024\\\/08\\\/6a9404497b334c9108f34826e2e2a7ce.png\",\"width\":900,\"height\":456,\"caption\":\"CHEO Foundation\"},\"image\":{\"@id\":\"https:\\\/\\\/cheofoundation.com\\\/fr\\\/#\\\/schema\\\/logo\\\/image\\\/\"},\"sameAs\":[\"https:\\\/\\\/www.instagram.com\\\/cheohospital\\\/\",\"https:\\\/\\\/www.youtube.com\\\/user\\\/CHEOvideos\",\"https:\\\/\\\/www.linkedin.com\\\/company\\\/cheo-ottawa\\\/\"]}]}<\/script>\n<!-- \/ Yoast SEO plugin. -->","yoast_head_json":{"title":"Fondation du CHEO | Donner","description":"Sauvez des vies et r\u00e9pandez des sourires en faisant un don au CHEO. Financez la recherche, les \u00e9quipements et les soins qui transforment l'avenir des enfants.","robots":{"index":"index","follow":"follow","max-snippet":"max-snippet:-1","max-image-preview":"max-image-preview:large","max-video-preview":"max-video-preview:-1"},"canonical":"https:\/\/cheofoundation.com\/fr\/comment-donner\/dons\/","og_locale":"fr_FR","og_type":"article","og_title":"Fondation du CHEO | Donner","og_description":"Sauvez des vies et r\u00e9pandez des sourires en faisant un don au CHEO. Financez la recherche, les \u00e9quipements et les soins qui transforment l'avenir des enfants.","og_url":"https:\/\/cheofoundation.com\/fr\/comment-donner\/dons\/","og_site_name":"Fondation du CHEO","article_modified_time":"2026-01-30T21:31:39+00:00","og_image":[{"width":1000,"height":668,"url":"https:\/\/cheofoundation.com\/wp-content\/uploads\/2025\/01\/monthly-gift.jpeg","type":"image\/jpeg"}],"twitter_card":"summary_large_image","twitter_misc":{"Est. reading time":"3 minutes"},"schema":{"@context":"https:\/\/schema.org","@graph":[{"@type":"WebPage","@id":"https:\/\/cheofoundation.com\/fr\/comment-donner\/dons\/","url":"https:\/\/cheofoundation.com\/fr\/comment-donner\/dons\/","name":"Fondation du CHEO | Donner","isPartOf":{"@id":"https:\/\/cheofoundation.com\/fr\/#website"},"primaryImageOfPage":{"@id":"https:\/\/cheofoundation.com\/fr\/comment-donner\/dons\/#primaryimage"},"image":{"@id":"https:\/\/cheofoundation.com\/fr\/comment-donner\/dons\/#primaryimage"},"thumbnailUrl":"https:\/\/cheofoundation.com\/wp-content\/uploads\/2025\/01\/monthly-gift.jpeg","datePublished":"2024-09-06T20:33:06+00:00","dateModified":"2026-01-30T21:31:39+00:00","description":"Sauvez des vies et r\u00e9pandez des sourires en faisant un don au CHEO. Financez la recherche, les \u00e9quipements et les soins qui transforment l'avenir des enfants.","breadcrumb":{"@id":"https:\/\/cheofoundation.com\/fr\/comment-donner\/dons\/#breadcrumb"},"inLanguage":"fr-FR","potentialAction":[{"@type":"ReadAction","target":["https:\/\/cheofoundation.com\/fr\/comment-donner\/dons\/"]}]},{"@type":"ImageObject","inLanguage":"fr-FR","@id":"https:\/\/cheofoundation.com\/fr\/comment-donner\/dons\/#primaryimage","url":"https:\/\/cheofoundation.com\/wp-content\/uploads\/2025\/01\/monthly-gift.jpeg","contentUrl":"https:\/\/cheofoundation.com\/wp-content\/uploads\/2025\/01\/monthly-gift.jpeg"},{"@type":"BreadcrumbList","@id":"https:\/\/cheofoundation.com\/fr\/comment-donner\/dons\/#breadcrumb","itemListElement":[{"@type":"ListItem","position":1,"name":"Home","item":"https:\/\/cheofoundation.com\/fr\/"},{"@type":"ListItem","position":2,"name":"Comment donner","item":"https:\/\/cheofoundation.com\/fr\/comment-donner\/"},{"@type":"ListItem","position":3,"name":"Donner"}]},{"@type":"WebSite","@id":"https:\/\/cheofoundation.com\/fr\/#website","url":"https:\/\/cheofoundation.com\/fr\/","name":"Fondation du CHEO","description":"","publisher":{"@id":"https:\/\/cheofoundation.com\/fr\/#organization"},"potentialAction":[{"@type":"SearchAction","target":{"@type":"EntryPoint","urlTemplate":"https:\/\/cheofoundation.com\/fr\/?s={search_term_string}"},"query-input":{"@type":"PropertyValueSpecification","valueRequired":true,"valueName":"search_term_string"}}],"inLanguage":"fr-FR"},{"@type":"Organization","@id":"https:\/\/cheofoundation.com\/fr\/#organization","name":"CHEO Foundation","url":"https:\/\/cheofoundation.com\/fr\/","logo":{"@type":"ImageObject","inLanguage":"fr-FR","@id":"https:\/\/cheofoundation.com\/fr\/#\/schema\/logo\/image\/","url":"https:\/\/cheofoundation.com\/wp-content\/uploads\/2024\/08\/6a9404497b334c9108f34826e2e2a7ce.png","contentUrl":"https:\/\/cheofoundation.com\/wp-content\/uploads\/2024\/08\/6a9404497b334c9108f34826e2e2a7ce.png","width":900,"height":456,"caption":"CHEO Foundation"},"image":{"@id":"https:\/\/cheofoundation.com\/fr\/#\/schema\/logo\/image\/"},"sameAs":["https:\/\/www.instagram.com\/cheohospital\/","https:\/\/www.youtube.com\/user\/CHEOvideos","https:\/\/www.linkedin.com\/company\/cheo-ottawa\/"]}]}},"_links":{"self":[{"href":"https:\/\/cheofoundation.com\/fr\/wp-json\/wp\/v2\/pages\/15189","targetHints":{"allow":["GET"]}}],"collection":[{"href":"https:\/\/cheofoundation.com\/fr\/wp-json\/wp\/v2\/pages"}],"about":[{"href":"https:\/\/cheofoundation.com\/fr\/wp-json\/wp\/v2\/types\/page"}],"author":[{"embeddable":true,"href":"https:\/\/cheofoundation.com\/fr\/wp-json\/wp\/v2\/users\/1"}],"replies":[{"embeddable":true,"href":"https:\/\/cheofoundation.com\/fr\/wp-json\/wp\/v2\/comments?post=15189"}],"version-history":[{"count":0,"href":"https:\/\/cheofoundation.com\/fr\/wp-json\/wp\/v2\/pages\/15189\/revisions"}],"up":[{"embeddable":true,"href":"https:\/\/cheofoundation.com\/fr\/wp-json\/wp\/v2\/pages\/15202"}],"wp:attachment":[{"href":"https:\/\/cheofoundation.com\/fr\/wp-json\/wp\/v2\/media?parent=15189"}],"curies":[{"name":"wp","href":"https:\/\/api.w.org\/{rel}","templated":true}]}}