{"id":15191,"date":"2024-09-06T16:34:26","date_gmt":"2024-09-06T20:34:26","guid":{"rendered":"https:\/\/cheofoundation.com\/dons-entreprise\/commanditaire\/"},"modified":"2025-04-07T15:12:19","modified_gmt":"2025-04-07T19:12:19","slug":"commanditaire","status":"publish","type":"page","link":"https:\/\/cheofoundation.com\/fr\/comment-donner\/dons-entreprise\/commanditaire\/","title":{"rendered":"Devenez commanditaire"},"content":{"rendered":"\n<h2 class=\"wp-block-heading\">D\u00e9montrez votre engagement<\/h2>\n\n<p>D\u00e9montrez l&rsquo;engagement de votre entreprise envers la sant\u00e9 et le bien-\u00eatre des enfants, des adolescents et de leurs familles. Votre appui permet au CHEO d&rsquo;offrir des soins exceptionnels et des services vitaux \u00e0 ceux qui en ont le plus besoin, tout en b\u00e9n\u00e9ficiant de l\u2019utilisation pro\u00e9minente de votre image de marque, de vid\u00e9os personnalis\u00e9es et de messages sur mesure dans les m\u00e9dias sociaux \u00e0 travers plusieurs plateformes de marketing <\/p>\n\n<p>Ensemble, nous pouvons cr\u00e9er des \u00e9v\u00e9nements m\u00e9morables et percutants qui mettent en valeur les valeurs de votre entreprise et son engagement \u00e0 redonner.<\/p>\n\n<div class=\"wp-block-buttons is-layout-flex wp-block-buttons-is-layout-flex\">\n<div class=\"wp-block-button\"><a class=\"wp-block-button__link wp-element-button\" href=\"mailto: corporategiving@cheofoundation.com\">Commanditez un \u00e9v\u00e9nement<\/a><\/div>\n<\/div>\n","protected":false},"excerpt":{"rendered":"<p>D\u00e9montrez votre engagement D\u00e9montrez l&rsquo;engagement de votre entreprise envers la sant\u00e9 et le bien-\u00eatre des enfants, des adolescents et de leurs familles. Votre appui permet&#8230;<\/p>\n","protected":false},"author":1,"featured_media":14633,"parent":15190,"menu_order":1,"comment_status":"closed","ping_status":"closed","template":"","meta":{"_eb_attr":"","footnotes":""},"class_list":["post-15191","page","type-page","status-publish","has-post-thumbnail","hentry"],"yoast_head":"<!-- This site is optimized with the Yoast SEO plugin v27.3 - https:\/\/yoast.com\/product\/yoast-seo-wordpress\/ -->\n<title>Fondation du CHEO |Commanditaire<\/title>\n<meta name=\"description\" content=\"Parrainez des \u00e9v\u00e9nements du CHEO et d\u00e9montrez votre engagement envers la sant\u00e9 des enfants. Vous gagnerez en visibilit\u00e9 tout en ayant un impact durable.\" \/>\n<meta name=\"robots\" content=\"index, follow, max-snippet:-1, max-image-preview:large, max-video-preview:-1\" \/>\n<link rel=\"canonical\" href=\"https:\/\/cheofoundation.com\/fr\/comment-donner\/dons-entreprise\/commanditaire\/\" \/>\n<meta property=\"og:locale\" content=\"fr_FR\" \/>\n<meta property=\"og:type\" content=\"article\" \/>\n<meta property=\"og:title\" content=\"Fondation du CHEO |Commanditaire\" \/>\n<meta property=\"og:description\" content=\"Parrainez des \u00e9v\u00e9nements du CHEO et d\u00e9montrez votre engagement envers la sant\u00e9 des enfants. Vous gagnerez en visibilit\u00e9 tout en ayant un impact durable.\" \/>\n<meta property=\"og:url\" content=\"https:\/\/cheofoundation.com\/fr\/comment-donner\/dons-entreprise\/commanditaire\/\" \/>\n<meta property=\"og:site_name\" content=\"Fondation du CHEO\" \/>\n<meta property=\"article:modified_time\" content=\"2025-04-07T19:12:19+00:00\" \/>\n<meta property=\"og:image\" content=\"https:\/\/cheofoundation.com\/wp-content\/uploads\/2024\/12\/Sponsor-header.jpg\" \/>\n\t<meta property=\"og:image:width\" content=\"1000\" \/>\n\t<meta property=\"og:image:height\" content=\"552\" \/>\n\t<meta property=\"og:image:type\" content=\"image\/jpeg\" \/>\n<meta name=\"twitter:card\" content=\"summary_large_image\" \/>\n<meta name=\"twitter:label1\" content=\"Est. reading time\" \/>\n\t<meta name=\"twitter:data1\" content=\"1 minute\" \/>\n<script type=\"application\/ld+json\" class=\"yoast-schema-graph\">{\"@context\":\"https:\\\/\\\/schema.org\",\"@graph\":[{\"@type\":\"WebPage\",\"@id\":\"https:\\\/\\\/cheofoundation.com\\\/fr\\\/comment-donner\\\/dons-entreprise\\\/commanditaire\\\/\",\"url\":\"https:\\\/\\\/cheofoundation.com\\\/fr\\\/comment-donner\\\/dons-entreprise\\\/commanditaire\\\/\",\"name\":\"Fondation du CHEO |Commanditaire\",\"isPartOf\":{\"@id\":\"https:\\\/\\\/cheofoundation.com\\\/fr\\\/#website\"},\"primaryImageOfPage\":{\"@id\":\"https:\\\/\\\/cheofoundation.com\\\/fr\\\/comment-donner\\\/dons-entreprise\\\/commanditaire\\\/#primaryimage\"},\"image\":{\"@id\":\"https:\\\/\\\/cheofoundation.com\\\/fr\\\/comment-donner\\\/dons-entreprise\\\/commanditaire\\\/#primaryimage\"},\"thumbnailUrl\":\"https:\\\/\\\/cheofoundation.com\\\/wp-content\\\/uploads\\\/2024\\\/12\\\/Sponsor-header.jpg\",\"datePublished\":\"2024-09-06T20:34:26+00:00\",\"dateModified\":\"2025-04-07T19:12:19+00:00\",\"description\":\"Parrainez des \u00e9v\u00e9nements du CHEO et d\u00e9montrez votre engagement envers la sant\u00e9 des enfants. Vous gagnerez en visibilit\u00e9 tout en ayant un impact durable.\",\"breadcrumb\":{\"@id\":\"https:\\\/\\\/cheofoundation.com\\\/fr\\\/comment-donner\\\/dons-entreprise\\\/commanditaire\\\/#breadcrumb\"},\"inLanguage\":\"fr-FR\",\"potentialAction\":[{\"@type\":\"ReadAction\",\"target\":[\"https:\\\/\\\/cheofoundation.com\\\/fr\\\/comment-donner\\\/dons-entreprise\\\/commanditaire\\\/\"]}]},{\"@type\":\"ImageObject\",\"inLanguage\":\"fr-FR\",\"@id\":\"https:\\\/\\\/cheofoundation.com\\\/fr\\\/comment-donner\\\/dons-entreprise\\\/commanditaire\\\/#primaryimage\",\"url\":\"https:\\\/\\\/cheofoundation.com\\\/wp-content\\\/uploads\\\/2024\\\/12\\\/Sponsor-header.jpg\",\"contentUrl\":\"https:\\\/\\\/cheofoundation.com\\\/wp-content\\\/uploads\\\/2024\\\/12\\\/Sponsor-header.jpg\",\"width\":1000,\"height\":552},{\"@type\":\"BreadcrumbList\",\"@id\":\"https:\\\/\\\/cheofoundation.com\\\/fr\\\/comment-donner\\\/dons-entreprise\\\/commanditaire\\\/#breadcrumb\",\"itemListElement\":[{\"@type\":\"ListItem\",\"position\":1,\"name\":\"Home\",\"item\":\"https:\\\/\\\/cheofoundation.com\\\/fr\\\/\"},{\"@type\":\"ListItem\",\"position\":2,\"name\":\"Comment donner\",\"item\":\"https:\\\/\\\/cheofoundation.com\\\/fr\\\/comment-donner\\\/\"},{\"@type\":\"ListItem\",\"position\":3,\"name\":\"Dons d\u2019entreprise\",\"item\":\"https:\\\/\\\/cheofoundation.com\\\/fr\\\/comment-donner\\\/dons-entreprise\\\/\"},{\"@type\":\"ListItem\",\"position\":4,\"name\":\"Devenez commanditaire\"}]},{\"@type\":\"WebSite\",\"@id\":\"https:\\\/\\\/cheofoundation.com\\\/fr\\\/#website\",\"url\":\"https:\\\/\\\/cheofoundation.com\\\/fr\\\/\",\"name\":\"Fondation du CHEO\",\"description\":\"\",\"publisher\":{\"@id\":\"https:\\\/\\\/cheofoundation.com\\\/fr\\\/#organization\"},\"potentialAction\":[{\"@type\":\"SearchAction\",\"target\":{\"@type\":\"EntryPoint\",\"urlTemplate\":\"https:\\\/\\\/cheofoundation.com\\\/fr\\\/?s={search_term_string}\"},\"query-input\":{\"@type\":\"PropertyValueSpecification\",\"valueRequired\":true,\"valueName\":\"search_term_string\"}}],\"inLanguage\":\"fr-FR\"},{\"@type\":\"Organization\",\"@id\":\"https:\\\/\\\/cheofoundation.com\\\/fr\\\/#organization\",\"name\":\"CHEO Foundation\",\"url\":\"https:\\\/\\\/cheofoundation.com\\\/fr\\\/\",\"logo\":{\"@type\":\"ImageObject\",\"inLanguage\":\"fr-FR\",\"@id\":\"https:\\\/\\\/cheofoundation.com\\\/fr\\\/#\\\/schema\\\/logo\\\/image\\\/\",\"url\":\"https:\\\/\\\/cheofoundation.com\\\/wp-content\\\/uploads\\\/2024\\\/08\\\/6a9404497b334c9108f34826e2e2a7ce.png\",\"contentUrl\":\"https:\\\/\\\/cheofoundation.com\\\/wp-content\\\/uploads\\\/2024\\\/08\\\/6a9404497b334c9108f34826e2e2a7ce.png\",\"width\":900,\"height\":456,\"caption\":\"CHEO Foundation\"},\"image\":{\"@id\":\"https:\\\/\\\/cheofoundation.com\\\/fr\\\/#\\\/schema\\\/logo\\\/image\\\/\"},\"sameAs\":[\"https:\\\/\\\/www.instagram.com\\\/cheohospital\\\/\",\"https:\\\/\\\/www.youtube.com\\\/user\\\/CHEOvideos\",\"https:\\\/\\\/www.linkedin.com\\\/company\\\/cheo-ottawa\\\/\"]}]}<\/script>\n<!-- \/ Yoast SEO plugin. -->","yoast_head_json":{"title":"Fondation du CHEO |Commanditaire","description":"Parrainez des \u00e9v\u00e9nements du CHEO et d\u00e9montrez votre engagement envers la sant\u00e9 des enfants. Vous gagnerez en visibilit\u00e9 tout en ayant un impact durable.","robots":{"index":"index","follow":"follow","max-snippet":"max-snippet:-1","max-image-preview":"max-image-preview:large","max-video-preview":"max-video-preview:-1"},"canonical":"https:\/\/cheofoundation.com\/fr\/comment-donner\/dons-entreprise\/commanditaire\/","og_locale":"fr_FR","og_type":"article","og_title":"Fondation du CHEO |Commanditaire","og_description":"Parrainez des \u00e9v\u00e9nements du CHEO et d\u00e9montrez votre engagement envers la sant\u00e9 des enfants. Vous gagnerez en visibilit\u00e9 tout en ayant un impact durable.","og_url":"https:\/\/cheofoundation.com\/fr\/comment-donner\/dons-entreprise\/commanditaire\/","og_site_name":"Fondation du CHEO","article_modified_time":"2025-04-07T19:12:19+00:00","og_image":[{"width":1000,"height":552,"url":"https:\/\/cheofoundation.com\/wp-content\/uploads\/2024\/12\/Sponsor-header.jpg","type":"image\/jpeg"}],"twitter_card":"summary_large_image","twitter_misc":{"Est. reading time":"1 minute"},"schema":{"@context":"https:\/\/schema.org","@graph":[{"@type":"WebPage","@id":"https:\/\/cheofoundation.com\/fr\/comment-donner\/dons-entreprise\/commanditaire\/","url":"https:\/\/cheofoundation.com\/fr\/comment-donner\/dons-entreprise\/commanditaire\/","name":"Fondation du CHEO |Commanditaire","isPartOf":{"@id":"https:\/\/cheofoundation.com\/fr\/#website"},"primaryImageOfPage":{"@id":"https:\/\/cheofoundation.com\/fr\/comment-donner\/dons-entreprise\/commanditaire\/#primaryimage"},"image":{"@id":"https:\/\/cheofoundation.com\/fr\/comment-donner\/dons-entreprise\/commanditaire\/#primaryimage"},"thumbnailUrl":"https:\/\/cheofoundation.com\/wp-content\/uploads\/2024\/12\/Sponsor-header.jpg","datePublished":"2024-09-06T20:34:26+00:00","dateModified":"2025-04-07T19:12:19+00:00","description":"Parrainez des \u00e9v\u00e9nements du CHEO et d\u00e9montrez votre engagement envers la sant\u00e9 des enfants. Vous gagnerez en visibilit\u00e9 tout en ayant un impact durable.","breadcrumb":{"@id":"https:\/\/cheofoundation.com\/fr\/comment-donner\/dons-entreprise\/commanditaire\/#breadcrumb"},"inLanguage":"fr-FR","potentialAction":[{"@type":"ReadAction","target":["https:\/\/cheofoundation.com\/fr\/comment-donner\/dons-entreprise\/commanditaire\/"]}]},{"@type":"ImageObject","inLanguage":"fr-FR","@id":"https:\/\/cheofoundation.com\/fr\/comment-donner\/dons-entreprise\/commanditaire\/#primaryimage","url":"https:\/\/cheofoundation.com\/wp-content\/uploads\/2024\/12\/Sponsor-header.jpg","contentUrl":"https:\/\/cheofoundation.com\/wp-content\/uploads\/2024\/12\/Sponsor-header.jpg","width":1000,"height":552},{"@type":"BreadcrumbList","@id":"https:\/\/cheofoundation.com\/fr\/comment-donner\/dons-entreprise\/commanditaire\/#breadcrumb","itemListElement":[{"@type":"ListItem","position":1,"name":"Home","item":"https:\/\/cheofoundation.com\/fr\/"},{"@type":"ListItem","position":2,"name":"Comment donner","item":"https:\/\/cheofoundation.com\/fr\/comment-donner\/"},{"@type":"ListItem","position":3,"name":"Dons d\u2019entreprise","item":"https:\/\/cheofoundation.com\/fr\/comment-donner\/dons-entreprise\/"},{"@type":"ListItem","position":4,"name":"Devenez commanditaire"}]},{"@type":"WebSite","@id":"https:\/\/cheofoundation.com\/fr\/#website","url":"https:\/\/cheofoundation.com\/fr\/","name":"Fondation du CHEO","description":"","publisher":{"@id":"https:\/\/cheofoundation.com\/fr\/#organization"},"potentialAction":[{"@type":"SearchAction","target":{"@type":"EntryPoint","urlTemplate":"https:\/\/cheofoundation.com\/fr\/?s={search_term_string}"},"query-input":{"@type":"PropertyValueSpecification","valueRequired":true,"valueName":"search_term_string"}}],"inLanguage":"fr-FR"},{"@type":"Organization","@id":"https:\/\/cheofoundation.com\/fr\/#organization","name":"CHEO Foundation","url":"https:\/\/cheofoundation.com\/fr\/","logo":{"@type":"ImageObject","inLanguage":"fr-FR","@id":"https:\/\/cheofoundation.com\/fr\/#\/schema\/logo\/image\/","url":"https:\/\/cheofoundation.com\/wp-content\/uploads\/2024\/08\/6a9404497b334c9108f34826e2e2a7ce.png","contentUrl":"https:\/\/cheofoundation.com\/wp-content\/uploads\/2024\/08\/6a9404497b334c9108f34826e2e2a7ce.png","width":900,"height":456,"caption":"CHEO Foundation"},"image":{"@id":"https:\/\/cheofoundation.com\/fr\/#\/schema\/logo\/image\/"},"sameAs":["https:\/\/www.instagram.com\/cheohospital\/","https:\/\/www.youtube.com\/user\/CHEOvideos","https:\/\/www.linkedin.com\/company\/cheo-ottawa\/"]}]}},"_links":{"self":[{"href":"https:\/\/cheofoundation.com\/fr\/wp-json\/wp\/v2\/pages\/15191","targetHints":{"allow":["GET"]}}],"collection":[{"href":"https:\/\/cheofoundation.com\/fr\/wp-json\/wp\/v2\/pages"}],"about":[{"href":"https:\/\/cheofoundation.com\/fr\/wp-json\/wp\/v2\/types\/page"}],"author":[{"embeddable":true,"href":"https:\/\/cheofoundation.com\/fr\/wp-json\/wp\/v2\/users\/1"}],"replies":[{"embeddable":true,"href":"https:\/\/cheofoundation.com\/fr\/wp-json\/wp\/v2\/comments?post=15191"}],"version-history":[{"count":0,"href":"https:\/\/cheofoundation.com\/fr\/wp-json\/wp\/v2\/pages\/15191\/revisions"}],"up":[{"embeddable":true,"href":"https:\/\/cheofoundation.com\/fr\/wp-json\/wp\/v2\/pages\/15190"}],"wp:featuredmedia":[{"embeddable":true,"href":"https:\/\/cheofoundation.com\/fr\/wp-json\/wp\/v2\/media\/14633"}],"wp:attachment":[{"href":"https:\/\/cheofoundation.com\/fr\/wp-json\/wp\/v2\/media?parent=15191"}],"curies":[{"name":"wp","href":"https:\/\/api.w.org\/{rel}","templated":true}]}}