{"id":15192,"date":"2024-09-06T16:34:52","date_gmt":"2024-09-06T20:34:52","guid":{"rendered":"https:\/\/cheofoundation.com\/dons-entreprise\/travail-benevole\/"},"modified":"2025-04-07T15:13:24","modified_gmt":"2025-04-07T19:13:24","slug":"benevole","status":"publish","type":"page","link":"https:\/\/cheofoundation.com\/fr\/comment-donner\/dons-entreprise\/benevole\/","title":{"rendered":"Devenez b\u00e9n\u00e9vole"},"content":{"rendered":"\n<h2 class=\"wp-block-heading\">Unissez votre \u00e9quipe<\/h2>\n\n<p>Que vous cherchiez \u00e0 renforcer l&rsquo;engagement de vos employ\u00e9s ou \u00e0 souligner l&rsquo;engagement de votre entreprise en faveur d&rsquo;initiatives environnementales, sociales et de gouvernance, nous vous proposons une vari\u00e9t\u00e9 d&rsquo;opportunit\u00e9s de b\u00e9n\u00e9volat en \u00e9quipe. Vos employ\u00e9s peuvent se rassembler pour soutenir les enfants et les familles dans le besoin, tout en d\u00e9veloppant un fort sentiment d&rsquo;appartenance, d&rsquo;unit\u00e9 et d&rsquo;accomplissement commun.<br\/> <\/p>\n\n<p>Enrichissez la vie des jeunes patients du CHEO et renforcez les liens de votre \u00e9quipe pour une main-d&rsquo;\u0153uvre plus engag\u00e9e et plus motiv\u00e9e!<\/p>\n\n<div class=\"wp-block-buttons is-layout-flex wp-block-buttons-is-layout-flex\">\n<div class=\"wp-block-button\"><a class=\"wp-block-button__link wp-element-button\" href=\"mailto: jberube@cheofoundation.com\">Contactez nous<\/a><\/div>\n<\/div>\n","protected":false},"excerpt":{"rendered":"<p>Unissez votre \u00e9quipe Que vous cherchiez \u00e0 renforcer l&rsquo;engagement de vos employ\u00e9s ou \u00e0 souligner l&rsquo;engagement de votre entreprise en faveur d&rsquo;initiatives environnementales, sociales et&#8230;<\/p>\n","protected":false},"author":1,"featured_media":15888,"parent":15190,"menu_order":2,"comment_status":"closed","ping_status":"closed","template":"","meta":{"_eb_attr":"","footnotes":""},"class_list":["post-15192","page","type-page","status-publish","has-post-thumbnail","hentry"],"yoast_head":"<!-- This site is optimized with the Yoast SEO plugin v27.5 - https:\/\/yoast.com\/product\/yoast-seo-wordpress\/ -->\n<title>Fondation du CHEO | B\u00e9n\u00e9volat d\u2019entreprise<\/title>\n<meta name=\"description\" content=\"Stimulez l&#039;esprit d&#039;\u00e9quipe et appuyez le CHEO en faisant du b\u00e9n\u00e9volat. Unissez vos employ\u00e9s en leur faisant vivre des exp\u00e9riences significatives et marquantes.\" \/>\n<meta name=\"robots\" content=\"index, follow, max-snippet:-1, max-image-preview:large, max-video-preview:-1\" \/>\n<link rel=\"canonical\" href=\"https:\/\/cheofoundation.com\/fr\/comment-donner\/dons-entreprise\/benevole\/\" \/>\n<meta property=\"og:locale\" content=\"fr_FR\" \/>\n<meta property=\"og:type\" content=\"article\" \/>\n<meta property=\"og:title\" content=\"Fondation du CHEO | B\u00e9n\u00e9volat d\u2019entreprise\" \/>\n<meta property=\"og:description\" content=\"Stimulez l&#039;esprit d&#039;\u00e9quipe et appuyez le CHEO en faisant du b\u00e9n\u00e9volat. Unissez vos employ\u00e9s en leur faisant vivre des exp\u00e9riences significatives et marquantes.\" \/>\n<meta property=\"og:url\" content=\"https:\/\/cheofoundation.com\/fr\/comment-donner\/dons-entreprise\/benevole\/\" \/>\n<meta property=\"og:site_name\" content=\"Fondation du CHEO\" \/>\n<meta property=\"article:modified_time\" content=\"2025-04-07T19:13:24+00:00\" \/>\n<meta property=\"og:image\" content=\"https:\/\/cheofoundation.com\/wp-content\/uploads\/2025\/03\/volunteer2-scaled.jpg\" \/>\n\t<meta property=\"og:image:width\" content=\"2560\" \/>\n\t<meta property=\"og:image:height\" content=\"1527\" \/>\n\t<meta property=\"og:image:type\" content=\"image\/jpeg\" \/>\n<meta name=\"twitter:card\" content=\"summary_large_image\" \/>\n<script type=\"application\/ld+json\" class=\"yoast-schema-graph\">{\"@context\":\"https:\\\/\\\/schema.org\",\"@graph\":[{\"@type\":\"WebPage\",\"@id\":\"https:\\\/\\\/cheofoundation.com\\\/fr\\\/comment-donner\\\/dons-entreprise\\\/benevole\\\/\",\"url\":\"https:\\\/\\\/cheofoundation.com\\\/fr\\\/comment-donner\\\/dons-entreprise\\\/benevole\\\/\",\"name\":\"Fondation du CHEO | B\u00e9n\u00e9volat d\u2019entreprise\",\"isPartOf\":{\"@id\":\"https:\\\/\\\/cheofoundation.com\\\/fr\\\/#website\"},\"primaryImageOfPage\":{\"@id\":\"https:\\\/\\\/cheofoundation.com\\\/fr\\\/comment-donner\\\/dons-entreprise\\\/benevole\\\/#primaryimage\"},\"image\":{\"@id\":\"https:\\\/\\\/cheofoundation.com\\\/fr\\\/comment-donner\\\/dons-entreprise\\\/benevole\\\/#primaryimage\"},\"thumbnailUrl\":\"https:\\\/\\\/cheofoundation.com\\\/wp-content\\\/uploads\\\/2025\\\/03\\\/volunteer2-scaled.jpg\",\"datePublished\":\"2024-09-06T20:34:52+00:00\",\"dateModified\":\"2025-04-07T19:13:24+00:00\",\"description\":\"Stimulez l'esprit d'\u00e9quipe et appuyez le CHEO en faisant du b\u00e9n\u00e9volat. Unissez vos employ\u00e9s en leur faisant vivre des exp\u00e9riences significatives et marquantes.\",\"breadcrumb\":{\"@id\":\"https:\\\/\\\/cheofoundation.com\\\/fr\\\/comment-donner\\\/dons-entreprise\\\/benevole\\\/#breadcrumb\"},\"inLanguage\":\"fr-FR\",\"potentialAction\":[{\"@type\":\"ReadAction\",\"target\":[\"https:\\\/\\\/cheofoundation.com\\\/fr\\\/comment-donner\\\/dons-entreprise\\\/benevole\\\/\"]}]},{\"@type\":\"ImageObject\",\"inLanguage\":\"fr-FR\",\"@id\":\"https:\\\/\\\/cheofoundation.com\\\/fr\\\/comment-donner\\\/dons-entreprise\\\/benevole\\\/#primaryimage\",\"url\":\"https:\\\/\\\/cheofoundation.com\\\/wp-content\\\/uploads\\\/2025\\\/03\\\/volunteer2-scaled.jpg\",\"contentUrl\":\"https:\\\/\\\/cheofoundation.com\\\/wp-content\\\/uploads\\\/2025\\\/03\\\/volunteer2-scaled.jpg\",\"width\":2560,\"height\":1527},{\"@type\":\"BreadcrumbList\",\"@id\":\"https:\\\/\\\/cheofoundation.com\\\/fr\\\/comment-donner\\\/dons-entreprise\\\/benevole\\\/#breadcrumb\",\"itemListElement\":[{\"@type\":\"ListItem\",\"position\":1,\"name\":\"Home\",\"item\":\"https:\\\/\\\/cheofoundation.com\\\/fr\\\/\"},{\"@type\":\"ListItem\",\"position\":2,\"name\":\"Comment donner\",\"item\":\"https:\\\/\\\/cheofoundation.com\\\/fr\\\/comment-donner\\\/\"},{\"@type\":\"ListItem\",\"position\":3,\"name\":\"Dons d\u2019entreprise\",\"item\":\"https:\\\/\\\/cheofoundation.com\\\/fr\\\/comment-donner\\\/dons-entreprise\\\/\"},{\"@type\":\"ListItem\",\"position\":4,\"name\":\"Devenez b\u00e9n\u00e9vole\"}]},{\"@type\":\"WebSite\",\"@id\":\"https:\\\/\\\/cheofoundation.com\\\/fr\\\/#website\",\"url\":\"https:\\\/\\\/cheofoundation.com\\\/fr\\\/\",\"name\":\"Fondation du CHEO\",\"description\":\"\",\"publisher\":{\"@id\":\"https:\\\/\\\/cheofoundation.com\\\/fr\\\/#organization\"},\"potentialAction\":[{\"@type\":\"SearchAction\",\"target\":{\"@type\":\"EntryPoint\",\"urlTemplate\":\"https:\\\/\\\/cheofoundation.com\\\/fr\\\/?s={search_term_string}\"},\"query-input\":{\"@type\":\"PropertyValueSpecification\",\"valueRequired\":true,\"valueName\":\"search_term_string\"}}],\"inLanguage\":\"fr-FR\"},{\"@type\":\"Organization\",\"@id\":\"https:\\\/\\\/cheofoundation.com\\\/fr\\\/#organization\",\"name\":\"CHEO Foundation\",\"url\":\"https:\\\/\\\/cheofoundation.com\\\/fr\\\/\",\"logo\":{\"@type\":\"ImageObject\",\"inLanguage\":\"fr-FR\",\"@id\":\"https:\\\/\\\/cheofoundation.com\\\/fr\\\/#\\\/schema\\\/logo\\\/image\\\/\",\"url\":\"https:\\\/\\\/cheofoundation.com\\\/wp-content\\\/uploads\\\/2024\\\/08\\\/6a9404497b334c9108f34826e2e2a7ce.png\",\"contentUrl\":\"https:\\\/\\\/cheofoundation.com\\\/wp-content\\\/uploads\\\/2024\\\/08\\\/6a9404497b334c9108f34826e2e2a7ce.png\",\"width\":900,\"height\":456,\"caption\":\"CHEO Foundation\"},\"image\":{\"@id\":\"https:\\\/\\\/cheofoundation.com\\\/fr\\\/#\\\/schema\\\/logo\\\/image\\\/\"},\"sameAs\":[\"https:\\\/\\\/www.instagram.com\\\/cheohospital\\\/\",\"https:\\\/\\\/www.youtube.com\\\/user\\\/CHEOvideos\",\"https:\\\/\\\/www.linkedin.com\\\/company\\\/cheo-ottawa\\\/\"]}]}<\/script>\n<!-- \/ Yoast SEO plugin. -->","yoast_head_json":{"title":"Fondation du CHEO | B\u00e9n\u00e9volat d\u2019entreprise","description":"Stimulez l'esprit d'\u00e9quipe et appuyez le CHEO en faisant du b\u00e9n\u00e9volat. Unissez vos employ\u00e9s en leur faisant vivre des exp\u00e9riences significatives et marquantes.","robots":{"index":"index","follow":"follow","max-snippet":"max-snippet:-1","max-image-preview":"max-image-preview:large","max-video-preview":"max-video-preview:-1"},"canonical":"https:\/\/cheofoundation.com\/fr\/comment-donner\/dons-entreprise\/benevole\/","og_locale":"fr_FR","og_type":"article","og_title":"Fondation du CHEO | B\u00e9n\u00e9volat d\u2019entreprise","og_description":"Stimulez l'esprit d'\u00e9quipe et appuyez le CHEO en faisant du b\u00e9n\u00e9volat. Unissez vos employ\u00e9s en leur faisant vivre des exp\u00e9riences significatives et marquantes.","og_url":"https:\/\/cheofoundation.com\/fr\/comment-donner\/dons-entreprise\/benevole\/","og_site_name":"Fondation du CHEO","article_modified_time":"2025-04-07T19:13:24+00:00","og_image":[{"width":2560,"height":1527,"url":"https:\/\/cheofoundation.com\/wp-content\/uploads\/2025\/03\/volunteer2-scaled.jpg","type":"image\/jpeg"}],"twitter_card":"summary_large_image","schema":{"@context":"https:\/\/schema.org","@graph":[{"@type":"WebPage","@id":"https:\/\/cheofoundation.com\/fr\/comment-donner\/dons-entreprise\/benevole\/","url":"https:\/\/cheofoundation.com\/fr\/comment-donner\/dons-entreprise\/benevole\/","name":"Fondation du CHEO | B\u00e9n\u00e9volat d\u2019entreprise","isPartOf":{"@id":"https:\/\/cheofoundation.com\/fr\/#website"},"primaryImageOfPage":{"@id":"https:\/\/cheofoundation.com\/fr\/comment-donner\/dons-entreprise\/benevole\/#primaryimage"},"image":{"@id":"https:\/\/cheofoundation.com\/fr\/comment-donner\/dons-entreprise\/benevole\/#primaryimage"},"thumbnailUrl":"https:\/\/cheofoundation.com\/wp-content\/uploads\/2025\/03\/volunteer2-scaled.jpg","datePublished":"2024-09-06T20:34:52+00:00","dateModified":"2025-04-07T19:13:24+00:00","description":"Stimulez l'esprit d'\u00e9quipe et appuyez le CHEO en faisant du b\u00e9n\u00e9volat. Unissez vos employ\u00e9s en leur faisant vivre des exp\u00e9riences significatives et marquantes.","breadcrumb":{"@id":"https:\/\/cheofoundation.com\/fr\/comment-donner\/dons-entreprise\/benevole\/#breadcrumb"},"inLanguage":"fr-FR","potentialAction":[{"@type":"ReadAction","target":["https:\/\/cheofoundation.com\/fr\/comment-donner\/dons-entreprise\/benevole\/"]}]},{"@type":"ImageObject","inLanguage":"fr-FR","@id":"https:\/\/cheofoundation.com\/fr\/comment-donner\/dons-entreprise\/benevole\/#primaryimage","url":"https:\/\/cheofoundation.com\/wp-content\/uploads\/2025\/03\/volunteer2-scaled.jpg","contentUrl":"https:\/\/cheofoundation.com\/wp-content\/uploads\/2025\/03\/volunteer2-scaled.jpg","width":2560,"height":1527},{"@type":"BreadcrumbList","@id":"https:\/\/cheofoundation.com\/fr\/comment-donner\/dons-entreprise\/benevole\/#breadcrumb","itemListElement":[{"@type":"ListItem","position":1,"name":"Home","item":"https:\/\/cheofoundation.com\/fr\/"},{"@type":"ListItem","position":2,"name":"Comment donner","item":"https:\/\/cheofoundation.com\/fr\/comment-donner\/"},{"@type":"ListItem","position":3,"name":"Dons d\u2019entreprise","item":"https:\/\/cheofoundation.com\/fr\/comment-donner\/dons-entreprise\/"},{"@type":"ListItem","position":4,"name":"Devenez b\u00e9n\u00e9vole"}]},{"@type":"WebSite","@id":"https:\/\/cheofoundation.com\/fr\/#website","url":"https:\/\/cheofoundation.com\/fr\/","name":"Fondation du CHEO","description":"","publisher":{"@id":"https:\/\/cheofoundation.com\/fr\/#organization"},"potentialAction":[{"@type":"SearchAction","target":{"@type":"EntryPoint","urlTemplate":"https:\/\/cheofoundation.com\/fr\/?s={search_term_string}"},"query-input":{"@type":"PropertyValueSpecification","valueRequired":true,"valueName":"search_term_string"}}],"inLanguage":"fr-FR"},{"@type":"Organization","@id":"https:\/\/cheofoundation.com\/fr\/#organization","name":"CHEO Foundation","url":"https:\/\/cheofoundation.com\/fr\/","logo":{"@type":"ImageObject","inLanguage":"fr-FR","@id":"https:\/\/cheofoundation.com\/fr\/#\/schema\/logo\/image\/","url":"https:\/\/cheofoundation.com\/wp-content\/uploads\/2024\/08\/6a9404497b334c9108f34826e2e2a7ce.png","contentUrl":"https:\/\/cheofoundation.com\/wp-content\/uploads\/2024\/08\/6a9404497b334c9108f34826e2e2a7ce.png","width":900,"height":456,"caption":"CHEO Foundation"},"image":{"@id":"https:\/\/cheofoundation.com\/fr\/#\/schema\/logo\/image\/"},"sameAs":["https:\/\/www.instagram.com\/cheohospital\/","https:\/\/www.youtube.com\/user\/CHEOvideos","https:\/\/www.linkedin.com\/company\/cheo-ottawa\/"]}]}},"_links":{"self":[{"href":"https:\/\/cheofoundation.com\/fr\/wp-json\/wp\/v2\/pages\/15192","targetHints":{"allow":["GET"]}}],"collection":[{"href":"https:\/\/cheofoundation.com\/fr\/wp-json\/wp\/v2\/pages"}],"about":[{"href":"https:\/\/cheofoundation.com\/fr\/wp-json\/wp\/v2\/types\/page"}],"author":[{"embeddable":true,"href":"https:\/\/cheofoundation.com\/fr\/wp-json\/wp\/v2\/users\/1"}],"replies":[{"embeddable":true,"href":"https:\/\/cheofoundation.com\/fr\/wp-json\/wp\/v2\/comments?post=15192"}],"version-history":[{"count":0,"href":"https:\/\/cheofoundation.com\/fr\/wp-json\/wp\/v2\/pages\/15192\/revisions"}],"up":[{"embeddable":true,"href":"https:\/\/cheofoundation.com\/fr\/wp-json\/wp\/v2\/pages\/15190"}],"wp:featuredmedia":[{"embeddable":true,"href":"https:\/\/cheofoundation.com\/fr\/wp-json\/wp\/v2\/media\/15888"}],"wp:attachment":[{"href":"https:\/\/cheofoundation.com\/fr\/wp-json\/wp\/v2\/media?parent=15192"}],"curies":[{"name":"wp","href":"https:\/\/api.w.org\/{rel}","templated":true}]}}