{"id":15193,"date":"2024-09-06T16:35:23","date_gmt":"2024-09-06T20:35:23","guid":{"rendered":"https:\/\/cheofoundation.com\/dons-entreprise\/dons-employes\/"},"modified":"2025-04-07T15:14:58","modified_gmt":"2025-04-07T19:14:58","slug":"dons-employes","status":"publish","type":"page","link":"https:\/\/cheofoundation.com\/fr\/comment-donner\/dons-entreprise\/dons-employes\/","title":{"rendered":"Dons d\u2019employ\u00e9s"},"content":{"rendered":"\n<h2 class=\"wp-block-heading\">Cr\u00e9ez de la motivation au sein de votre environnement de travail!<\/h2>\n\n<p>Les dons des employ\u00e9s sont une excellente fa\u00e7on de mobiliser votre personnel autour d&rsquo;une cause importante Votre \u00e9quipe peut appuyer collectivement le travail vital du CHEO en aidant \u00e0 fournir des soins et des services exceptionnels aux jeunes patients et \u00e0 leurs familles.<br\/><\/p>\n\n<p>Cela permet de d\u00e9velopper un sentiment de fiert\u00e9 et d&rsquo;unit\u00e9 parmi vos employ\u00e9s tout en am\u00e9liorant la visibilit\u00e9 et la r\u00e9putation de votre entreprise au sein de la communaut\u00e9. Joignez-vous \u00e0 nous pour faire une diff\u00e9rence et d\u00e9montrez \u00e0 notre communaut\u00e9 le pouvoir de la compassion et de la g\u00e9n\u00e9rosit\u00e9 de votre entreprise.<\/p>\n\n<div class=\"wp-block-buttons is-layout-flex wp-block-buttons-is-layout-flex\">\n<div class=\"wp-block-button\"><a class=\"wp-block-button__link wp-element-button\" href=\"mailto: employeegiving@cheofoundation.com\">Inspirez vos employ\u00e9s<\/a><\/div>\n<\/div>\n\n<div style=\"height:55px\" aria-hidden=\"true\" class=\"wp-block-spacer\"><\/div>\n\n<h2 class=\"wp-block-heading\">Prenez le chemin de la g\u00e9n\u00e9rosit\u00e9<\/h2>\n\n<p>La Fondation du CHEO est l\u00e0 pour vous aider \u00e0 cr\u00e9er une campagne de dons d&#8217;employ\u00e9s personnalis\u00e9e qui s&rsquo;harmonise avec la culture de votre milieu de travail. <\/p>\n\n<p>De la planification \u00e0 l&rsquo;ex\u00e9cution, nous vous fournirons toutes les ressources et le soutien dont vous avez besoin pour inspirer votre<\/p>\n\n<div style=\"height:21px\" aria-hidden=\"true\" class=\"wp-block-spacer\"><\/div>\n\n<div class=\"wp-block-columns full-width-cta has-purple-background-color has-background is-layout-flex wp-container-core-columns-is-layout-8351d469 wp-block-columns-is-layout-flex\" style=\"border-radius:14px;margin-bottom:var(--wp--preset--spacing--50)\">\n<div class=\"wp-block-column is-layout-flow wp-block-column-is-layout-flow\" style=\"flex-basis:100%\">\n<h3 class=\"wp-block-heading has-text-align-left has-white-color has-text-color has-link-color wp-elements-077cb927f2cead03f2ddefda8f36c5f4\">Amplifiez votre impact<\/h3>\n\n\n\n<p class=\"has-white-color has-text-color has-link-color wp-elements-3565caf387adc0f51cec0f8c312984f7\">Les dons peuvent \u00eatre allou\u00e9s \u00e0 un projet, un programme ou un besoin sp\u00e9cifique au CHEO, ou chaque employ\u00e9 peut diriger son don vers ce qui le passionne. <\/p>\n\n\n\n<p class=\"has-white-color has-text-color has-link-color wp-elements-748958d17c911ca2892d819168010ac0\">Envisagez de verser des dons \u00e9quivalents aux dons des employ\u00e9s afin de souligner votre appui et d&rsquo;encourager les contributions des employ\u00e9s.<\/p>\n\n\n\n<div class=\"wp-block-buttons is-layout-flex wp-block-buttons-is-layout-flex\">\n<div class=\"wp-block-button\"><a class=\"wp-block-button__link has-gold-color has-text-color has-link-color wp-element-button\" href=\"mailto: employeegiving@cheofoundation.com\">On y va!<\/a><\/div>\n<\/div>\n<\/div>\n<\/div>\n\n<div class=\"wp-block-columns full-width-cta has-purple-background-color has-background is-layout-flex wp-container-core-columns-is-layout-8351d469 wp-block-columns-is-layout-flex\" style=\"border-radius:14px;margin-bottom:var(--wp--preset--spacing--50)\">\n<div class=\"wp-block-column is-layout-flow wp-block-column-is-layout-flow\" style=\"flex-basis:100%\">\n<h3 class=\"wp-block-heading has-text-align-left has-white-color has-text-color has-link-color wp-elements-cf706480b8409a9b13e5fa0636aed80d\">Exp\u00e9riences<\/h3>\n\n\n\n<p class=\"has-white-color has-text-color has-link-color wp-elements-64c077933d7198b746923fc5597dd568\">Nous offrons des visites de l\u2019h\u00f4pital, et des ambassadeurs du CHEO peuvent venir t\u00e9moigner lors de vos \u00e9v\u00e9nements.<\/p>\n\n\n\n<p class=\"has-white-color has-text-color has-link-color wp-elements-767fb4d2e02987748e421f0a6485d809\">Ces exp\u00e9riences offrent \u00e0 vos employ\u00e9s un aper\u00e7u d\u2019avant-plan de l\u2019impact de leurs contributions, ce qui se traduit par une meilleur engagement et un sentiment d\u2019appartenance \u00e0 la cause.<br\/><\/p>\n\n\n\n<div class=\"wp-block-buttons is-layout-flex wp-block-buttons-is-layout-flex\">\n<div class=\"wp-block-button\"><a class=\"wp-block-button__link has-gold-color has-text-color has-link-color wp-element-button\" href=\"mailto: employeegiving@cheofoundation.com\">On y va!<\/a><\/div>\n<\/div>\n<\/div>\n<\/div>\n\n<div class=\"wp-block-columns full-width-cta has-purple-background-color has-background is-layout-flex wp-container-core-columns-is-layout-8351d469 wp-block-columns-is-layout-flex\" style=\"border-radius:14px;margin-bottom:var(--wp--preset--spacing--50)\">\n<div class=\"wp-block-column is-layout-flow wp-block-column-is-layout-flow\" style=\"flex-basis:100%\">\n<h3 class=\"wp-block-heading has-text-align-left has-white-color has-text-color has-link-color wp-elements-80e4b4f8d58734fabdfe41ac1931d01b\">Faites une diff\u00e9rence \u00e0 chaque jour de paie!<\/h3>\n\n\n\n<p class=\"has-white-color has-text-color has-link-color wp-elements-2325f9d307c84595806f943138da066c\">Imaginez l&rsquo;impact que votre \u00e9quipe peut avoir avec une petite contribution de chaque paie.<\/p>\n\n\n\n<p class=\"has-white-color has-text-color has-link-color wp-elements-eaaed5cbcd10a41e9f53f90206aa295e\">Les retenues sur salaire offrent aux employ\u00e9s un moyen transparent de soutenir des causes qui leur tiennent \u00e0 c\u0153ur, directement par le biais de leur salaire.<\/p>\n\n\n\n<p class=\"has-white-color has-text-color has-link-color wp-elements-eaa038943e75bf883c43deba4bdcdc6e\">C&rsquo;est simple, efficace et d\u00e9montre un engagement collectif \u00e0 faire une diff\u00e9rence.<\/p>\n\n\n\n<div class=\"wp-block-buttons is-layout-flex wp-block-buttons-is-layout-flex\">\n<div class=\"wp-block-button\"><a class=\"wp-block-button__link has-gold-color has-text-color has-link-color wp-element-button\" href=\"mailto: employeegiving@cheofoundation.com\">On y va!<\/a><\/div>\n<\/div>\n<\/div>\n<\/div>\n","protected":false},"excerpt":{"rendered":"<p>Cr\u00e9ez de la motivation au sein de votre environnement de travail! Les dons des employ\u00e9s sont une excellente fa\u00e7on de mobiliser votre personnel autour d&rsquo;une&#8230;<\/p>\n","protected":false},"author":1,"featured_media":15150,"parent":15190,"menu_order":3,"comment_status":"closed","ping_status":"closed","template":"","meta":{"_eb_attr":"","footnotes":""},"class_list":["post-15193","page","type-page","status-publish","has-post-thumbnail","hentry"],"yoast_head":"<!-- This site is optimized with the Yoast SEO plugin v27.3 - https:\/\/yoast.com\/product\/yoast-seo-wordpress\/ -->\n<title>Fondation du CHEO | Dons d\u2019employ\u00e9s<\/title>\n<meta name=\"description\" content=\"Inspirez votre \u00e9quipe en faisant un don au CHEO. Avec chaque ch\u00e8que de paie, vous pouvez rehausser le moral, cr\u00e9er un sentiment d&#039;appartenance et soutenir les jeunes patients.\" \/>\n<meta name=\"robots\" content=\"index, follow, max-snippet:-1, max-image-preview:large, max-video-preview:-1\" \/>\n<link rel=\"canonical\" href=\"https:\/\/cheofoundation.com\/fr\/comment-donner\/dons-entreprise\/dons-employes\/\" \/>\n<meta property=\"og:locale\" content=\"fr_FR\" \/>\n<meta property=\"og:type\" content=\"article\" \/>\n<meta property=\"og:title\" content=\"Fondation du CHEO | Dons d\u2019employ\u00e9s\" \/>\n<meta property=\"og:description\" content=\"Inspirez votre \u00e9quipe en faisant un don au CHEO. Avec chaque ch\u00e8que de paie, vous pouvez rehausser le moral, cr\u00e9er un sentiment d&#039;appartenance et soutenir les jeunes patients.\" \/>\n<meta property=\"og:url\" content=\"https:\/\/cheofoundation.com\/fr\/comment-donner\/dons-entreprise\/dons-employes\/\" \/>\n<meta property=\"og:site_name\" content=\"Fondation du CHEO\" \/>\n<meta property=\"article:modified_time\" content=\"2025-04-07T19:14:58+00:00\" \/>\n<meta property=\"og:image\" content=\"https:\/\/cheofoundation.com\/wp-content\/uploads\/2025\/01\/RBC-RFTK_2023__women.jpg\" \/>\n\t<meta property=\"og:image:width\" content=\"2400\" \/>\n\t<meta property=\"og:image:height\" content=\"720\" \/>\n\t<meta property=\"og:image:type\" content=\"image\/jpeg\" \/>\n<meta name=\"twitter:card\" content=\"summary_large_image\" \/>\n<meta name=\"twitter:label1\" content=\"Est. reading time\" \/>\n\t<meta name=\"twitter:data1\" content=\"2 minutes\" \/>\n<script type=\"application\/ld+json\" class=\"yoast-schema-graph\">{\"@context\":\"https:\\\/\\\/schema.org\",\"@graph\":[{\"@type\":\"WebPage\",\"@id\":\"https:\\\/\\\/cheofoundation.com\\\/fr\\\/comment-donner\\\/dons-entreprise\\\/dons-employes\\\/\",\"url\":\"https:\\\/\\\/cheofoundation.com\\\/fr\\\/comment-donner\\\/dons-entreprise\\\/dons-employes\\\/\",\"name\":\"Fondation du CHEO | Dons d\u2019employ\u00e9s\",\"isPartOf\":{\"@id\":\"https:\\\/\\\/cheofoundation.com\\\/fr\\\/#website\"},\"primaryImageOfPage\":{\"@id\":\"https:\\\/\\\/cheofoundation.com\\\/fr\\\/comment-donner\\\/dons-entreprise\\\/dons-employes\\\/#primaryimage\"},\"image\":{\"@id\":\"https:\\\/\\\/cheofoundation.com\\\/fr\\\/comment-donner\\\/dons-entreprise\\\/dons-employes\\\/#primaryimage\"},\"thumbnailUrl\":\"https:\\\/\\\/cheofoundation.com\\\/wp-content\\\/uploads\\\/2025\\\/01\\\/RBC-RFTK_2023__women.jpg\",\"datePublished\":\"2024-09-06T20:35:23+00:00\",\"dateModified\":\"2025-04-07T19:14:58+00:00\",\"description\":\"Inspirez votre \u00e9quipe en faisant un don au CHEO. Avec chaque ch\u00e8que de paie, vous pouvez rehausser le moral, cr\u00e9er un sentiment d'appartenance et soutenir les jeunes patients.\",\"breadcrumb\":{\"@id\":\"https:\\\/\\\/cheofoundation.com\\\/fr\\\/comment-donner\\\/dons-entreprise\\\/dons-employes\\\/#breadcrumb\"},\"inLanguage\":\"fr-FR\",\"potentialAction\":[{\"@type\":\"ReadAction\",\"target\":[\"https:\\\/\\\/cheofoundation.com\\\/fr\\\/comment-donner\\\/dons-entreprise\\\/dons-employes\\\/\"]}]},{\"@type\":\"ImageObject\",\"inLanguage\":\"fr-FR\",\"@id\":\"https:\\\/\\\/cheofoundation.com\\\/fr\\\/comment-donner\\\/dons-entreprise\\\/dons-employes\\\/#primaryimage\",\"url\":\"https:\\\/\\\/cheofoundation.com\\\/wp-content\\\/uploads\\\/2025\\\/01\\\/RBC-RFTK_2023__women.jpg\",\"contentUrl\":\"https:\\\/\\\/cheofoundation.com\\\/wp-content\\\/uploads\\\/2025\\\/01\\\/RBC-RFTK_2023__women.jpg\",\"width\":2400,\"height\":720},{\"@type\":\"BreadcrumbList\",\"@id\":\"https:\\\/\\\/cheofoundation.com\\\/fr\\\/comment-donner\\\/dons-entreprise\\\/dons-employes\\\/#breadcrumb\",\"itemListElement\":[{\"@type\":\"ListItem\",\"position\":1,\"name\":\"Home\",\"item\":\"https:\\\/\\\/cheofoundation.com\\\/fr\\\/\"},{\"@type\":\"ListItem\",\"position\":2,\"name\":\"Comment donner\",\"item\":\"https:\\\/\\\/cheofoundation.com\\\/fr\\\/comment-donner\\\/\"},{\"@type\":\"ListItem\",\"position\":3,\"name\":\"Dons d\u2019entreprise\",\"item\":\"https:\\\/\\\/cheofoundation.com\\\/fr\\\/comment-donner\\\/dons-entreprise\\\/\"},{\"@type\":\"ListItem\",\"position\":4,\"name\":\"Dons d\u2019employ\u00e9s\"}]},{\"@type\":\"WebSite\",\"@id\":\"https:\\\/\\\/cheofoundation.com\\\/fr\\\/#website\",\"url\":\"https:\\\/\\\/cheofoundation.com\\\/fr\\\/\",\"name\":\"Fondation du CHEO\",\"description\":\"\",\"publisher\":{\"@id\":\"https:\\\/\\\/cheofoundation.com\\\/fr\\\/#organization\"},\"potentialAction\":[{\"@type\":\"SearchAction\",\"target\":{\"@type\":\"EntryPoint\",\"urlTemplate\":\"https:\\\/\\\/cheofoundation.com\\\/fr\\\/?s={search_term_string}\"},\"query-input\":{\"@type\":\"PropertyValueSpecification\",\"valueRequired\":true,\"valueName\":\"search_term_string\"}}],\"inLanguage\":\"fr-FR\"},{\"@type\":\"Organization\",\"@id\":\"https:\\\/\\\/cheofoundation.com\\\/fr\\\/#organization\",\"name\":\"CHEO Foundation\",\"url\":\"https:\\\/\\\/cheofoundation.com\\\/fr\\\/\",\"logo\":{\"@type\":\"ImageObject\",\"inLanguage\":\"fr-FR\",\"@id\":\"https:\\\/\\\/cheofoundation.com\\\/fr\\\/#\\\/schema\\\/logo\\\/image\\\/\",\"url\":\"https:\\\/\\\/cheofoundation.com\\\/wp-content\\\/uploads\\\/2024\\\/08\\\/6a9404497b334c9108f34826e2e2a7ce.png\",\"contentUrl\":\"https:\\\/\\\/cheofoundation.com\\\/wp-content\\\/uploads\\\/2024\\\/08\\\/6a9404497b334c9108f34826e2e2a7ce.png\",\"width\":900,\"height\":456,\"caption\":\"CHEO Foundation\"},\"image\":{\"@id\":\"https:\\\/\\\/cheofoundation.com\\\/fr\\\/#\\\/schema\\\/logo\\\/image\\\/\"},\"sameAs\":[\"https:\\\/\\\/www.instagram.com\\\/cheohospital\\\/\",\"https:\\\/\\\/www.youtube.com\\\/user\\\/CHEOvideos\",\"https:\\\/\\\/www.linkedin.com\\\/company\\\/cheo-ottawa\\\/\"]}]}<\/script>\n<!-- \/ Yoast SEO plugin. -->","yoast_head_json":{"title":"Fondation du CHEO | Dons d\u2019employ\u00e9s","description":"Inspirez votre \u00e9quipe en faisant un don au CHEO. Avec chaque ch\u00e8que de paie, vous pouvez rehausser le moral, cr\u00e9er un sentiment d'appartenance et soutenir les jeunes patients.","robots":{"index":"index","follow":"follow","max-snippet":"max-snippet:-1","max-image-preview":"max-image-preview:large","max-video-preview":"max-video-preview:-1"},"canonical":"https:\/\/cheofoundation.com\/fr\/comment-donner\/dons-entreprise\/dons-employes\/","og_locale":"fr_FR","og_type":"article","og_title":"Fondation du CHEO | Dons d\u2019employ\u00e9s","og_description":"Inspirez votre \u00e9quipe en faisant un don au CHEO. Avec chaque ch\u00e8que de paie, vous pouvez rehausser le moral, cr\u00e9er un sentiment d'appartenance et soutenir les jeunes patients.","og_url":"https:\/\/cheofoundation.com\/fr\/comment-donner\/dons-entreprise\/dons-employes\/","og_site_name":"Fondation du CHEO","article_modified_time":"2025-04-07T19:14:58+00:00","og_image":[{"width":2400,"height":720,"url":"https:\/\/cheofoundation.com\/wp-content\/uploads\/2025\/01\/RBC-RFTK_2023__women.jpg","type":"image\/jpeg"}],"twitter_card":"summary_large_image","twitter_misc":{"Est. reading time":"2 minutes"},"schema":{"@context":"https:\/\/schema.org","@graph":[{"@type":"WebPage","@id":"https:\/\/cheofoundation.com\/fr\/comment-donner\/dons-entreprise\/dons-employes\/","url":"https:\/\/cheofoundation.com\/fr\/comment-donner\/dons-entreprise\/dons-employes\/","name":"Fondation du CHEO | Dons d\u2019employ\u00e9s","isPartOf":{"@id":"https:\/\/cheofoundation.com\/fr\/#website"},"primaryImageOfPage":{"@id":"https:\/\/cheofoundation.com\/fr\/comment-donner\/dons-entreprise\/dons-employes\/#primaryimage"},"image":{"@id":"https:\/\/cheofoundation.com\/fr\/comment-donner\/dons-entreprise\/dons-employes\/#primaryimage"},"thumbnailUrl":"https:\/\/cheofoundation.com\/wp-content\/uploads\/2025\/01\/RBC-RFTK_2023__women.jpg","datePublished":"2024-09-06T20:35:23+00:00","dateModified":"2025-04-07T19:14:58+00:00","description":"Inspirez votre \u00e9quipe en faisant un don au CHEO. Avec chaque ch\u00e8que de paie, vous pouvez rehausser le moral, cr\u00e9er un sentiment d'appartenance et soutenir les jeunes patients.","breadcrumb":{"@id":"https:\/\/cheofoundation.com\/fr\/comment-donner\/dons-entreprise\/dons-employes\/#breadcrumb"},"inLanguage":"fr-FR","potentialAction":[{"@type":"ReadAction","target":["https:\/\/cheofoundation.com\/fr\/comment-donner\/dons-entreprise\/dons-employes\/"]}]},{"@type":"ImageObject","inLanguage":"fr-FR","@id":"https:\/\/cheofoundation.com\/fr\/comment-donner\/dons-entreprise\/dons-employes\/#primaryimage","url":"https:\/\/cheofoundation.com\/wp-content\/uploads\/2025\/01\/RBC-RFTK_2023__women.jpg","contentUrl":"https:\/\/cheofoundation.com\/wp-content\/uploads\/2025\/01\/RBC-RFTK_2023__women.jpg","width":2400,"height":720},{"@type":"BreadcrumbList","@id":"https:\/\/cheofoundation.com\/fr\/comment-donner\/dons-entreprise\/dons-employes\/#breadcrumb","itemListElement":[{"@type":"ListItem","position":1,"name":"Home","item":"https:\/\/cheofoundation.com\/fr\/"},{"@type":"ListItem","position":2,"name":"Comment donner","item":"https:\/\/cheofoundation.com\/fr\/comment-donner\/"},{"@type":"ListItem","position":3,"name":"Dons d\u2019entreprise","item":"https:\/\/cheofoundation.com\/fr\/comment-donner\/dons-entreprise\/"},{"@type":"ListItem","position":4,"name":"Dons d\u2019employ\u00e9s"}]},{"@type":"WebSite","@id":"https:\/\/cheofoundation.com\/fr\/#website","url":"https:\/\/cheofoundation.com\/fr\/","name":"Fondation du CHEO","description":"","publisher":{"@id":"https:\/\/cheofoundation.com\/fr\/#organization"},"potentialAction":[{"@type":"SearchAction","target":{"@type":"EntryPoint","urlTemplate":"https:\/\/cheofoundation.com\/fr\/?s={search_term_string}"},"query-input":{"@type":"PropertyValueSpecification","valueRequired":true,"valueName":"search_term_string"}}],"inLanguage":"fr-FR"},{"@type":"Organization","@id":"https:\/\/cheofoundation.com\/fr\/#organization","name":"CHEO Foundation","url":"https:\/\/cheofoundation.com\/fr\/","logo":{"@type":"ImageObject","inLanguage":"fr-FR","@id":"https:\/\/cheofoundation.com\/fr\/#\/schema\/logo\/image\/","url":"https:\/\/cheofoundation.com\/wp-content\/uploads\/2024\/08\/6a9404497b334c9108f34826e2e2a7ce.png","contentUrl":"https:\/\/cheofoundation.com\/wp-content\/uploads\/2024\/08\/6a9404497b334c9108f34826e2e2a7ce.png","width":900,"height":456,"caption":"CHEO Foundation"},"image":{"@id":"https:\/\/cheofoundation.com\/fr\/#\/schema\/logo\/image\/"},"sameAs":["https:\/\/www.instagram.com\/cheohospital\/","https:\/\/www.youtube.com\/user\/CHEOvideos","https:\/\/www.linkedin.com\/company\/cheo-ottawa\/"]}]}},"_links":{"self":[{"href":"https:\/\/cheofoundation.com\/fr\/wp-json\/wp\/v2\/pages\/15193","targetHints":{"allow":["GET"]}}],"collection":[{"href":"https:\/\/cheofoundation.com\/fr\/wp-json\/wp\/v2\/pages"}],"about":[{"href":"https:\/\/cheofoundation.com\/fr\/wp-json\/wp\/v2\/types\/page"}],"author":[{"embeddable":true,"href":"https:\/\/cheofoundation.com\/fr\/wp-json\/wp\/v2\/users\/1"}],"replies":[{"embeddable":true,"href":"https:\/\/cheofoundation.com\/fr\/wp-json\/wp\/v2\/comments?post=15193"}],"version-history":[{"count":0,"href":"https:\/\/cheofoundation.com\/fr\/wp-json\/wp\/v2\/pages\/15193\/revisions"}],"up":[{"embeddable":true,"href":"https:\/\/cheofoundation.com\/fr\/wp-json\/wp\/v2\/pages\/15190"}],"wp:featuredmedia":[{"embeddable":true,"href":"https:\/\/cheofoundation.com\/fr\/wp-json\/wp\/v2\/media\/15150"}],"wp:attachment":[{"href":"https:\/\/cheofoundation.com\/fr\/wp-json\/wp\/v2\/media?parent=15193"}],"curies":[{"name":"wp","href":"https:\/\/api.w.org\/{rel}","templated":true}]}}