{"id":15194,"date":"2024-09-06T16:36:11","date_gmt":"2024-09-06T20:36:11","guid":{"rendered":"https:\/\/cheofoundation.com\/evenements-collecte-de-fonds\/"},"modified":"2025-04-07T15:23:56","modified_gmt":"2025-04-07T19:23:56","slug":"evenements-collecte-de-fonds","status":"publish","type":"page","link":"https:\/\/cheofoundation.com\/fr\/comment-donner\/evenements-collecte-de-fonds\/","title":{"rendered":"\u00c9v\u00e9nements de collecte de fonds"},"content":{"rendered":"\n<div class=\"wp-block-media-text has-media-on-the-right is-stacked-on-mobile a11y-link\"><div class=\"wp-block-media-text__content\">\n<h2 class=\"wp-block-heading include-link-text\">Planifiez un \u00e9v\u00e9nement<\/h2>\n\n\n\n<p>Joignez-vous \u00e0 des centaines de supporteurs qui amassent des fonds pour le CHEO de fa\u00e7on cr\u00e9ative par le biais d&rsquo;\u00e9v\u00e9nements communautaires ind\u00e9pendants. Qu&rsquo;il s&rsquo;agisse d&rsquo;un kiosque de limonade ou d&rsquo;une activit\u00e9 de collecte de fonds, votre \u00e9v\u00e9nement peut faire une vraie diff\u00e9rence. <\/p>\n\n\n\n<div class=\"wp-block-buttons is-layout-flex wp-block-buttons-is-layout-flex\">\n<div class=\"wp-block-button append-link-text-to\"><a class=\"wp-block-button__link has-purple-color has-text-color has-link-color wp-element-button\" href=\"https:\/\/cheofoundation.com\/fr\/comment-donner\/evenements-collecte-de-fonds\/organisez-un-evenement\/\">Commencez ici<\/a><\/div>\n<\/div>\n<\/div><figure class=\"wp-block-media-text__media\"><img loading=\"lazy\" decoding=\"async\" width=\"1000\" height=\"668\" src=\"https:\/\/cheofoundation.com\/wp-content\/uploads\/2024\/10\/plan-an-event.jpg\" alt=\"\" class=\"wp-image-14432 size-full\" srcset=\"https:\/\/cheofoundation.com\/wp-content\/uploads\/2024\/10\/plan-an-event.jpg 1000w, https:\/\/cheofoundation.com\/wp-content\/uploads\/2024\/10\/plan-an-event-660x441.jpg 660w, https:\/\/cheofoundation.com\/wp-content\/uploads\/2024\/10\/plan-an-event-768x513.jpg 768w\" sizes=\"auto, (max-width: 1000px) 100vw, 1000px\" \/><\/figure><\/div>\n\n<div class=\"wp-block-media-text is-stacked-on-mobile\"><figure class=\"wp-block-media-text__media\"><img loading=\"lazy\" decoding=\"async\" width=\"1000\" height=\"668\" src=\"https:\/\/cheofoundation.com\/wp-content\/uploads\/2024\/12\/Fundraise-3.jpg\" alt=\"\" class=\"wp-image-14647 size-full\" srcset=\"https:\/\/cheofoundation.com\/wp-content\/uploads\/2024\/12\/Fundraise-3.jpg 1000w, https:\/\/cheofoundation.com\/wp-content\/uploads\/2024\/12\/Fundraise-3-660x441.jpg 660w, https:\/\/cheofoundation.com\/wp-content\/uploads\/2024\/12\/Fundraise-3-768x513.jpg 768w\" sizes=\"auto, (max-width: 1000px) 100vw, 1000px\" \/><\/figure><div class=\"wp-block-media-text__content\">\n<h2 class=\"wp-block-heading\">Amassez des fonds \u00e0 votre fa\u00e7on<\/h2>\n\n\n\n<p>Cr\u00e9ez une page hommage personnalis\u00e9e pour honorer un \u00eatre cher ou pour c\u00e9l\u00e9brer des moments sp\u00e9ciaux comme une naissance, un mariage ou un \u00e9v\u00e9nement marquant. Partagez votre histoire et transformez n&rsquo;importe quel \u00e9v\u00e9nement en une fa\u00e7on significative d&rsquo;appuyer les soins exceptionnels du CHEO. <\/p>\n\n\n\n<div class=\"wp-block-buttons is-layout-flex wp-block-buttons-is-layout-flex\">\n<div class=\"wp-block-button\"><a class=\"wp-block-button__link has-purple-color has-text-color has-link-color wp-element-button\" href=\"https:\/\/cheofoundation.com\/fr\/comment-donner\/evenements-collecte-de-fonds\/amassez-des-fonds-a-votre-facon\/\">Cr\u00e9ez votre page de collecte de fonds<\/a><\/div>\n<\/div>\n<\/div><\/div>\n","protected":false},"excerpt":{"rendered":"","protected":false},"author":1,"featured_media":0,"parent":15202,"menu_order":3,"comment_status":"closed","ping_status":"closed","template":"","meta":{"_eb_attr":"","footnotes":""},"class_list":["post-15194","page","type-page","status-publish","hentry"],"yoast_head":"<!-- This site is optimized with the Yoast SEO plugin v27.5 - https:\/\/yoast.com\/product\/yoast-seo-wordpress\/ -->\n<title>Fondation du CHEO |\u00c9v\u00e9nements de collecte de fonds<\/title>\n<meta name=\"description\" content=\"Transformez les anniversaires et les \u00e9v\u00e9nements marquants en soutien pour les enfants du CHEO. Lancez votre propre collecte de fonds et apportez un changement r\u00e9el pour les jeunes patients.\" \/>\n<meta name=\"robots\" content=\"index, follow, max-snippet:-1, max-image-preview:large, max-video-preview:-1\" \/>\n<link rel=\"canonical\" href=\"https:\/\/cheofoundation.com\/fr\/comment-donner\/evenements-collecte-de-fonds\/\" \/>\n<meta property=\"og:locale\" content=\"fr_FR\" \/>\n<meta property=\"og:type\" content=\"article\" \/>\n<meta property=\"og:title\" content=\"Fondation du CHEO |\u00c9v\u00e9nements de collecte de fonds\" \/>\n<meta property=\"og:description\" content=\"Transformez les anniversaires et les \u00e9v\u00e9nements marquants en soutien pour les enfants du CHEO. Lancez votre propre collecte de fonds et apportez un changement r\u00e9el pour les jeunes patients.\" \/>\n<meta property=\"og:url\" content=\"https:\/\/cheofoundation.com\/fr\/comment-donner\/evenements-collecte-de-fonds\/\" \/>\n<meta property=\"og:site_name\" content=\"Fondation du CHEO\" \/>\n<meta property=\"article:modified_time\" content=\"2025-04-07T19:23:56+00:00\" \/>\n<meta property=\"og:image\" content=\"https:\/\/cheofoundation.com\/wp-content\/uploads\/2024\/10\/plan-an-event.jpg\" \/>\n<meta name=\"twitter:card\" content=\"summary_large_image\" \/>\n<meta name=\"twitter:label1\" content=\"Est. reading time\" \/>\n\t<meta name=\"twitter:data1\" content=\"1 minute\" \/>\n<script type=\"application\/ld+json\" class=\"yoast-schema-graph\">{\"@context\":\"https:\\\/\\\/schema.org\",\"@graph\":[{\"@type\":\"WebPage\",\"@id\":\"https:\\\/\\\/cheofoundation.com\\\/fr\\\/comment-donner\\\/evenements-collecte-de-fonds\\\/\",\"url\":\"https:\\\/\\\/cheofoundation.com\\\/fr\\\/comment-donner\\\/evenements-collecte-de-fonds\\\/\",\"name\":\"Fondation du CHEO |\u00c9v\u00e9nements de collecte de fonds\",\"isPartOf\":{\"@id\":\"https:\\\/\\\/cheofoundation.com\\\/fr\\\/#website\"},\"primaryImageOfPage\":{\"@id\":\"https:\\\/\\\/cheofoundation.com\\\/fr\\\/comment-donner\\\/evenements-collecte-de-fonds\\\/#primaryimage\"},\"image\":{\"@id\":\"https:\\\/\\\/cheofoundation.com\\\/fr\\\/comment-donner\\\/evenements-collecte-de-fonds\\\/#primaryimage\"},\"thumbnailUrl\":\"https:\\\/\\\/cheofoundation.com\\\/wp-content\\\/uploads\\\/2024\\\/10\\\/plan-an-event.jpg\",\"datePublished\":\"2024-09-06T20:36:11+00:00\",\"dateModified\":\"2025-04-07T19:23:56+00:00\",\"description\":\"Transformez les anniversaires et les \u00e9v\u00e9nements marquants en soutien pour les enfants du CHEO. Lancez votre propre collecte de fonds et apportez un changement r\u00e9el pour les jeunes patients.\",\"breadcrumb\":{\"@id\":\"https:\\\/\\\/cheofoundation.com\\\/fr\\\/comment-donner\\\/evenements-collecte-de-fonds\\\/#breadcrumb\"},\"inLanguage\":\"fr-FR\",\"potentialAction\":[{\"@type\":\"ReadAction\",\"target\":[\"https:\\\/\\\/cheofoundation.com\\\/fr\\\/comment-donner\\\/evenements-collecte-de-fonds\\\/\"]}]},{\"@type\":\"ImageObject\",\"inLanguage\":\"fr-FR\",\"@id\":\"https:\\\/\\\/cheofoundation.com\\\/fr\\\/comment-donner\\\/evenements-collecte-de-fonds\\\/#primaryimage\",\"url\":\"https:\\\/\\\/cheofoundation.com\\\/wp-content\\\/uploads\\\/2024\\\/10\\\/plan-an-event.jpg\",\"contentUrl\":\"https:\\\/\\\/cheofoundation.com\\\/wp-content\\\/uploads\\\/2024\\\/10\\\/plan-an-event.jpg\"},{\"@type\":\"BreadcrumbList\",\"@id\":\"https:\\\/\\\/cheofoundation.com\\\/fr\\\/comment-donner\\\/evenements-collecte-de-fonds\\\/#breadcrumb\",\"itemListElement\":[{\"@type\":\"ListItem\",\"position\":1,\"name\":\"Home\",\"item\":\"https:\\\/\\\/cheofoundation.com\\\/fr\\\/\"},{\"@type\":\"ListItem\",\"position\":2,\"name\":\"Comment donner\",\"item\":\"https:\\\/\\\/cheofoundation.com\\\/fr\\\/comment-donner\\\/\"},{\"@type\":\"ListItem\",\"position\":3,\"name\":\"\u00c9v\u00e9nements de collecte de fonds\"}]},{\"@type\":\"WebSite\",\"@id\":\"https:\\\/\\\/cheofoundation.com\\\/fr\\\/#website\",\"url\":\"https:\\\/\\\/cheofoundation.com\\\/fr\\\/\",\"name\":\"Fondation du CHEO\",\"description\":\"\",\"publisher\":{\"@id\":\"https:\\\/\\\/cheofoundation.com\\\/fr\\\/#organization\"},\"potentialAction\":[{\"@type\":\"SearchAction\",\"target\":{\"@type\":\"EntryPoint\",\"urlTemplate\":\"https:\\\/\\\/cheofoundation.com\\\/fr\\\/?s={search_term_string}\"},\"query-input\":{\"@type\":\"PropertyValueSpecification\",\"valueRequired\":true,\"valueName\":\"search_term_string\"}}],\"inLanguage\":\"fr-FR\"},{\"@type\":\"Organization\",\"@id\":\"https:\\\/\\\/cheofoundation.com\\\/fr\\\/#organization\",\"name\":\"CHEO Foundation\",\"url\":\"https:\\\/\\\/cheofoundation.com\\\/fr\\\/\",\"logo\":{\"@type\":\"ImageObject\",\"inLanguage\":\"fr-FR\",\"@id\":\"https:\\\/\\\/cheofoundation.com\\\/fr\\\/#\\\/schema\\\/logo\\\/image\\\/\",\"url\":\"https:\\\/\\\/cheofoundation.com\\\/wp-content\\\/uploads\\\/2024\\\/08\\\/6a9404497b334c9108f34826e2e2a7ce.png\",\"contentUrl\":\"https:\\\/\\\/cheofoundation.com\\\/wp-content\\\/uploads\\\/2024\\\/08\\\/6a9404497b334c9108f34826e2e2a7ce.png\",\"width\":900,\"height\":456,\"caption\":\"CHEO Foundation\"},\"image\":{\"@id\":\"https:\\\/\\\/cheofoundation.com\\\/fr\\\/#\\\/schema\\\/logo\\\/image\\\/\"},\"sameAs\":[\"https:\\\/\\\/www.instagram.com\\\/cheohospital\\\/\",\"https:\\\/\\\/www.youtube.com\\\/user\\\/CHEOvideos\",\"https:\\\/\\\/www.linkedin.com\\\/company\\\/cheo-ottawa\\\/\"]}]}<\/script>\n<!-- \/ Yoast SEO plugin. -->","yoast_head_json":{"title":"Fondation du CHEO |\u00c9v\u00e9nements de collecte de fonds","description":"Transformez les anniversaires et les \u00e9v\u00e9nements marquants en soutien pour les enfants du CHEO. Lancez votre propre collecte de fonds et apportez un changement r\u00e9el pour les jeunes patients.","robots":{"index":"index","follow":"follow","max-snippet":"max-snippet:-1","max-image-preview":"max-image-preview:large","max-video-preview":"max-video-preview:-1"},"canonical":"https:\/\/cheofoundation.com\/fr\/comment-donner\/evenements-collecte-de-fonds\/","og_locale":"fr_FR","og_type":"article","og_title":"Fondation du CHEO |\u00c9v\u00e9nements de collecte de fonds","og_description":"Transformez les anniversaires et les \u00e9v\u00e9nements marquants en soutien pour les enfants du CHEO. Lancez votre propre collecte de fonds et apportez un changement r\u00e9el pour les jeunes patients.","og_url":"https:\/\/cheofoundation.com\/fr\/comment-donner\/evenements-collecte-de-fonds\/","og_site_name":"Fondation du CHEO","article_modified_time":"2025-04-07T19:23:56+00:00","og_image":[{"url":"https:\/\/cheofoundation.com\/wp-content\/uploads\/2024\/10\/plan-an-event.jpg","type":"","width":"","height":""}],"twitter_card":"summary_large_image","twitter_misc":{"Est. reading time":"1 minute"},"schema":{"@context":"https:\/\/schema.org","@graph":[{"@type":"WebPage","@id":"https:\/\/cheofoundation.com\/fr\/comment-donner\/evenements-collecte-de-fonds\/","url":"https:\/\/cheofoundation.com\/fr\/comment-donner\/evenements-collecte-de-fonds\/","name":"Fondation du CHEO |\u00c9v\u00e9nements de collecte de fonds","isPartOf":{"@id":"https:\/\/cheofoundation.com\/fr\/#website"},"primaryImageOfPage":{"@id":"https:\/\/cheofoundation.com\/fr\/comment-donner\/evenements-collecte-de-fonds\/#primaryimage"},"image":{"@id":"https:\/\/cheofoundation.com\/fr\/comment-donner\/evenements-collecte-de-fonds\/#primaryimage"},"thumbnailUrl":"https:\/\/cheofoundation.com\/wp-content\/uploads\/2024\/10\/plan-an-event.jpg","datePublished":"2024-09-06T20:36:11+00:00","dateModified":"2025-04-07T19:23:56+00:00","description":"Transformez les anniversaires et les \u00e9v\u00e9nements marquants en soutien pour les enfants du CHEO. Lancez votre propre collecte de fonds et apportez un changement r\u00e9el pour les jeunes patients.","breadcrumb":{"@id":"https:\/\/cheofoundation.com\/fr\/comment-donner\/evenements-collecte-de-fonds\/#breadcrumb"},"inLanguage":"fr-FR","potentialAction":[{"@type":"ReadAction","target":["https:\/\/cheofoundation.com\/fr\/comment-donner\/evenements-collecte-de-fonds\/"]}]},{"@type":"ImageObject","inLanguage":"fr-FR","@id":"https:\/\/cheofoundation.com\/fr\/comment-donner\/evenements-collecte-de-fonds\/#primaryimage","url":"https:\/\/cheofoundation.com\/wp-content\/uploads\/2024\/10\/plan-an-event.jpg","contentUrl":"https:\/\/cheofoundation.com\/wp-content\/uploads\/2024\/10\/plan-an-event.jpg"},{"@type":"BreadcrumbList","@id":"https:\/\/cheofoundation.com\/fr\/comment-donner\/evenements-collecte-de-fonds\/#breadcrumb","itemListElement":[{"@type":"ListItem","position":1,"name":"Home","item":"https:\/\/cheofoundation.com\/fr\/"},{"@type":"ListItem","position":2,"name":"Comment donner","item":"https:\/\/cheofoundation.com\/fr\/comment-donner\/"},{"@type":"ListItem","position":3,"name":"\u00c9v\u00e9nements de collecte de fonds"}]},{"@type":"WebSite","@id":"https:\/\/cheofoundation.com\/fr\/#website","url":"https:\/\/cheofoundation.com\/fr\/","name":"Fondation du CHEO","description":"","publisher":{"@id":"https:\/\/cheofoundation.com\/fr\/#organization"},"potentialAction":[{"@type":"SearchAction","target":{"@type":"EntryPoint","urlTemplate":"https:\/\/cheofoundation.com\/fr\/?s={search_term_string}"},"query-input":{"@type":"PropertyValueSpecification","valueRequired":true,"valueName":"search_term_string"}}],"inLanguage":"fr-FR"},{"@type":"Organization","@id":"https:\/\/cheofoundation.com\/fr\/#organization","name":"CHEO Foundation","url":"https:\/\/cheofoundation.com\/fr\/","logo":{"@type":"ImageObject","inLanguage":"fr-FR","@id":"https:\/\/cheofoundation.com\/fr\/#\/schema\/logo\/image\/","url":"https:\/\/cheofoundation.com\/wp-content\/uploads\/2024\/08\/6a9404497b334c9108f34826e2e2a7ce.png","contentUrl":"https:\/\/cheofoundation.com\/wp-content\/uploads\/2024\/08\/6a9404497b334c9108f34826e2e2a7ce.png","width":900,"height":456,"caption":"CHEO Foundation"},"image":{"@id":"https:\/\/cheofoundation.com\/fr\/#\/schema\/logo\/image\/"},"sameAs":["https:\/\/www.instagram.com\/cheohospital\/","https:\/\/www.youtube.com\/user\/CHEOvideos","https:\/\/www.linkedin.com\/company\/cheo-ottawa\/"]}]}},"_links":{"self":[{"href":"https:\/\/cheofoundation.com\/fr\/wp-json\/wp\/v2\/pages\/15194","targetHints":{"allow":["GET"]}}],"collection":[{"href":"https:\/\/cheofoundation.com\/fr\/wp-json\/wp\/v2\/pages"}],"about":[{"href":"https:\/\/cheofoundation.com\/fr\/wp-json\/wp\/v2\/types\/page"}],"author":[{"embeddable":true,"href":"https:\/\/cheofoundation.com\/fr\/wp-json\/wp\/v2\/users\/1"}],"replies":[{"embeddable":true,"href":"https:\/\/cheofoundation.com\/fr\/wp-json\/wp\/v2\/comments?post=15194"}],"version-history":[{"count":0,"href":"https:\/\/cheofoundation.com\/fr\/wp-json\/wp\/v2\/pages\/15194\/revisions"}],"up":[{"embeddable":true,"href":"https:\/\/cheofoundation.com\/fr\/wp-json\/wp\/v2\/pages\/15202"}],"wp:attachment":[{"href":"https:\/\/cheofoundation.com\/fr\/wp-json\/wp\/v2\/media?parent=15194"}],"curies":[{"name":"wp","href":"https:\/\/api.w.org\/{rel}","templated":true}]}}