{"id":15197,"date":"2024-09-06T16:37:28","date_gmt":"2024-09-06T20:37:28","guid":{"rendered":"https:\/\/cheofoundation.com\/evenements-collecte-de-fonds\/occasions-speciales\/"},"modified":"2025-04-07T15:42:30","modified_gmt":"2025-04-07T19:42:30","slug":"occasions-speciales","status":"publish","type":"page","link":"https:\/\/cheofoundation.com\/fr\/comment-donner\/evenements-collecte-de-fonds\/occasions-speciales\/","title":{"rendered":"C\u00e9l\u00e9brez une occasion sp\u00e9ciale"},"content":{"rendered":"\n<h2 class=\"wp-block-heading\">Ayez un impact durable<\/h2>\n\n<p>Il y a toujours un \u00e9v\u00e9nement ou une occasion \u00e0 venir o\u00f9 vous pouvez contribuer au bien-\u00eatre physique, mental et social des enfants et de leurs familles.<\/p>\n\n<p>Gr\u00e2ce \u00e0 votre engagement, chaque enfant a la possibilit\u00e9 de s&rsquo;\u00e9panouir, entour\u00e9 d&rsquo;une communaut\u00e9 bienveillante. Qu&rsquo;il s&rsquo;agisse d&rsquo;activit\u00e9s ax\u00e9es sur la sant\u00e9 ou de c\u00e9l\u00e9brations communautaires, il existe de nombreuses fa\u00e7ons de s&rsquo;impliquer et de faire une diff\u00e9rence.<br\/> <\/p>\n\n<div class=\"wp-block-buttons is-layout-flex wp-block-buttons-is-layout-flex\">\n<div class=\"wp-block-button\"><a class=\"wp-block-button__link wp-element-button\" href=\"https:\/\/cheofoundation.donordrive.com\/?fuseaction=donordrive.home&amp;_ga=2.253031233.991351483.1721152294-2070009172.1716391162&amp;_gl=1*uw58n2*_gcl_au*MTQyNTk0ODAzOS4xNzE2MzkxMTYy*_ga*MjA3MDAwOTE3Mi4xNzE2MzkxMTYy*_ga_T3N1FSP7FC*MTcyMTIzNzA2Mi4yMS4xLjE3MjEyMzg1MTkuNjAuMC4w&amp;language=fr\" target=\"_blank\" rel=\"noreferrer noopener\">Montrez votre soutien!<\/a><\/div>\n<\/div>\n","protected":false},"excerpt":{"rendered":"<p>Ayez un impact durable Il y a toujours un \u00e9v\u00e9nement ou une occasion \u00e0 venir o\u00f9 vous pouvez contribuer au bien-\u00eatre physique, mental et social&#8230;<\/p>\n","protected":false},"author":1,"featured_media":14667,"parent":15194,"menu_order":2,"comment_status":"closed","ping_status":"closed","template":"","meta":{"_eb_attr":"","footnotes":""},"class_list":["post-15197","page","type-page","status-publish","has-post-thumbnail","hentry"],"yoast_head":"<!-- This site is optimized with the Yoast SEO plugin v27.5 - https:\/\/yoast.com\/product\/yoast-seo-wordpress\/ -->\n<title>Fondation du CHEO | C\u00e9l\u00e9brez une occasion sp\u00e9ciale<\/title>\n<meta name=\"description\" content=\"Appuyez un \u00e9v\u00e9nement du CHEO et aidez les enfants \u00e0 s&#039;\u00e9panouir. Joignez-vous \u00e0 une occasion sp\u00e9ciale qui apporte sant\u00e9, espoir et joie aux familles de votre communaut\u00e9.\" \/>\n<meta name=\"robots\" content=\"index, follow, max-snippet:-1, max-image-preview:large, max-video-preview:-1\" \/>\n<link rel=\"canonical\" href=\"https:\/\/cheofoundation.com\/fr\/comment-donner\/evenements-collecte-de-fonds\/occasions-speciales\/\" \/>\n<meta property=\"og:locale\" content=\"fr_FR\" \/>\n<meta property=\"og:type\" content=\"article\" \/>\n<meta property=\"og:title\" content=\"Fondation du CHEO | C\u00e9l\u00e9brez une occasion sp\u00e9ciale\" \/>\n<meta property=\"og:description\" content=\"Appuyez un \u00e9v\u00e9nement du CHEO et aidez les enfants \u00e0 s&#039;\u00e9panouir. Joignez-vous \u00e0 une occasion sp\u00e9ciale qui apporte sant\u00e9, espoir et joie aux familles de votre communaut\u00e9.\" \/>\n<meta property=\"og:url\" content=\"https:\/\/cheofoundation.com\/fr\/comment-donner\/evenements-collecte-de-fonds\/occasions-speciales\/\" \/>\n<meta property=\"og:site_name\" content=\"Fondation du CHEO\" \/>\n<meta property=\"article:modified_time\" content=\"2025-04-07T19:42:30+00:00\" \/>\n<meta property=\"og:image\" content=\"https:\/\/cheofoundation.com\/wp-content\/uploads\/2024\/12\/special-occasions-header.jpg\" \/>\n\t<meta property=\"og:image:width\" content=\"1000\" \/>\n\t<meta property=\"og:image:height\" content=\"402\" \/>\n\t<meta property=\"og:image:type\" content=\"image\/jpeg\" \/>\n<meta name=\"twitter:card\" content=\"summary_large_image\" \/>\n<script type=\"application\/ld+json\" class=\"yoast-schema-graph\">{\"@context\":\"https:\\\/\\\/schema.org\",\"@graph\":[{\"@type\":\"WebPage\",\"@id\":\"https:\\\/\\\/cheofoundation.com\\\/fr\\\/comment-donner\\\/evenements-collecte-de-fonds\\\/occasions-speciales\\\/\",\"url\":\"https:\\\/\\\/cheofoundation.com\\\/fr\\\/comment-donner\\\/evenements-collecte-de-fonds\\\/occasions-speciales\\\/\",\"name\":\"Fondation du CHEO | C\u00e9l\u00e9brez une occasion sp\u00e9ciale\",\"isPartOf\":{\"@id\":\"https:\\\/\\\/cheofoundation.com\\\/fr\\\/#website\"},\"primaryImageOfPage\":{\"@id\":\"https:\\\/\\\/cheofoundation.com\\\/fr\\\/comment-donner\\\/evenements-collecte-de-fonds\\\/occasions-speciales\\\/#primaryimage\"},\"image\":{\"@id\":\"https:\\\/\\\/cheofoundation.com\\\/fr\\\/comment-donner\\\/evenements-collecte-de-fonds\\\/occasions-speciales\\\/#primaryimage\"},\"thumbnailUrl\":\"https:\\\/\\\/cheofoundation.com\\\/wp-content\\\/uploads\\\/2024\\\/12\\\/special-occasions-header.jpg\",\"datePublished\":\"2024-09-06T20:37:28+00:00\",\"dateModified\":\"2025-04-07T19:42:30+00:00\",\"description\":\"Appuyez un \u00e9v\u00e9nement du CHEO et aidez les enfants \u00e0 s'\u00e9panouir. Joignez-vous \u00e0 une occasion sp\u00e9ciale qui apporte sant\u00e9, espoir et joie aux familles de votre communaut\u00e9.\",\"breadcrumb\":{\"@id\":\"https:\\\/\\\/cheofoundation.com\\\/fr\\\/comment-donner\\\/evenements-collecte-de-fonds\\\/occasions-speciales\\\/#breadcrumb\"},\"inLanguage\":\"fr-FR\",\"potentialAction\":[{\"@type\":\"ReadAction\",\"target\":[\"https:\\\/\\\/cheofoundation.com\\\/fr\\\/comment-donner\\\/evenements-collecte-de-fonds\\\/occasions-speciales\\\/\"]}]},{\"@type\":\"ImageObject\",\"inLanguage\":\"fr-FR\",\"@id\":\"https:\\\/\\\/cheofoundation.com\\\/fr\\\/comment-donner\\\/evenements-collecte-de-fonds\\\/occasions-speciales\\\/#primaryimage\",\"url\":\"https:\\\/\\\/cheofoundation.com\\\/wp-content\\\/uploads\\\/2024\\\/12\\\/special-occasions-header.jpg\",\"contentUrl\":\"https:\\\/\\\/cheofoundation.com\\\/wp-content\\\/uploads\\\/2024\\\/12\\\/special-occasions-header.jpg\",\"width\":1000,\"height\":402},{\"@type\":\"BreadcrumbList\",\"@id\":\"https:\\\/\\\/cheofoundation.com\\\/fr\\\/comment-donner\\\/evenements-collecte-de-fonds\\\/occasions-speciales\\\/#breadcrumb\",\"itemListElement\":[{\"@type\":\"ListItem\",\"position\":1,\"name\":\"Home\",\"item\":\"https:\\\/\\\/cheofoundation.com\\\/fr\\\/\"},{\"@type\":\"ListItem\",\"position\":2,\"name\":\"Comment donner\",\"item\":\"https:\\\/\\\/cheofoundation.com\\\/fr\\\/comment-donner\\\/\"},{\"@type\":\"ListItem\",\"position\":3,\"name\":\"\u00c9v\u00e9nements de collecte de fonds\",\"item\":\"https:\\\/\\\/cheofoundation.com\\\/fr\\\/comment-donner\\\/evenements-collecte-de-fonds\\\/\"},{\"@type\":\"ListItem\",\"position\":4,\"name\":\"C\u00e9l\u00e9brez une occasion sp\u00e9ciale\"}]},{\"@type\":\"WebSite\",\"@id\":\"https:\\\/\\\/cheofoundation.com\\\/fr\\\/#website\",\"url\":\"https:\\\/\\\/cheofoundation.com\\\/fr\\\/\",\"name\":\"Fondation du CHEO\",\"description\":\"\",\"publisher\":{\"@id\":\"https:\\\/\\\/cheofoundation.com\\\/fr\\\/#organization\"},\"potentialAction\":[{\"@type\":\"SearchAction\",\"target\":{\"@type\":\"EntryPoint\",\"urlTemplate\":\"https:\\\/\\\/cheofoundation.com\\\/fr\\\/?s={search_term_string}\"},\"query-input\":{\"@type\":\"PropertyValueSpecification\",\"valueRequired\":true,\"valueName\":\"search_term_string\"}}],\"inLanguage\":\"fr-FR\"},{\"@type\":\"Organization\",\"@id\":\"https:\\\/\\\/cheofoundation.com\\\/fr\\\/#organization\",\"name\":\"CHEO Foundation\",\"url\":\"https:\\\/\\\/cheofoundation.com\\\/fr\\\/\",\"logo\":{\"@type\":\"ImageObject\",\"inLanguage\":\"fr-FR\",\"@id\":\"https:\\\/\\\/cheofoundation.com\\\/fr\\\/#\\\/schema\\\/logo\\\/image\\\/\",\"url\":\"https:\\\/\\\/cheofoundation.com\\\/wp-content\\\/uploads\\\/2024\\\/08\\\/6a9404497b334c9108f34826e2e2a7ce.png\",\"contentUrl\":\"https:\\\/\\\/cheofoundation.com\\\/wp-content\\\/uploads\\\/2024\\\/08\\\/6a9404497b334c9108f34826e2e2a7ce.png\",\"width\":900,\"height\":456,\"caption\":\"CHEO Foundation\"},\"image\":{\"@id\":\"https:\\\/\\\/cheofoundation.com\\\/fr\\\/#\\\/schema\\\/logo\\\/image\\\/\"},\"sameAs\":[\"https:\\\/\\\/www.instagram.com\\\/cheohospital\\\/\",\"https:\\\/\\\/www.youtube.com\\\/user\\\/CHEOvideos\",\"https:\\\/\\\/www.linkedin.com\\\/company\\\/cheo-ottawa\\\/\"]}]}<\/script>\n<!-- \/ Yoast SEO plugin. -->","yoast_head_json":{"title":"Fondation du CHEO | C\u00e9l\u00e9brez une occasion sp\u00e9ciale","description":"Appuyez un \u00e9v\u00e9nement du CHEO et aidez les enfants \u00e0 s'\u00e9panouir. Joignez-vous \u00e0 une occasion sp\u00e9ciale qui apporte sant\u00e9, espoir et joie aux familles de votre communaut\u00e9.","robots":{"index":"index","follow":"follow","max-snippet":"max-snippet:-1","max-image-preview":"max-image-preview:large","max-video-preview":"max-video-preview:-1"},"canonical":"https:\/\/cheofoundation.com\/fr\/comment-donner\/evenements-collecte-de-fonds\/occasions-speciales\/","og_locale":"fr_FR","og_type":"article","og_title":"Fondation du CHEO | C\u00e9l\u00e9brez une occasion sp\u00e9ciale","og_description":"Appuyez un \u00e9v\u00e9nement du CHEO et aidez les enfants \u00e0 s'\u00e9panouir. Joignez-vous \u00e0 une occasion sp\u00e9ciale qui apporte sant\u00e9, espoir et joie aux familles de votre communaut\u00e9.","og_url":"https:\/\/cheofoundation.com\/fr\/comment-donner\/evenements-collecte-de-fonds\/occasions-speciales\/","og_site_name":"Fondation du CHEO","article_modified_time":"2025-04-07T19:42:30+00:00","og_image":[{"width":1000,"height":402,"url":"https:\/\/cheofoundation.com\/wp-content\/uploads\/2024\/12\/special-occasions-header.jpg","type":"image\/jpeg"}],"twitter_card":"summary_large_image","schema":{"@context":"https:\/\/schema.org","@graph":[{"@type":"WebPage","@id":"https:\/\/cheofoundation.com\/fr\/comment-donner\/evenements-collecte-de-fonds\/occasions-speciales\/","url":"https:\/\/cheofoundation.com\/fr\/comment-donner\/evenements-collecte-de-fonds\/occasions-speciales\/","name":"Fondation du CHEO | C\u00e9l\u00e9brez une occasion sp\u00e9ciale","isPartOf":{"@id":"https:\/\/cheofoundation.com\/fr\/#website"},"primaryImageOfPage":{"@id":"https:\/\/cheofoundation.com\/fr\/comment-donner\/evenements-collecte-de-fonds\/occasions-speciales\/#primaryimage"},"image":{"@id":"https:\/\/cheofoundation.com\/fr\/comment-donner\/evenements-collecte-de-fonds\/occasions-speciales\/#primaryimage"},"thumbnailUrl":"https:\/\/cheofoundation.com\/wp-content\/uploads\/2024\/12\/special-occasions-header.jpg","datePublished":"2024-09-06T20:37:28+00:00","dateModified":"2025-04-07T19:42:30+00:00","description":"Appuyez un \u00e9v\u00e9nement du CHEO et aidez les enfants \u00e0 s'\u00e9panouir. Joignez-vous \u00e0 une occasion sp\u00e9ciale qui apporte sant\u00e9, espoir et joie aux familles de votre communaut\u00e9.","breadcrumb":{"@id":"https:\/\/cheofoundation.com\/fr\/comment-donner\/evenements-collecte-de-fonds\/occasions-speciales\/#breadcrumb"},"inLanguage":"fr-FR","potentialAction":[{"@type":"ReadAction","target":["https:\/\/cheofoundation.com\/fr\/comment-donner\/evenements-collecte-de-fonds\/occasions-speciales\/"]}]},{"@type":"ImageObject","inLanguage":"fr-FR","@id":"https:\/\/cheofoundation.com\/fr\/comment-donner\/evenements-collecte-de-fonds\/occasions-speciales\/#primaryimage","url":"https:\/\/cheofoundation.com\/wp-content\/uploads\/2024\/12\/special-occasions-header.jpg","contentUrl":"https:\/\/cheofoundation.com\/wp-content\/uploads\/2024\/12\/special-occasions-header.jpg","width":1000,"height":402},{"@type":"BreadcrumbList","@id":"https:\/\/cheofoundation.com\/fr\/comment-donner\/evenements-collecte-de-fonds\/occasions-speciales\/#breadcrumb","itemListElement":[{"@type":"ListItem","position":1,"name":"Home","item":"https:\/\/cheofoundation.com\/fr\/"},{"@type":"ListItem","position":2,"name":"Comment donner","item":"https:\/\/cheofoundation.com\/fr\/comment-donner\/"},{"@type":"ListItem","position":3,"name":"\u00c9v\u00e9nements de collecte de fonds","item":"https:\/\/cheofoundation.com\/fr\/comment-donner\/evenements-collecte-de-fonds\/"},{"@type":"ListItem","position":4,"name":"C\u00e9l\u00e9brez une occasion sp\u00e9ciale"}]},{"@type":"WebSite","@id":"https:\/\/cheofoundation.com\/fr\/#website","url":"https:\/\/cheofoundation.com\/fr\/","name":"Fondation du CHEO","description":"","publisher":{"@id":"https:\/\/cheofoundation.com\/fr\/#organization"},"potentialAction":[{"@type":"SearchAction","target":{"@type":"EntryPoint","urlTemplate":"https:\/\/cheofoundation.com\/fr\/?s={search_term_string}"},"query-input":{"@type":"PropertyValueSpecification","valueRequired":true,"valueName":"search_term_string"}}],"inLanguage":"fr-FR"},{"@type":"Organization","@id":"https:\/\/cheofoundation.com\/fr\/#organization","name":"CHEO Foundation","url":"https:\/\/cheofoundation.com\/fr\/","logo":{"@type":"ImageObject","inLanguage":"fr-FR","@id":"https:\/\/cheofoundation.com\/fr\/#\/schema\/logo\/image\/","url":"https:\/\/cheofoundation.com\/wp-content\/uploads\/2024\/08\/6a9404497b334c9108f34826e2e2a7ce.png","contentUrl":"https:\/\/cheofoundation.com\/wp-content\/uploads\/2024\/08\/6a9404497b334c9108f34826e2e2a7ce.png","width":900,"height":456,"caption":"CHEO Foundation"},"image":{"@id":"https:\/\/cheofoundation.com\/fr\/#\/schema\/logo\/image\/"},"sameAs":["https:\/\/www.instagram.com\/cheohospital\/","https:\/\/www.youtube.com\/user\/CHEOvideos","https:\/\/www.linkedin.com\/company\/cheo-ottawa\/"]}]}},"_links":{"self":[{"href":"https:\/\/cheofoundation.com\/fr\/wp-json\/wp\/v2\/pages\/15197","targetHints":{"allow":["GET"]}}],"collection":[{"href":"https:\/\/cheofoundation.com\/fr\/wp-json\/wp\/v2\/pages"}],"about":[{"href":"https:\/\/cheofoundation.com\/fr\/wp-json\/wp\/v2\/types\/page"}],"author":[{"embeddable":true,"href":"https:\/\/cheofoundation.com\/fr\/wp-json\/wp\/v2\/users\/1"}],"replies":[{"embeddable":true,"href":"https:\/\/cheofoundation.com\/fr\/wp-json\/wp\/v2\/comments?post=15197"}],"version-history":[{"count":0,"href":"https:\/\/cheofoundation.com\/fr\/wp-json\/wp\/v2\/pages\/15197\/revisions"}],"up":[{"embeddable":true,"href":"https:\/\/cheofoundation.com\/fr\/wp-json\/wp\/v2\/pages\/15194"}],"wp:featuredmedia":[{"embeddable":true,"href":"https:\/\/cheofoundation.com\/fr\/wp-json\/wp\/v2\/media\/14667"}],"wp:attachment":[{"href":"https:\/\/cheofoundation.com\/fr\/wp-json\/wp\/v2\/media?parent=15197"}],"curies":[{"name":"wp","href":"https:\/\/api.w.org\/{rel}","templated":true}]}}