{"id":15198,"date":"2024-09-06T16:38:14","date_gmt":"2024-09-06T20:38:14","guid":{"rendered":"https:\/\/cheofoundation.com\/evenements-collecte-de-fonds\/amassez-des-fonds-a-votre-facon\/"},"modified":"2025-04-07T15:43:49","modified_gmt":"2025-04-07T19:43:49","slug":"amassez-des-fonds-a-votre-facon","status":"publish","type":"page","link":"https:\/\/cheofoundation.com\/fr\/comment-donner\/evenements-collecte-de-fonds\/amassez-des-fonds-a-votre-facon\/","title":{"rendered":"Amassez des fonds \u00e0 votre fa\u00e7on"},"content":{"rendered":"\n<p>Cr\u00e9ez votre propre page personnalis\u00e9e avec des photos et des vid\u00e9os pour comm\u00e9morer un \u00eatre cher ou c\u00e9l\u00e9brer une occasion sp\u00e9ciale comme une naissance, un anniversaire ou un mariage. Cet hommage unique honore des moments pr\u00e9cieux et les partage avec votre communaut\u00e9. <\/p>\n\n<p>Vous pouvez utiliser votre page de collecte de fonds pour n&rsquo;importe quel \u00e9v\u00e9nement, qu&rsquo;il s&rsquo;agisse d&rsquo;une coupe de cheveux, d&rsquo;un marathon ou d&rsquo;une r\u00e9union sp\u00e9ciale. <\/p>\n\n<div class=\"wp-block-buttons is-layout-flex wp-block-buttons-is-layout-flex\">\n<div class=\"wp-block-button\"><a class=\"wp-block-button__link wp-element-button\" href=\"https:\/\/cheofoundation.donordrive.com\/?fuseaction=donordrive.home&amp;_ga=2.253031233.991351483.1721152294-2070009172.1716391162&amp;_gl=1*uw58n2*_gcl_au*MTQyNTk0ODAzOS4xNzE2MzkxMTYy*_ga*MjA3MDAwOTE3Mi4xNzE2MzkxMTYy*_ga_T3N1FSP7FC*MTcyMTIzNzA2Mi4yMS4xLjE3MjEyMzg1MTkuNjAuMC4w&amp;language=fr\" target=\"_blank\" rel=\"noreferrer noopener\">Cr\u00e9ez votre page de collecte de fonds<\/a><\/div>\n<\/div>\n\n<p><\/p>\n","protected":false},"excerpt":{"rendered":"<p>Cr\u00e9ez votre propre page personnalis\u00e9e avec des photos et des vid\u00e9os pour comm\u00e9morer un \u00eatre cher ou c\u00e9l\u00e9brer une occasion sp\u00e9ciale comme une naissance, un&#8230;<\/p>\n","protected":false},"author":1,"featured_media":14563,"parent":15194,"menu_order":3,"comment_status":"closed","ping_status":"closed","template":"","meta":{"_eb_attr":"","footnotes":""},"class_list":["post-15198","page","type-page","status-publish","has-post-thumbnail","hentry"],"yoast_head":"<!-- This site is optimized with the Yoast SEO plugin v27.5 - https:\/\/yoast.com\/product\/yoast-seo-wordpress\/ -->\n<title>Fondation du CHEO | Amassez des fonds \u00e0 votre fa\u00e7on<\/title>\n<meta name=\"description\" content=\"Cr\u00e9ez votre propre page de collecte de fonds pour le CHEO. Honorez un \u00eatre cher ou un \u00e9v\u00e9nement marquant tout en appuyant les soins prodigu\u00e9s aux enfants et aux familles.\" \/>\n<meta name=\"robots\" content=\"index, follow, max-snippet:-1, max-image-preview:large, max-video-preview:-1\" \/>\n<link rel=\"canonical\" href=\"https:\/\/cheofoundation.com\/fr\/comment-donner\/evenements-collecte-de-fonds\/amassez-des-fonds-a-votre-facon\/\" \/>\n<meta property=\"og:locale\" content=\"fr_FR\" \/>\n<meta property=\"og:type\" content=\"article\" \/>\n<meta property=\"og:title\" content=\"Fondation du CHEO | Amassez des fonds \u00e0 votre fa\u00e7on\" \/>\n<meta property=\"og:description\" content=\"Cr\u00e9ez votre propre page de collecte de fonds pour le CHEO. Honorez un \u00eatre cher ou un \u00e9v\u00e9nement marquant tout en appuyant les soins prodigu\u00e9s aux enfants et aux familles.\" \/>\n<meta property=\"og:url\" content=\"https:\/\/cheofoundation.com\/fr\/comment-donner\/evenements-collecte-de-fonds\/amassez-des-fonds-a-votre-facon\/\" \/>\n<meta property=\"og:site_name\" content=\"Fondation du CHEO\" \/>\n<meta property=\"article:modified_time\" content=\"2025-04-07T19:43:49+00:00\" \/>\n<meta property=\"og:image\" content=\"https:\/\/cheofoundation.com\/wp-content\/uploads\/2024\/10\/create-your-fundraising-e1730314374755.jpg\" \/>\n\t<meta property=\"og:image:width\" content=\"1000\" \/>\n\t<meta property=\"og:image:height\" content=\"558\" \/>\n\t<meta property=\"og:image:type\" content=\"image\/jpeg\" \/>\n<meta name=\"twitter:card\" content=\"summary_large_image\" \/>\n<script type=\"application\/ld+json\" class=\"yoast-schema-graph\">{\"@context\":\"https:\\\/\\\/schema.org\",\"@graph\":[{\"@type\":\"WebPage\",\"@id\":\"https:\\\/\\\/cheofoundation.com\\\/fr\\\/comment-donner\\\/evenements-collecte-de-fonds\\\/amassez-des-fonds-a-votre-facon\\\/\",\"url\":\"https:\\\/\\\/cheofoundation.com\\\/fr\\\/comment-donner\\\/evenements-collecte-de-fonds\\\/amassez-des-fonds-a-votre-facon\\\/\",\"name\":\"Fondation du CHEO | Amassez des fonds \u00e0 votre fa\u00e7on\",\"isPartOf\":{\"@id\":\"https:\\\/\\\/cheofoundation.com\\\/fr\\\/#website\"},\"primaryImageOfPage\":{\"@id\":\"https:\\\/\\\/cheofoundation.com\\\/fr\\\/comment-donner\\\/evenements-collecte-de-fonds\\\/amassez-des-fonds-a-votre-facon\\\/#primaryimage\"},\"image\":{\"@id\":\"https:\\\/\\\/cheofoundation.com\\\/fr\\\/comment-donner\\\/evenements-collecte-de-fonds\\\/amassez-des-fonds-a-votre-facon\\\/#primaryimage\"},\"thumbnailUrl\":\"https:\\\/\\\/cheofoundation.com\\\/wp-content\\\/uploads\\\/2024\\\/10\\\/create-your-fundraising-e1730314374755.jpg\",\"datePublished\":\"2024-09-06T20:38:14+00:00\",\"dateModified\":\"2025-04-07T19:43:49+00:00\",\"description\":\"Cr\u00e9ez votre propre page de collecte de fonds pour le CHEO. Honorez un \u00eatre cher ou un \u00e9v\u00e9nement marquant tout en appuyant les soins prodigu\u00e9s aux enfants et aux familles.\",\"breadcrumb\":{\"@id\":\"https:\\\/\\\/cheofoundation.com\\\/fr\\\/comment-donner\\\/evenements-collecte-de-fonds\\\/amassez-des-fonds-a-votre-facon\\\/#breadcrumb\"},\"inLanguage\":\"fr-FR\",\"potentialAction\":[{\"@type\":\"ReadAction\",\"target\":[\"https:\\\/\\\/cheofoundation.com\\\/fr\\\/comment-donner\\\/evenements-collecte-de-fonds\\\/amassez-des-fonds-a-votre-facon\\\/\"]}]},{\"@type\":\"ImageObject\",\"inLanguage\":\"fr-FR\",\"@id\":\"https:\\\/\\\/cheofoundation.com\\\/fr\\\/comment-donner\\\/evenements-collecte-de-fonds\\\/amassez-des-fonds-a-votre-facon\\\/#primaryimage\",\"url\":\"https:\\\/\\\/cheofoundation.com\\\/wp-content\\\/uploads\\\/2024\\\/10\\\/create-your-fundraising-e1730314374755.jpg\",\"contentUrl\":\"https:\\\/\\\/cheofoundation.com\\\/wp-content\\\/uploads\\\/2024\\\/10\\\/create-your-fundraising-e1730314374755.jpg\",\"width\":1000,\"height\":558},{\"@type\":\"BreadcrumbList\",\"@id\":\"https:\\\/\\\/cheofoundation.com\\\/fr\\\/comment-donner\\\/evenements-collecte-de-fonds\\\/amassez-des-fonds-a-votre-facon\\\/#breadcrumb\",\"itemListElement\":[{\"@type\":\"ListItem\",\"position\":1,\"name\":\"Home\",\"item\":\"https:\\\/\\\/cheofoundation.com\\\/fr\\\/\"},{\"@type\":\"ListItem\",\"position\":2,\"name\":\"Comment donner\",\"item\":\"https:\\\/\\\/cheofoundation.com\\\/fr\\\/comment-donner\\\/\"},{\"@type\":\"ListItem\",\"position\":3,\"name\":\"\u00c9v\u00e9nements de collecte de fonds\",\"item\":\"https:\\\/\\\/cheofoundation.com\\\/fr\\\/comment-donner\\\/evenements-collecte-de-fonds\\\/\"},{\"@type\":\"ListItem\",\"position\":4,\"name\":\"Amassez des fonds \u00e0 votre fa\u00e7on\"}]},{\"@type\":\"WebSite\",\"@id\":\"https:\\\/\\\/cheofoundation.com\\\/fr\\\/#website\",\"url\":\"https:\\\/\\\/cheofoundation.com\\\/fr\\\/\",\"name\":\"Fondation du CHEO\",\"description\":\"\",\"publisher\":{\"@id\":\"https:\\\/\\\/cheofoundation.com\\\/fr\\\/#organization\"},\"potentialAction\":[{\"@type\":\"SearchAction\",\"target\":{\"@type\":\"EntryPoint\",\"urlTemplate\":\"https:\\\/\\\/cheofoundation.com\\\/fr\\\/?s={search_term_string}\"},\"query-input\":{\"@type\":\"PropertyValueSpecification\",\"valueRequired\":true,\"valueName\":\"search_term_string\"}}],\"inLanguage\":\"fr-FR\"},{\"@type\":\"Organization\",\"@id\":\"https:\\\/\\\/cheofoundation.com\\\/fr\\\/#organization\",\"name\":\"CHEO Foundation\",\"url\":\"https:\\\/\\\/cheofoundation.com\\\/fr\\\/\",\"logo\":{\"@type\":\"ImageObject\",\"inLanguage\":\"fr-FR\",\"@id\":\"https:\\\/\\\/cheofoundation.com\\\/fr\\\/#\\\/schema\\\/logo\\\/image\\\/\",\"url\":\"https:\\\/\\\/cheofoundation.com\\\/wp-content\\\/uploads\\\/2024\\\/08\\\/6a9404497b334c9108f34826e2e2a7ce.png\",\"contentUrl\":\"https:\\\/\\\/cheofoundation.com\\\/wp-content\\\/uploads\\\/2024\\\/08\\\/6a9404497b334c9108f34826e2e2a7ce.png\",\"width\":900,\"height\":456,\"caption\":\"CHEO Foundation\"},\"image\":{\"@id\":\"https:\\\/\\\/cheofoundation.com\\\/fr\\\/#\\\/schema\\\/logo\\\/image\\\/\"},\"sameAs\":[\"https:\\\/\\\/www.instagram.com\\\/cheohospital\\\/\",\"https:\\\/\\\/www.youtube.com\\\/user\\\/CHEOvideos\",\"https:\\\/\\\/www.linkedin.com\\\/company\\\/cheo-ottawa\\\/\"]}]}<\/script>\n<!-- \/ Yoast SEO plugin. -->","yoast_head_json":{"title":"Fondation du CHEO | Amassez des fonds \u00e0 votre fa\u00e7on","description":"Cr\u00e9ez votre propre page de collecte de fonds pour le CHEO. Honorez un \u00eatre cher ou un \u00e9v\u00e9nement marquant tout en appuyant les soins prodigu\u00e9s aux enfants et aux familles.","robots":{"index":"index","follow":"follow","max-snippet":"max-snippet:-1","max-image-preview":"max-image-preview:large","max-video-preview":"max-video-preview:-1"},"canonical":"https:\/\/cheofoundation.com\/fr\/comment-donner\/evenements-collecte-de-fonds\/amassez-des-fonds-a-votre-facon\/","og_locale":"fr_FR","og_type":"article","og_title":"Fondation du CHEO | Amassez des fonds \u00e0 votre fa\u00e7on","og_description":"Cr\u00e9ez votre propre page de collecte de fonds pour le CHEO. Honorez un \u00eatre cher ou un \u00e9v\u00e9nement marquant tout en appuyant les soins prodigu\u00e9s aux enfants et aux familles.","og_url":"https:\/\/cheofoundation.com\/fr\/comment-donner\/evenements-collecte-de-fonds\/amassez-des-fonds-a-votre-facon\/","og_site_name":"Fondation du CHEO","article_modified_time":"2025-04-07T19:43:49+00:00","og_image":[{"width":1000,"height":558,"url":"https:\/\/cheofoundation.com\/wp-content\/uploads\/2024\/10\/create-your-fundraising-e1730314374755.jpg","type":"image\/jpeg"}],"twitter_card":"summary_large_image","schema":{"@context":"https:\/\/schema.org","@graph":[{"@type":"WebPage","@id":"https:\/\/cheofoundation.com\/fr\/comment-donner\/evenements-collecte-de-fonds\/amassez-des-fonds-a-votre-facon\/","url":"https:\/\/cheofoundation.com\/fr\/comment-donner\/evenements-collecte-de-fonds\/amassez-des-fonds-a-votre-facon\/","name":"Fondation du CHEO | Amassez des fonds \u00e0 votre fa\u00e7on","isPartOf":{"@id":"https:\/\/cheofoundation.com\/fr\/#website"},"primaryImageOfPage":{"@id":"https:\/\/cheofoundation.com\/fr\/comment-donner\/evenements-collecte-de-fonds\/amassez-des-fonds-a-votre-facon\/#primaryimage"},"image":{"@id":"https:\/\/cheofoundation.com\/fr\/comment-donner\/evenements-collecte-de-fonds\/amassez-des-fonds-a-votre-facon\/#primaryimage"},"thumbnailUrl":"https:\/\/cheofoundation.com\/wp-content\/uploads\/2024\/10\/create-your-fundraising-e1730314374755.jpg","datePublished":"2024-09-06T20:38:14+00:00","dateModified":"2025-04-07T19:43:49+00:00","description":"Cr\u00e9ez votre propre page de collecte de fonds pour le CHEO. Honorez un \u00eatre cher ou un \u00e9v\u00e9nement marquant tout en appuyant les soins prodigu\u00e9s aux enfants et aux familles.","breadcrumb":{"@id":"https:\/\/cheofoundation.com\/fr\/comment-donner\/evenements-collecte-de-fonds\/amassez-des-fonds-a-votre-facon\/#breadcrumb"},"inLanguage":"fr-FR","potentialAction":[{"@type":"ReadAction","target":["https:\/\/cheofoundation.com\/fr\/comment-donner\/evenements-collecte-de-fonds\/amassez-des-fonds-a-votre-facon\/"]}]},{"@type":"ImageObject","inLanguage":"fr-FR","@id":"https:\/\/cheofoundation.com\/fr\/comment-donner\/evenements-collecte-de-fonds\/amassez-des-fonds-a-votre-facon\/#primaryimage","url":"https:\/\/cheofoundation.com\/wp-content\/uploads\/2024\/10\/create-your-fundraising-e1730314374755.jpg","contentUrl":"https:\/\/cheofoundation.com\/wp-content\/uploads\/2024\/10\/create-your-fundraising-e1730314374755.jpg","width":1000,"height":558},{"@type":"BreadcrumbList","@id":"https:\/\/cheofoundation.com\/fr\/comment-donner\/evenements-collecte-de-fonds\/amassez-des-fonds-a-votre-facon\/#breadcrumb","itemListElement":[{"@type":"ListItem","position":1,"name":"Home","item":"https:\/\/cheofoundation.com\/fr\/"},{"@type":"ListItem","position":2,"name":"Comment donner","item":"https:\/\/cheofoundation.com\/fr\/comment-donner\/"},{"@type":"ListItem","position":3,"name":"\u00c9v\u00e9nements de collecte de fonds","item":"https:\/\/cheofoundation.com\/fr\/comment-donner\/evenements-collecte-de-fonds\/"},{"@type":"ListItem","position":4,"name":"Amassez des fonds \u00e0 votre fa\u00e7on"}]},{"@type":"WebSite","@id":"https:\/\/cheofoundation.com\/fr\/#website","url":"https:\/\/cheofoundation.com\/fr\/","name":"Fondation du CHEO","description":"","publisher":{"@id":"https:\/\/cheofoundation.com\/fr\/#organization"},"potentialAction":[{"@type":"SearchAction","target":{"@type":"EntryPoint","urlTemplate":"https:\/\/cheofoundation.com\/fr\/?s={search_term_string}"},"query-input":{"@type":"PropertyValueSpecification","valueRequired":true,"valueName":"search_term_string"}}],"inLanguage":"fr-FR"},{"@type":"Organization","@id":"https:\/\/cheofoundation.com\/fr\/#organization","name":"CHEO Foundation","url":"https:\/\/cheofoundation.com\/fr\/","logo":{"@type":"ImageObject","inLanguage":"fr-FR","@id":"https:\/\/cheofoundation.com\/fr\/#\/schema\/logo\/image\/","url":"https:\/\/cheofoundation.com\/wp-content\/uploads\/2024\/08\/6a9404497b334c9108f34826e2e2a7ce.png","contentUrl":"https:\/\/cheofoundation.com\/wp-content\/uploads\/2024\/08\/6a9404497b334c9108f34826e2e2a7ce.png","width":900,"height":456,"caption":"CHEO Foundation"},"image":{"@id":"https:\/\/cheofoundation.com\/fr\/#\/schema\/logo\/image\/"},"sameAs":["https:\/\/www.instagram.com\/cheohospital\/","https:\/\/www.youtube.com\/user\/CHEOvideos","https:\/\/www.linkedin.com\/company\/cheo-ottawa\/"]}]}},"_links":{"self":[{"href":"https:\/\/cheofoundation.com\/fr\/wp-json\/wp\/v2\/pages\/15198","targetHints":{"allow":["GET"]}}],"collection":[{"href":"https:\/\/cheofoundation.com\/fr\/wp-json\/wp\/v2\/pages"}],"about":[{"href":"https:\/\/cheofoundation.com\/fr\/wp-json\/wp\/v2\/types\/page"}],"author":[{"embeddable":true,"href":"https:\/\/cheofoundation.com\/fr\/wp-json\/wp\/v2\/users\/1"}],"replies":[{"embeddable":true,"href":"https:\/\/cheofoundation.com\/fr\/wp-json\/wp\/v2\/comments?post=15198"}],"version-history":[{"count":0,"href":"https:\/\/cheofoundation.com\/fr\/wp-json\/wp\/v2\/pages\/15198\/revisions"}],"up":[{"embeddable":true,"href":"https:\/\/cheofoundation.com\/fr\/wp-json\/wp\/v2\/pages\/15194"}],"wp:featuredmedia":[{"embeddable":true,"href":"https:\/\/cheofoundation.com\/fr\/wp-json\/wp\/v2\/media\/14563"}],"wp:attachment":[{"href":"https:\/\/cheofoundation.com\/fr\/wp-json\/wp\/v2\/media?parent=15198"}],"curies":[{"name":"wp","href":"https:\/\/api.w.org\/{rel}","templated":true}]}}