{"id":15199,"date":"2024-09-06T16:39:41","date_gmt":"2024-09-06T20:39:41","guid":{"rendered":"https:\/\/cheofoundation.com\/programmes-speciaux\/"},"modified":"2025-04-07T15:59:22","modified_gmt":"2025-04-07T19:59:22","slug":"programmes-speciaux","status":"publish","type":"page","link":"https:\/\/cheofoundation.com\/fr\/comment-donner\/programmes-speciaux\/","title":{"rendered":"Programmes sp\u00e9ciaux<br>"},"content":{"rendered":"\n<div class=\"wp-block-media-text has-media-on-the-right is-stacked-on-mobile\"><div class=\"wp-block-media-text__content\">\n<h2 class=\"wp-block-heading\">Dons mensuels<\/h2>\n\n\n\n<p>C&rsquo;est gr\u00e2ce \u00e0 eux que le CHEO peut r\u00e9pondre \u00e0 ses besoins continus et \u00e0 ses besoins d&rsquo;urgence. Votre appui constant et fiable permet au CHEO de fournir des soins exceptionnels aux enfants et aux familles qui d\u00e9pendent de leur centre de sant\u00e9 local. <\/p>\n\n\n\n<div class=\"wp-block-buttons is-layout-flex wp-block-buttons-is-layout-flex\">\n<div class=\"wp-block-button\"><a class=\"wp-block-button__link has-purple-color has-text-color has-link-color wp-element-button\" href=\"https:\/\/cheofoundation.com\/fr\/comment-donner\/programmes-speciaux\/dons-mensuels\/\">Devenez donateur mensuel<\/a><\/div>\n<\/div>\n<\/div><figure class=\"wp-block-media-text__media\"><img loading=\"lazy\" decoding=\"async\" width=\"1000\" height=\"668\" src=\"https:\/\/cheofoundation.com\/wp-content\/uploads\/2024\/12\/Special-programs-1.jpg\" alt=\"\" class=\"wp-image-14670 size-full\" srcset=\"https:\/\/cheofoundation.com\/wp-content\/uploads\/2024\/12\/Special-programs-1.jpg 1000w, https:\/\/cheofoundation.com\/wp-content\/uploads\/2024\/12\/Special-programs-1-660x441.jpg 660w, https:\/\/cheofoundation.com\/wp-content\/uploads\/2024\/12\/Special-programs-1-768x513.jpg 768w\" sizes=\"auto, (max-width: 1000px) 100vw, 1000px\" \/><\/figure><\/div>\n\n<div class=\"wp-block-media-text is-stacked-on-mobile a11y-link\"><figure class=\"wp-block-media-text__media\"><img loading=\"lazy\" decoding=\"async\" width=\"1000\" height=\"668\" src=\"https:\/\/cheofoundation.com\/wp-content\/uploads\/2024\/12\/Special-programs-3.jpg\" alt=\"\" class=\"wp-image-14676 size-full\" srcset=\"https:\/\/cheofoundation.com\/wp-content\/uploads\/2024\/12\/Special-programs-3.jpg 1000w, https:\/\/cheofoundation.com\/wp-content\/uploads\/2024\/12\/Special-programs-3-660x441.jpg 660w, https:\/\/cheofoundation.com\/wp-content\/uploads\/2024\/12\/Special-programs-3-768x513.jpg 768w\" sizes=\"auto, (max-width: 1000px) 100vw, 1000px\" \/><\/figure><div class=\"wp-block-media-text__content\">\n<h2 class=\"wp-block-heading include-link-text-reverse\">Faites un c\u00e2lin d\u2019ourson<\/h2>\n\n\n\n<p>Reconnaissez les soins exceptionnels que vous ou un \u00eatre cher avez re\u00e7us au CHEO en faisant un don en l&rsquo;honneur d&rsquo;un membre d\u00e9vou\u00e9 du personnel. Il s&rsquo;agit d&rsquo;une fa\u00e7on efficace de d\u00e9montrer votre appr\u00e9ciation et votre gratitude pour les soins vitaux qu&rsquo;ils prodiguent chaque jour. <\/p>\n\n\n\n<div class=\"wp-block-buttons is-layout-flex wp-block-buttons-is-layout-flex\">\n<div class=\"wp-block-button append-link-text-to\"><a class=\"wp-block-button__link has-purple-color has-text-color has-link-color wp-element-button\" href=\"https:\/\/secure.cheofoundation.com\/site\/Donation2?df_id=2381&amp;mfc_pref=T&amp;2381.donation=form1&amp;s_locale=fr_CA\" target=\"_blank\" rel=\"noreferrer noopener\">Faites part de votre appr\u00e9ciation!<\/a><\/div>\n<\/div>\n<\/div><\/div>\n\n<div class=\"wp-block-media-text has-media-on-the-right is-stacked-on-mobile\"><div class=\"wp-block-media-text__content\">\n<h2 class=\"wp-block-heading\">Dons de cheveux Ottawa<\/h2>\n\n\n\n<p>Joignez-vous \u00e0 notre initiative de dons de cheveux \u00e0 n\u2019importe quel moment pendant l\u2019ann\u00e9e afin d\u2019appuyer les enfants et les adolescents atteints de cancer. Faites don de vos cheveux ou de vos poils de barbe, et aidez \u00e0 financer la recherche essentielle au CHEO.<\/p>\n\n\n\n<div class=\"wp-block-buttons is-layout-flex wp-block-buttons-is-layout-flex\">\n<div class=\"wp-block-button\"><a class=\"wp-block-button__link has-purple-color has-text-color has-link-color wp-element-button\" href=\"https:\/\/cheofoundation.com\/fr\/comment-donner\/programmes-speciaux\/dons-cheveux-ottawa\/\">Planifiez votre don<\/a><\/div>\n<\/div>\n<\/div><figure class=\"wp-block-media-text__media\"><img loading=\"lazy\" decoding=\"async\" width=\"1024\" height=\"683\" src=\"https:\/\/cheofoundation.com\/wp-content\/uploads\/2024\/12\/Special-programs-2.jpg\" alt=\"\" class=\"wp-image-14673 size-full\" srcset=\"https:\/\/cheofoundation.com\/wp-content\/uploads\/2024\/12\/Special-programs-2.jpg 1024w, https:\/\/cheofoundation.com\/wp-content\/uploads\/2024\/12\/Special-programs-2-660x440.jpg 660w, https:\/\/cheofoundation.com\/wp-content\/uploads\/2024\/12\/Special-programs-2-768x512.jpg 768w\" sizes=\"auto, (max-width: 1024px) 100vw, 1024px\" \/><\/figure><\/div>\n\n<div class=\"wp-block-media-text is-stacked-on-mobile a11y-link\"><figure class=\"wp-block-media-text__media\"><img loading=\"lazy\" decoding=\"async\" width=\"1000\" height=\"668\" src=\"https:\/\/cheofoundation.com\/wp-content\/uploads\/2024\/10\/baby-feet.jpg\" alt=\"\" class=\"wp-image-14393 size-full\" srcset=\"https:\/\/cheofoundation.com\/wp-content\/uploads\/2024\/10\/baby-feet.jpg 1000w, https:\/\/cheofoundation.com\/wp-content\/uploads\/2024\/10\/baby-feet-660x441.jpg 660w, https:\/\/cheofoundation.com\/wp-content\/uploads\/2024\/10\/baby-feet-768x513.jpg 768w\" sizes=\"auto, (max-width: 1000px) 100vw, 1000px\" \/><\/figure><div class=\"wp-block-media-text__content\">\n<h2 class=\"wp-block-heading include-link-text-reverse\">D\u2019autres fa\u00e7ons d\u2019appuyer le CHEO<\/h2>\n\n\n\n<p>Vous pouvez avoir un impact durable sur la vie des jeunes patients du CHEO et de leurs familles \u00e0 travers le Canada gr\u00e2ce \u00e0 deux mod\u00e8les nationaux de collecte de fonds :<\/p>\n\n\n\n<div class=\"wp-block-buttons is-layout-flex wp-block-buttons-is-layout-flex\">\n<div class=\"wp-block-button append-link-text-to\"><a class=\"wp-block-button__link has-purple-color has-text-color has-link-color wp-element-button\" href=\"https:\/\/cheofoundation.com\/fr\/comment-donner\/programmes-speciaux\/autres-facons-pour-appuyer-cheo\/\">Faites part de votre appr\u00e9ciation!<\/a><\/div>\n<\/div>\n<\/div><\/div>\n\n<p><\/p>\n","protected":false},"excerpt":{"rendered":"","protected":false},"author":1,"featured_media":0,"parent":15202,"menu_order":4,"comment_status":"closed","ping_status":"closed","template":"","meta":{"_eb_attr":"","footnotes":""},"class_list":["post-15199","page","type-page","status-publish","hentry"],"yoast_head":"<!-- This site is optimized with the Yoast SEO plugin v27.5 - https:\/\/yoast.com\/product\/yoast-seo-wordpress\/ -->\n<title>Fondation du CHEO | Programmes sp\u00e9ciaux<\/title>\n<meta name=\"description\" content=\"Soutenez les programmes sp\u00e9ciaux du CHEO et donnez de la force aux jeunes. Faites un don mensuel, un don de cheveux ou reconnaissez les soins du CHEO en faisant un c\u00e2lin d\u2019ourson.\" \/>\n<meta name=\"robots\" content=\"index, follow, max-snippet:-1, max-image-preview:large, max-video-preview:-1\" \/>\n<link rel=\"canonical\" href=\"https:\/\/cheofoundation.com\/fr\/comment-donner\/programmes-speciaux\/\" \/>\n<meta property=\"og:locale\" content=\"fr_FR\" \/>\n<meta property=\"og:type\" content=\"article\" \/>\n<meta property=\"og:title\" content=\"Fondation du CHEO | Programmes sp\u00e9ciaux\" \/>\n<meta property=\"og:description\" content=\"Soutenez les programmes sp\u00e9ciaux du CHEO et donnez de la force aux jeunes. Faites un don mensuel, un don de cheveux ou reconnaissez les soins du CHEO en faisant un c\u00e2lin d\u2019ourson.\" \/>\n<meta property=\"og:url\" content=\"https:\/\/cheofoundation.com\/fr\/comment-donner\/programmes-speciaux\/\" \/>\n<meta property=\"og:site_name\" content=\"Fondation du CHEO\" \/>\n<meta property=\"article:modified_time\" content=\"2025-04-07T19:59:22+00:00\" \/>\n<meta property=\"og:image\" content=\"https:\/\/cheofoundation.com\/wp-content\/uploads\/2024\/12\/Special-programs-1.jpg\" \/>\n<meta name=\"twitter:card\" content=\"summary_large_image\" \/>\n<meta name=\"twitter:label1\" content=\"Est. reading time\" \/>\n\t<meta name=\"twitter:data1\" content=\"1 minute\" \/>\n<script type=\"application\/ld+json\" class=\"yoast-schema-graph\">{\"@context\":\"https:\\\/\\\/schema.org\",\"@graph\":[{\"@type\":\"WebPage\",\"@id\":\"https:\\\/\\\/cheofoundation.com\\\/fr\\\/comment-donner\\\/programmes-speciaux\\\/\",\"url\":\"https:\\\/\\\/cheofoundation.com\\\/fr\\\/comment-donner\\\/programmes-speciaux\\\/\",\"name\":\"Fondation du CHEO | Programmes sp\u00e9ciaux\",\"isPartOf\":{\"@id\":\"https:\\\/\\\/cheofoundation.com\\\/fr\\\/#website\"},\"primaryImageOfPage\":{\"@id\":\"https:\\\/\\\/cheofoundation.com\\\/fr\\\/comment-donner\\\/programmes-speciaux\\\/#primaryimage\"},\"image\":{\"@id\":\"https:\\\/\\\/cheofoundation.com\\\/fr\\\/comment-donner\\\/programmes-speciaux\\\/#primaryimage\"},\"thumbnailUrl\":\"https:\\\/\\\/cheofoundation.com\\\/wp-content\\\/uploads\\\/2024\\\/12\\\/Special-programs-1.jpg\",\"datePublished\":\"2024-09-06T20:39:41+00:00\",\"dateModified\":\"2025-04-07T19:59:22+00:00\",\"description\":\"Soutenez les programmes sp\u00e9ciaux du CHEO et donnez de la force aux jeunes. Faites un don mensuel, un don de cheveux ou reconnaissez les soins du CHEO en faisant un c\u00e2lin d\u2019ourson.\",\"breadcrumb\":{\"@id\":\"https:\\\/\\\/cheofoundation.com\\\/fr\\\/comment-donner\\\/programmes-speciaux\\\/#breadcrumb\"},\"inLanguage\":\"fr-FR\",\"potentialAction\":[{\"@type\":\"ReadAction\",\"target\":[\"https:\\\/\\\/cheofoundation.com\\\/fr\\\/comment-donner\\\/programmes-speciaux\\\/\"]}]},{\"@type\":\"ImageObject\",\"inLanguage\":\"fr-FR\",\"@id\":\"https:\\\/\\\/cheofoundation.com\\\/fr\\\/comment-donner\\\/programmes-speciaux\\\/#primaryimage\",\"url\":\"https:\\\/\\\/cheofoundation.com\\\/wp-content\\\/uploads\\\/2024\\\/12\\\/Special-programs-1.jpg\",\"contentUrl\":\"https:\\\/\\\/cheofoundation.com\\\/wp-content\\\/uploads\\\/2024\\\/12\\\/Special-programs-1.jpg\"},{\"@type\":\"BreadcrumbList\",\"@id\":\"https:\\\/\\\/cheofoundation.com\\\/fr\\\/comment-donner\\\/programmes-speciaux\\\/#breadcrumb\",\"itemListElement\":[{\"@type\":\"ListItem\",\"position\":1,\"name\":\"Home\",\"item\":\"https:\\\/\\\/cheofoundation.com\\\/fr\\\/\"},{\"@type\":\"ListItem\",\"position\":2,\"name\":\"Comment donner\",\"item\":\"https:\\\/\\\/cheofoundation.com\\\/fr\\\/comment-donner\\\/\"},{\"@type\":\"ListItem\",\"position\":3,\"name\":\"Programmes sp\u00e9ciaux\"}]},{\"@type\":\"WebSite\",\"@id\":\"https:\\\/\\\/cheofoundation.com\\\/fr\\\/#website\",\"url\":\"https:\\\/\\\/cheofoundation.com\\\/fr\\\/\",\"name\":\"Fondation du CHEO\",\"description\":\"\",\"publisher\":{\"@id\":\"https:\\\/\\\/cheofoundation.com\\\/fr\\\/#organization\"},\"potentialAction\":[{\"@type\":\"SearchAction\",\"target\":{\"@type\":\"EntryPoint\",\"urlTemplate\":\"https:\\\/\\\/cheofoundation.com\\\/fr\\\/?s={search_term_string}\"},\"query-input\":{\"@type\":\"PropertyValueSpecification\",\"valueRequired\":true,\"valueName\":\"search_term_string\"}}],\"inLanguage\":\"fr-FR\"},{\"@type\":\"Organization\",\"@id\":\"https:\\\/\\\/cheofoundation.com\\\/fr\\\/#organization\",\"name\":\"CHEO Foundation\",\"url\":\"https:\\\/\\\/cheofoundation.com\\\/fr\\\/\",\"logo\":{\"@type\":\"ImageObject\",\"inLanguage\":\"fr-FR\",\"@id\":\"https:\\\/\\\/cheofoundation.com\\\/fr\\\/#\\\/schema\\\/logo\\\/image\\\/\",\"url\":\"https:\\\/\\\/cheofoundation.com\\\/wp-content\\\/uploads\\\/2024\\\/08\\\/6a9404497b334c9108f34826e2e2a7ce.png\",\"contentUrl\":\"https:\\\/\\\/cheofoundation.com\\\/wp-content\\\/uploads\\\/2024\\\/08\\\/6a9404497b334c9108f34826e2e2a7ce.png\",\"width\":900,\"height\":456,\"caption\":\"CHEO Foundation\"},\"image\":{\"@id\":\"https:\\\/\\\/cheofoundation.com\\\/fr\\\/#\\\/schema\\\/logo\\\/image\\\/\"},\"sameAs\":[\"https:\\\/\\\/www.instagram.com\\\/cheohospital\\\/\",\"https:\\\/\\\/www.youtube.com\\\/user\\\/CHEOvideos\",\"https:\\\/\\\/www.linkedin.com\\\/company\\\/cheo-ottawa\\\/\"]}]}<\/script>\n<!-- \/ Yoast SEO plugin. -->","yoast_head_json":{"title":"Fondation du CHEO | Programmes sp\u00e9ciaux","description":"Soutenez les programmes sp\u00e9ciaux du CHEO et donnez de la force aux jeunes. Faites un don mensuel, un don de cheveux ou reconnaissez les soins du CHEO en faisant un c\u00e2lin d\u2019ourson.","robots":{"index":"index","follow":"follow","max-snippet":"max-snippet:-1","max-image-preview":"max-image-preview:large","max-video-preview":"max-video-preview:-1"},"canonical":"https:\/\/cheofoundation.com\/fr\/comment-donner\/programmes-speciaux\/","og_locale":"fr_FR","og_type":"article","og_title":"Fondation du CHEO | Programmes sp\u00e9ciaux","og_description":"Soutenez les programmes sp\u00e9ciaux du CHEO et donnez de la force aux jeunes. Faites un don mensuel, un don de cheveux ou reconnaissez les soins du CHEO en faisant un c\u00e2lin d\u2019ourson.","og_url":"https:\/\/cheofoundation.com\/fr\/comment-donner\/programmes-speciaux\/","og_site_name":"Fondation du CHEO","article_modified_time":"2025-04-07T19:59:22+00:00","og_image":[{"url":"https:\/\/cheofoundation.com\/wp-content\/uploads\/2024\/12\/Special-programs-1.jpg","type":"","width":"","height":""}],"twitter_card":"summary_large_image","twitter_misc":{"Est. reading time":"1 minute"},"schema":{"@context":"https:\/\/schema.org","@graph":[{"@type":"WebPage","@id":"https:\/\/cheofoundation.com\/fr\/comment-donner\/programmes-speciaux\/","url":"https:\/\/cheofoundation.com\/fr\/comment-donner\/programmes-speciaux\/","name":"Fondation du CHEO | Programmes sp\u00e9ciaux","isPartOf":{"@id":"https:\/\/cheofoundation.com\/fr\/#website"},"primaryImageOfPage":{"@id":"https:\/\/cheofoundation.com\/fr\/comment-donner\/programmes-speciaux\/#primaryimage"},"image":{"@id":"https:\/\/cheofoundation.com\/fr\/comment-donner\/programmes-speciaux\/#primaryimage"},"thumbnailUrl":"https:\/\/cheofoundation.com\/wp-content\/uploads\/2024\/12\/Special-programs-1.jpg","datePublished":"2024-09-06T20:39:41+00:00","dateModified":"2025-04-07T19:59:22+00:00","description":"Soutenez les programmes sp\u00e9ciaux du CHEO et donnez de la force aux jeunes. Faites un don mensuel, un don de cheveux ou reconnaissez les soins du CHEO en faisant un c\u00e2lin d\u2019ourson.","breadcrumb":{"@id":"https:\/\/cheofoundation.com\/fr\/comment-donner\/programmes-speciaux\/#breadcrumb"},"inLanguage":"fr-FR","potentialAction":[{"@type":"ReadAction","target":["https:\/\/cheofoundation.com\/fr\/comment-donner\/programmes-speciaux\/"]}]},{"@type":"ImageObject","inLanguage":"fr-FR","@id":"https:\/\/cheofoundation.com\/fr\/comment-donner\/programmes-speciaux\/#primaryimage","url":"https:\/\/cheofoundation.com\/wp-content\/uploads\/2024\/12\/Special-programs-1.jpg","contentUrl":"https:\/\/cheofoundation.com\/wp-content\/uploads\/2024\/12\/Special-programs-1.jpg"},{"@type":"BreadcrumbList","@id":"https:\/\/cheofoundation.com\/fr\/comment-donner\/programmes-speciaux\/#breadcrumb","itemListElement":[{"@type":"ListItem","position":1,"name":"Home","item":"https:\/\/cheofoundation.com\/fr\/"},{"@type":"ListItem","position":2,"name":"Comment donner","item":"https:\/\/cheofoundation.com\/fr\/comment-donner\/"},{"@type":"ListItem","position":3,"name":"Programmes sp\u00e9ciaux"}]},{"@type":"WebSite","@id":"https:\/\/cheofoundation.com\/fr\/#website","url":"https:\/\/cheofoundation.com\/fr\/","name":"Fondation du CHEO","description":"","publisher":{"@id":"https:\/\/cheofoundation.com\/fr\/#organization"},"potentialAction":[{"@type":"SearchAction","target":{"@type":"EntryPoint","urlTemplate":"https:\/\/cheofoundation.com\/fr\/?s={search_term_string}"},"query-input":{"@type":"PropertyValueSpecification","valueRequired":true,"valueName":"search_term_string"}}],"inLanguage":"fr-FR"},{"@type":"Organization","@id":"https:\/\/cheofoundation.com\/fr\/#organization","name":"CHEO Foundation","url":"https:\/\/cheofoundation.com\/fr\/","logo":{"@type":"ImageObject","inLanguage":"fr-FR","@id":"https:\/\/cheofoundation.com\/fr\/#\/schema\/logo\/image\/","url":"https:\/\/cheofoundation.com\/wp-content\/uploads\/2024\/08\/6a9404497b334c9108f34826e2e2a7ce.png","contentUrl":"https:\/\/cheofoundation.com\/wp-content\/uploads\/2024\/08\/6a9404497b334c9108f34826e2e2a7ce.png","width":900,"height":456,"caption":"CHEO Foundation"},"image":{"@id":"https:\/\/cheofoundation.com\/fr\/#\/schema\/logo\/image\/"},"sameAs":["https:\/\/www.instagram.com\/cheohospital\/","https:\/\/www.youtube.com\/user\/CHEOvideos","https:\/\/www.linkedin.com\/company\/cheo-ottawa\/"]}]}},"_links":{"self":[{"href":"https:\/\/cheofoundation.com\/fr\/wp-json\/wp\/v2\/pages\/15199","targetHints":{"allow":["GET"]}}],"collection":[{"href":"https:\/\/cheofoundation.com\/fr\/wp-json\/wp\/v2\/pages"}],"about":[{"href":"https:\/\/cheofoundation.com\/fr\/wp-json\/wp\/v2\/types\/page"}],"author":[{"embeddable":true,"href":"https:\/\/cheofoundation.com\/fr\/wp-json\/wp\/v2\/users\/1"}],"replies":[{"embeddable":true,"href":"https:\/\/cheofoundation.com\/fr\/wp-json\/wp\/v2\/comments?post=15199"}],"version-history":[{"count":0,"href":"https:\/\/cheofoundation.com\/fr\/wp-json\/wp\/v2\/pages\/15199\/revisions"}],"up":[{"embeddable":true,"href":"https:\/\/cheofoundation.com\/fr\/wp-json\/wp\/v2\/pages\/15202"}],"wp:attachment":[{"href":"https:\/\/cheofoundation.com\/fr\/wp-json\/wp\/v2\/media?parent=15199"}],"curies":[{"name":"wp","href":"https:\/\/api.w.org\/{rel}","templated":true}]}}