{"id":15201,"date":"2024-09-06T16:43:02","date_gmt":"2024-09-06T20:43:02","guid":{"rendered":"https:\/\/cheofoundation.com\/programmes-speciaux\/dons-mensuels\/"},"modified":"2025-04-07T16:01:48","modified_gmt":"2025-04-07T20:01:48","slug":"dons-mensuels","status":"publish","type":"page","link":"https:\/\/cheofoundation.com\/fr\/comment-donner\/programmes-speciaux\/dons-mensuels\/","title":{"rendered":"Dons mensuels"},"content":{"rendered":"\n<h2 class=\"wp-block-heading\">Faire une diff\u00e9rence facile et gratifiante<\/h2>\n\n<p>Les dons mensuels sont l&rsquo;\u00e9pine dorsale de nos besoins continus et urgents. Votre appui constant et fiable nous permet d&rsquo;offrir des soins exceptionnels aux enfants et aux familles qui comptent sur le CHEO.<\/p>\n\n<p>Avec votre aide, nous pouvons investir dans des recherches innovatrices, acheter de l&rsquo;\u00e9quipement sp\u00e9cialis\u00e9 et d\u00e9velopper des programmes de soutien aux patients. Ces initiatives am\u00e9liorent les soins imm\u00e9diats et ouvrent la voie \u00e0 des progr\u00e8s futurs. En devenant donateur mensuel, vous contribuez \u00e0 cr\u00e9er une fondation d&rsquo;espoir et de gu\u00e9rison qui nous permet de planifier avec confiance et d&rsquo;avoir un impact durable sur la vie des jeunes patients du CHEO.  <\/p>\n\n<div class=\"wp-block-buttons is-layout-flex wp-block-buttons-is-layout-flex\">\n<div class=\"wp-block-button cta-gold\"><a class=\"wp-block-button__link has-gold-background-color has-background wp-element-button\" href=\"https:\/\/secure.cheofoundation.com\/site\/Donation2?idb=2060289765&amp;df_id=1540&amp;1540.donation=form1&amp;mfc_pref=T&amp;s_locale=fr_CA\" target=\"_blank\" rel=\"noreferrer noopener\">Devenez donateur mensuel<\/a><\/div>\n<\/div>\n","protected":false},"excerpt":{"rendered":"<p>Faire une diff\u00e9rence facile et gratifiante Les dons mensuels sont l&rsquo;\u00e9pine dorsale de nos besoins continus et urgents. Votre appui constant et fiable nous permet&#8230;<\/p>\n","protected":false},"author":1,"featured_media":14688,"parent":15199,"menu_order":1,"comment_status":"closed","ping_status":"closed","template":"","meta":{"_eb_attr":"","footnotes":""},"class_list":["post-15201","page","type-page","status-publish","has-post-thumbnail","hentry"],"yoast_head":"<!-- This site is optimized with the Yoast SEO plugin v27.4 - https:\/\/yoast.com\/product\/yoast-seo-wordpress\/ -->\n<title>Fondation du CHEO | Programme de dons mensuels<\/title>\n<meta name=\"description\" content=\"Ayez un impact durable en faisant un don mensuel au CHEO. Ils permettent d&#039;appuyer les soins, la recherche et donnent de l&#039;espoir aux enfants et \u00e0 leurs familles tout au long de l&#039;ann\u00e9e.\" \/>\n<meta name=\"robots\" content=\"index, follow, max-snippet:-1, max-image-preview:large, max-video-preview:-1\" \/>\n<link rel=\"canonical\" href=\"https:\/\/cheofoundation.com\/fr\/comment-donner\/programmes-speciaux\/dons-mensuels\/\" \/>\n<meta property=\"og:locale\" content=\"fr_FR\" \/>\n<meta property=\"og:type\" content=\"article\" \/>\n<meta property=\"og:title\" content=\"Fondation du CHEO | Programme de dons mensuels\" \/>\n<meta property=\"og:description\" content=\"Ayez un impact durable en faisant un don mensuel au CHEO. Ils permettent d&#039;appuyer les soins, la recherche et donnent de l&#039;espoir aux enfants et \u00e0 leurs familles tout au long de l&#039;ann\u00e9e.\" \/>\n<meta property=\"og:url\" content=\"https:\/\/cheofoundation.com\/fr\/comment-donner\/programmes-speciaux\/dons-mensuels\/\" \/>\n<meta property=\"og:site_name\" content=\"Fondation du CHEO\" \/>\n<meta property=\"article:modified_time\" content=\"2025-04-07T20:01:48+00:00\" \/>\n<meta property=\"og:image\" content=\"https:\/\/cheofoundation.com\/wp-content\/uploads\/2024\/12\/monthly-donations.jpg\" \/>\n\t<meta property=\"og:image:width\" content=\"1000\" \/>\n\t<meta property=\"og:image:height\" content=\"580\" \/>\n\t<meta property=\"og:image:type\" content=\"image\/jpeg\" \/>\n<meta name=\"twitter:card\" content=\"summary_large_image\" \/>\n<meta name=\"twitter:label1\" content=\"Est. reading time\" \/>\n\t<meta name=\"twitter:data1\" content=\"1 minute\" \/>\n<script type=\"application\/ld+json\" class=\"yoast-schema-graph\">{\"@context\":\"https:\\\/\\\/schema.org\",\"@graph\":[{\"@type\":\"WebPage\",\"@id\":\"https:\\\/\\\/cheofoundation.com\\\/fr\\\/comment-donner\\\/programmes-speciaux\\\/dons-mensuels\\\/\",\"url\":\"https:\\\/\\\/cheofoundation.com\\\/fr\\\/comment-donner\\\/programmes-speciaux\\\/dons-mensuels\\\/\",\"name\":\"Fondation du CHEO | Programme de dons mensuels\",\"isPartOf\":{\"@id\":\"https:\\\/\\\/cheofoundation.com\\\/fr\\\/#website\"},\"primaryImageOfPage\":{\"@id\":\"https:\\\/\\\/cheofoundation.com\\\/fr\\\/comment-donner\\\/programmes-speciaux\\\/dons-mensuels\\\/#primaryimage\"},\"image\":{\"@id\":\"https:\\\/\\\/cheofoundation.com\\\/fr\\\/comment-donner\\\/programmes-speciaux\\\/dons-mensuels\\\/#primaryimage\"},\"thumbnailUrl\":\"https:\\\/\\\/cheofoundation.com\\\/wp-content\\\/uploads\\\/2024\\\/12\\\/monthly-donations.jpg\",\"datePublished\":\"2024-09-06T20:43:02+00:00\",\"dateModified\":\"2025-04-07T20:01:48+00:00\",\"description\":\"Ayez un impact durable en faisant un don mensuel au CHEO. Ils permettent d'appuyer les soins, la recherche et donnent de l'espoir aux enfants et \u00e0 leurs familles tout au long de l'ann\u00e9e.\",\"breadcrumb\":{\"@id\":\"https:\\\/\\\/cheofoundation.com\\\/fr\\\/comment-donner\\\/programmes-speciaux\\\/dons-mensuels\\\/#breadcrumb\"},\"inLanguage\":\"fr-FR\",\"potentialAction\":[{\"@type\":\"ReadAction\",\"target\":[\"https:\\\/\\\/cheofoundation.com\\\/fr\\\/comment-donner\\\/programmes-speciaux\\\/dons-mensuels\\\/\"]}]},{\"@type\":\"ImageObject\",\"inLanguage\":\"fr-FR\",\"@id\":\"https:\\\/\\\/cheofoundation.com\\\/fr\\\/comment-donner\\\/programmes-speciaux\\\/dons-mensuels\\\/#primaryimage\",\"url\":\"https:\\\/\\\/cheofoundation.com\\\/wp-content\\\/uploads\\\/2024\\\/12\\\/monthly-donations.jpg\",\"contentUrl\":\"https:\\\/\\\/cheofoundation.com\\\/wp-content\\\/uploads\\\/2024\\\/12\\\/monthly-donations.jpg\",\"width\":1000,\"height\":580},{\"@type\":\"BreadcrumbList\",\"@id\":\"https:\\\/\\\/cheofoundation.com\\\/fr\\\/comment-donner\\\/programmes-speciaux\\\/dons-mensuels\\\/#breadcrumb\",\"itemListElement\":[{\"@type\":\"ListItem\",\"position\":1,\"name\":\"Home\",\"item\":\"https:\\\/\\\/cheofoundation.com\\\/fr\\\/\"},{\"@type\":\"ListItem\",\"position\":2,\"name\":\"Comment donner\",\"item\":\"https:\\\/\\\/cheofoundation.com\\\/fr\\\/comment-donner\\\/\"},{\"@type\":\"ListItem\",\"position\":3,\"name\":\"Programmes sp\u00e9ciaux\",\"item\":\"https:\\\/\\\/cheofoundation.com\\\/fr\\\/comment-donner\\\/programmes-speciaux\\\/\"},{\"@type\":\"ListItem\",\"position\":4,\"name\":\"Dons mensuels\"}]},{\"@type\":\"WebSite\",\"@id\":\"https:\\\/\\\/cheofoundation.com\\\/fr\\\/#website\",\"url\":\"https:\\\/\\\/cheofoundation.com\\\/fr\\\/\",\"name\":\"Fondation du CHEO\",\"description\":\"\",\"publisher\":{\"@id\":\"https:\\\/\\\/cheofoundation.com\\\/fr\\\/#organization\"},\"potentialAction\":[{\"@type\":\"SearchAction\",\"target\":{\"@type\":\"EntryPoint\",\"urlTemplate\":\"https:\\\/\\\/cheofoundation.com\\\/fr\\\/?s={search_term_string}\"},\"query-input\":{\"@type\":\"PropertyValueSpecification\",\"valueRequired\":true,\"valueName\":\"search_term_string\"}}],\"inLanguage\":\"fr-FR\"},{\"@type\":\"Organization\",\"@id\":\"https:\\\/\\\/cheofoundation.com\\\/fr\\\/#organization\",\"name\":\"CHEO Foundation\",\"url\":\"https:\\\/\\\/cheofoundation.com\\\/fr\\\/\",\"logo\":{\"@type\":\"ImageObject\",\"inLanguage\":\"fr-FR\",\"@id\":\"https:\\\/\\\/cheofoundation.com\\\/fr\\\/#\\\/schema\\\/logo\\\/image\\\/\",\"url\":\"https:\\\/\\\/cheofoundation.com\\\/wp-content\\\/uploads\\\/2024\\\/08\\\/6a9404497b334c9108f34826e2e2a7ce.png\",\"contentUrl\":\"https:\\\/\\\/cheofoundation.com\\\/wp-content\\\/uploads\\\/2024\\\/08\\\/6a9404497b334c9108f34826e2e2a7ce.png\",\"width\":900,\"height\":456,\"caption\":\"CHEO Foundation\"},\"image\":{\"@id\":\"https:\\\/\\\/cheofoundation.com\\\/fr\\\/#\\\/schema\\\/logo\\\/image\\\/\"},\"sameAs\":[\"https:\\\/\\\/www.instagram.com\\\/cheohospital\\\/\",\"https:\\\/\\\/www.youtube.com\\\/user\\\/CHEOvideos\",\"https:\\\/\\\/www.linkedin.com\\\/company\\\/cheo-ottawa\\\/\"]}]}<\/script>\n<!-- \/ Yoast SEO plugin. -->","yoast_head_json":{"title":"Fondation du CHEO | Programme de dons mensuels","description":"Ayez un impact durable en faisant un don mensuel au CHEO. Ils permettent d'appuyer les soins, la recherche et donnent de l'espoir aux enfants et \u00e0 leurs familles tout au long de l'ann\u00e9e.","robots":{"index":"index","follow":"follow","max-snippet":"max-snippet:-1","max-image-preview":"max-image-preview:large","max-video-preview":"max-video-preview:-1"},"canonical":"https:\/\/cheofoundation.com\/fr\/comment-donner\/programmes-speciaux\/dons-mensuels\/","og_locale":"fr_FR","og_type":"article","og_title":"Fondation du CHEO | Programme de dons mensuels","og_description":"Ayez un impact durable en faisant un don mensuel au CHEO. Ils permettent d'appuyer les soins, la recherche et donnent de l'espoir aux enfants et \u00e0 leurs familles tout au long de l'ann\u00e9e.","og_url":"https:\/\/cheofoundation.com\/fr\/comment-donner\/programmes-speciaux\/dons-mensuels\/","og_site_name":"Fondation du CHEO","article_modified_time":"2025-04-07T20:01:48+00:00","og_image":[{"width":1000,"height":580,"url":"https:\/\/cheofoundation.com\/wp-content\/uploads\/2024\/12\/monthly-donations.jpg","type":"image\/jpeg"}],"twitter_card":"summary_large_image","twitter_misc":{"Est. reading time":"1 minute"},"schema":{"@context":"https:\/\/schema.org","@graph":[{"@type":"WebPage","@id":"https:\/\/cheofoundation.com\/fr\/comment-donner\/programmes-speciaux\/dons-mensuels\/","url":"https:\/\/cheofoundation.com\/fr\/comment-donner\/programmes-speciaux\/dons-mensuels\/","name":"Fondation du CHEO | Programme de dons mensuels","isPartOf":{"@id":"https:\/\/cheofoundation.com\/fr\/#website"},"primaryImageOfPage":{"@id":"https:\/\/cheofoundation.com\/fr\/comment-donner\/programmes-speciaux\/dons-mensuels\/#primaryimage"},"image":{"@id":"https:\/\/cheofoundation.com\/fr\/comment-donner\/programmes-speciaux\/dons-mensuels\/#primaryimage"},"thumbnailUrl":"https:\/\/cheofoundation.com\/wp-content\/uploads\/2024\/12\/monthly-donations.jpg","datePublished":"2024-09-06T20:43:02+00:00","dateModified":"2025-04-07T20:01:48+00:00","description":"Ayez un impact durable en faisant un don mensuel au CHEO. Ils permettent d'appuyer les soins, la recherche et donnent de l'espoir aux enfants et \u00e0 leurs familles tout au long de l'ann\u00e9e.","breadcrumb":{"@id":"https:\/\/cheofoundation.com\/fr\/comment-donner\/programmes-speciaux\/dons-mensuels\/#breadcrumb"},"inLanguage":"fr-FR","potentialAction":[{"@type":"ReadAction","target":["https:\/\/cheofoundation.com\/fr\/comment-donner\/programmes-speciaux\/dons-mensuels\/"]}]},{"@type":"ImageObject","inLanguage":"fr-FR","@id":"https:\/\/cheofoundation.com\/fr\/comment-donner\/programmes-speciaux\/dons-mensuels\/#primaryimage","url":"https:\/\/cheofoundation.com\/wp-content\/uploads\/2024\/12\/monthly-donations.jpg","contentUrl":"https:\/\/cheofoundation.com\/wp-content\/uploads\/2024\/12\/monthly-donations.jpg","width":1000,"height":580},{"@type":"BreadcrumbList","@id":"https:\/\/cheofoundation.com\/fr\/comment-donner\/programmes-speciaux\/dons-mensuels\/#breadcrumb","itemListElement":[{"@type":"ListItem","position":1,"name":"Home","item":"https:\/\/cheofoundation.com\/fr\/"},{"@type":"ListItem","position":2,"name":"Comment donner","item":"https:\/\/cheofoundation.com\/fr\/comment-donner\/"},{"@type":"ListItem","position":3,"name":"Programmes sp\u00e9ciaux","item":"https:\/\/cheofoundation.com\/fr\/comment-donner\/programmes-speciaux\/"},{"@type":"ListItem","position":4,"name":"Dons mensuels"}]},{"@type":"WebSite","@id":"https:\/\/cheofoundation.com\/fr\/#website","url":"https:\/\/cheofoundation.com\/fr\/","name":"Fondation du CHEO","description":"","publisher":{"@id":"https:\/\/cheofoundation.com\/fr\/#organization"},"potentialAction":[{"@type":"SearchAction","target":{"@type":"EntryPoint","urlTemplate":"https:\/\/cheofoundation.com\/fr\/?s={search_term_string}"},"query-input":{"@type":"PropertyValueSpecification","valueRequired":true,"valueName":"search_term_string"}}],"inLanguage":"fr-FR"},{"@type":"Organization","@id":"https:\/\/cheofoundation.com\/fr\/#organization","name":"CHEO Foundation","url":"https:\/\/cheofoundation.com\/fr\/","logo":{"@type":"ImageObject","inLanguage":"fr-FR","@id":"https:\/\/cheofoundation.com\/fr\/#\/schema\/logo\/image\/","url":"https:\/\/cheofoundation.com\/wp-content\/uploads\/2024\/08\/6a9404497b334c9108f34826e2e2a7ce.png","contentUrl":"https:\/\/cheofoundation.com\/wp-content\/uploads\/2024\/08\/6a9404497b334c9108f34826e2e2a7ce.png","width":900,"height":456,"caption":"CHEO Foundation"},"image":{"@id":"https:\/\/cheofoundation.com\/fr\/#\/schema\/logo\/image\/"},"sameAs":["https:\/\/www.instagram.com\/cheohospital\/","https:\/\/www.youtube.com\/user\/CHEOvideos","https:\/\/www.linkedin.com\/company\/cheo-ottawa\/"]}]}},"_links":{"self":[{"href":"https:\/\/cheofoundation.com\/fr\/wp-json\/wp\/v2\/pages\/15201","targetHints":{"allow":["GET"]}}],"collection":[{"href":"https:\/\/cheofoundation.com\/fr\/wp-json\/wp\/v2\/pages"}],"about":[{"href":"https:\/\/cheofoundation.com\/fr\/wp-json\/wp\/v2\/types\/page"}],"author":[{"embeddable":true,"href":"https:\/\/cheofoundation.com\/fr\/wp-json\/wp\/v2\/users\/1"}],"replies":[{"embeddable":true,"href":"https:\/\/cheofoundation.com\/fr\/wp-json\/wp\/v2\/comments?post=15201"}],"version-history":[{"count":0,"href":"https:\/\/cheofoundation.com\/fr\/wp-json\/wp\/v2\/pages\/15201\/revisions"}],"up":[{"embeddable":true,"href":"https:\/\/cheofoundation.com\/fr\/wp-json\/wp\/v2\/pages\/15199"}],"wp:featuredmedia":[{"embeddable":true,"href":"https:\/\/cheofoundation.com\/fr\/wp-json\/wp\/v2\/media\/14688"}],"wp:attachment":[{"href":"https:\/\/cheofoundation.com\/fr\/wp-json\/wp\/v2\/media?parent=15201"}],"curies":[{"name":"wp","href":"https:\/\/api.w.org\/{rel}","templated":true}]}}