{"id":15203,"date":"2024-12-23T17:04:16","date_gmt":"2024-12-23T22:04:16","guid":{"rendered":"https:\/\/cheofoundation.com\/comment-donner\/programmes-speciaux\/dons-cheveux-ottawa\/"},"modified":"2025-08-20T15:31:14","modified_gmt":"2025-08-20T19:31:14","slug":"dons-cheveux-ottawa","status":"publish","type":"page","link":"https:\/\/cheofoundation.com\/fr\/comment-donner\/programmes-speciaux\/dons-cheveux-ottawa\/","title":{"rendered":"Dons de cheveux Ottawa"},"content":{"rendered":"\n<h2 class=\"wp-block-heading gold-underline line-left\">Une annonce importante concernant l\u2019\u00e9v\u00e9nement Dons de cheveux Ottawa<\/h2>\n\n\n\n<p><strong>C\u2019est apr\u00e8s m\u00fbre r\u00e9flexion que nous avons pris la d\u00e9cision difficile de mettre fin au programme Dons de cheveux Ottawa.<\/strong><\/p>\n\n\n\n<p>Cette d\u00e9cision fait suite au d\u00e9c\u00e8s de notre partenaire d\u00e9vou\u00e9e, <strong>Cat Foster<\/strong>. Nous exprimons notre plus profonde gratitude \u00e0 l\u2019entourage aimant et engag\u00e9 de Cat, famille et amis, pour leurs nombreuses ann\u00e9es de soutien aux enfants et aux adolescents atteints de cancer.<\/p>\n\n\n\n<p>Nous vous sommes extr\u00eamement reconnaissants pour vos efforts pass\u00e9s de collecte de fonds et de dons. M\u00eame si ce programme prend fin, vous pouvez encore faire une diff\u00e9rence pour les patients et les familles du CHEO qui font face \u00e0 un diagnostic de cancer en faisant un don <a href=\"https:\/\/cheofoundation.com\/fr\/comment-donner\/dons\/\">ICI<\/a>. Soyez assur\u00e9s que les patients ayant besoin d\u2019un soutien financier pour obtenir une perruque peuvent communiquer avec leur \u00e9quipe de soins pour recevoir de l\u2019aide.<\/p>\n\n\n\n<p>Nous vous invitons \u00e9galement \u00e0 participer \u00e0 d\u2019autres activit\u00e9s de collecte de fonds en visitant notre page <a href=\"https:\/\/cheofoundation.com\/fr\/evenements-lotteries\/\">\u00c9v\u00e9nements<\/a>.<\/p>\n\n\n\n<p>Pour nos participants pass\u00e9s et actuels, nous avons pr\u00e9par\u00e9 une liste compl\u00e8te de tout ce que vous devez savoir, y compris d\u2019autres organismes qui peuvent accepter votre prochain don de cheveux et s\u2019assurer qu\u2019il serve \u00e0 la fabrication de perruques ou \u00e0 des fins environnementales.<\/p>\n\n\n\n<p>Un immense merci pour votre soutien au fil des ann\u00e9es. Nous esp\u00e9rons que vous continuerez de vous joindre \u00e0 la Fondation du CHEO \u00e0 travers nos nombreuses autres occasions d\u2019am\u00e9liorer les soins offerts aux enfants, aux adolescents et aux familles que nous desservons. <\/p>\n\n\n\n<p><strong>Nous ne pouvons pas y arriver sans vous!<\/strong><\/p>\n\n\n\n<div style=\"height:100px\" aria-hidden=\"true\" class=\"wp-block-spacer\"><\/div>\n\n\n\n<h2 class=\"wp-block-heading gold-underline line-left line-xxsmall\">FAQ<\/h2>\n\n\n<div class=\"yikes-faq-shortcode\">\n\n\t\t\t\t\t<h2 class=\"yikes-faq-title screen-reader-text\">Frequently Asked Questions<\/h2>\n\t\t\n\t\t<div class=\"accordion yikes-faq-panel-group\" id=\"accordion-69f31466ef4f1\">\n\t\t\t\t\t<div class=\"accordion-item yikes-faq-item faq-filter-all faq-filter-109\">\n\t\t\t<!-- The Question -->\n\t\t\t<div class=\"yikes-faq-item-q\">\n\t\t\t\t\t\t\t\t\t<h3 class=\"accordion-header yikes-faq-item-question\"\n\t\t\t\t\t\tid=\"heading69f31466ef4f1-1\">\n\t\t\t\t\t\t\t\t\t<button type=\"button\"\n\t\t\t\t\t\tclass=\"accordion-button collapsed\"\n\t\t\t\t\t\taria-expanded=\"false\"\n\t\t\t\t\t\taria-controls=\"collapse-69f31466ef4f1-1\"\n\t\t\t\t\t\tid=\"headingbtn-69f31466ef4f1-1\"\n\t\t\t\t\t\tdata-bs-toggle=\"collapse\" data-bs-target=\"#collapse-69f31466ef4f1-1\">\n\t\t\t\t\t\tJe viens de couper mes cheveux ou j\u2019avais l\u2019intention de le faire au profit de Dons de cheveux Ottawa. Y a-t-il une autre organisation qui pourrait utiliser mes cheveux?\t\t\t\t\t<\/button>\n\t\t\t\t\t\t\t\t\t<\/h3>\n\t\t\t\t\t\t\t<\/div>\n\n\t\t\t<!-- The Answer -->\n\t\t\t<div id=\"collapse-69f31466ef4f1-1\"\n\t\t\t\trole=\"region\"\n\t\t\t\taria-labelledby=\"headingbtn-69f31466ef4f1-1\"\n\t\t\t\tclass=\"accordion-collapse collapse yikes-faq-a-collapse\"\n\t\t\t\tdata-bs-parent=\"#accordion-69f31466ef4f1\">\n\t\t\t<div class=\"yikes-faq-item-a\">\n\t\t\t\t\t\n<p>\u00c0 compter de maintenant, les dons de cheveux ne seront plus accept\u00e9s par le Hairapy Shop ni par la Fondation CHEO. Cependant, d&rsquo;autres organisations acceptent les dons de cheveux \u00e0 cette fin, notamment :  <\/p>\n\n<ul class=\"wp-block-list\">\n<li><a href=\"https:\/\/www.acvf.ca\/angel-hair-for-kids\" target=\"_blank\" rel=\"noreferrer noopener\">Angel Hair for Kids<\/a><\/li>\n\n\n\n<li><a href=\"https:\/\/wigsforkids.ca\/\" target=\"_blank\" rel=\"noreferrer noopener\">Wigs For Kids<\/a><\/li>\n<\/ul>\n\n<p>For hair donations that don\u2019t meet the criteria for wigs, they can be recycled through Green Circle Salons. <a href=\"https:\/\/greencirclesalons.com\/directory\/\" target=\"_blank\" rel=\"noreferrer noopener\">Find a salon near you.<\/a><\/p>\n\t\t\t\t<\/div>\n\t\t\t<\/div>\n\n\t\t<\/div>\n\t\t\t\t<div class=\"accordion-item yikes-faq-item faq-filter-all faq-filter-109\">\n\t\t\t<!-- The Question -->\n\t\t\t<div class=\"yikes-faq-item-q\">\n\t\t\t\t\t\t\t\t\t<h3 class=\"accordion-header yikes-faq-item-question\"\n\t\t\t\t\t\tid=\"heading69f31466ef4f1-2\">\n\t\t\t\t\t\t\t\t\t<button type=\"button\"\n\t\t\t\t\t\tclass=\"accordion-button collapsed\"\n\t\t\t\t\t\taria-expanded=\"false\"\n\t\t\t\t\t\taria-controls=\"collapse-69f31466ef4f1-2\"\n\t\t\t\t\t\tid=\"headingbtn-69f31466ef4f1-2\"\n\t\t\t\t\t\tdata-bs-toggle=\"collapse\" data-bs-target=\"#collapse-69f31466ef4f1-2\">\n\t\t\t\t\t\tExiste-t-il un autre moyen d\u2019amasser des fonds pour soutenir cette cause?\t\t\t\t\t<\/button>\n\t\t\t\t\t\t\t\t\t<\/h3>\n\t\t\t\t\t\t\t<\/div>\n\n\t\t\t<!-- The Answer -->\n\t\t\t<div id=\"collapse-69f31466ef4f1-2\"\n\t\t\t\trole=\"region\"\n\t\t\t\taria-labelledby=\"headingbtn-69f31466ef4f1-2\"\n\t\t\t\tclass=\"accordion-collapse collapse yikes-faq-a-collapse\"\n\t\t\t\tdata-bs-parent=\"#accordion-69f31466ef4f1\">\n\t\t\t<div class=\"yikes-faq-item-a\">\n\t\t\t\t\t\n<p>Absolument ! Il existe de nombreuses fa\u00e7ons de soutenir les enfants, les jeunes et les familles qui d\u00e9pendent du CHEO : <a href=\"https:\/\/cheofoundation.com\/fr\/comment-donner\/evenements-collecte-de-fonds\/\">https:\/\/cheofoundation.com\/fr\/comment-donner\/evenements-collecte-de-fonds\/<\/a>.<\/p>\n\n\n\n<p>Nous vous remercions pour votre soutien continu.<\/p>\n\t\t\t\t<\/div>\n\t\t\t<\/div>\n\n\t\t<\/div>\n\t\t\t\t<div class=\"accordion-item yikes-faq-item faq-filter-all faq-filter-109\">\n\t\t\t<!-- The Question -->\n\t\t\t<div class=\"yikes-faq-item-q\">\n\t\t\t\t\t\t\t\t\t<h3 class=\"accordion-header yikes-faq-item-question\"\n\t\t\t\t\t\tid=\"heading69f31466ef4f1-3\">\n\t\t\t\t\t\t\t\t\t<button type=\"button\"\n\t\t\t\t\t\tclass=\"accordion-button collapsed\"\n\t\t\t\t\t\taria-expanded=\"false\"\n\t\t\t\t\t\taria-controls=\"collapse-69f31466ef4f1-3\"\n\t\t\t\t\t\tid=\"headingbtn-69f31466ef4f1-3\"\n\t\t\t\t\t\tdata-bs-toggle=\"collapse\" data-bs-target=\"#collapse-69f31466ef4f1-3\">\n\t\t\t\t\t\tQue va-t-il advenir des cheveux que j&rsquo;ai donn\u00e9s ou que j&rsquo;ai d\u00e9j\u00e0 donn\u00e9s?\t\t\t\t\t<\/button>\n\t\t\t\t\t\t\t\t\t<\/h3>\n\t\t\t\t\t\t\t<\/div>\n\n\t\t\t<!-- The Answer -->\n\t\t\t<div id=\"collapse-69f31466ef4f1-3\"\n\t\t\t\trole=\"region\"\n\t\t\t\taria-labelledby=\"headingbtn-69f31466ef4f1-3\"\n\t\t\t\tclass=\"accordion-collapse collapse yikes-faq-a-collapse\"\n\t\t\t\tdata-bs-parent=\"#accordion-69f31466ef4f1\">\n\t\t\t<div class=\"yikes-faq-item-a\">\n\t\t\t\t\t\n<p>Les dons de cheveux re\u00e7us pr\u00e9c\u00e9demment dans le cadre de l\u2019\u00e9v\u00e9nement Dons de cheveux Ottawa seront utilis\u00e9s, selon leur \u00e9tat et leur viabilit\u00e9, pour la fabrication de perruques ou recycl\u00e9s \u00e0 des fins environnementales.<\/p>\n\t\t\t\t<\/div>\n\t\t\t<\/div>\n\n\t\t<\/div>\n\t\t\t\t<div class=\"accordion-item yikes-faq-item faq-filter-all faq-filter-109\">\n\t\t\t<!-- The Question -->\n\t\t\t<div class=\"yikes-faq-item-q\">\n\t\t\t\t\t\t\t\t\t<h3 class=\"accordion-header yikes-faq-item-question\"\n\t\t\t\t\t\tid=\"heading69f31466ef4f1-4\">\n\t\t\t\t\t\t\t\t\t<button type=\"button\"\n\t\t\t\t\t\tclass=\"accordion-button collapsed\"\n\t\t\t\t\t\taria-expanded=\"false\"\n\t\t\t\t\t\taria-controls=\"collapse-69f31466ef4f1-4\"\n\t\t\t\t\t\tid=\"headingbtn-69f31466ef4f1-4\"\n\t\t\t\t\t\tdata-bs-toggle=\"collapse\" data-bs-target=\"#collapse-69f31466ef4f1-4\">\n\t\t\t\t\t\tLa collecte de fonds sera-t-elle report\u00e9e?\t\t\t\t\t<\/button>\n\t\t\t\t\t\t\t\t\t<\/h3>\n\t\t\t\t\t\t\t<\/div>\n\n\t\t\t<!-- The Answer -->\n\t\t\t<div id=\"collapse-69f31466ef4f1-4\"\n\t\t\t\trole=\"region\"\n\t\t\t\taria-labelledby=\"headingbtn-69f31466ef4f1-4\"\n\t\t\t\tclass=\"accordion-collapse collapse yikes-faq-a-collapse\"\n\t\t\t\tdata-bs-parent=\"#accordion-69f31466ef4f1\">\n\t\t\t<div class=\"yikes-faq-item-a\">\n\t\t\t\t\t\n<p>Non. La d\u00e9cision de mettre fin au programme Dons de cheveux Ottawa est d\u00e9finitive. <\/p>\n\t\t\t\t<\/div>\n\t\t\t<\/div>\n\n\t\t<\/div>\n\t\t\t\t<div class=\"accordion-item yikes-faq-item faq-filter-all faq-filter-109\">\n\t\t\t<!-- The Question -->\n\t\t\t<div class=\"yikes-faq-item-q\">\n\t\t\t\t\t\t\t\t\t<h3 class=\"accordion-header yikes-faq-item-question\"\n\t\t\t\t\t\tid=\"heading69f31466ef4f1-5\">\n\t\t\t\t\t\t\t\t\t<button type=\"button\"\n\t\t\t\t\t\tclass=\"accordion-button collapsed\"\n\t\t\t\t\t\taria-expanded=\"false\"\n\t\t\t\t\t\taria-controls=\"collapse-69f31466ef4f1-5\"\n\t\t\t\t\t\tid=\"headingbtn-69f31466ef4f1-5\"\n\t\t\t\t\t\tdata-bs-toggle=\"collapse\" data-bs-target=\"#collapse-69f31466ef4f1-5\">\n\t\t\t\t\t\tCela aura-t-il une incidence sur les personnes qui devaient b\u00e9n\u00e9ficier des fonds recueillis pour l&rsquo;achat de perruques?\t\t\t\t\t<\/button>\n\t\t\t\t\t\t\t\t\t<\/h3>\n\t\t\t\t\t\t\t<\/div>\n\n\t\t\t<!-- The Answer -->\n\t\t\t<div id=\"collapse-69f31466ef4f1-5\"\n\t\t\t\trole=\"region\"\n\t\t\t\taria-labelledby=\"headingbtn-69f31466ef4f1-5\"\n\t\t\t\tclass=\"accordion-collapse collapse yikes-faq-a-collapse\"\n\t\t\t\tdata-bs-parent=\"#accordion-69f31466ef4f1\">\n\t\t\t<div class=\"yikes-faq-item-a\">\n\t\t\t\t\t\n<p>Non. Les fonds recueillis lors de Dons de cheveux Ottawa ont \u00e9t\u00e9 affect\u00e9s au programme d&rsquo;oncologie du CHEO et les enfants et les jeunes qui ont besoin de perruques pourront en faire la demande aupr\u00e8s de leur \u00e9quipe soignante et des services sociaux. <\/p>\n\t\t\t\t<\/div>\n\t\t\t<\/div>\n\n\t\t<\/div>\n\t\t\t\t<\/div>\n\t\t<\/div>\n\n\n\n<figure class=\"wp-block-image size-full\"><img loading=\"lazy\" decoding=\"async\" width=\"683\" height=\"1024\" src=\"https:\/\/cheofoundation.com\/wp-content\/uploads\/2024\/12\/hair-donation-2.jpg\" alt=\"\" class=\"wp-image-14692\" style=\"aspect-ratio:16\/9;object-fit:cover\" srcset=\"https:\/\/cheofoundation.com\/wp-content\/uploads\/2024\/12\/hair-donation-2.jpg 683w, https:\/\/cheofoundation.com\/wp-content\/uploads\/2024\/12\/hair-donation-2-440x660.jpg 440w\" sizes=\"auto, (max-width: 683px) 100vw, 683px\" \/><\/figure>\n","protected":false},"excerpt":{"rendered":"<p>Une annonce importante concernant l\u2019\u00e9v\u00e9nement Dons de cheveux Ottawa C\u2019est apr\u00e8s m\u00fbre r\u00e9flexion que nous avons pris la d\u00e9cision difficile de mettre fin au programme&#8230;<\/p>\n","protected":false},"author":1,"featured_media":14690,"parent":15199,"menu_order":3,"comment_status":"closed","ping_status":"closed","template":"","meta":{"_eb_attr":"","footnotes":""},"class_list":["post-15203","page","type-page","status-publish","has-post-thumbnail","hentry"],"yoast_head":"<!-- This site is optimized with the Yoast SEO plugin v27.5 - https:\/\/yoast.com\/product\/yoast-seo-wordpress\/ -->\n<title>Fondation du CHEO | Dons de cheveux Ottawa<\/title>\n<meta name=\"description\" content=\"Faites don de vos cheveux pour soutenir les enfants atteints de cancer au CHEO. Ce don permet de financer la recherche, de fournir des perruques et d&#039;aider \u00e0 prot\u00e9ger l&#039;environnement.\" \/>\n<meta name=\"robots\" content=\"index, follow, max-snippet:-1, max-image-preview:large, max-video-preview:-1\" \/>\n<link rel=\"canonical\" href=\"https:\/\/cheofoundation.com\/fr\/comment-donner\/programmes-speciaux\/dons-cheveux-ottawa\/\" \/>\n<meta property=\"og:locale\" content=\"fr_FR\" \/>\n<meta property=\"og:type\" content=\"article\" \/>\n<meta property=\"og:title\" content=\"Fondation du CHEO | Dons de cheveux Ottawa\" \/>\n<meta property=\"og:description\" content=\"Faites don de vos cheveux pour soutenir les enfants atteints de cancer au CHEO. Ce don permet de financer la recherche, de fournir des perruques et d&#039;aider \u00e0 prot\u00e9ger l&#039;environnement.\" \/>\n<meta property=\"og:url\" content=\"https:\/\/cheofoundation.com\/fr\/comment-donner\/programmes-speciaux\/dons-cheveux-ottawa\/\" \/>\n<meta property=\"og:site_name\" content=\"Fondation du CHEO\" \/>\n<meta property=\"article:modified_time\" content=\"2025-08-20T19:31:14+00:00\" \/>\n<meta property=\"og:image\" content=\"https:\/\/cheofoundation.com\/wp-content\/uploads\/2024\/12\/hair-donations.jpg\" \/>\n\t<meta property=\"og:image:width\" content=\"1024\" \/>\n\t<meta property=\"og:image:height\" content=\"615\" \/>\n\t<meta property=\"og:image:type\" content=\"image\/jpeg\" \/>\n<meta name=\"twitter:card\" content=\"summary_large_image\" \/>\n<meta name=\"twitter:label1\" content=\"Est. reading time\" \/>\n\t<meta name=\"twitter:data1\" content=\"2 minutes\" \/>\n<script type=\"application\/ld+json\" class=\"yoast-schema-graph\">{\"@context\":\"https:\\\/\\\/schema.org\",\"@graph\":[{\"@type\":\"WebPage\",\"@id\":\"https:\\\/\\\/cheofoundation.com\\\/fr\\\/comment-donner\\\/programmes-speciaux\\\/dons-cheveux-ottawa\\\/\",\"url\":\"https:\\\/\\\/cheofoundation.com\\\/fr\\\/comment-donner\\\/programmes-speciaux\\\/dons-cheveux-ottawa\\\/\",\"name\":\"Fondation du CHEO | Dons de cheveux Ottawa\",\"isPartOf\":{\"@id\":\"https:\\\/\\\/cheofoundation.com\\\/fr\\\/#website\"},\"primaryImageOfPage\":{\"@id\":\"https:\\\/\\\/cheofoundation.com\\\/fr\\\/comment-donner\\\/programmes-speciaux\\\/dons-cheveux-ottawa\\\/#primaryimage\"},\"image\":{\"@id\":\"https:\\\/\\\/cheofoundation.com\\\/fr\\\/comment-donner\\\/programmes-speciaux\\\/dons-cheveux-ottawa\\\/#primaryimage\"},\"thumbnailUrl\":\"https:\\\/\\\/cheofoundation.com\\\/wp-content\\\/uploads\\\/2024\\\/12\\\/hair-donations.jpg\",\"datePublished\":\"2024-12-23T22:04:16+00:00\",\"dateModified\":\"2025-08-20T19:31:14+00:00\",\"description\":\"Faites don de vos cheveux pour soutenir les enfants atteints de cancer au CHEO. Ce don permet de financer la recherche, de fournir des perruques et d'aider \u00e0 prot\u00e9ger l'environnement.\",\"breadcrumb\":{\"@id\":\"https:\\\/\\\/cheofoundation.com\\\/fr\\\/comment-donner\\\/programmes-speciaux\\\/dons-cheveux-ottawa\\\/#breadcrumb\"},\"inLanguage\":\"fr-FR\",\"potentialAction\":[{\"@type\":\"ReadAction\",\"target\":[\"https:\\\/\\\/cheofoundation.com\\\/fr\\\/comment-donner\\\/programmes-speciaux\\\/dons-cheveux-ottawa\\\/\"]}]},{\"@type\":\"ImageObject\",\"inLanguage\":\"fr-FR\",\"@id\":\"https:\\\/\\\/cheofoundation.com\\\/fr\\\/comment-donner\\\/programmes-speciaux\\\/dons-cheveux-ottawa\\\/#primaryimage\",\"url\":\"https:\\\/\\\/cheofoundation.com\\\/wp-content\\\/uploads\\\/2024\\\/12\\\/hair-donations.jpg\",\"contentUrl\":\"https:\\\/\\\/cheofoundation.com\\\/wp-content\\\/uploads\\\/2024\\\/12\\\/hair-donations.jpg\",\"width\":1024,\"height\":615},{\"@type\":\"BreadcrumbList\",\"@id\":\"https:\\\/\\\/cheofoundation.com\\\/fr\\\/comment-donner\\\/programmes-speciaux\\\/dons-cheveux-ottawa\\\/#breadcrumb\",\"itemListElement\":[{\"@type\":\"ListItem\",\"position\":1,\"name\":\"Home\",\"item\":\"https:\\\/\\\/cheofoundation.com\\\/fr\\\/\"},{\"@type\":\"ListItem\",\"position\":2,\"name\":\"Comment donner\",\"item\":\"https:\\\/\\\/cheofoundation.com\\\/fr\\\/comment-donner\\\/\"},{\"@type\":\"ListItem\",\"position\":3,\"name\":\"Programmes sp\u00e9ciaux\",\"item\":\"https:\\\/\\\/cheofoundation.com\\\/fr\\\/comment-donner\\\/programmes-speciaux\\\/\"},{\"@type\":\"ListItem\",\"position\":4,\"name\":\"Dons de cheveux Ottawa\"}]},{\"@type\":\"WebSite\",\"@id\":\"https:\\\/\\\/cheofoundation.com\\\/fr\\\/#website\",\"url\":\"https:\\\/\\\/cheofoundation.com\\\/fr\\\/\",\"name\":\"Fondation du CHEO\",\"description\":\"\",\"publisher\":{\"@id\":\"https:\\\/\\\/cheofoundation.com\\\/fr\\\/#organization\"},\"potentialAction\":[{\"@type\":\"SearchAction\",\"target\":{\"@type\":\"EntryPoint\",\"urlTemplate\":\"https:\\\/\\\/cheofoundation.com\\\/fr\\\/?s={search_term_string}\"},\"query-input\":{\"@type\":\"PropertyValueSpecification\",\"valueRequired\":true,\"valueName\":\"search_term_string\"}}],\"inLanguage\":\"fr-FR\"},{\"@type\":\"Organization\",\"@id\":\"https:\\\/\\\/cheofoundation.com\\\/fr\\\/#organization\",\"name\":\"CHEO Foundation\",\"url\":\"https:\\\/\\\/cheofoundation.com\\\/fr\\\/\",\"logo\":{\"@type\":\"ImageObject\",\"inLanguage\":\"fr-FR\",\"@id\":\"https:\\\/\\\/cheofoundation.com\\\/fr\\\/#\\\/schema\\\/logo\\\/image\\\/\",\"url\":\"https:\\\/\\\/cheofoundation.com\\\/wp-content\\\/uploads\\\/2024\\\/08\\\/6a9404497b334c9108f34826e2e2a7ce.png\",\"contentUrl\":\"https:\\\/\\\/cheofoundation.com\\\/wp-content\\\/uploads\\\/2024\\\/08\\\/6a9404497b334c9108f34826e2e2a7ce.png\",\"width\":900,\"height\":456,\"caption\":\"CHEO Foundation\"},\"image\":{\"@id\":\"https:\\\/\\\/cheofoundation.com\\\/fr\\\/#\\\/schema\\\/logo\\\/image\\\/\"},\"sameAs\":[\"https:\\\/\\\/www.instagram.com\\\/cheohospital\\\/\",\"https:\\\/\\\/www.youtube.com\\\/user\\\/CHEOvideos\",\"https:\\\/\\\/www.linkedin.com\\\/company\\\/cheo-ottawa\\\/\"]}]}<\/script>\n<!-- \/ Yoast SEO plugin. -->","yoast_head_json":{"title":"Fondation du CHEO | Dons de cheveux Ottawa","description":"Faites don de vos cheveux pour soutenir les enfants atteints de cancer au CHEO. Ce don permet de financer la recherche, de fournir des perruques et d'aider \u00e0 prot\u00e9ger l'environnement.","robots":{"index":"index","follow":"follow","max-snippet":"max-snippet:-1","max-image-preview":"max-image-preview:large","max-video-preview":"max-video-preview:-1"},"canonical":"https:\/\/cheofoundation.com\/fr\/comment-donner\/programmes-speciaux\/dons-cheveux-ottawa\/","og_locale":"fr_FR","og_type":"article","og_title":"Fondation du CHEO | Dons de cheveux Ottawa","og_description":"Faites don de vos cheveux pour soutenir les enfants atteints de cancer au CHEO. Ce don permet de financer la recherche, de fournir des perruques et d'aider \u00e0 prot\u00e9ger l'environnement.","og_url":"https:\/\/cheofoundation.com\/fr\/comment-donner\/programmes-speciaux\/dons-cheveux-ottawa\/","og_site_name":"Fondation du CHEO","article_modified_time":"2025-08-20T19:31:14+00:00","og_image":[{"width":1024,"height":615,"url":"https:\/\/cheofoundation.com\/wp-content\/uploads\/2024\/12\/hair-donations.jpg","type":"image\/jpeg"}],"twitter_card":"summary_large_image","twitter_misc":{"Est. reading time":"2 minutes"},"schema":{"@context":"https:\/\/schema.org","@graph":[{"@type":"WebPage","@id":"https:\/\/cheofoundation.com\/fr\/comment-donner\/programmes-speciaux\/dons-cheveux-ottawa\/","url":"https:\/\/cheofoundation.com\/fr\/comment-donner\/programmes-speciaux\/dons-cheveux-ottawa\/","name":"Fondation du CHEO | Dons de cheveux Ottawa","isPartOf":{"@id":"https:\/\/cheofoundation.com\/fr\/#website"},"primaryImageOfPage":{"@id":"https:\/\/cheofoundation.com\/fr\/comment-donner\/programmes-speciaux\/dons-cheveux-ottawa\/#primaryimage"},"image":{"@id":"https:\/\/cheofoundation.com\/fr\/comment-donner\/programmes-speciaux\/dons-cheveux-ottawa\/#primaryimage"},"thumbnailUrl":"https:\/\/cheofoundation.com\/wp-content\/uploads\/2024\/12\/hair-donations.jpg","datePublished":"2024-12-23T22:04:16+00:00","dateModified":"2025-08-20T19:31:14+00:00","description":"Faites don de vos cheveux pour soutenir les enfants atteints de cancer au CHEO. Ce don permet de financer la recherche, de fournir des perruques et d'aider \u00e0 prot\u00e9ger l'environnement.","breadcrumb":{"@id":"https:\/\/cheofoundation.com\/fr\/comment-donner\/programmes-speciaux\/dons-cheveux-ottawa\/#breadcrumb"},"inLanguage":"fr-FR","potentialAction":[{"@type":"ReadAction","target":["https:\/\/cheofoundation.com\/fr\/comment-donner\/programmes-speciaux\/dons-cheveux-ottawa\/"]}]},{"@type":"ImageObject","inLanguage":"fr-FR","@id":"https:\/\/cheofoundation.com\/fr\/comment-donner\/programmes-speciaux\/dons-cheveux-ottawa\/#primaryimage","url":"https:\/\/cheofoundation.com\/wp-content\/uploads\/2024\/12\/hair-donations.jpg","contentUrl":"https:\/\/cheofoundation.com\/wp-content\/uploads\/2024\/12\/hair-donations.jpg","width":1024,"height":615},{"@type":"BreadcrumbList","@id":"https:\/\/cheofoundation.com\/fr\/comment-donner\/programmes-speciaux\/dons-cheveux-ottawa\/#breadcrumb","itemListElement":[{"@type":"ListItem","position":1,"name":"Home","item":"https:\/\/cheofoundation.com\/fr\/"},{"@type":"ListItem","position":2,"name":"Comment donner","item":"https:\/\/cheofoundation.com\/fr\/comment-donner\/"},{"@type":"ListItem","position":3,"name":"Programmes sp\u00e9ciaux","item":"https:\/\/cheofoundation.com\/fr\/comment-donner\/programmes-speciaux\/"},{"@type":"ListItem","position":4,"name":"Dons de cheveux Ottawa"}]},{"@type":"WebSite","@id":"https:\/\/cheofoundation.com\/fr\/#website","url":"https:\/\/cheofoundation.com\/fr\/","name":"Fondation du CHEO","description":"","publisher":{"@id":"https:\/\/cheofoundation.com\/fr\/#organization"},"potentialAction":[{"@type":"SearchAction","target":{"@type":"EntryPoint","urlTemplate":"https:\/\/cheofoundation.com\/fr\/?s={search_term_string}"},"query-input":{"@type":"PropertyValueSpecification","valueRequired":true,"valueName":"search_term_string"}}],"inLanguage":"fr-FR"},{"@type":"Organization","@id":"https:\/\/cheofoundation.com\/fr\/#organization","name":"CHEO Foundation","url":"https:\/\/cheofoundation.com\/fr\/","logo":{"@type":"ImageObject","inLanguage":"fr-FR","@id":"https:\/\/cheofoundation.com\/fr\/#\/schema\/logo\/image\/","url":"https:\/\/cheofoundation.com\/wp-content\/uploads\/2024\/08\/6a9404497b334c9108f34826e2e2a7ce.png","contentUrl":"https:\/\/cheofoundation.com\/wp-content\/uploads\/2024\/08\/6a9404497b334c9108f34826e2e2a7ce.png","width":900,"height":456,"caption":"CHEO Foundation"},"image":{"@id":"https:\/\/cheofoundation.com\/fr\/#\/schema\/logo\/image\/"},"sameAs":["https:\/\/www.instagram.com\/cheohospital\/","https:\/\/www.youtube.com\/user\/CHEOvideos","https:\/\/www.linkedin.com\/company\/cheo-ottawa\/"]}]}},"_links":{"self":[{"href":"https:\/\/cheofoundation.com\/fr\/wp-json\/wp\/v2\/pages\/15203","targetHints":{"allow":["GET"]}}],"collection":[{"href":"https:\/\/cheofoundation.com\/fr\/wp-json\/wp\/v2\/pages"}],"about":[{"href":"https:\/\/cheofoundation.com\/fr\/wp-json\/wp\/v2\/types\/page"}],"author":[{"embeddable":true,"href":"https:\/\/cheofoundation.com\/fr\/wp-json\/wp\/v2\/users\/1"}],"replies":[{"embeddable":true,"href":"https:\/\/cheofoundation.com\/fr\/wp-json\/wp\/v2\/comments?post=15203"}],"version-history":[{"count":0,"href":"https:\/\/cheofoundation.com\/fr\/wp-json\/wp\/v2\/pages\/15203\/revisions"}],"up":[{"embeddable":true,"href":"https:\/\/cheofoundation.com\/fr\/wp-json\/wp\/v2\/pages\/15199"}],"wp:featuredmedia":[{"embeddable":true,"href":"https:\/\/cheofoundation.com\/fr\/wp-json\/wp\/v2\/media\/14690"}],"wp:attachment":[{"href":"https:\/\/cheofoundation.com\/fr\/wp-json\/wp\/v2\/media?parent=15203"}],"curies":[{"name":"wp","href":"https:\/\/api.w.org\/{rel}","templated":true}]}}