{"id":15204,"date":"2024-12-23T17:05:33","date_gmt":"2024-12-23T22:05:33","guid":{"rendered":"https:\/\/cheofoundation.com\/comment-donner\/programmes-speciaux\/autres-facons-pour-appuyer-cheo\/"},"modified":"2025-04-07T16:02:57","modified_gmt":"2025-04-07T20:02:57","slug":"autres-facons-pour-appuyer-cheo","status":"publish","type":"page","link":"https:\/\/cheofoundation.com\/fr\/comment-donner\/programmes-speciaux\/autres-facons-pour-appuyer-cheo\/","title":{"rendered":"D\u2019autres fa\u00e7ons d\u2019appuyer le CHEO"},"content":{"rendered":"\n<p>Vous pouvez avoir un impact durable sur la vie des jeunes patients du CHEO et de leurs familles \u00e0 travers le Canada gr\u00e2ce \u00e0 deux mod\u00e8les nationaux de collecte de fonds :<\/p>\n\n<div class=\"wp-block-columns is-not-stacked-on-mobile cols-logos is-layout-flex wp-container-core-columns-is-layout-3e1d588b wp-block-columns-is-layout-flex\" style=\"margin-top:var(--wp--preset--spacing--70)\">\n<div class=\"wp-block-column is-layout-flow wp-block-column-is-layout-flow\" style=\"flex-basis:33.33%\">\n<figure class=\"wp-block-image size-full is-resized\" style=\"margin-top:4px\"><img loading=\"lazy\" decoding=\"async\" width=\"414\" height=\"172\" src=\"https:\/\/cheofoundation.com\/wp-content\/uploads\/2024\/12\/Childrens-Miracle-Network.png\" alt=\"\" class=\"wp-image-14698\" style=\"width:256px\"\/><\/figure>\n<\/div>\n\n\n\n<div class=\"wp-block-column is-layout-flow wp-block-column-is-layout-flow\" style=\"flex-basis:66.66%\">\n<h2 class=\"wp-block-heading\">Le r\u00e9seau Children&rsquo;s Miracle Network<\/h2>\n\n\n\n<p>Le CHEO est fier d&rsquo;\u00eatre un h\u00f4pital membre du <a href=\"https:\/\/childrensmiraclenetwork.ca\/\">r\u00e9seau Children&rsquo;s Miracle Network<\/a>, un organisme national qui amasse des fonds et sensibilise la population aux centres hospitaliers pour enfants. Voici quelques exemples de partenaires du r\u00e9seau Children&rsquo;s Miracle Network : Costco, Walmart, RE\/MAX, Marriott, Dairy Queen, Brooks Brothers et Northern Reflections.  <\/p>\n\n\n\n<p>Qu&rsquo;il s&rsquo;agisse de vendre des produits \u00e0 l&rsquo;effigie du CHEO, d&rsquo;organiser des \u00e9v\u00e9nements dans les bureaux ou de participer \u00e0 l&rsquo;un des nombreux programmes de collecte de fonds du r\u00e9seau CMN, nos partenaires encouragent leurs employ\u00e9s et leurs clients \u00e0 \u00ab mettre leur argent l\u00e0 o\u00f9 se trouvent les miracles. \u00bb Gr\u00e2ce \u00e0 ces efforts, ils ont r\u00e9colt\u00e9 des millions de dollars pour les h\u00f4pitaux p\u00e9diatriques canadiens. <br\/> <\/p>\n\n\n\n<div class=\"wp-block-buttons is-layout-flex wp-block-buttons-is-layout-flex\">\n<div class=\"wp-block-button\"><a class=\"wp-block-button__link wp-element-button\" href=\"https:\/\/childrensmiraclenetwork.ca\/\">Pour en savoir davantage<\/a><\/div>\n<\/div>\n<\/div>\n<\/div>\n\n<div class=\"wp-block-columns is-not-stacked-on-mobile cols-logos is-layout-flex wp-container-core-columns-is-layout-28f84493 wp-block-columns-is-layout-flex\">\n<div class=\"wp-block-column is-layout-flow wp-block-column-is-layout-flow\" style=\"flex-basis:33.33%\">\n<figure class=\"wp-block-image size-full is-resized br-0\" style=\"margin-top:4px\"><img loading=\"lazy\" decoding=\"async\" width=\"919\" height=\"494\" src=\"https:\/\/cheofoundation.com\/wp-content\/uploads\/2024\/12\/CCHF.png\" alt=\"\" class=\"wp-image-14700\" style=\"width:220px\" srcset=\"https:\/\/cheofoundation.com\/wp-content\/uploads\/2024\/12\/CCHF.png 919w, https:\/\/cheofoundation.com\/wp-content\/uploads\/2024\/12\/CCHF-660x355.png 660w, https:\/\/cheofoundation.com\/wp-content\/uploads\/2024\/12\/CCHF-768x413.png 768w\" sizes=\"auto, (max-width: 919px) 100vw, 919px\" \/><\/figure>\n<\/div>\n\n\n\n<div class=\"wp-block-column is-layout-flow wp-block-column-is-layout-flow\" style=\"flex-basis:66.66%\">\n<h2 class=\"wp-block-heading\">Fondation des h\u00f4pitaux pour enfants du Canada (FHEC)<\/h2>\n\n\n\n<p>Chaque jour, des milliers d&rsquo;enfants ont besoin de soins dans l&rsquo;un des 13 h\u00f4pitaux pour enfants du Canada. <a href=\"https:\/\/hopitauxpourenfants.ca\/\">La Fondation des h\u00f4pitaux pour enfants du Canada (FHEC)<\/a> repr\u00e9sente ces 13 h\u00f4pitaux, unis dans un engagement commun pour am\u00e9liorer les soins de sant\u00e9 pour les enfants \u00e0 travers le Canada. Cette collaboration permet au CHEO et aux autres fondations hospitali\u00e8res de s&rsquo;assurer que tous les enfants canadiens ont acc\u00e8s \u00e0 des soins de la plus haute qualit\u00e9. <\/p>\n\n\n\n<div class=\"wp-block-buttons is-layout-flex wp-block-buttons-is-layout-flex\">\n<div class=\"wp-block-button\"><a class=\"wp-block-button__link wp-element-button\" href=\"https:\/\/hopitauxpourenfants.ca\/\">Pour en savoir davantage<\/a><\/div>\n<\/div>\n<\/div>\n<\/div>\n","protected":false},"excerpt":{"rendered":"<p>Vous pouvez avoir un impact durable sur la vie des jeunes patients du CHEO et de leurs familles \u00e0 travers le Canada gr\u00e2ce \u00e0 deux&#8230;<\/p>\n","protected":false},"author":1,"featured_media":14667,"parent":15199,"menu_order":4,"comment_status":"closed","ping_status":"closed","template":"","meta":{"_eb_attr":"","footnotes":""},"class_list":["post-15204","page","type-page","status-publish","has-post-thumbnail","hentry"],"yoast_head":"<!-- This site is optimized with the Yoast SEO plugin v27.5 - https:\/\/yoast.com\/product\/yoast-seo-wordpress\/ -->\n<title>Fondation du CHEO | D\u2019autres fa\u00e7ons d\u2019appuyer le CHEO<\/title>\n<meta name=\"description\" content=\"Soutenez le CHEO par l&#039;entremise de partenaires nationaux comme le CMN et la FCSGE. Joignez-vous aux efforts qui permettent d&#039;offrir les meilleurs soins aux enfants \u00e0 travers le Canada.\" \/>\n<meta name=\"robots\" content=\"index, follow, max-snippet:-1, max-image-preview:large, max-video-preview:-1\" \/>\n<link rel=\"canonical\" href=\"https:\/\/cheofoundation.com\/fr\/comment-donner\/programmes-speciaux\/autres-facons-pour-appuyer-cheo\/\" \/>\n<meta property=\"og:locale\" content=\"fr_FR\" \/>\n<meta property=\"og:type\" content=\"article\" \/>\n<meta property=\"og:title\" content=\"Fondation du CHEO | D\u2019autres fa\u00e7ons d\u2019appuyer le CHEO\" \/>\n<meta property=\"og:description\" content=\"Soutenez le CHEO par l&#039;entremise de partenaires nationaux comme le CMN et la FCSGE. Joignez-vous aux efforts qui permettent d&#039;offrir les meilleurs soins aux enfants \u00e0 travers le Canada.\" \/>\n<meta property=\"og:url\" content=\"https:\/\/cheofoundation.com\/fr\/comment-donner\/programmes-speciaux\/autres-facons-pour-appuyer-cheo\/\" \/>\n<meta property=\"og:site_name\" content=\"Fondation du CHEO\" \/>\n<meta property=\"article:modified_time\" content=\"2025-04-07T20:02:57+00:00\" \/>\n<meta property=\"og:image\" content=\"https:\/\/cheofoundation.com\/wp-content\/uploads\/2024\/12\/special-occasions-header.jpg\" \/>\n\t<meta property=\"og:image:width\" content=\"1000\" \/>\n\t<meta property=\"og:image:height\" content=\"402\" \/>\n\t<meta property=\"og:image:type\" content=\"image\/jpeg\" \/>\n<meta name=\"twitter:card\" content=\"summary_large_image\" \/>\n<meta name=\"twitter:label1\" content=\"Est. reading time\" \/>\n\t<meta name=\"twitter:data1\" content=\"1 minute\" \/>\n<script type=\"application\/ld+json\" class=\"yoast-schema-graph\">{\"@context\":\"https:\\\/\\\/schema.org\",\"@graph\":[{\"@type\":\"WebPage\",\"@id\":\"https:\\\/\\\/cheofoundation.com\\\/fr\\\/comment-donner\\\/programmes-speciaux\\\/autres-facons-pour-appuyer-cheo\\\/\",\"url\":\"https:\\\/\\\/cheofoundation.com\\\/fr\\\/comment-donner\\\/programmes-speciaux\\\/autres-facons-pour-appuyer-cheo\\\/\",\"name\":\"Fondation du CHEO | D\u2019autres fa\u00e7ons d\u2019appuyer le CHEO\",\"isPartOf\":{\"@id\":\"https:\\\/\\\/cheofoundation.com\\\/fr\\\/#website\"},\"primaryImageOfPage\":{\"@id\":\"https:\\\/\\\/cheofoundation.com\\\/fr\\\/comment-donner\\\/programmes-speciaux\\\/autres-facons-pour-appuyer-cheo\\\/#primaryimage\"},\"image\":{\"@id\":\"https:\\\/\\\/cheofoundation.com\\\/fr\\\/comment-donner\\\/programmes-speciaux\\\/autres-facons-pour-appuyer-cheo\\\/#primaryimage\"},\"thumbnailUrl\":\"https:\\\/\\\/cheofoundation.com\\\/wp-content\\\/uploads\\\/2024\\\/12\\\/special-occasions-header.jpg\",\"datePublished\":\"2024-12-23T22:05:33+00:00\",\"dateModified\":\"2025-04-07T20:02:57+00:00\",\"description\":\"Soutenez le CHEO par l'entremise de partenaires nationaux comme le CMN et la FCSGE. Joignez-vous aux efforts qui permettent d'offrir les meilleurs soins aux enfants \u00e0 travers le Canada.\",\"breadcrumb\":{\"@id\":\"https:\\\/\\\/cheofoundation.com\\\/fr\\\/comment-donner\\\/programmes-speciaux\\\/autres-facons-pour-appuyer-cheo\\\/#breadcrumb\"},\"inLanguage\":\"fr-FR\",\"potentialAction\":[{\"@type\":\"ReadAction\",\"target\":[\"https:\\\/\\\/cheofoundation.com\\\/fr\\\/comment-donner\\\/programmes-speciaux\\\/autres-facons-pour-appuyer-cheo\\\/\"]}]},{\"@type\":\"ImageObject\",\"inLanguage\":\"fr-FR\",\"@id\":\"https:\\\/\\\/cheofoundation.com\\\/fr\\\/comment-donner\\\/programmes-speciaux\\\/autres-facons-pour-appuyer-cheo\\\/#primaryimage\",\"url\":\"https:\\\/\\\/cheofoundation.com\\\/wp-content\\\/uploads\\\/2024\\\/12\\\/special-occasions-header.jpg\",\"contentUrl\":\"https:\\\/\\\/cheofoundation.com\\\/wp-content\\\/uploads\\\/2024\\\/12\\\/special-occasions-header.jpg\",\"width\":1000,\"height\":402},{\"@type\":\"BreadcrumbList\",\"@id\":\"https:\\\/\\\/cheofoundation.com\\\/fr\\\/comment-donner\\\/programmes-speciaux\\\/autres-facons-pour-appuyer-cheo\\\/#breadcrumb\",\"itemListElement\":[{\"@type\":\"ListItem\",\"position\":1,\"name\":\"Home\",\"item\":\"https:\\\/\\\/cheofoundation.com\\\/fr\\\/\"},{\"@type\":\"ListItem\",\"position\":2,\"name\":\"Comment donner\",\"item\":\"https:\\\/\\\/cheofoundation.com\\\/fr\\\/comment-donner\\\/\"},{\"@type\":\"ListItem\",\"position\":3,\"name\":\"Programmes sp\u00e9ciaux\",\"item\":\"https:\\\/\\\/cheofoundation.com\\\/fr\\\/comment-donner\\\/programmes-speciaux\\\/\"},{\"@type\":\"ListItem\",\"position\":4,\"name\":\"D\u2019autres fa\u00e7ons d\u2019appuyer le CHEO\"}]},{\"@type\":\"WebSite\",\"@id\":\"https:\\\/\\\/cheofoundation.com\\\/fr\\\/#website\",\"url\":\"https:\\\/\\\/cheofoundation.com\\\/fr\\\/\",\"name\":\"Fondation du CHEO\",\"description\":\"\",\"publisher\":{\"@id\":\"https:\\\/\\\/cheofoundation.com\\\/fr\\\/#organization\"},\"potentialAction\":[{\"@type\":\"SearchAction\",\"target\":{\"@type\":\"EntryPoint\",\"urlTemplate\":\"https:\\\/\\\/cheofoundation.com\\\/fr\\\/?s={search_term_string}\"},\"query-input\":{\"@type\":\"PropertyValueSpecification\",\"valueRequired\":true,\"valueName\":\"search_term_string\"}}],\"inLanguage\":\"fr-FR\"},{\"@type\":\"Organization\",\"@id\":\"https:\\\/\\\/cheofoundation.com\\\/fr\\\/#organization\",\"name\":\"CHEO Foundation\",\"url\":\"https:\\\/\\\/cheofoundation.com\\\/fr\\\/\",\"logo\":{\"@type\":\"ImageObject\",\"inLanguage\":\"fr-FR\",\"@id\":\"https:\\\/\\\/cheofoundation.com\\\/fr\\\/#\\\/schema\\\/logo\\\/image\\\/\",\"url\":\"https:\\\/\\\/cheofoundation.com\\\/wp-content\\\/uploads\\\/2024\\\/08\\\/6a9404497b334c9108f34826e2e2a7ce.png\",\"contentUrl\":\"https:\\\/\\\/cheofoundation.com\\\/wp-content\\\/uploads\\\/2024\\\/08\\\/6a9404497b334c9108f34826e2e2a7ce.png\",\"width\":900,\"height\":456,\"caption\":\"CHEO Foundation\"},\"image\":{\"@id\":\"https:\\\/\\\/cheofoundation.com\\\/fr\\\/#\\\/schema\\\/logo\\\/image\\\/\"},\"sameAs\":[\"https:\\\/\\\/www.instagram.com\\\/cheohospital\\\/\",\"https:\\\/\\\/www.youtube.com\\\/user\\\/CHEOvideos\",\"https:\\\/\\\/www.linkedin.com\\\/company\\\/cheo-ottawa\\\/\"]}]}<\/script>\n<!-- \/ Yoast SEO plugin. -->","yoast_head_json":{"title":"Fondation du CHEO | D\u2019autres fa\u00e7ons d\u2019appuyer le CHEO","description":"Soutenez le CHEO par l'entremise de partenaires nationaux comme le CMN et la FCSGE. Joignez-vous aux efforts qui permettent d'offrir les meilleurs soins aux enfants \u00e0 travers le Canada.","robots":{"index":"index","follow":"follow","max-snippet":"max-snippet:-1","max-image-preview":"max-image-preview:large","max-video-preview":"max-video-preview:-1"},"canonical":"https:\/\/cheofoundation.com\/fr\/comment-donner\/programmes-speciaux\/autres-facons-pour-appuyer-cheo\/","og_locale":"fr_FR","og_type":"article","og_title":"Fondation du CHEO | D\u2019autres fa\u00e7ons d\u2019appuyer le CHEO","og_description":"Soutenez le CHEO par l'entremise de partenaires nationaux comme le CMN et la FCSGE. Joignez-vous aux efforts qui permettent d'offrir les meilleurs soins aux enfants \u00e0 travers le Canada.","og_url":"https:\/\/cheofoundation.com\/fr\/comment-donner\/programmes-speciaux\/autres-facons-pour-appuyer-cheo\/","og_site_name":"Fondation du CHEO","article_modified_time":"2025-04-07T20:02:57+00:00","og_image":[{"width":1000,"height":402,"url":"https:\/\/cheofoundation.com\/wp-content\/uploads\/2024\/12\/special-occasions-header.jpg","type":"image\/jpeg"}],"twitter_card":"summary_large_image","twitter_misc":{"Est. reading time":"1 minute"},"schema":{"@context":"https:\/\/schema.org","@graph":[{"@type":"WebPage","@id":"https:\/\/cheofoundation.com\/fr\/comment-donner\/programmes-speciaux\/autres-facons-pour-appuyer-cheo\/","url":"https:\/\/cheofoundation.com\/fr\/comment-donner\/programmes-speciaux\/autres-facons-pour-appuyer-cheo\/","name":"Fondation du CHEO | D\u2019autres fa\u00e7ons d\u2019appuyer le CHEO","isPartOf":{"@id":"https:\/\/cheofoundation.com\/fr\/#website"},"primaryImageOfPage":{"@id":"https:\/\/cheofoundation.com\/fr\/comment-donner\/programmes-speciaux\/autres-facons-pour-appuyer-cheo\/#primaryimage"},"image":{"@id":"https:\/\/cheofoundation.com\/fr\/comment-donner\/programmes-speciaux\/autres-facons-pour-appuyer-cheo\/#primaryimage"},"thumbnailUrl":"https:\/\/cheofoundation.com\/wp-content\/uploads\/2024\/12\/special-occasions-header.jpg","datePublished":"2024-12-23T22:05:33+00:00","dateModified":"2025-04-07T20:02:57+00:00","description":"Soutenez le CHEO par l'entremise de partenaires nationaux comme le CMN et la FCSGE. Joignez-vous aux efforts qui permettent d'offrir les meilleurs soins aux enfants \u00e0 travers le Canada.","breadcrumb":{"@id":"https:\/\/cheofoundation.com\/fr\/comment-donner\/programmes-speciaux\/autres-facons-pour-appuyer-cheo\/#breadcrumb"},"inLanguage":"fr-FR","potentialAction":[{"@type":"ReadAction","target":["https:\/\/cheofoundation.com\/fr\/comment-donner\/programmes-speciaux\/autres-facons-pour-appuyer-cheo\/"]}]},{"@type":"ImageObject","inLanguage":"fr-FR","@id":"https:\/\/cheofoundation.com\/fr\/comment-donner\/programmes-speciaux\/autres-facons-pour-appuyer-cheo\/#primaryimage","url":"https:\/\/cheofoundation.com\/wp-content\/uploads\/2024\/12\/special-occasions-header.jpg","contentUrl":"https:\/\/cheofoundation.com\/wp-content\/uploads\/2024\/12\/special-occasions-header.jpg","width":1000,"height":402},{"@type":"BreadcrumbList","@id":"https:\/\/cheofoundation.com\/fr\/comment-donner\/programmes-speciaux\/autres-facons-pour-appuyer-cheo\/#breadcrumb","itemListElement":[{"@type":"ListItem","position":1,"name":"Home","item":"https:\/\/cheofoundation.com\/fr\/"},{"@type":"ListItem","position":2,"name":"Comment donner","item":"https:\/\/cheofoundation.com\/fr\/comment-donner\/"},{"@type":"ListItem","position":3,"name":"Programmes sp\u00e9ciaux","item":"https:\/\/cheofoundation.com\/fr\/comment-donner\/programmes-speciaux\/"},{"@type":"ListItem","position":4,"name":"D\u2019autres fa\u00e7ons d\u2019appuyer le CHEO"}]},{"@type":"WebSite","@id":"https:\/\/cheofoundation.com\/fr\/#website","url":"https:\/\/cheofoundation.com\/fr\/","name":"Fondation du CHEO","description":"","publisher":{"@id":"https:\/\/cheofoundation.com\/fr\/#organization"},"potentialAction":[{"@type":"SearchAction","target":{"@type":"EntryPoint","urlTemplate":"https:\/\/cheofoundation.com\/fr\/?s={search_term_string}"},"query-input":{"@type":"PropertyValueSpecification","valueRequired":true,"valueName":"search_term_string"}}],"inLanguage":"fr-FR"},{"@type":"Organization","@id":"https:\/\/cheofoundation.com\/fr\/#organization","name":"CHEO Foundation","url":"https:\/\/cheofoundation.com\/fr\/","logo":{"@type":"ImageObject","inLanguage":"fr-FR","@id":"https:\/\/cheofoundation.com\/fr\/#\/schema\/logo\/image\/","url":"https:\/\/cheofoundation.com\/wp-content\/uploads\/2024\/08\/6a9404497b334c9108f34826e2e2a7ce.png","contentUrl":"https:\/\/cheofoundation.com\/wp-content\/uploads\/2024\/08\/6a9404497b334c9108f34826e2e2a7ce.png","width":900,"height":456,"caption":"CHEO Foundation"},"image":{"@id":"https:\/\/cheofoundation.com\/fr\/#\/schema\/logo\/image\/"},"sameAs":["https:\/\/www.instagram.com\/cheohospital\/","https:\/\/www.youtube.com\/user\/CHEOvideos","https:\/\/www.linkedin.com\/company\/cheo-ottawa\/"]}]}},"_links":{"self":[{"href":"https:\/\/cheofoundation.com\/fr\/wp-json\/wp\/v2\/pages\/15204","targetHints":{"allow":["GET"]}}],"collection":[{"href":"https:\/\/cheofoundation.com\/fr\/wp-json\/wp\/v2\/pages"}],"about":[{"href":"https:\/\/cheofoundation.com\/fr\/wp-json\/wp\/v2\/types\/page"}],"author":[{"embeddable":true,"href":"https:\/\/cheofoundation.com\/fr\/wp-json\/wp\/v2\/users\/1"}],"replies":[{"embeddable":true,"href":"https:\/\/cheofoundation.com\/fr\/wp-json\/wp\/v2\/comments?post=15204"}],"version-history":[{"count":0,"href":"https:\/\/cheofoundation.com\/fr\/wp-json\/wp\/v2\/pages\/15204\/revisions"}],"up":[{"embeddable":true,"href":"https:\/\/cheofoundation.com\/fr\/wp-json\/wp\/v2\/pages\/15199"}],"wp:featuredmedia":[{"embeddable":true,"href":"https:\/\/cheofoundation.com\/fr\/wp-json\/wp\/v2\/media\/14667"}],"wp:attachment":[{"href":"https:\/\/cheofoundation.com\/fr\/wp-json\/wp\/v2\/media?parent=15204"}],"curies":[{"name":"wp","href":"https:\/\/api.w.org\/{rel}","templated":true}]}}