{"id":15205,"date":"2024-08-27T12:43:22","date_gmt":"2024-08-27T16:43:22","guid":{"rendered":"https:\/\/cheofoundation.com\/impliquez-vous\/"},"modified":"2025-04-07T16:03:40","modified_gmt":"2025-04-07T20:03:40","slug":"impliquez-vous","status":"publish","type":"page","link":"https:\/\/cheofoundation.com\/fr\/impliquez-vous\/","title":{"rendered":"Impliquez-vous"},"content":{"rendered":"\n<div class=\"wp-block-media-text has-media-on-the-right is-stacked-on-mobile a11y-link\"><div class=\"wp-block-media-text__content\">\n<h2 class=\"wp-block-heading\">Devenez b\u00e9n\u00e9vole<\/h2>\n\n\n\n<p>Apportez de l\u2019espoir et de la joie aux jeunes patients et \u00e0 leurs familles.<\/p>\n\n\n\n<div class=\"wp-block-buttons is-layout-flex wp-block-buttons-is-layout-flex\">\n<div class=\"wp-block-button append-link-text-on-Becoming-a-Volunteer\"><a class=\"wp-block-button__link has-purple-color has-text-color has-link-color wp-element-button\" href=\"https:\/\/cheofoundation.com\/fr\/impliquez-vous\/benevole\/\">On y va!<\/a><\/div>\n<\/div>\n<\/div><figure class=\"wp-block-media-text__media\"><img loading=\"lazy\" decoding=\"async\" width=\"1080\" height=\"719\" src=\"https:\/\/cheofoundation.com\/wp-content\/uploads\/2024\/09\/subheader.jpg\" alt=\"\" class=\"wp-image-14301 size-full\" srcset=\"https:\/\/cheofoundation.com\/wp-content\/uploads\/2024\/09\/subheader.jpg 1080w, https:\/\/cheofoundation.com\/wp-content\/uploads\/2024\/09\/subheader-660x439.jpg 660w, https:\/\/cheofoundation.com\/wp-content\/uploads\/2024\/09\/subheader-768x511.jpg 768w\" sizes=\"auto, (max-width: 1080px) 100vw, 1080px\" \/><\/figure><\/div>\n\n<div class=\"wp-block-media-text is-stacked-on-mobile a11y-link\"><figure class=\"wp-block-media-text__media\"><img loading=\"lazy\" decoding=\"async\" width=\"996\" height=\"660\" src=\"https:\/\/cheofoundation.com\/wp-content\/uploads\/2024\/09\/company.png\" alt=\"\" class=\"wp-image-14330 size-full\" srcset=\"https:\/\/cheofoundation.com\/wp-content\/uploads\/2024\/09\/company.png 996w, https:\/\/cheofoundation.com\/wp-content\/uploads\/2024\/09\/company-660x437.png 660w, https:\/\/cheofoundation.com\/wp-content\/uploads\/2024\/09\/company-768x509.png 768w\" sizes=\"auto, (max-width: 996px) 100vw, 996px\" \/><\/figure><div class=\"wp-block-media-text__content\">\n<h2 class=\"wp-block-heading include-link-text\">B\u00e9n\u00e9volat d\u2019entreprise<\/h2>\n\n\n\n<p>Incitez votre \u00e9quipe \u00e0 s\u2019impliquer et d\u00e9montrez l\u2019engagement de votre entreprise \u00e0 redonner dans la communaut\u00e9.<br\/><\/p>\n\n\n\n<div class=\"wp-block-buttons is-layout-flex wp-block-buttons-is-layout-flex\">\n<div class=\"wp-block-button append-link-text-to-Learn-About\"><a class=\"wp-block-button__link has-purple-color has-text-color has-link-color wp-element-button\" href=\"https:\/\/cheofoundation.com\/fr\/impliquez-vous\/benevolat-entreprise\/\">Communiquez avec nous<\/a><\/div>\n<\/div>\n<\/div><\/div>\n","protected":false},"excerpt":{"rendered":"","protected":false},"author":1,"featured_media":0,"parent":0,"menu_order":3,"comment_status":"closed","ping_status":"closed","template":"","meta":{"_eb_attr":"","footnotes":""},"class_list":["post-15205","page","type-page","status-publish","hentry"],"yoast_head":"<!-- This site is optimized with the Yoast SEO plugin v27.5 - https:\/\/yoast.com\/product\/yoast-seo-wordpress\/ -->\n<title>Fondation du CHEO | Impliquez-vous<\/title>\n<meta name=\"description\" content=\"Faites du b\u00e9n\u00e9volat ou devenez partenaire du CHEO afin d&#039;assurer de meilleurs destins. Faites une diff\u00e9rence significative dans la vie des enfants et de leurs familles.\" \/>\n<meta name=\"robots\" content=\"index, follow, max-snippet:-1, max-image-preview:large, max-video-preview:-1\" \/>\n<link rel=\"canonical\" href=\"https:\/\/cheofoundation.com\/fr\/impliquez-vous\/\" \/>\n<meta property=\"og:locale\" content=\"fr_FR\" \/>\n<meta property=\"og:type\" content=\"article\" \/>\n<meta property=\"og:title\" content=\"Fondation du CHEO | Impliquez-vous\" \/>\n<meta property=\"og:description\" content=\"Faites du b\u00e9n\u00e9volat ou devenez partenaire du CHEO afin d&#039;assurer de meilleurs destins. Faites une diff\u00e9rence significative dans la vie des enfants et de leurs familles.\" \/>\n<meta property=\"og:url\" content=\"https:\/\/cheofoundation.com\/fr\/impliquez-vous\/\" \/>\n<meta property=\"og:site_name\" content=\"Fondation du CHEO\" \/>\n<meta property=\"article:modified_time\" content=\"2025-04-07T20:03:40+00:00\" \/>\n<meta property=\"og:image\" content=\"https:\/\/cheofoundation.com\/wp-content\/uploads\/2024\/09\/subheader.jpg\" \/>\n<meta name=\"twitter:card\" content=\"summary_large_image\" \/>\n<script type=\"application\/ld+json\" class=\"yoast-schema-graph\">{\"@context\":\"https:\\\/\\\/schema.org\",\"@graph\":[{\"@type\":\"WebPage\",\"@id\":\"https:\\\/\\\/cheofoundation.com\\\/fr\\\/impliquez-vous\\\/\",\"url\":\"https:\\\/\\\/cheofoundation.com\\\/fr\\\/impliquez-vous\\\/\",\"name\":\"Fondation du CHEO | Impliquez-vous\",\"isPartOf\":{\"@id\":\"https:\\\/\\\/cheofoundation.com\\\/fr\\\/#website\"},\"primaryImageOfPage\":{\"@id\":\"https:\\\/\\\/cheofoundation.com\\\/fr\\\/impliquez-vous\\\/#primaryimage\"},\"image\":{\"@id\":\"https:\\\/\\\/cheofoundation.com\\\/fr\\\/impliquez-vous\\\/#primaryimage\"},\"thumbnailUrl\":\"https:\\\/\\\/cheofoundation.com\\\/wp-content\\\/uploads\\\/2024\\\/09\\\/subheader.jpg\",\"datePublished\":\"2024-08-27T16:43:22+00:00\",\"dateModified\":\"2025-04-07T20:03:40+00:00\",\"description\":\"Faites du b\u00e9n\u00e9volat ou devenez partenaire du CHEO afin d'assurer de meilleurs destins. Faites une diff\u00e9rence significative dans la vie des enfants et de leurs familles.\",\"breadcrumb\":{\"@id\":\"https:\\\/\\\/cheofoundation.com\\\/fr\\\/impliquez-vous\\\/#breadcrumb\"},\"inLanguage\":\"fr-FR\",\"potentialAction\":[{\"@type\":\"ReadAction\",\"target\":[\"https:\\\/\\\/cheofoundation.com\\\/fr\\\/impliquez-vous\\\/\"]}]},{\"@type\":\"ImageObject\",\"inLanguage\":\"fr-FR\",\"@id\":\"https:\\\/\\\/cheofoundation.com\\\/fr\\\/impliquez-vous\\\/#primaryimage\",\"url\":\"https:\\\/\\\/cheofoundation.com\\\/wp-content\\\/uploads\\\/2024\\\/09\\\/subheader.jpg\",\"contentUrl\":\"https:\\\/\\\/cheofoundation.com\\\/wp-content\\\/uploads\\\/2024\\\/09\\\/subheader.jpg\"},{\"@type\":\"BreadcrumbList\",\"@id\":\"https:\\\/\\\/cheofoundation.com\\\/fr\\\/impliquez-vous\\\/#breadcrumb\",\"itemListElement\":[{\"@type\":\"ListItem\",\"position\":1,\"name\":\"Home\",\"item\":\"https:\\\/\\\/cheofoundation.com\\\/fr\\\/\"},{\"@type\":\"ListItem\",\"position\":2,\"name\":\"Impliquez-vous\"}]},{\"@type\":\"WebSite\",\"@id\":\"https:\\\/\\\/cheofoundation.com\\\/fr\\\/#website\",\"url\":\"https:\\\/\\\/cheofoundation.com\\\/fr\\\/\",\"name\":\"Fondation du CHEO\",\"description\":\"\",\"publisher\":{\"@id\":\"https:\\\/\\\/cheofoundation.com\\\/fr\\\/#organization\"},\"potentialAction\":[{\"@type\":\"SearchAction\",\"target\":{\"@type\":\"EntryPoint\",\"urlTemplate\":\"https:\\\/\\\/cheofoundation.com\\\/fr\\\/?s={search_term_string}\"},\"query-input\":{\"@type\":\"PropertyValueSpecification\",\"valueRequired\":true,\"valueName\":\"search_term_string\"}}],\"inLanguage\":\"fr-FR\"},{\"@type\":\"Organization\",\"@id\":\"https:\\\/\\\/cheofoundation.com\\\/fr\\\/#organization\",\"name\":\"CHEO Foundation\",\"url\":\"https:\\\/\\\/cheofoundation.com\\\/fr\\\/\",\"logo\":{\"@type\":\"ImageObject\",\"inLanguage\":\"fr-FR\",\"@id\":\"https:\\\/\\\/cheofoundation.com\\\/fr\\\/#\\\/schema\\\/logo\\\/image\\\/\",\"url\":\"https:\\\/\\\/cheofoundation.com\\\/wp-content\\\/uploads\\\/2024\\\/08\\\/6a9404497b334c9108f34826e2e2a7ce.png\",\"contentUrl\":\"https:\\\/\\\/cheofoundation.com\\\/wp-content\\\/uploads\\\/2024\\\/08\\\/6a9404497b334c9108f34826e2e2a7ce.png\",\"width\":900,\"height\":456,\"caption\":\"CHEO Foundation\"},\"image\":{\"@id\":\"https:\\\/\\\/cheofoundation.com\\\/fr\\\/#\\\/schema\\\/logo\\\/image\\\/\"},\"sameAs\":[\"https:\\\/\\\/www.instagram.com\\\/cheohospital\\\/\",\"https:\\\/\\\/www.youtube.com\\\/user\\\/CHEOvideos\",\"https:\\\/\\\/www.linkedin.com\\\/company\\\/cheo-ottawa\\\/\"]}]}<\/script>\n<!-- \/ Yoast SEO plugin. -->","yoast_head_json":{"title":"Fondation du CHEO | Impliquez-vous","description":"Faites du b\u00e9n\u00e9volat ou devenez partenaire du CHEO afin d'assurer de meilleurs destins. Faites une diff\u00e9rence significative dans la vie des enfants et de leurs familles.","robots":{"index":"index","follow":"follow","max-snippet":"max-snippet:-1","max-image-preview":"max-image-preview:large","max-video-preview":"max-video-preview:-1"},"canonical":"https:\/\/cheofoundation.com\/fr\/impliquez-vous\/","og_locale":"fr_FR","og_type":"article","og_title":"Fondation du CHEO | Impliquez-vous","og_description":"Faites du b\u00e9n\u00e9volat ou devenez partenaire du CHEO afin d'assurer de meilleurs destins. Faites une diff\u00e9rence significative dans la vie des enfants et de leurs familles.","og_url":"https:\/\/cheofoundation.com\/fr\/impliquez-vous\/","og_site_name":"Fondation du CHEO","article_modified_time":"2025-04-07T20:03:40+00:00","og_image":[{"url":"https:\/\/cheofoundation.com\/wp-content\/uploads\/2024\/09\/subheader.jpg","type":"","width":"","height":""}],"twitter_card":"summary_large_image","schema":{"@context":"https:\/\/schema.org","@graph":[{"@type":"WebPage","@id":"https:\/\/cheofoundation.com\/fr\/impliquez-vous\/","url":"https:\/\/cheofoundation.com\/fr\/impliquez-vous\/","name":"Fondation du CHEO | Impliquez-vous","isPartOf":{"@id":"https:\/\/cheofoundation.com\/fr\/#website"},"primaryImageOfPage":{"@id":"https:\/\/cheofoundation.com\/fr\/impliquez-vous\/#primaryimage"},"image":{"@id":"https:\/\/cheofoundation.com\/fr\/impliquez-vous\/#primaryimage"},"thumbnailUrl":"https:\/\/cheofoundation.com\/wp-content\/uploads\/2024\/09\/subheader.jpg","datePublished":"2024-08-27T16:43:22+00:00","dateModified":"2025-04-07T20:03:40+00:00","description":"Faites du b\u00e9n\u00e9volat ou devenez partenaire du CHEO afin d'assurer de meilleurs destins. Faites une diff\u00e9rence significative dans la vie des enfants et de leurs familles.","breadcrumb":{"@id":"https:\/\/cheofoundation.com\/fr\/impliquez-vous\/#breadcrumb"},"inLanguage":"fr-FR","potentialAction":[{"@type":"ReadAction","target":["https:\/\/cheofoundation.com\/fr\/impliquez-vous\/"]}]},{"@type":"ImageObject","inLanguage":"fr-FR","@id":"https:\/\/cheofoundation.com\/fr\/impliquez-vous\/#primaryimage","url":"https:\/\/cheofoundation.com\/wp-content\/uploads\/2024\/09\/subheader.jpg","contentUrl":"https:\/\/cheofoundation.com\/wp-content\/uploads\/2024\/09\/subheader.jpg"},{"@type":"BreadcrumbList","@id":"https:\/\/cheofoundation.com\/fr\/impliquez-vous\/#breadcrumb","itemListElement":[{"@type":"ListItem","position":1,"name":"Home","item":"https:\/\/cheofoundation.com\/fr\/"},{"@type":"ListItem","position":2,"name":"Impliquez-vous"}]},{"@type":"WebSite","@id":"https:\/\/cheofoundation.com\/fr\/#website","url":"https:\/\/cheofoundation.com\/fr\/","name":"Fondation du CHEO","description":"","publisher":{"@id":"https:\/\/cheofoundation.com\/fr\/#organization"},"potentialAction":[{"@type":"SearchAction","target":{"@type":"EntryPoint","urlTemplate":"https:\/\/cheofoundation.com\/fr\/?s={search_term_string}"},"query-input":{"@type":"PropertyValueSpecification","valueRequired":true,"valueName":"search_term_string"}}],"inLanguage":"fr-FR"},{"@type":"Organization","@id":"https:\/\/cheofoundation.com\/fr\/#organization","name":"CHEO Foundation","url":"https:\/\/cheofoundation.com\/fr\/","logo":{"@type":"ImageObject","inLanguage":"fr-FR","@id":"https:\/\/cheofoundation.com\/fr\/#\/schema\/logo\/image\/","url":"https:\/\/cheofoundation.com\/wp-content\/uploads\/2024\/08\/6a9404497b334c9108f34826e2e2a7ce.png","contentUrl":"https:\/\/cheofoundation.com\/wp-content\/uploads\/2024\/08\/6a9404497b334c9108f34826e2e2a7ce.png","width":900,"height":456,"caption":"CHEO Foundation"},"image":{"@id":"https:\/\/cheofoundation.com\/fr\/#\/schema\/logo\/image\/"},"sameAs":["https:\/\/www.instagram.com\/cheohospital\/","https:\/\/www.youtube.com\/user\/CHEOvideos","https:\/\/www.linkedin.com\/company\/cheo-ottawa\/"]}]}},"_links":{"self":[{"href":"https:\/\/cheofoundation.com\/fr\/wp-json\/wp\/v2\/pages\/15205","targetHints":{"allow":["GET"]}}],"collection":[{"href":"https:\/\/cheofoundation.com\/fr\/wp-json\/wp\/v2\/pages"}],"about":[{"href":"https:\/\/cheofoundation.com\/fr\/wp-json\/wp\/v2\/types\/page"}],"author":[{"embeddable":true,"href":"https:\/\/cheofoundation.com\/fr\/wp-json\/wp\/v2\/users\/1"}],"replies":[{"embeddable":true,"href":"https:\/\/cheofoundation.com\/fr\/wp-json\/wp\/v2\/comments?post=15205"}],"version-history":[{"count":0,"href":"https:\/\/cheofoundation.com\/fr\/wp-json\/wp\/v2\/pages\/15205\/revisions"}],"wp:attachment":[{"href":"https:\/\/cheofoundation.com\/fr\/wp-json\/wp\/v2\/media?parent=15205"}],"curies":[{"name":"wp","href":"https:\/\/api.w.org\/{rel}","templated":true}]}}