{"id":15214,"date":"2024-09-06T16:50:53","date_gmt":"2024-09-06T20:50:53","guid":{"rendered":"https:\/\/cheofoundation.com\/etats-financiers\/"},"modified":"2025-04-07T16:31:28","modified_gmt":"2025-04-07T20:31:28","slug":"etats-financiers","status":"publish","type":"page","link":"https:\/\/cheofoundation.com\/fr\/a-propos-de-nous\/etats-financiers\/","title":{"rendered":"\u00c9tats financiers"},"content":{"rendered":"\n<p>Nous avons le plaisir de vous pr\u00e9senter nos \u00e9tats financiers v\u00e9rifi\u00e9s pour les ann\u00e9es suivantes. Ces documents refl\u00e8tent notre engagement en mati\u00e8re de transparence et de responsabilit\u00e9 dans la gestion et l&rsquo;affectation des fonds. Voyez comment vos g\u00e9n\u00e9reuses contributions sont utilis\u00e9es pour soutenir notre mission et garantir des soins exceptionnels aux enfants, aux jeunes et \u00e0 leurs familles.  <\/p>\n\n<p>Pour les \u00e9tats financiers relatifs aux ann\u00e9es pr\u00e9c\u00e9dentes, veuillez contacter Rob Thomas, vice-pr\u00e9sident des finances et des ressources humaines, \u00e0 <a href=\"mailto:rthomas@cheofoundation.com\">rthomas@cheofoundation.com<\/a><\/p>\n\n<p><\/p>\n","protected":false},"excerpt":{"rendered":"<p>Nous avons le plaisir de vous pr\u00e9senter nos \u00e9tats financiers v\u00e9rifi\u00e9s pour les ann\u00e9es suivantes. Ces documents refl\u00e8tent notre engagement en mati\u00e8re de transparence et&#8230;<\/p>\n","protected":false},"author":1,"featured_media":14826,"parent":15225,"menu_order":4,"comment_status":"closed","ping_status":"closed","template":"page-finances.php","meta":{"_eb_attr":"","footnotes":""},"class_list":["post-15214","page","type-page","status-publish","has-post-thumbnail","hentry"],"yoast_head":"<!-- This site is optimized with the Yoast SEO plugin v27.5 - https:\/\/yoast.com\/product\/yoast-seo-wordpress\/ -->\n<title>Fondation du CHEO | \u00c9tats financiers<\/title>\n<meta name=\"description\" content=\"Consultez les \u00c9tats financiers v\u00e9rifi\u00e9s de la Fondation du CHEO. Voyez comment vos dons sont g\u00e9r\u00e9s pour appuyer les soins p\u00e9diatriques et l&#039;innovation.\" \/>\n<meta name=\"robots\" content=\"index, follow, max-snippet:-1, max-image-preview:large, max-video-preview:-1\" \/>\n<link rel=\"canonical\" href=\"https:\/\/cheofoundation.com\/fr\/a-propos-de-nous\/etats-financiers\/\" \/>\n<meta property=\"og:locale\" content=\"fr_FR\" \/>\n<meta property=\"og:type\" content=\"article\" \/>\n<meta property=\"og:title\" content=\"Fondation du CHEO | \u00c9tats financiers\" \/>\n<meta property=\"og:description\" content=\"Consultez les \u00c9tats financiers v\u00e9rifi\u00e9s de la Fondation du CHEO. Voyez comment vos dons sont g\u00e9r\u00e9s pour appuyer les soins p\u00e9diatriques et l&#039;innovation.\" \/>\n<meta property=\"og:url\" content=\"https:\/\/cheofoundation.com\/fr\/a-propos-de-nous\/etats-financiers\/\" \/>\n<meta property=\"og:site_name\" content=\"Fondation du CHEO\" \/>\n<meta property=\"article:modified_time\" content=\"2025-04-07T20:31:28+00:00\" \/>\n<meta property=\"og:image\" content=\"https:\/\/cheofoundation.com\/wp-content\/uploads\/2024\/12\/Financial-Statements.jpg\" \/>\n\t<meta property=\"og:image:width\" content=\"600\" \/>\n\t<meta property=\"og:image:height\" content=\"262\" \/>\n\t<meta property=\"og:image:type\" content=\"image\/jpeg\" \/>\n<meta name=\"twitter:card\" content=\"summary_large_image\" \/>\n<script type=\"application\/ld+json\" class=\"yoast-schema-graph\">{\"@context\":\"https:\\\/\\\/schema.org\",\"@graph\":[{\"@type\":\"WebPage\",\"@id\":\"https:\\\/\\\/cheofoundation.com\\\/fr\\\/a-propos-de-nous\\\/etats-financiers\\\/\",\"url\":\"https:\\\/\\\/cheofoundation.com\\\/fr\\\/a-propos-de-nous\\\/etats-financiers\\\/\",\"name\":\"Fondation du CHEO | \u00c9tats financiers\",\"isPartOf\":{\"@id\":\"https:\\\/\\\/cheofoundation.com\\\/fr\\\/#website\"},\"primaryImageOfPage\":{\"@id\":\"https:\\\/\\\/cheofoundation.com\\\/fr\\\/a-propos-de-nous\\\/etats-financiers\\\/#primaryimage\"},\"image\":{\"@id\":\"https:\\\/\\\/cheofoundation.com\\\/fr\\\/a-propos-de-nous\\\/etats-financiers\\\/#primaryimage\"},\"thumbnailUrl\":\"https:\\\/\\\/cheofoundation.com\\\/wp-content\\\/uploads\\\/2024\\\/12\\\/Financial-Statements.jpg\",\"datePublished\":\"2024-09-06T20:50:53+00:00\",\"dateModified\":\"2025-04-07T20:31:28+00:00\",\"description\":\"Consultez les \u00c9tats financiers v\u00e9rifi\u00e9s de la Fondation du CHEO. Voyez comment vos dons sont g\u00e9r\u00e9s pour appuyer les soins p\u00e9diatriques et l'innovation.\",\"breadcrumb\":{\"@id\":\"https:\\\/\\\/cheofoundation.com\\\/fr\\\/a-propos-de-nous\\\/etats-financiers\\\/#breadcrumb\"},\"inLanguage\":\"fr-FR\",\"potentialAction\":[{\"@type\":\"ReadAction\",\"target\":[\"https:\\\/\\\/cheofoundation.com\\\/fr\\\/a-propos-de-nous\\\/etats-financiers\\\/\"]}]},{\"@type\":\"ImageObject\",\"inLanguage\":\"fr-FR\",\"@id\":\"https:\\\/\\\/cheofoundation.com\\\/fr\\\/a-propos-de-nous\\\/etats-financiers\\\/#primaryimage\",\"url\":\"https:\\\/\\\/cheofoundation.com\\\/wp-content\\\/uploads\\\/2024\\\/12\\\/Financial-Statements.jpg\",\"contentUrl\":\"https:\\\/\\\/cheofoundation.com\\\/wp-content\\\/uploads\\\/2024\\\/12\\\/Financial-Statements.jpg\",\"width\":600,\"height\":262,\"caption\":\"Young couple with a real estate agent. Buying new house.\"},{\"@type\":\"BreadcrumbList\",\"@id\":\"https:\\\/\\\/cheofoundation.com\\\/fr\\\/a-propos-de-nous\\\/etats-financiers\\\/#breadcrumb\",\"itemListElement\":[{\"@type\":\"ListItem\",\"position\":1,\"name\":\"Home\",\"item\":\"https:\\\/\\\/cheofoundation.com\\\/fr\\\/\"},{\"@type\":\"ListItem\",\"position\":2,\"name\":\"\u00c0 propos de nous\",\"item\":\"https:\\\/\\\/cheofoundation.com\\\/fr\\\/a-propos-de-nous\\\/\"},{\"@type\":\"ListItem\",\"position\":3,\"name\":\"\u00c9tats financiers\"}]},{\"@type\":\"WebSite\",\"@id\":\"https:\\\/\\\/cheofoundation.com\\\/fr\\\/#website\",\"url\":\"https:\\\/\\\/cheofoundation.com\\\/fr\\\/\",\"name\":\"Fondation du CHEO\",\"description\":\"\",\"publisher\":{\"@id\":\"https:\\\/\\\/cheofoundation.com\\\/fr\\\/#organization\"},\"potentialAction\":[{\"@type\":\"SearchAction\",\"target\":{\"@type\":\"EntryPoint\",\"urlTemplate\":\"https:\\\/\\\/cheofoundation.com\\\/fr\\\/?s={search_term_string}\"},\"query-input\":{\"@type\":\"PropertyValueSpecification\",\"valueRequired\":true,\"valueName\":\"search_term_string\"}}],\"inLanguage\":\"fr-FR\"},{\"@type\":\"Organization\",\"@id\":\"https:\\\/\\\/cheofoundation.com\\\/fr\\\/#organization\",\"name\":\"CHEO Foundation\",\"url\":\"https:\\\/\\\/cheofoundation.com\\\/fr\\\/\",\"logo\":{\"@type\":\"ImageObject\",\"inLanguage\":\"fr-FR\",\"@id\":\"https:\\\/\\\/cheofoundation.com\\\/fr\\\/#\\\/schema\\\/logo\\\/image\\\/\",\"url\":\"https:\\\/\\\/cheofoundation.com\\\/wp-content\\\/uploads\\\/2024\\\/08\\\/6a9404497b334c9108f34826e2e2a7ce.png\",\"contentUrl\":\"https:\\\/\\\/cheofoundation.com\\\/wp-content\\\/uploads\\\/2024\\\/08\\\/6a9404497b334c9108f34826e2e2a7ce.png\",\"width\":900,\"height\":456,\"caption\":\"CHEO Foundation\"},\"image\":{\"@id\":\"https:\\\/\\\/cheofoundation.com\\\/fr\\\/#\\\/schema\\\/logo\\\/image\\\/\"},\"sameAs\":[\"https:\\\/\\\/www.instagram.com\\\/cheohospital\\\/\",\"https:\\\/\\\/www.youtube.com\\\/user\\\/CHEOvideos\",\"https:\\\/\\\/www.linkedin.com\\\/company\\\/cheo-ottawa\\\/\"]}]}<\/script>\n<!-- \/ Yoast SEO plugin. -->","yoast_head_json":{"title":"Fondation du CHEO | \u00c9tats financiers","description":"Consultez les \u00c9tats financiers v\u00e9rifi\u00e9s de la Fondation du CHEO. Voyez comment vos dons sont g\u00e9r\u00e9s pour appuyer les soins p\u00e9diatriques et l'innovation.","robots":{"index":"index","follow":"follow","max-snippet":"max-snippet:-1","max-image-preview":"max-image-preview:large","max-video-preview":"max-video-preview:-1"},"canonical":"https:\/\/cheofoundation.com\/fr\/a-propos-de-nous\/etats-financiers\/","og_locale":"fr_FR","og_type":"article","og_title":"Fondation du CHEO | \u00c9tats financiers","og_description":"Consultez les \u00c9tats financiers v\u00e9rifi\u00e9s de la Fondation du CHEO. Voyez comment vos dons sont g\u00e9r\u00e9s pour appuyer les soins p\u00e9diatriques et l'innovation.","og_url":"https:\/\/cheofoundation.com\/fr\/a-propos-de-nous\/etats-financiers\/","og_site_name":"Fondation du CHEO","article_modified_time":"2025-04-07T20:31:28+00:00","og_image":[{"width":600,"height":262,"url":"https:\/\/cheofoundation.com\/wp-content\/uploads\/2024\/12\/Financial-Statements.jpg","type":"image\/jpeg"}],"twitter_card":"summary_large_image","schema":{"@context":"https:\/\/schema.org","@graph":[{"@type":"WebPage","@id":"https:\/\/cheofoundation.com\/fr\/a-propos-de-nous\/etats-financiers\/","url":"https:\/\/cheofoundation.com\/fr\/a-propos-de-nous\/etats-financiers\/","name":"Fondation du CHEO | \u00c9tats financiers","isPartOf":{"@id":"https:\/\/cheofoundation.com\/fr\/#website"},"primaryImageOfPage":{"@id":"https:\/\/cheofoundation.com\/fr\/a-propos-de-nous\/etats-financiers\/#primaryimage"},"image":{"@id":"https:\/\/cheofoundation.com\/fr\/a-propos-de-nous\/etats-financiers\/#primaryimage"},"thumbnailUrl":"https:\/\/cheofoundation.com\/wp-content\/uploads\/2024\/12\/Financial-Statements.jpg","datePublished":"2024-09-06T20:50:53+00:00","dateModified":"2025-04-07T20:31:28+00:00","description":"Consultez les \u00c9tats financiers v\u00e9rifi\u00e9s de la Fondation du CHEO. Voyez comment vos dons sont g\u00e9r\u00e9s pour appuyer les soins p\u00e9diatriques et l'innovation.","breadcrumb":{"@id":"https:\/\/cheofoundation.com\/fr\/a-propos-de-nous\/etats-financiers\/#breadcrumb"},"inLanguage":"fr-FR","potentialAction":[{"@type":"ReadAction","target":["https:\/\/cheofoundation.com\/fr\/a-propos-de-nous\/etats-financiers\/"]}]},{"@type":"ImageObject","inLanguage":"fr-FR","@id":"https:\/\/cheofoundation.com\/fr\/a-propos-de-nous\/etats-financiers\/#primaryimage","url":"https:\/\/cheofoundation.com\/wp-content\/uploads\/2024\/12\/Financial-Statements.jpg","contentUrl":"https:\/\/cheofoundation.com\/wp-content\/uploads\/2024\/12\/Financial-Statements.jpg","width":600,"height":262,"caption":"Young couple with a real estate agent. Buying new house."},{"@type":"BreadcrumbList","@id":"https:\/\/cheofoundation.com\/fr\/a-propos-de-nous\/etats-financiers\/#breadcrumb","itemListElement":[{"@type":"ListItem","position":1,"name":"Home","item":"https:\/\/cheofoundation.com\/fr\/"},{"@type":"ListItem","position":2,"name":"\u00c0 propos de nous","item":"https:\/\/cheofoundation.com\/fr\/a-propos-de-nous\/"},{"@type":"ListItem","position":3,"name":"\u00c9tats financiers"}]},{"@type":"WebSite","@id":"https:\/\/cheofoundation.com\/fr\/#website","url":"https:\/\/cheofoundation.com\/fr\/","name":"Fondation du CHEO","description":"","publisher":{"@id":"https:\/\/cheofoundation.com\/fr\/#organization"},"potentialAction":[{"@type":"SearchAction","target":{"@type":"EntryPoint","urlTemplate":"https:\/\/cheofoundation.com\/fr\/?s={search_term_string}"},"query-input":{"@type":"PropertyValueSpecification","valueRequired":true,"valueName":"search_term_string"}}],"inLanguage":"fr-FR"},{"@type":"Organization","@id":"https:\/\/cheofoundation.com\/fr\/#organization","name":"CHEO Foundation","url":"https:\/\/cheofoundation.com\/fr\/","logo":{"@type":"ImageObject","inLanguage":"fr-FR","@id":"https:\/\/cheofoundation.com\/fr\/#\/schema\/logo\/image\/","url":"https:\/\/cheofoundation.com\/wp-content\/uploads\/2024\/08\/6a9404497b334c9108f34826e2e2a7ce.png","contentUrl":"https:\/\/cheofoundation.com\/wp-content\/uploads\/2024\/08\/6a9404497b334c9108f34826e2e2a7ce.png","width":900,"height":456,"caption":"CHEO Foundation"},"image":{"@id":"https:\/\/cheofoundation.com\/fr\/#\/schema\/logo\/image\/"},"sameAs":["https:\/\/www.instagram.com\/cheohospital\/","https:\/\/www.youtube.com\/user\/CHEOvideos","https:\/\/www.linkedin.com\/company\/cheo-ottawa\/"]}]}},"_links":{"self":[{"href":"https:\/\/cheofoundation.com\/fr\/wp-json\/wp\/v2\/pages\/15214","targetHints":{"allow":["GET"]}}],"collection":[{"href":"https:\/\/cheofoundation.com\/fr\/wp-json\/wp\/v2\/pages"}],"about":[{"href":"https:\/\/cheofoundation.com\/fr\/wp-json\/wp\/v2\/types\/page"}],"author":[{"embeddable":true,"href":"https:\/\/cheofoundation.com\/fr\/wp-json\/wp\/v2\/users\/1"}],"replies":[{"embeddable":true,"href":"https:\/\/cheofoundation.com\/fr\/wp-json\/wp\/v2\/comments?post=15214"}],"version-history":[{"count":0,"href":"https:\/\/cheofoundation.com\/fr\/wp-json\/wp\/v2\/pages\/15214\/revisions"}],"up":[{"embeddable":true,"href":"https:\/\/cheofoundation.com\/fr\/wp-json\/wp\/v2\/pages\/15225"}],"wp:featuredmedia":[{"embeddable":true,"href":"https:\/\/cheofoundation.com\/fr\/wp-json\/wp\/v2\/media\/14826"}],"wp:attachment":[{"href":"https:\/\/cheofoundation.com\/fr\/wp-json\/wp\/v2\/media?parent=15214"}],"curies":[{"name":"wp","href":"https:\/\/api.w.org\/{rel}","templated":true}]}}