{"id":15215,"date":"2024-10-28T14:54:52","date_gmt":"2024-10-28T18:54:52","guid":{"rendered":"https:\/\/cheofoundation.com\/evenements-lotteries\/fr-calendrier\/"},"modified":"2025-04-07T16:08:35","modified_gmt":"2025-04-07T20:08:35","slug":"fr-calendrier","status":"publish","type":"page","link":"https:\/\/cheofoundation.com\/fr\/evenements-lotteries\/fr-calendrier\/","title":{"rendered":"Calendrier des \u00e9v\u00e9nements"},"content":{"rendered":"\n<div class=\"row\">\n\t<div class=\"col\">\n\t\t<div class=\"events-filters-container\">\n\t\t\t<div class=\"events-filters\">\n\t\t\t\t<form class=\"events-filters-form\" role=\"form\" method=\"POST\" id=\"easy-events-filter-form\">\n\t\t\t\t\t\n<div class=\"badge-wrapper\">\n\t\n\t\t\t\t\t\t\t\n\t\t\t\t\t\t\t<\/div>\n\n\t\t\t\t\t<div class=\"events-filters-wrapper\">\n\t\t\t\t\t\t<div class=\"filter-inputs-wrapper\">\n\t\t\t\t\t\t\t<span class=\"events-filter-label\">Filtres :<\/span>\n\t\t\t\t\t\t\t\n<!-- Filter by event_categories -->\n<label class=\"events-filters-dropdown-label\" for=\"event_categories\">\n\t<span class=\"screen-reader-text\">\n\t\tFilter events by une cat\u00e9gorie\t<\/span>\n<\/label>\n\n<select\n\tid=\"event_categories\"\n\tname=\"event_categories\"\n\tclass=\"events-filters-dropdown\"\n>\n\t<option value=\"\">\n\t\t &#8212; S\u00e9lectionner une cat\u00e9gorie &#8212;\t<\/option>\n\t<option value=\"0\" >\n\t\tToutes les cat\u00e9gories\t<\/option>\n\n\t\t\t\t\t<option value=\"100\"\n\t\t\t\t\t>\n\t\t\t\u00c9v\u00e9nements communautaires\t\t<\/option>\n\t\t\t\t\t<option value=\"68\"\n\t\t\t\t\t>\n\t\t\t\u00c9v\u00e9nements de marque\t\t<\/option>\n\t\t\t\t\t<option value=\"83\"\n\t\t\t\t\t>\n\t\t\tLoteries\t\t<\/option>\n\t<\/select>\n\n\t\t\t\t\t\t<\/div><!-- .filter-inputs-wrapper -->\n\t\t\t\t\t\t<div class=\"filter-buttons-wrapper\">\n\t\t\t\t\t\t\t<button type=\"submit\" class=\"btn btn-primary filter-events-button\" name=\"filter-submit\">Trier les \u00e9v\u00e9nements<\/button>\n\t\t\t\t\t\t\t<button class=\"btn btn-primary\" type=\"submit\" name=\"clear-filters\">Effacer les filtres<\/button>\n\t\t\t\t\t\t<\/div><!-- .filter-buttons-wrapper -->\n\t\t\t\t\t<\/div><!-- .events-filters-wrapper -->\n\t\t\t\t<\/form>\n\t\t\t<\/div>\n\n\t\t\t\t\t\t\t<div class=\"events-colorkey events-filters\">\n\t\t\t\t\t<div class=\"events-color-keys\">\n\t\t\t\t\t\t\t\t\t\t\t\t\t\t<span class=\"calendar-key-item\">\n\t\t\t\t\t\t\t\t\t<svg xmlns=\"http:\/\/www.w3.org\/2000\/svg\" viewBox=\"0 0 448 512\"><path d=\"M0 32H448V480H0V32z\"\n\t\t\t\t\t\t\t\t\t\t\t\t\t\t\t\t\t\t\t\t\tfill=\"\n\t\t\t\t\t\t\t\t\t\t\t\t#ffcf5b\t\t\t\t\t\t\t\t\t\t\t\"\n\t\t\t\t\t\t\t\t\t\t\t\t\t\t\t\t\t\t\t\t\/><\/svg>\n\t\t\t\t\t\t\t\t\t\u00c9v\u00e9nements communautaires\t\t\t\t\t\t\t\t<\/span>\n\t\t\t\t\t\t\t\t\t\t\t\t\t\t\t\t<span class=\"calendar-key-item\">\n\t\t\t\t\t\t\t\t\t<svg xmlns=\"http:\/\/www.w3.org\/2000\/svg\" viewBox=\"0 0 448 512\"><path d=\"M0 32H448V480H0V32z\"\n\t\t\t\t\t\t\t\t\t\t\t\t\t\t\t\t\t\t\t\t\tfill=\"\n\t\t\t\t\t\t\t\t\t\t\t\t#64ccc9\t\t\t\t\t\t\t\t\t\t\t\"\n\t\t\t\t\t\t\t\t\t\t\t\t\t\t\t\t\t\t\t\t\/><\/svg>\n\t\t\t\t\t\t\t\t\t\u00c9v\u00e9nements de marque\t\t\t\t\t\t\t\t<\/span>\n\t\t\t\t\t\t\t\t\t\t\t\t\t\t\t\t<span class=\"calendar-key-item\">\n\t\t\t\t\t\t\t\t\t<svg xmlns=\"http:\/\/www.w3.org\/2000\/svg\" viewBox=\"0 0 448 512\"><path d=\"M0 32H448V480H0V32z\"\n\t\t\t\t\t\t\t\t\t\t\t\t\t\t\t\t\t\t\t\t\tfill=\"\n\t\t\t\t\t\t\t\t\t\t\t\t#da8ced\t\t\t\t\t\t\t\t\t\t\t\"\n\t\t\t\t\t\t\t\t\t\t\t\t\t\t\t\t\t\t\t\t\/><\/svg>\n\t\t\t\t\t\t\t\t\tLoteries\t\t\t\t\t\t\t\t<\/span>\n\t\t\t\t\t\t\t\t\t\t\t\t\t<\/div>\n\t\t\t\t<\/div>\n\t\t\t\t\t<\/div>\n\t<\/div>\n<\/div>\n\n<!-- Public \/ Private events toggle -->\n<div class=\"row\">\n\t<div class=\"col events-calendar-container\">\n\t\t<div id='calendar'>\n\t\t\t<div class=\"preloader\" style=\"display:block;width:100%;text-align:center;margin: 2em 0;\">\n\t\t\t\t<img\n\t\t\t\t\talt=\"\"\n\t\t\t\t\tsrc=\"https:\/\/cheofoundation.com\/wp-admin\/images\/wpspin_light.gif\"\n\t\t\t\t\ttitle=\"Preloader\"\n\t\t\t\t>\n\t\t\t<\/div>\n\t\t<\/div>\n\t<\/div><!-- .col -->\n<\/div><!-- .row -->\n","protected":false},"excerpt":{"rendered":"","protected":false},"author":1,"featured_media":0,"parent":15213,"menu_order":1,"comment_status":"closed","ping_status":"closed","template":"page-calendar.php","meta":{"_eb_attr":"","footnotes":""},"class_list":["post-15215","page","type-page","status-publish","hentry"],"yoast_head":"<!-- This site is optimized with the Yoast SEO plugin v27.4 - https:\/\/yoast.com\/product\/yoast-seo-wordpress\/ -->\n<title>Fondation du CHEO | Calendrier des \u00e9v\u00e9nements<\/title>\n<meta name=\"description\" content=\"Explorez le calendrier des \u00e9v\u00e9nements du CHEO. Participez \u00e0 des courses, des galas et des collectes de fonds pour soutenir des soins exceptionnels pour les enfants et les familles.\" \/>\n<meta name=\"robots\" content=\"index, follow, max-snippet:-1, max-image-preview:large, max-video-preview:-1\" \/>\n<link rel=\"canonical\" href=\"https:\/\/cheofoundation.com\/fr\/evenements-lotteries\/fr-calendrier\/\" \/>\n<meta property=\"og:locale\" content=\"fr_FR\" \/>\n<meta property=\"og:type\" content=\"article\" \/>\n<meta property=\"og:title\" content=\"Fondation du CHEO | Calendrier des \u00e9v\u00e9nements\" \/>\n<meta property=\"og:description\" content=\"Explorez le calendrier des \u00e9v\u00e9nements du CHEO. Participez \u00e0 des courses, des galas et des collectes de fonds pour soutenir des soins exceptionnels pour les enfants et les familles.\" \/>\n<meta property=\"og:url\" content=\"https:\/\/cheofoundation.com\/fr\/evenements-lotteries\/fr-calendrier\/\" \/>\n<meta property=\"og:site_name\" content=\"Fondation du CHEO\" \/>\n<meta property=\"article:modified_time\" content=\"2025-04-07T20:08:35+00:00\" \/>\n<meta property=\"og:image\" content=\"https:\/\/cheofoundation.com\/wp-content\/uploads\/2025\/03\/Surgical-Boy-FoundationSite.jpg\" \/>\n\t<meta property=\"og:image:width\" content=\"1200\" \/>\n\t<meta property=\"og:image:height\" content=\"627\" \/>\n\t<meta property=\"og:image:type\" content=\"image\/jpeg\" \/>\n<meta name=\"twitter:card\" content=\"summary_large_image\" \/>\n<script type=\"application\/ld+json\" class=\"yoast-schema-graph\">{\"@context\":\"https:\\\/\\\/schema.org\",\"@graph\":[{\"@type\":\"WebPage\",\"@id\":\"https:\\\/\\\/cheofoundation.com\\\/fr\\\/evenements-lotteries\\\/fr-calendrier\\\/\",\"url\":\"https:\\\/\\\/cheofoundation.com\\\/fr\\\/evenements-lotteries\\\/fr-calendrier\\\/\",\"name\":\"Fondation du CHEO | Calendrier des \u00e9v\u00e9nements\",\"isPartOf\":{\"@id\":\"https:\\\/\\\/cheofoundation.com\\\/fr\\\/#website\"},\"datePublished\":\"2024-10-28T18:54:52+00:00\",\"dateModified\":\"2025-04-07T20:08:35+00:00\",\"description\":\"Explorez le calendrier des \u00e9v\u00e9nements du CHEO. Participez \u00e0 des courses, des galas et des collectes de fonds pour soutenir des soins exceptionnels pour les enfants et les familles.\",\"breadcrumb\":{\"@id\":\"https:\\\/\\\/cheofoundation.com\\\/fr\\\/evenements-lotteries\\\/fr-calendrier\\\/#breadcrumb\"},\"inLanguage\":\"fr-FR\",\"potentialAction\":[{\"@type\":\"ReadAction\",\"target\":[\"https:\\\/\\\/cheofoundation.com\\\/fr\\\/evenements-lotteries\\\/fr-calendrier\\\/\"]}]},{\"@type\":\"BreadcrumbList\",\"@id\":\"https:\\\/\\\/cheofoundation.com\\\/fr\\\/evenements-lotteries\\\/fr-calendrier\\\/#breadcrumb\",\"itemListElement\":[{\"@type\":\"ListItem\",\"position\":1,\"name\":\"Home\",\"item\":\"https:\\\/\\\/cheofoundation.com\\\/fr\\\/\"},{\"@type\":\"ListItem\",\"position\":2,\"name\":\"\u00c9v\u00e9nements et loteries\",\"item\":\"https:\\\/\\\/cheofoundation.com\\\/fr\\\/evenements-lotteries\\\/\"},{\"@type\":\"ListItem\",\"position\":3,\"name\":\"Calendrier des \u00e9v\u00e9nements\"}]},{\"@type\":\"WebSite\",\"@id\":\"https:\\\/\\\/cheofoundation.com\\\/fr\\\/#website\",\"url\":\"https:\\\/\\\/cheofoundation.com\\\/fr\\\/\",\"name\":\"Fondation du CHEO\",\"description\":\"\",\"publisher\":{\"@id\":\"https:\\\/\\\/cheofoundation.com\\\/fr\\\/#organization\"},\"potentialAction\":[{\"@type\":\"SearchAction\",\"target\":{\"@type\":\"EntryPoint\",\"urlTemplate\":\"https:\\\/\\\/cheofoundation.com\\\/fr\\\/?s={search_term_string}\"},\"query-input\":{\"@type\":\"PropertyValueSpecification\",\"valueRequired\":true,\"valueName\":\"search_term_string\"}}],\"inLanguage\":\"fr-FR\"},{\"@type\":\"Organization\",\"@id\":\"https:\\\/\\\/cheofoundation.com\\\/fr\\\/#organization\",\"name\":\"CHEO Foundation\",\"url\":\"https:\\\/\\\/cheofoundation.com\\\/fr\\\/\",\"logo\":{\"@type\":\"ImageObject\",\"inLanguage\":\"fr-FR\",\"@id\":\"https:\\\/\\\/cheofoundation.com\\\/fr\\\/#\\\/schema\\\/logo\\\/image\\\/\",\"url\":\"https:\\\/\\\/cheofoundation.com\\\/wp-content\\\/uploads\\\/2024\\\/08\\\/6a9404497b334c9108f34826e2e2a7ce.png\",\"contentUrl\":\"https:\\\/\\\/cheofoundation.com\\\/wp-content\\\/uploads\\\/2024\\\/08\\\/6a9404497b334c9108f34826e2e2a7ce.png\",\"width\":900,\"height\":456,\"caption\":\"CHEO Foundation\"},\"image\":{\"@id\":\"https:\\\/\\\/cheofoundation.com\\\/fr\\\/#\\\/schema\\\/logo\\\/image\\\/\"},\"sameAs\":[\"https:\\\/\\\/www.instagram.com\\\/cheohospital\\\/\",\"https:\\\/\\\/www.youtube.com\\\/user\\\/CHEOvideos\",\"https:\\\/\\\/www.linkedin.com\\\/company\\\/cheo-ottawa\\\/\"]}]}<\/script>\n<!-- \/ Yoast SEO plugin. -->","yoast_head_json":{"title":"Fondation du CHEO | Calendrier des \u00e9v\u00e9nements","description":"Explorez le calendrier des \u00e9v\u00e9nements du CHEO. Participez \u00e0 des courses, des galas et des collectes de fonds pour soutenir des soins exceptionnels pour les enfants et les familles.","robots":{"index":"index","follow":"follow","max-snippet":"max-snippet:-1","max-image-preview":"max-image-preview:large","max-video-preview":"max-video-preview:-1"},"canonical":"https:\/\/cheofoundation.com\/fr\/evenements-lotteries\/fr-calendrier\/","og_locale":"fr_FR","og_type":"article","og_title":"Fondation du CHEO | Calendrier des \u00e9v\u00e9nements","og_description":"Explorez le calendrier des \u00e9v\u00e9nements du CHEO. Participez \u00e0 des courses, des galas et des collectes de fonds pour soutenir des soins exceptionnels pour les enfants et les familles.","og_url":"https:\/\/cheofoundation.com\/fr\/evenements-lotteries\/fr-calendrier\/","og_site_name":"Fondation du CHEO","article_modified_time":"2025-04-07T20:08:35+00:00","og_image":[{"width":1200,"height":627,"url":"https:\/\/cheofoundation.com\/wp-content\/uploads\/2025\/03\/Surgical-Boy-FoundationSite.jpg","type":"image\/jpeg"}],"twitter_card":"summary_large_image","schema":{"@context":"https:\/\/schema.org","@graph":[{"@type":"WebPage","@id":"https:\/\/cheofoundation.com\/fr\/evenements-lotteries\/fr-calendrier\/","url":"https:\/\/cheofoundation.com\/fr\/evenements-lotteries\/fr-calendrier\/","name":"Fondation du CHEO | Calendrier des \u00e9v\u00e9nements","isPartOf":{"@id":"https:\/\/cheofoundation.com\/fr\/#website"},"datePublished":"2024-10-28T18:54:52+00:00","dateModified":"2025-04-07T20:08:35+00:00","description":"Explorez le calendrier des \u00e9v\u00e9nements du CHEO. Participez \u00e0 des courses, des galas et des collectes de fonds pour soutenir des soins exceptionnels pour les enfants et les familles.","breadcrumb":{"@id":"https:\/\/cheofoundation.com\/fr\/evenements-lotteries\/fr-calendrier\/#breadcrumb"},"inLanguage":"fr-FR","potentialAction":[{"@type":"ReadAction","target":["https:\/\/cheofoundation.com\/fr\/evenements-lotteries\/fr-calendrier\/"]}]},{"@type":"BreadcrumbList","@id":"https:\/\/cheofoundation.com\/fr\/evenements-lotteries\/fr-calendrier\/#breadcrumb","itemListElement":[{"@type":"ListItem","position":1,"name":"Home","item":"https:\/\/cheofoundation.com\/fr\/"},{"@type":"ListItem","position":2,"name":"\u00c9v\u00e9nements et loteries","item":"https:\/\/cheofoundation.com\/fr\/evenements-lotteries\/"},{"@type":"ListItem","position":3,"name":"Calendrier des \u00e9v\u00e9nements"}]},{"@type":"WebSite","@id":"https:\/\/cheofoundation.com\/fr\/#website","url":"https:\/\/cheofoundation.com\/fr\/","name":"Fondation du CHEO","description":"","publisher":{"@id":"https:\/\/cheofoundation.com\/fr\/#organization"},"potentialAction":[{"@type":"SearchAction","target":{"@type":"EntryPoint","urlTemplate":"https:\/\/cheofoundation.com\/fr\/?s={search_term_string}"},"query-input":{"@type":"PropertyValueSpecification","valueRequired":true,"valueName":"search_term_string"}}],"inLanguage":"fr-FR"},{"@type":"Organization","@id":"https:\/\/cheofoundation.com\/fr\/#organization","name":"CHEO Foundation","url":"https:\/\/cheofoundation.com\/fr\/","logo":{"@type":"ImageObject","inLanguage":"fr-FR","@id":"https:\/\/cheofoundation.com\/fr\/#\/schema\/logo\/image\/","url":"https:\/\/cheofoundation.com\/wp-content\/uploads\/2024\/08\/6a9404497b334c9108f34826e2e2a7ce.png","contentUrl":"https:\/\/cheofoundation.com\/wp-content\/uploads\/2024\/08\/6a9404497b334c9108f34826e2e2a7ce.png","width":900,"height":456,"caption":"CHEO Foundation"},"image":{"@id":"https:\/\/cheofoundation.com\/fr\/#\/schema\/logo\/image\/"},"sameAs":["https:\/\/www.instagram.com\/cheohospital\/","https:\/\/www.youtube.com\/user\/CHEOvideos","https:\/\/www.linkedin.com\/company\/cheo-ottawa\/"]}]}},"_links":{"self":[{"href":"https:\/\/cheofoundation.com\/fr\/wp-json\/wp\/v2\/pages\/15215","targetHints":{"allow":["GET"]}}],"collection":[{"href":"https:\/\/cheofoundation.com\/fr\/wp-json\/wp\/v2\/pages"}],"about":[{"href":"https:\/\/cheofoundation.com\/fr\/wp-json\/wp\/v2\/types\/page"}],"author":[{"embeddable":true,"href":"https:\/\/cheofoundation.com\/fr\/wp-json\/wp\/v2\/users\/1"}],"replies":[{"embeddable":true,"href":"https:\/\/cheofoundation.com\/fr\/wp-json\/wp\/v2\/comments?post=15215"}],"version-history":[{"count":0,"href":"https:\/\/cheofoundation.com\/fr\/wp-json\/wp\/v2\/pages\/15215\/revisions"}],"up":[{"embeddable":true,"href":"https:\/\/cheofoundation.com\/fr\/wp-json\/wp\/v2\/pages\/15213"}],"wp:attachment":[{"href":"https:\/\/cheofoundation.com\/fr\/wp-json\/wp\/v2\/media?parent=15215"}],"curies":[{"name":"wp","href":"https:\/\/api.w.org\/{rel}","templated":true}]}}