{"id":15216,"date":"2024-09-06T16:50:01","date_gmt":"2024-09-06T20:50:01","guid":{"rendered":"https:\/\/cheofoundation.com\/executive-leadership-team\/"},"modified":"2025-04-07T16:29:22","modified_gmt":"2025-04-07T20:29:22","slug":"equipe-de-direction","status":"publish","type":"page","link":"https:\/\/cheofoundation.com\/fr\/a-propos-de-nous\/equipe-de-direction\/","title":{"rendered":"\u00c9quipe de direction"},"content":{"rendered":"\n<p>Rencontrez les professionnels d\u00e9vou\u00e9s qui font avancer notre mission. Notre \u00e9quipe de direction s&rsquo;engage \u00e0 aider le CHEO \u00e0 fournir des soins et un soutien exceptionnels aux enfants, aux adolescents et \u00e0 leurs familles. Ces dirigeants apportent leur exp\u00e9rience, leur vision et leur passion \u00e0 la Fondation du CHEO.<\/p>\n","protected":false},"excerpt":{"rendered":"<p>Rencontrez les professionnels d\u00e9vou\u00e9s qui font avancer notre mission. Notre \u00e9quipe de direction s&rsquo;engage \u00e0 aider le CHEO \u00e0 fournir des soins et un soutien&#8230;<\/p>\n","protected":false},"author":1,"featured_media":14795,"parent":15225,"menu_order":3,"comment_status":"closed","ping_status":"closed","template":"page-leadership.php","meta":{"_eb_attr":"","footnotes":""},"class_list":["post-15216","page","type-page","status-publish","has-post-thumbnail","hentry"],"yoast_head":"<!-- This site is optimized with the Yoast SEO plugin v27.3 - https:\/\/yoast.com\/product\/yoast-seo-wordpress\/ -->\n<title>Fondation du CHEO | \u00c9quipe de direction<\/title>\n<meta name=\"description\" content=\"Rencontrez l&#039;\u00e9quipe de direction de la Fondation du CHEO - des professionnels visionnaires qui se consacrent \u00e0 l&#039;avancement des soins p\u00e9diatriques et au soutien de la communaut\u00e9.\" \/>\n<meta name=\"robots\" content=\"index, follow, max-snippet:-1, max-image-preview:large, max-video-preview:-1\" \/>\n<link rel=\"canonical\" href=\"https:\/\/cheofoundation.com\/fr\/a-propos-de-nous\/equipe-de-direction\/\" \/>\n<meta property=\"og:locale\" content=\"fr_FR\" \/>\n<meta property=\"og:type\" content=\"article\" \/>\n<meta property=\"og:title\" content=\"Fondation du CHEO | \u00c9quipe de direction\" \/>\n<meta property=\"og:description\" content=\"Rencontrez l&#039;\u00e9quipe de direction de la Fondation du CHEO - des professionnels visionnaires qui se consacrent \u00e0 l&#039;avancement des soins p\u00e9diatriques et au soutien de la communaut\u00e9.\" \/>\n<meta property=\"og:url\" content=\"https:\/\/cheofoundation.com\/fr\/a-propos-de-nous\/equipe-de-direction\/\" \/>\n<meta property=\"og:site_name\" content=\"Fondation du CHEO\" \/>\n<meta property=\"article:modified_time\" content=\"2025-04-07T20:29:22+00:00\" \/>\n<meta property=\"og:image\" content=\"https:\/\/cheofoundation.com\/wp-content\/uploads\/2024\/12\/Leadership.jpg\" \/>\n\t<meta property=\"og:image:width\" content=\"600\" \/>\n\t<meta property=\"og:image:height\" content=\"401\" \/>\n\t<meta property=\"og:image:type\" content=\"image\/jpeg\" \/>\n<meta name=\"twitter:card\" content=\"summary_large_image\" \/>\n<script type=\"application\/ld+json\" class=\"yoast-schema-graph\">{\"@context\":\"https:\\\/\\\/schema.org\",\"@graph\":[{\"@type\":\"WebPage\",\"@id\":\"https:\\\/\\\/cheofoundation.com\\\/fr\\\/a-propos-de-nous\\\/equipe-de-direction\\\/\",\"url\":\"https:\\\/\\\/cheofoundation.com\\\/fr\\\/a-propos-de-nous\\\/equipe-de-direction\\\/\",\"name\":\"Fondation du CHEO | \u00c9quipe de direction\",\"isPartOf\":{\"@id\":\"https:\\\/\\\/cheofoundation.com\\\/fr\\\/#website\"},\"primaryImageOfPage\":{\"@id\":\"https:\\\/\\\/cheofoundation.com\\\/fr\\\/a-propos-de-nous\\\/equipe-de-direction\\\/#primaryimage\"},\"image\":{\"@id\":\"https:\\\/\\\/cheofoundation.com\\\/fr\\\/a-propos-de-nous\\\/equipe-de-direction\\\/#primaryimage\"},\"thumbnailUrl\":\"https:\\\/\\\/cheofoundation.com\\\/wp-content\\\/uploads\\\/2024\\\/12\\\/Leadership.jpg\",\"datePublished\":\"2024-09-06T20:50:01+00:00\",\"dateModified\":\"2025-04-07T20:29:22+00:00\",\"description\":\"Rencontrez l'\u00e9quipe de direction de la Fondation du CHEO - des professionnels visionnaires qui se consacrent \u00e0 l'avancement des soins p\u00e9diatriques et au soutien de la communaut\u00e9.\",\"breadcrumb\":{\"@id\":\"https:\\\/\\\/cheofoundation.com\\\/fr\\\/a-propos-de-nous\\\/equipe-de-direction\\\/#breadcrumb\"},\"inLanguage\":\"fr-FR\",\"potentialAction\":[{\"@type\":\"ReadAction\",\"target\":[\"https:\\\/\\\/cheofoundation.com\\\/fr\\\/a-propos-de-nous\\\/equipe-de-direction\\\/\"]}]},{\"@type\":\"ImageObject\",\"inLanguage\":\"fr-FR\",\"@id\":\"https:\\\/\\\/cheofoundation.com\\\/fr\\\/a-propos-de-nous\\\/equipe-de-direction\\\/#primaryimage\",\"url\":\"https:\\\/\\\/cheofoundation.com\\\/wp-content\\\/uploads\\\/2024\\\/12\\\/Leadership.jpg\",\"contentUrl\":\"https:\\\/\\\/cheofoundation.com\\\/wp-content\\\/uploads\\\/2024\\\/12\\\/Leadership.jpg\",\"width\":600,\"height\":401},{\"@type\":\"BreadcrumbList\",\"@id\":\"https:\\\/\\\/cheofoundation.com\\\/fr\\\/a-propos-de-nous\\\/equipe-de-direction\\\/#breadcrumb\",\"itemListElement\":[{\"@type\":\"ListItem\",\"position\":1,\"name\":\"Home\",\"item\":\"https:\\\/\\\/cheofoundation.com\\\/fr\\\/\"},{\"@type\":\"ListItem\",\"position\":2,\"name\":\"\u00c0 propos de nous\",\"item\":\"https:\\\/\\\/cheofoundation.com\\\/fr\\\/a-propos-de-nous\\\/\"},{\"@type\":\"ListItem\",\"position\":3,\"name\":\"\u00c9quipe de direction\"}]},{\"@type\":\"WebSite\",\"@id\":\"https:\\\/\\\/cheofoundation.com\\\/fr\\\/#website\",\"url\":\"https:\\\/\\\/cheofoundation.com\\\/fr\\\/\",\"name\":\"Fondation du CHEO\",\"description\":\"\",\"publisher\":{\"@id\":\"https:\\\/\\\/cheofoundation.com\\\/fr\\\/#organization\"},\"potentialAction\":[{\"@type\":\"SearchAction\",\"target\":{\"@type\":\"EntryPoint\",\"urlTemplate\":\"https:\\\/\\\/cheofoundation.com\\\/fr\\\/?s={search_term_string}\"},\"query-input\":{\"@type\":\"PropertyValueSpecification\",\"valueRequired\":true,\"valueName\":\"search_term_string\"}}],\"inLanguage\":\"fr-FR\"},{\"@type\":\"Organization\",\"@id\":\"https:\\\/\\\/cheofoundation.com\\\/fr\\\/#organization\",\"name\":\"CHEO Foundation\",\"url\":\"https:\\\/\\\/cheofoundation.com\\\/fr\\\/\",\"logo\":{\"@type\":\"ImageObject\",\"inLanguage\":\"fr-FR\",\"@id\":\"https:\\\/\\\/cheofoundation.com\\\/fr\\\/#\\\/schema\\\/logo\\\/image\\\/\",\"url\":\"https:\\\/\\\/cheofoundation.com\\\/wp-content\\\/uploads\\\/2024\\\/08\\\/6a9404497b334c9108f34826e2e2a7ce.png\",\"contentUrl\":\"https:\\\/\\\/cheofoundation.com\\\/wp-content\\\/uploads\\\/2024\\\/08\\\/6a9404497b334c9108f34826e2e2a7ce.png\",\"width\":900,\"height\":456,\"caption\":\"CHEO Foundation\"},\"image\":{\"@id\":\"https:\\\/\\\/cheofoundation.com\\\/fr\\\/#\\\/schema\\\/logo\\\/image\\\/\"},\"sameAs\":[\"https:\\\/\\\/www.instagram.com\\\/cheohospital\\\/\",\"https:\\\/\\\/www.youtube.com\\\/user\\\/CHEOvideos\",\"https:\\\/\\\/www.linkedin.com\\\/company\\\/cheo-ottawa\\\/\"]}]}<\/script>\n<!-- \/ Yoast SEO plugin. -->","yoast_head_json":{"title":"Fondation du CHEO | \u00c9quipe de direction","description":"Rencontrez l'\u00e9quipe de direction de la Fondation du CHEO - des professionnels visionnaires qui se consacrent \u00e0 l'avancement des soins p\u00e9diatriques et au soutien de la communaut\u00e9.","robots":{"index":"index","follow":"follow","max-snippet":"max-snippet:-1","max-image-preview":"max-image-preview:large","max-video-preview":"max-video-preview:-1"},"canonical":"https:\/\/cheofoundation.com\/fr\/a-propos-de-nous\/equipe-de-direction\/","og_locale":"fr_FR","og_type":"article","og_title":"Fondation du CHEO | \u00c9quipe de direction","og_description":"Rencontrez l'\u00e9quipe de direction de la Fondation du CHEO - des professionnels visionnaires qui se consacrent \u00e0 l'avancement des soins p\u00e9diatriques et au soutien de la communaut\u00e9.","og_url":"https:\/\/cheofoundation.com\/fr\/a-propos-de-nous\/equipe-de-direction\/","og_site_name":"Fondation du CHEO","article_modified_time":"2025-04-07T20:29:22+00:00","og_image":[{"width":600,"height":401,"url":"https:\/\/cheofoundation.com\/wp-content\/uploads\/2024\/12\/Leadership.jpg","type":"image\/jpeg"}],"twitter_card":"summary_large_image","schema":{"@context":"https:\/\/schema.org","@graph":[{"@type":"WebPage","@id":"https:\/\/cheofoundation.com\/fr\/a-propos-de-nous\/equipe-de-direction\/","url":"https:\/\/cheofoundation.com\/fr\/a-propos-de-nous\/equipe-de-direction\/","name":"Fondation du CHEO | \u00c9quipe de direction","isPartOf":{"@id":"https:\/\/cheofoundation.com\/fr\/#website"},"primaryImageOfPage":{"@id":"https:\/\/cheofoundation.com\/fr\/a-propos-de-nous\/equipe-de-direction\/#primaryimage"},"image":{"@id":"https:\/\/cheofoundation.com\/fr\/a-propos-de-nous\/equipe-de-direction\/#primaryimage"},"thumbnailUrl":"https:\/\/cheofoundation.com\/wp-content\/uploads\/2024\/12\/Leadership.jpg","datePublished":"2024-09-06T20:50:01+00:00","dateModified":"2025-04-07T20:29:22+00:00","description":"Rencontrez l'\u00e9quipe de direction de la Fondation du CHEO - des professionnels visionnaires qui se consacrent \u00e0 l'avancement des soins p\u00e9diatriques et au soutien de la communaut\u00e9.","breadcrumb":{"@id":"https:\/\/cheofoundation.com\/fr\/a-propos-de-nous\/equipe-de-direction\/#breadcrumb"},"inLanguage":"fr-FR","potentialAction":[{"@type":"ReadAction","target":["https:\/\/cheofoundation.com\/fr\/a-propos-de-nous\/equipe-de-direction\/"]}]},{"@type":"ImageObject","inLanguage":"fr-FR","@id":"https:\/\/cheofoundation.com\/fr\/a-propos-de-nous\/equipe-de-direction\/#primaryimage","url":"https:\/\/cheofoundation.com\/wp-content\/uploads\/2024\/12\/Leadership.jpg","contentUrl":"https:\/\/cheofoundation.com\/wp-content\/uploads\/2024\/12\/Leadership.jpg","width":600,"height":401},{"@type":"BreadcrumbList","@id":"https:\/\/cheofoundation.com\/fr\/a-propos-de-nous\/equipe-de-direction\/#breadcrumb","itemListElement":[{"@type":"ListItem","position":1,"name":"Home","item":"https:\/\/cheofoundation.com\/fr\/"},{"@type":"ListItem","position":2,"name":"\u00c0 propos de nous","item":"https:\/\/cheofoundation.com\/fr\/a-propos-de-nous\/"},{"@type":"ListItem","position":3,"name":"\u00c9quipe de direction"}]},{"@type":"WebSite","@id":"https:\/\/cheofoundation.com\/fr\/#website","url":"https:\/\/cheofoundation.com\/fr\/","name":"Fondation du CHEO","description":"","publisher":{"@id":"https:\/\/cheofoundation.com\/fr\/#organization"},"potentialAction":[{"@type":"SearchAction","target":{"@type":"EntryPoint","urlTemplate":"https:\/\/cheofoundation.com\/fr\/?s={search_term_string}"},"query-input":{"@type":"PropertyValueSpecification","valueRequired":true,"valueName":"search_term_string"}}],"inLanguage":"fr-FR"},{"@type":"Organization","@id":"https:\/\/cheofoundation.com\/fr\/#organization","name":"CHEO Foundation","url":"https:\/\/cheofoundation.com\/fr\/","logo":{"@type":"ImageObject","inLanguage":"fr-FR","@id":"https:\/\/cheofoundation.com\/fr\/#\/schema\/logo\/image\/","url":"https:\/\/cheofoundation.com\/wp-content\/uploads\/2024\/08\/6a9404497b334c9108f34826e2e2a7ce.png","contentUrl":"https:\/\/cheofoundation.com\/wp-content\/uploads\/2024\/08\/6a9404497b334c9108f34826e2e2a7ce.png","width":900,"height":456,"caption":"CHEO Foundation"},"image":{"@id":"https:\/\/cheofoundation.com\/fr\/#\/schema\/logo\/image\/"},"sameAs":["https:\/\/www.instagram.com\/cheohospital\/","https:\/\/www.youtube.com\/user\/CHEOvideos","https:\/\/www.linkedin.com\/company\/cheo-ottawa\/"]}]}},"_links":{"self":[{"href":"https:\/\/cheofoundation.com\/fr\/wp-json\/wp\/v2\/pages\/15216","targetHints":{"allow":["GET"]}}],"collection":[{"href":"https:\/\/cheofoundation.com\/fr\/wp-json\/wp\/v2\/pages"}],"about":[{"href":"https:\/\/cheofoundation.com\/fr\/wp-json\/wp\/v2\/types\/page"}],"author":[{"embeddable":true,"href":"https:\/\/cheofoundation.com\/fr\/wp-json\/wp\/v2\/users\/1"}],"replies":[{"embeddable":true,"href":"https:\/\/cheofoundation.com\/fr\/wp-json\/wp\/v2\/comments?post=15216"}],"version-history":[{"count":0,"href":"https:\/\/cheofoundation.com\/fr\/wp-json\/wp\/v2\/pages\/15216\/revisions"}],"up":[{"embeddable":true,"href":"https:\/\/cheofoundation.com\/fr\/wp-json\/wp\/v2\/pages\/15225"}],"wp:featuredmedia":[{"embeddable":true,"href":"https:\/\/cheofoundation.com\/fr\/wp-json\/wp\/v2\/media\/14795"}],"wp:attachment":[{"href":"https:\/\/cheofoundation.com\/fr\/wp-json\/wp\/v2\/media?parent=15216"}],"curies":[{"name":"wp","href":"https:\/\/api.w.org\/{rel}","templated":true}]}}