{"id":15217,"date":"2025-01-06T17:40:23","date_gmt":"2025-01-06T22:40:23","guid":{"rendered":"https:\/\/cheofoundation.com\/evenements-lotteries\/initiative-enfants-entraident\/"},"modified":"2026-04-15T08:02:23","modified_gmt":"2026-04-15T12:02:23","slug":"initiative-enfants-entraident","status":"publish","type":"page","link":"https:\/\/cheofoundation.com\/fr\/evenements-lotteries\/initiative-enfants-entraident\/","title":{"rendered":"L\u2019initiative des enfants qui s\u2019entraident au CHEO"},"content":{"rendered":"\n<div class=\"wp-block-media-text has-media-on-the-right is-stacked-on-mobile\"><div class=\"wp-block-media-text__content\">\n<h2 class=\"wp-block-heading\">Encourager les jeunes \u00e0 faire une diff\u00e9rence<\/h2>\n\n\n\n<p>Les fonds amass\u00e9s par les enfants et les adolescents permettent aux m\u00e9decins, aux infirmi\u00e8res et au personnel du CHEO de se procurer les outils, l&rsquo;\u00e9quipement et les programmes dont ils ont besoin pour prodiguer des soins exceptionnels aux jeunes patients et \u00e0 leurs familles. <\/p>\n\n\n\n<p>Tout le monde au CHEO est extr\u00eamement reconnaissant de ces g\u00e9n\u00e9reuses contributions.<\/p>\n<\/div><figure class=\"wp-block-media-text__media\"><img loading=\"lazy\" decoding=\"async\" width=\"648\" height=\"600\" src=\"https:\/\/cheofoundation.com\/wp-content\/uploads\/2025\/03\/lemonade_stand_check.jpg\" alt=\"\" class=\"wp-image-15624 size-full\"\/><\/figure><\/div>\n\n<h2 class=\"wp-block-heading gold-underline-left\">Id\u00e9es de collecte de fonds<\/h2>\n\n<div class=\"wp-block-columns is-layout-flex wp-container-core-columns-is-layout-28f84493 wp-block-columns-is-layout-flex\">\n<div class=\"wp-block-column is-layout-flow wp-block-column-is-layout-flow\" style=\"flex-basis:33.33%\">\n<figure class=\"wp-block-image size-full\" style=\"margin-top:0;margin-bottom:0\"><img loading=\"lazy\" decoding=\"async\" width=\"2122\" height=\"1414\" src=\"https:\/\/cheofoundation.com\/wp-content\/uploads\/2025\/01\/Kids-Helping-Kids-edited.jpeg\" alt=\"Deux filles tiennent un stand de limonade maison\" class=\"wp-image-15168\" srcset=\"https:\/\/cheofoundation.com\/wp-content\/uploads\/2025\/01\/Kids-Helping-Kids-edited.jpeg 2122w, https:\/\/cheofoundation.com\/wp-content\/uploads\/2025\/01\/Kids-Helping-Kids-edited-660x440.jpeg 660w, https:\/\/cheofoundation.com\/wp-content\/uploads\/2025\/01\/Kids-Helping-Kids-edited-1320x880.jpeg 1320w, https:\/\/cheofoundation.com\/wp-content\/uploads\/2025\/01\/Kids-Helping-Kids-edited-768x512.jpeg 768w, https:\/\/cheofoundation.com\/wp-content\/uploads\/2025\/01\/Kids-Helping-Kids-edited-1536x1024.jpeg 1536w, https:\/\/cheofoundation.com\/wp-content\/uploads\/2025\/01\/Kids-Helping-Kids-edited-2048x1365.jpeg 2048w\" sizes=\"auto, (max-width: 2122px) 100vw, 2122px\" \/><\/figure>\n<\/div>\n\n\n\n<div class=\"wp-block-column is-layout-flow wp-block-column-is-layout-flow\" style=\"flex-basis:66.66%\">\n<div class=\"wp-block-columns is-not-stacked-on-mobile breakgb-sm is-layout-flex wp-container-core-columns-is-layout-28f84493 wp-block-columns-is-layout-flex\">\n<div class=\"wp-block-column is-layout-flow wp-block-column-is-layout-flow\">\n<h3 class=\"wp-block-heading gold-left-border\" style=\"font-size:24px\">Kiosque de limonade<\/h3>\n\n\n\n<p>Vendez de la limonade et encouragez vos amis et votre famille \u00e0 faire un don au CHEO !<br\/><\/p>\n\n\n\n<h3 class=\"wp-block-heading gold-left-border\" style=\"font-size:24px\">Vente de p\u00e2tisseries<\/h3>\n\n\n\n<p>Vendez vos friandises pr\u00e9f\u00e9r\u00e9es!<br\/><\/p>\n\n\n\n<h3 class=\"wp-block-heading gold-left-border\" style=\"font-size:24px\">Organisez un chor\u00e9o-thon ou un marathon de lecture<\/h3>\n\n\n\n<p>Offrez de faire des corv\u00e9es \u00e0 la maison ou de lire un bon livre pour chaque don re\u00e7u.<\/p>\n<\/div>\n\n\n\n<div class=\"wp-block-column is-layout-flow wp-block-column-is-layout-flow\">\n<h3 class=\"wp-block-heading gold-left-border\" style=\"font-size:24px\">Soir\u00e9e cin\u00e9ma<\/h3>\n\n\n\n<p>Organisez une soir\u00e9e cin\u00e9ma dans votre cour ou une soir\u00e9e de visionnage.<\/p>\n\n\n\n<h3 class=\"wp-block-heading gold-left-border\" style=\"font-size:24px\">3-2-1 Action<\/h3>\n\n\n\n<p>Organisez un concours de talents, un d\u00e9fil\u00e9 de mode ou un cours de cuisine.<\/p>\n\n\n\n<h3 class=\"wp-block-heading gold-left-border\" style=\"font-size:24px\">Cartes de Bingo<\/h3>\n\n\n\n<p>Partagez un tableau de bingo avec des donateurs potentiels et amusez-vous tout en collectant des fonds.<\/p>\n<\/div>\n<\/div>\n<\/div>\n<\/div>\n\n<div style=\"height:7px\" aria-hidden=\"true\" class=\"wp-block-spacer\"><\/div>\n\n<div class=\"wp-block-columns cards purple-cards is-layout-flex wp-container-core-columns-is-layout-28f84493 wp-block-columns-is-layout-flex\">\n<div class=\"wp-block-column has-purple-background-color has-background is-layout-flow wp-block-column-is-layout-flow\">\n<figure class=\"wp-block-image size-full\"><img loading=\"lazy\" decoding=\"async\" width=\"1000\" height=\"667\" src=\"https:\/\/cheofoundation.com\/wp-content\/uploads\/2025\/03\/kids_helping_kids_plan.jpeg.jpg\" alt=\"\" class=\"wp-image-15632\" style=\"aspect-ratio:16\/9;object-fit:cover\" srcset=\"https:\/\/cheofoundation.com\/wp-content\/uploads\/2025\/03\/kids_helping_kids_plan.jpeg.jpg 1000w, https:\/\/cheofoundation.com\/wp-content\/uploads\/2025\/03\/kids_helping_kids_plan.jpeg-660x440.jpg 660w, https:\/\/cheofoundation.com\/wp-content\/uploads\/2025\/03\/kids_helping_kids_plan.jpeg-768x512.jpg 768w\" sizes=\"auto, (max-width: 1000px) 100vw, 1000px\" \/><figcaption class=\"wp-element-caption\">B\u00e9b\u00e9 pr\u00e9matur\u00e9 dans l&rsquo;incubateur de l&rsquo;h\u00f4pital apr\u00e8s une c\u00e9sarienne \u00e0 33 semaines<\/figcaption><\/figure>\n\n\n\n<div class=\"wp-block-cover\" style=\"min-height:120px;aspect-ratio:unset;\"><span aria-hidden=\"true\" class=\"wp-block-cover__background has-purple-background-color has-background-dim-100 has-background-dim\"><\/span><div class=\"wp-block-cover__inner-container is-layout-constrained wp-block-cover-is-layout-constrained\">\n<h3 class=\"wp-block-heading has-white-color has-text-color has-link-color wp-elements-1548382b840ccb53481a494d6f735486\">Planifiez un \u00e9v\u00e9nement<\/h3>\n\n\n\n<div class=\"wp-block-buttons is-layout-flex wp-block-buttons-is-layout-flex\">\n<div class=\"wp-block-button\"><a class=\"wp-block-button__link wp-element-button\" href=\"https:\/\/secure.cheofoundation.com\/site\/Donation2?idb=2071445222&amp;df_id=1520&amp;1520.donation=form1&amp;mfc_pref=T&amp;s_locale=en_CA&amp;_gl=1*1lf4dr6*_gcl_au*MTYxMTg0NDA1NC4xNzM0MDI2NDQz\" target=\"_blank\" rel=\"noreferrer noopener\">T\u00e9l\u00e9chargez la trousse d\u2019outil <\/a><\/div>\n<\/div>\n<\/div><\/div>\n<\/div>\n\n\n\n<div class=\"wp-block-column has-purple-background-color has-background is-layout-flow wp-block-column-is-layout-flow\">\n<figure class=\"wp-block-image size-full\"><img loading=\"lazy\" decoding=\"async\" width=\"996\" height=\"558\" src=\"https:\/\/cheofoundation.com\/wp-content\/uploads\/2025\/01\/host.png\" alt=\"\" class=\"wp-image-14980\" style=\"aspect-ratio:16\/9;object-fit:cover\" srcset=\"https:\/\/cheofoundation.com\/wp-content\/uploads\/2025\/01\/host.png 996w, https:\/\/cheofoundation.com\/wp-content\/uploads\/2025\/01\/host-660x370.png 660w, https:\/\/cheofoundation.com\/wp-content\/uploads\/2025\/01\/host-768x430.png 768w\" sizes=\"auto, (max-width: 996px) 100vw, 996px\" \/><figcaption class=\"wp-element-caption\">B\u00e9b\u00e9 pr\u00e9matur\u00e9 dans l&rsquo;incubateur de l&rsquo;h\u00f4pital apr\u00e8s une c\u00e9sarienne \u00e0 33 semaines<\/figcaption><\/figure>\n\n\n\n<div class=\"wp-block-cover\" style=\"min-height:120px;aspect-ratio:unset;\"><span aria-hidden=\"true\" class=\"wp-block-cover__background has-purple-background-color has-background-dim-100 has-background-dim\"><\/span><div class=\"wp-block-cover__inner-container is-layout-constrained wp-block-cover-is-layout-constrained\">\n<h3 class=\"wp-block-heading has-white-color has-text-color has-link-color wp-elements-2c12c1c87da79a7ceff946e5893d214a\">Organisez une collecte de fonds <\/h3>\n\n\n\n<div class=\"wp-block-buttons is-layout-flex wp-block-buttons-is-layout-flex\">\n<div class=\"wp-block-button\"><a class=\"wp-block-button__link wp-element-button\" href=\"https:\/\/cheofoundation.donordrive.com\/index.cfm?fuseaction=cms.page&amp;id=1018&amp;_ga=2.94245589.991351483.1721152294-2070009172.1716391162&amp;_gl=1*41bwxm*_gcl_au*MTQyNTk0ODAzOS4xNzE2MzkxMTYy*_ga*MjA3MDAwOTE3Mi4xNzE2MzkxMTYy*_ga_T3N1FSP7FC*MTcyMTIzNzA2Mi4yMS4xLjE3MjEyMzcwNzguNDQuMC4w\" target=\"_blank\" rel=\"noreferrer noopener\">Pour en savoir davantage<\/a><\/div>\n<\/div>\n<\/div><\/div>\n<\/div>\n\n\n\n<div class=\"wp-block-column has-purple-background-color has-background is-layout-flow wp-block-column-is-layout-flow\">\n<figure class=\"wp-block-image size-full\"><img loading=\"lazy\" decoding=\"async\" width=\"993\" height=\"661\" src=\"https:\/\/cheofoundation.com\/wp-content\/uploads\/2025\/01\/sharee.png\" alt=\"\" class=\"wp-image-14982\" style=\"aspect-ratio:16\/9;object-fit:cover\" srcset=\"https:\/\/cheofoundation.com\/wp-content\/uploads\/2025\/01\/sharee.png 993w, https:\/\/cheofoundation.com\/wp-content\/uploads\/2025\/01\/sharee-660x439.png 660w, https:\/\/cheofoundation.com\/wp-content\/uploads\/2025\/01\/sharee-768x511.png 768w\" sizes=\"auto, (max-width: 993px) 100vw, 993px\" \/><figcaption class=\"wp-element-caption\">B\u00e9b\u00e9 pr\u00e9matur\u00e9 dans l&rsquo;incubateur de l&rsquo;h\u00f4pital apr\u00e8s une c\u00e9sarienne \u00e0 33 semaines<\/figcaption><\/figure>\n\n\n\n<div class=\"wp-block-cover\" style=\"min-height:120px;aspect-ratio:unset;\"><span aria-hidden=\"true\" class=\"wp-block-cover__background has-purple-background-color has-background-dim-100 has-background-dim\"><\/span><div class=\"wp-block-cover__inner-container is-layout-constrained wp-block-cover-is-layout-constrained\">\n<h3 class=\"wp-block-heading has-white-color has-text-color has-link-color wp-elements-1603175fb459154a80b9928085431c67\">Partagez votre histoire<\/h3>\n\n\n\n<div class=\"wp-block-buttons is-layout-flex wp-block-buttons-is-layout-flex\">\n<div class=\"wp-block-button\"><a class=\"wp-block-button__link wp-element-button\" href=\"https:\/\/cheofoundation.com\/fr\/contactez-nous\/\">\u00c9crivez-nous <\/a><\/div>\n<\/div>\n<\/div><\/div>\n<\/div>\n<\/div>\n\n<p><\/p>\n","protected":false},"excerpt":{"rendered":"<p>Encourager les jeunes \u00e0 faire une diff\u00e9rence Les fonds amass\u00e9s par les enfants et les adolescents permettent aux m\u00e9decins, aux infirmi\u00e8res et au personnel du&#8230;<\/p>\n","protected":false},"author":1,"featured_media":14962,"parent":15213,"menu_order":7,"comment_status":"closed","ping_status":"closed","template":"page-campaign.php","meta":{"_eb_attr":"","footnotes":""},"class_list":["post-15217","page","type-page","status-publish","has-post-thumbnail","hentry"],"yoast_head":"<!-- This site is optimized with the Yoast SEO plugin v27.5 - https:\/\/yoast.com\/product\/yoast-seo-wordpress\/ -->\n<title>Fondation du CHEO | L\u2019initiative des enfants qui s\u2019entraident au CHEO<\/title>\n<meta name=\"description\" content=\"Les enfants peuvent aider les autres enfants du CHEO en organisant des collectes de fonds amusantes. Organisez un stand de limonade, une vente de p\u00e2tisseries ou un marathon de lecture pour avoir un impact positif.\" \/>\n<meta name=\"robots\" content=\"index, follow, max-snippet:-1, max-image-preview:large, max-video-preview:-1\" \/>\n<link rel=\"canonical\" href=\"https:\/\/cheofoundation.com\/fr\/evenements-lotteries\/initiative-enfants-entraident\/\" \/>\n<meta property=\"og:locale\" content=\"fr_FR\" \/>\n<meta property=\"og:type\" content=\"article\" \/>\n<meta property=\"og:title\" content=\"Fondation du CHEO | L\u2019initiative des enfants qui s\u2019entraident au CHEO\" \/>\n<meta property=\"og:description\" content=\"Les enfants peuvent aider les autres enfants du CHEO en organisant des collectes de fonds amusantes. Organisez un stand de limonade, une vente de p\u00e2tisseries ou un marathon de lecture pour avoir un impact positif.\" \/>\n<meta property=\"og:url\" content=\"https:\/\/cheofoundation.com\/fr\/evenements-lotteries\/initiative-enfants-entraident\/\" \/>\n<meta property=\"og:site_name\" content=\"Fondation du CHEO\" \/>\n<meta property=\"article:modified_time\" content=\"2026-04-15T12:02:23+00:00\" \/>\n<meta property=\"og:image\" content=\"https:\/\/cheofoundation.com\/wp-content\/uploads\/2025\/01\/kids-header-scaled.jpg\" \/>\n\t<meta property=\"og:image:width\" content=\"2560\" \/>\n\t<meta property=\"og:image:height\" content=\"1722\" \/>\n\t<meta property=\"og:image:type\" content=\"image\/jpeg\" \/>\n<meta name=\"twitter:card\" content=\"summary_large_image\" \/>\n<meta name=\"twitter:label1\" content=\"Est. reading time\" \/>\n\t<meta name=\"twitter:data1\" content=\"3 minutes\" \/>\n<script type=\"application\/ld+json\" class=\"yoast-schema-graph\">{\"@context\":\"https:\\\/\\\/schema.org\",\"@graph\":[{\"@type\":\"WebPage\",\"@id\":\"https:\\\/\\\/cheofoundation.com\\\/fr\\\/evenements-lotteries\\\/initiative-enfants-entraident\\\/\",\"url\":\"https:\\\/\\\/cheofoundation.com\\\/fr\\\/evenements-lotteries\\\/initiative-enfants-entraident\\\/\",\"name\":\"Fondation du CHEO | L\u2019initiative des enfants qui s\u2019entraident au CHEO\",\"isPartOf\":{\"@id\":\"https:\\\/\\\/cheofoundation.com\\\/fr\\\/#website\"},\"primaryImageOfPage\":{\"@id\":\"https:\\\/\\\/cheofoundation.com\\\/fr\\\/evenements-lotteries\\\/initiative-enfants-entraident\\\/#primaryimage\"},\"image\":{\"@id\":\"https:\\\/\\\/cheofoundation.com\\\/fr\\\/evenements-lotteries\\\/initiative-enfants-entraident\\\/#primaryimage\"},\"thumbnailUrl\":\"https:\\\/\\\/cheofoundation.com\\\/wp-content\\\/uploads\\\/2025\\\/01\\\/kids-header-scaled.jpg\",\"datePublished\":\"2025-01-06T22:40:23+00:00\",\"dateModified\":\"2026-04-15T12:02:23+00:00\",\"description\":\"Les enfants peuvent aider les autres enfants du CHEO en organisant des collectes de fonds amusantes. Organisez un stand de limonade, une vente de p\u00e2tisseries ou un marathon de lecture pour avoir un impact positif.\",\"breadcrumb\":{\"@id\":\"https:\\\/\\\/cheofoundation.com\\\/fr\\\/evenements-lotteries\\\/initiative-enfants-entraident\\\/#breadcrumb\"},\"inLanguage\":\"fr-FR\",\"potentialAction\":[{\"@type\":\"ReadAction\",\"target\":[\"https:\\\/\\\/cheofoundation.com\\\/fr\\\/evenements-lotteries\\\/initiative-enfants-entraident\\\/\"]}]},{\"@type\":\"ImageObject\",\"inLanguage\":\"fr-FR\",\"@id\":\"https:\\\/\\\/cheofoundation.com\\\/fr\\\/evenements-lotteries\\\/initiative-enfants-entraident\\\/#primaryimage\",\"url\":\"https:\\\/\\\/cheofoundation.com\\\/wp-content\\\/uploads\\\/2025\\\/01\\\/kids-header-scaled.jpg\",\"contentUrl\":\"https:\\\/\\\/cheofoundation.com\\\/wp-content\\\/uploads\\\/2025\\\/01\\\/kids-header-scaled.jpg\",\"width\":2560,\"height\":1722},{\"@type\":\"BreadcrumbList\",\"@id\":\"https:\\\/\\\/cheofoundation.com\\\/fr\\\/evenements-lotteries\\\/initiative-enfants-entraident\\\/#breadcrumb\",\"itemListElement\":[{\"@type\":\"ListItem\",\"position\":1,\"name\":\"Home\",\"item\":\"https:\\\/\\\/cheofoundation.com\\\/fr\\\/\"},{\"@type\":\"ListItem\",\"position\":2,\"name\":\"\u00c9v\u00e9nements et loteries\",\"item\":\"https:\\\/\\\/cheofoundation.com\\\/fr\\\/evenements-lotteries\\\/\"},{\"@type\":\"ListItem\",\"position\":3,\"name\":\"L\u2019initiative des enfants qui s\u2019entraident au CHEO\"}]},{\"@type\":\"WebSite\",\"@id\":\"https:\\\/\\\/cheofoundation.com\\\/fr\\\/#website\",\"url\":\"https:\\\/\\\/cheofoundation.com\\\/fr\\\/\",\"name\":\"Fondation du CHEO\",\"description\":\"\",\"publisher\":{\"@id\":\"https:\\\/\\\/cheofoundation.com\\\/fr\\\/#organization\"},\"potentialAction\":[{\"@type\":\"SearchAction\",\"target\":{\"@type\":\"EntryPoint\",\"urlTemplate\":\"https:\\\/\\\/cheofoundation.com\\\/fr\\\/?s={search_term_string}\"},\"query-input\":{\"@type\":\"PropertyValueSpecification\",\"valueRequired\":true,\"valueName\":\"search_term_string\"}}],\"inLanguage\":\"fr-FR\"},{\"@type\":\"Organization\",\"@id\":\"https:\\\/\\\/cheofoundation.com\\\/fr\\\/#organization\",\"name\":\"CHEO Foundation\",\"url\":\"https:\\\/\\\/cheofoundation.com\\\/fr\\\/\",\"logo\":{\"@type\":\"ImageObject\",\"inLanguage\":\"fr-FR\",\"@id\":\"https:\\\/\\\/cheofoundation.com\\\/fr\\\/#\\\/schema\\\/logo\\\/image\\\/\",\"url\":\"https:\\\/\\\/cheofoundation.com\\\/wp-content\\\/uploads\\\/2024\\\/08\\\/6a9404497b334c9108f34826e2e2a7ce.png\",\"contentUrl\":\"https:\\\/\\\/cheofoundation.com\\\/wp-content\\\/uploads\\\/2024\\\/08\\\/6a9404497b334c9108f34826e2e2a7ce.png\",\"width\":900,\"height\":456,\"caption\":\"CHEO Foundation\"},\"image\":{\"@id\":\"https:\\\/\\\/cheofoundation.com\\\/fr\\\/#\\\/schema\\\/logo\\\/image\\\/\"},\"sameAs\":[\"https:\\\/\\\/www.instagram.com\\\/cheohospital\\\/\",\"https:\\\/\\\/www.youtube.com\\\/user\\\/CHEOvideos\",\"https:\\\/\\\/www.linkedin.com\\\/company\\\/cheo-ottawa\\\/\"]}]}<\/script>\n<!-- \/ Yoast SEO plugin. -->","yoast_head_json":{"title":"Fondation du CHEO | L\u2019initiative des enfants qui s\u2019entraident au CHEO","description":"Les enfants peuvent aider les autres enfants du CHEO en organisant des collectes de fonds amusantes. Organisez un stand de limonade, une vente de p\u00e2tisseries ou un marathon de lecture pour avoir un impact positif.","robots":{"index":"index","follow":"follow","max-snippet":"max-snippet:-1","max-image-preview":"max-image-preview:large","max-video-preview":"max-video-preview:-1"},"canonical":"https:\/\/cheofoundation.com\/fr\/evenements-lotteries\/initiative-enfants-entraident\/","og_locale":"fr_FR","og_type":"article","og_title":"Fondation du CHEO | L\u2019initiative des enfants qui s\u2019entraident au CHEO","og_description":"Les enfants peuvent aider les autres enfants du CHEO en organisant des collectes de fonds amusantes. Organisez un stand de limonade, une vente de p\u00e2tisseries ou un marathon de lecture pour avoir un impact positif.","og_url":"https:\/\/cheofoundation.com\/fr\/evenements-lotteries\/initiative-enfants-entraident\/","og_site_name":"Fondation du CHEO","article_modified_time":"2026-04-15T12:02:23+00:00","og_image":[{"width":2560,"height":1722,"url":"https:\/\/cheofoundation.com\/wp-content\/uploads\/2025\/01\/kids-header-scaled.jpg","type":"image\/jpeg"}],"twitter_card":"summary_large_image","twitter_misc":{"Est. reading time":"3 minutes"},"schema":{"@context":"https:\/\/schema.org","@graph":[{"@type":"WebPage","@id":"https:\/\/cheofoundation.com\/fr\/evenements-lotteries\/initiative-enfants-entraident\/","url":"https:\/\/cheofoundation.com\/fr\/evenements-lotteries\/initiative-enfants-entraident\/","name":"Fondation du CHEO | L\u2019initiative des enfants qui s\u2019entraident au CHEO","isPartOf":{"@id":"https:\/\/cheofoundation.com\/fr\/#website"},"primaryImageOfPage":{"@id":"https:\/\/cheofoundation.com\/fr\/evenements-lotteries\/initiative-enfants-entraident\/#primaryimage"},"image":{"@id":"https:\/\/cheofoundation.com\/fr\/evenements-lotteries\/initiative-enfants-entraident\/#primaryimage"},"thumbnailUrl":"https:\/\/cheofoundation.com\/wp-content\/uploads\/2025\/01\/kids-header-scaled.jpg","datePublished":"2025-01-06T22:40:23+00:00","dateModified":"2026-04-15T12:02:23+00:00","description":"Les enfants peuvent aider les autres enfants du CHEO en organisant des collectes de fonds amusantes. Organisez un stand de limonade, une vente de p\u00e2tisseries ou un marathon de lecture pour avoir un impact positif.","breadcrumb":{"@id":"https:\/\/cheofoundation.com\/fr\/evenements-lotteries\/initiative-enfants-entraident\/#breadcrumb"},"inLanguage":"fr-FR","potentialAction":[{"@type":"ReadAction","target":["https:\/\/cheofoundation.com\/fr\/evenements-lotteries\/initiative-enfants-entraident\/"]}]},{"@type":"ImageObject","inLanguage":"fr-FR","@id":"https:\/\/cheofoundation.com\/fr\/evenements-lotteries\/initiative-enfants-entraident\/#primaryimage","url":"https:\/\/cheofoundation.com\/wp-content\/uploads\/2025\/01\/kids-header-scaled.jpg","contentUrl":"https:\/\/cheofoundation.com\/wp-content\/uploads\/2025\/01\/kids-header-scaled.jpg","width":2560,"height":1722},{"@type":"BreadcrumbList","@id":"https:\/\/cheofoundation.com\/fr\/evenements-lotteries\/initiative-enfants-entraident\/#breadcrumb","itemListElement":[{"@type":"ListItem","position":1,"name":"Home","item":"https:\/\/cheofoundation.com\/fr\/"},{"@type":"ListItem","position":2,"name":"\u00c9v\u00e9nements et loteries","item":"https:\/\/cheofoundation.com\/fr\/evenements-lotteries\/"},{"@type":"ListItem","position":3,"name":"L\u2019initiative des enfants qui s\u2019entraident au CHEO"}]},{"@type":"WebSite","@id":"https:\/\/cheofoundation.com\/fr\/#website","url":"https:\/\/cheofoundation.com\/fr\/","name":"Fondation du CHEO","description":"","publisher":{"@id":"https:\/\/cheofoundation.com\/fr\/#organization"},"potentialAction":[{"@type":"SearchAction","target":{"@type":"EntryPoint","urlTemplate":"https:\/\/cheofoundation.com\/fr\/?s={search_term_string}"},"query-input":{"@type":"PropertyValueSpecification","valueRequired":true,"valueName":"search_term_string"}}],"inLanguage":"fr-FR"},{"@type":"Organization","@id":"https:\/\/cheofoundation.com\/fr\/#organization","name":"CHEO Foundation","url":"https:\/\/cheofoundation.com\/fr\/","logo":{"@type":"ImageObject","inLanguage":"fr-FR","@id":"https:\/\/cheofoundation.com\/fr\/#\/schema\/logo\/image\/","url":"https:\/\/cheofoundation.com\/wp-content\/uploads\/2024\/08\/6a9404497b334c9108f34826e2e2a7ce.png","contentUrl":"https:\/\/cheofoundation.com\/wp-content\/uploads\/2024\/08\/6a9404497b334c9108f34826e2e2a7ce.png","width":900,"height":456,"caption":"CHEO Foundation"},"image":{"@id":"https:\/\/cheofoundation.com\/fr\/#\/schema\/logo\/image\/"},"sameAs":["https:\/\/www.instagram.com\/cheohospital\/","https:\/\/www.youtube.com\/user\/CHEOvideos","https:\/\/www.linkedin.com\/company\/cheo-ottawa\/"]}]}},"_links":{"self":[{"href":"https:\/\/cheofoundation.com\/fr\/wp-json\/wp\/v2\/pages\/15217","targetHints":{"allow":["GET"]}}],"collection":[{"href":"https:\/\/cheofoundation.com\/fr\/wp-json\/wp\/v2\/pages"}],"about":[{"href":"https:\/\/cheofoundation.com\/fr\/wp-json\/wp\/v2\/types\/page"}],"author":[{"embeddable":true,"href":"https:\/\/cheofoundation.com\/fr\/wp-json\/wp\/v2\/users\/1"}],"replies":[{"embeddable":true,"href":"https:\/\/cheofoundation.com\/fr\/wp-json\/wp\/v2\/comments?post=15217"}],"version-history":[{"count":0,"href":"https:\/\/cheofoundation.com\/fr\/wp-json\/wp\/v2\/pages\/15217\/revisions"}],"up":[{"embeddable":true,"href":"https:\/\/cheofoundation.com\/fr\/wp-json\/wp\/v2\/pages\/15213"}],"wp:featuredmedia":[{"embeddable":true,"href":"https:\/\/cheofoundation.com\/fr\/wp-json\/wp\/v2\/media\/14962"}],"wp:attachment":[{"href":"https:\/\/cheofoundation.com\/fr\/wp-json\/wp\/v2\/media?parent=15217"}],"curies":[{"name":"wp","href":"https:\/\/api.w.org\/{rel}","templated":true}]}}