{"id":15219,"date":"2024-09-06T16:48:28","date_gmt":"2024-09-06T20:48:28","guid":{"rendered":"https:\/\/cheofoundation.com\/board-of-directors\/"},"modified":"2025-04-09T15:36:01","modified_gmt":"2025-04-09T19:36:01","slug":"conseil-administration","status":"publish","type":"page","link":"https:\/\/cheofoundation.com\/fr\/a-propos-de-nous\/conseil-administration\/","title":{"rendered":"Membres du Conseil d\u2019administration"},"content":{"rendered":"\n<p>Diriger avec expertise, passion et engagement in\u00e9branlable. Notre conseil d&rsquo;administration est compos\u00e9 de leaders communautaires, du pr\u00e9sident-directeur g\u00e9n\u00e9ral de la Fondation du CHEO, du pr\u00e9sident-directeur g\u00e9n\u00e9ral du CHEO, d&rsquo;un pr\u00e9sident du conseil d&rsquo;administration et de repr\u00e9sentants du personnel de l&rsquo;h\u00f4pital et de l&rsquo;association des b\u00e9n\u00e9voles. <\/p>\n","protected":false},"excerpt":{"rendered":"<p>Diriger avec expertise, passion et engagement in\u00e9branlable. Notre conseil d&rsquo;administration est compos\u00e9 de leaders communautaires, du pr\u00e9sident-directeur g\u00e9n\u00e9ral de la Fondation du CHEO, du pr\u00e9sident-directeur&#8230;<\/p>\n","protected":false},"author":1,"featured_media":15465,"parent":15225,"menu_order":2,"comment_status":"closed","ping_status":"closed","template":"page-board.php","meta":{"_eb_attr":"","footnotes":""},"class_list":["post-15219","page","type-page","status-publish","has-post-thumbnail","hentry"],"yoast_head":"<!-- This site is optimized with the Yoast SEO plugin v27.6 - https:\/\/yoast.com\/product\/yoast-seo-wordpress\/ -->\n<title>Fondation du CHEO | Membres du Conseil d\u2019administration<\/title>\n<meta name=\"description\" content=\"Rencontrez le Conseil d&#039;administration du CHEO - des leaders de la communaut\u00e9 et des experts qui guident notre mission d&#039;offrir des soins p\u00e9diatriques et de l&#039;innovation de classe mondiale.\" \/>\n<meta name=\"robots\" content=\"index, follow, max-snippet:-1, max-image-preview:large, max-video-preview:-1\" \/>\n<link rel=\"canonical\" href=\"https:\/\/cheofoundation.com\/fr\/a-propos-de-nous\/conseil-administration\/\" \/>\n<meta property=\"og:locale\" content=\"fr_FR\" \/>\n<meta property=\"og:type\" content=\"article\" \/>\n<meta property=\"og:title\" content=\"Fondation du CHEO | Membres du Conseil d\u2019administration\" \/>\n<meta property=\"og:description\" content=\"Rencontrez le Conseil d&#039;administration du CHEO - des leaders de la communaut\u00e9 et des experts qui guident notre mission d&#039;offrir des soins p\u00e9diatriques et de l&#039;innovation de classe mondiale.\" \/>\n<meta property=\"og:url\" content=\"https:\/\/cheofoundation.com\/fr\/a-propos-de-nous\/conseil-administration\/\" \/>\n<meta property=\"og:site_name\" content=\"Fondation du CHEO\" \/>\n<meta property=\"article:modified_time\" content=\"2025-04-09T19:36:01+00:00\" \/>\n<meta property=\"og:image\" content=\"https:\/\/cheofoundation.com\/wp-content\/uploads\/2025\/03\/board-photo-e1729003713328-1320x530.png\" \/>\n\t<meta property=\"og:image:width\" content=\"1320\" \/>\n\t<meta property=\"og:image:height\" content=\"530\" \/>\n\t<meta property=\"og:image:type\" content=\"image\/png\" \/>\n<meta name=\"twitter:card\" content=\"summary_large_image\" \/>\n<meta name=\"twitter:label1\" content=\"Est. reading time\" \/>\n\t<meta name=\"twitter:data1\" content=\"1 minute\" \/>\n<script type=\"application\/ld+json\" class=\"yoast-schema-graph\">{\"@context\":\"https:\\\/\\\/schema.org\",\"@graph\":[{\"@type\":\"WebPage\",\"@id\":\"https:\\\/\\\/cheofoundation.com\\\/fr\\\/a-propos-de-nous\\\/conseil-administration\\\/\",\"url\":\"https:\\\/\\\/cheofoundation.com\\\/fr\\\/a-propos-de-nous\\\/conseil-administration\\\/\",\"name\":\"Fondation du CHEO | Membres du Conseil d\u2019administration\",\"isPartOf\":{\"@id\":\"https:\\\/\\\/cheofoundation.com\\\/fr\\\/#website\"},\"primaryImageOfPage\":{\"@id\":\"https:\\\/\\\/cheofoundation.com\\\/fr\\\/a-propos-de-nous\\\/conseil-administration\\\/#primaryimage\"},\"image\":{\"@id\":\"https:\\\/\\\/cheofoundation.com\\\/fr\\\/a-propos-de-nous\\\/conseil-administration\\\/#primaryimage\"},\"thumbnailUrl\":\"https:\\\/\\\/cheofoundation.com\\\/wp-content\\\/uploads\\\/2025\\\/03\\\/board-photo-e1729003713328.png\",\"datePublished\":\"2024-09-06T20:48:28+00:00\",\"dateModified\":\"2025-04-09T19:36:01+00:00\",\"description\":\"Rencontrez le Conseil d'administration du CHEO - des leaders de la communaut\u00e9 et des experts qui guident notre mission d'offrir des soins p\u00e9diatriques et de l'innovation de classe mondiale.\",\"breadcrumb\":{\"@id\":\"https:\\\/\\\/cheofoundation.com\\\/fr\\\/a-propos-de-nous\\\/conseil-administration\\\/#breadcrumb\"},\"inLanguage\":\"fr-FR\",\"potentialAction\":[{\"@type\":\"ReadAction\",\"target\":[\"https:\\\/\\\/cheofoundation.com\\\/fr\\\/a-propos-de-nous\\\/conseil-administration\\\/\"]}]},{\"@type\":\"ImageObject\",\"inLanguage\":\"fr-FR\",\"@id\":\"https:\\\/\\\/cheofoundation.com\\\/fr\\\/a-propos-de-nous\\\/conseil-administration\\\/#primaryimage\",\"url\":\"https:\\\/\\\/cheofoundation.com\\\/wp-content\\\/uploads\\\/2025\\\/03\\\/board-photo-e1729003713328.png\",\"contentUrl\":\"https:\\\/\\\/cheofoundation.com\\\/wp-content\\\/uploads\\\/2025\\\/03\\\/board-photo-e1729003713328.png\",\"width\":1982,\"height\":796},{\"@type\":\"BreadcrumbList\",\"@id\":\"https:\\\/\\\/cheofoundation.com\\\/fr\\\/a-propos-de-nous\\\/conseil-administration\\\/#breadcrumb\",\"itemListElement\":[{\"@type\":\"ListItem\",\"position\":1,\"name\":\"Home\",\"item\":\"https:\\\/\\\/cheofoundation.com\\\/fr\\\/\"},{\"@type\":\"ListItem\",\"position\":2,\"name\":\"\u00c0 propos de nous\",\"item\":\"https:\\\/\\\/cheofoundation.com\\\/fr\\\/a-propos-de-nous\\\/\"},{\"@type\":\"ListItem\",\"position\":3,\"name\":\"Membres du Conseil d\u2019administration\"}]},{\"@type\":\"WebSite\",\"@id\":\"https:\\\/\\\/cheofoundation.com\\\/fr\\\/#website\",\"url\":\"https:\\\/\\\/cheofoundation.com\\\/fr\\\/\",\"name\":\"Fondation du CHEO\",\"description\":\"\",\"publisher\":{\"@id\":\"https:\\\/\\\/cheofoundation.com\\\/fr\\\/#organization\"},\"potentialAction\":[{\"@type\":\"SearchAction\",\"target\":{\"@type\":\"EntryPoint\",\"urlTemplate\":\"https:\\\/\\\/cheofoundation.com\\\/fr\\\/?s={search_term_string}\"},\"query-input\":{\"@type\":\"PropertyValueSpecification\",\"valueRequired\":true,\"valueName\":\"search_term_string\"}}],\"inLanguage\":\"fr-FR\"},{\"@type\":\"Organization\",\"@id\":\"https:\\\/\\\/cheofoundation.com\\\/fr\\\/#organization\",\"name\":\"CHEO Foundation\",\"url\":\"https:\\\/\\\/cheofoundation.com\\\/fr\\\/\",\"logo\":{\"@type\":\"ImageObject\",\"inLanguage\":\"fr-FR\",\"@id\":\"https:\\\/\\\/cheofoundation.com\\\/fr\\\/#\\\/schema\\\/logo\\\/image\\\/\",\"url\":\"https:\\\/\\\/cheofoundation.com\\\/wp-content\\\/uploads\\\/2024\\\/08\\\/6a9404497b334c9108f34826e2e2a7ce.png\",\"contentUrl\":\"https:\\\/\\\/cheofoundation.com\\\/wp-content\\\/uploads\\\/2024\\\/08\\\/6a9404497b334c9108f34826e2e2a7ce.png\",\"width\":900,\"height\":456,\"caption\":\"CHEO Foundation\"},\"image\":{\"@id\":\"https:\\\/\\\/cheofoundation.com\\\/fr\\\/#\\\/schema\\\/logo\\\/image\\\/\"},\"sameAs\":[\"https:\\\/\\\/www.instagram.com\\\/cheohospital\\\/\",\"https:\\\/\\\/www.youtube.com\\\/user\\\/CHEOvideos\",\"https:\\\/\\\/www.linkedin.com\\\/company\\\/cheo-ottawa\\\/\"]}]}<\/script>\n<!-- \/ Yoast SEO plugin. -->","yoast_head_json":{"title":"Fondation du CHEO | Membres du Conseil d\u2019administration","description":"Rencontrez le Conseil d'administration du CHEO - des leaders de la communaut\u00e9 et des experts qui guident notre mission d'offrir des soins p\u00e9diatriques et de l'innovation de classe mondiale.","robots":{"index":"index","follow":"follow","max-snippet":"max-snippet:-1","max-image-preview":"max-image-preview:large","max-video-preview":"max-video-preview:-1"},"canonical":"https:\/\/cheofoundation.com\/fr\/a-propos-de-nous\/conseil-administration\/","og_locale":"fr_FR","og_type":"article","og_title":"Fondation du CHEO | Membres du Conseil d\u2019administration","og_description":"Rencontrez le Conseil d'administration du CHEO - des leaders de la communaut\u00e9 et des experts qui guident notre mission d'offrir des soins p\u00e9diatriques et de l'innovation de classe mondiale.","og_url":"https:\/\/cheofoundation.com\/fr\/a-propos-de-nous\/conseil-administration\/","og_site_name":"Fondation du CHEO","article_modified_time":"2025-04-09T19:36:01+00:00","og_image":[{"width":1320,"height":530,"url":"https:\/\/cheofoundation.com\/wp-content\/uploads\/2025\/03\/board-photo-e1729003713328-1320x530.png","type":"image\/png"}],"twitter_card":"summary_large_image","twitter_misc":{"Est. reading time":"1 minute"},"schema":{"@context":"https:\/\/schema.org","@graph":[{"@type":"WebPage","@id":"https:\/\/cheofoundation.com\/fr\/a-propos-de-nous\/conseil-administration\/","url":"https:\/\/cheofoundation.com\/fr\/a-propos-de-nous\/conseil-administration\/","name":"Fondation du CHEO | Membres du Conseil d\u2019administration","isPartOf":{"@id":"https:\/\/cheofoundation.com\/fr\/#website"},"primaryImageOfPage":{"@id":"https:\/\/cheofoundation.com\/fr\/a-propos-de-nous\/conseil-administration\/#primaryimage"},"image":{"@id":"https:\/\/cheofoundation.com\/fr\/a-propos-de-nous\/conseil-administration\/#primaryimage"},"thumbnailUrl":"https:\/\/cheofoundation.com\/wp-content\/uploads\/2025\/03\/board-photo-e1729003713328.png","datePublished":"2024-09-06T20:48:28+00:00","dateModified":"2025-04-09T19:36:01+00:00","description":"Rencontrez le Conseil d'administration du CHEO - des leaders de la communaut\u00e9 et des experts qui guident notre mission d'offrir des soins p\u00e9diatriques et de l'innovation de classe mondiale.","breadcrumb":{"@id":"https:\/\/cheofoundation.com\/fr\/a-propos-de-nous\/conseil-administration\/#breadcrumb"},"inLanguage":"fr-FR","potentialAction":[{"@type":"ReadAction","target":["https:\/\/cheofoundation.com\/fr\/a-propos-de-nous\/conseil-administration\/"]}]},{"@type":"ImageObject","inLanguage":"fr-FR","@id":"https:\/\/cheofoundation.com\/fr\/a-propos-de-nous\/conseil-administration\/#primaryimage","url":"https:\/\/cheofoundation.com\/wp-content\/uploads\/2025\/03\/board-photo-e1729003713328.png","contentUrl":"https:\/\/cheofoundation.com\/wp-content\/uploads\/2025\/03\/board-photo-e1729003713328.png","width":1982,"height":796},{"@type":"BreadcrumbList","@id":"https:\/\/cheofoundation.com\/fr\/a-propos-de-nous\/conseil-administration\/#breadcrumb","itemListElement":[{"@type":"ListItem","position":1,"name":"Home","item":"https:\/\/cheofoundation.com\/fr\/"},{"@type":"ListItem","position":2,"name":"\u00c0 propos de nous","item":"https:\/\/cheofoundation.com\/fr\/a-propos-de-nous\/"},{"@type":"ListItem","position":3,"name":"Membres du Conseil d\u2019administration"}]},{"@type":"WebSite","@id":"https:\/\/cheofoundation.com\/fr\/#website","url":"https:\/\/cheofoundation.com\/fr\/","name":"Fondation du CHEO","description":"","publisher":{"@id":"https:\/\/cheofoundation.com\/fr\/#organization"},"potentialAction":[{"@type":"SearchAction","target":{"@type":"EntryPoint","urlTemplate":"https:\/\/cheofoundation.com\/fr\/?s={search_term_string}"},"query-input":{"@type":"PropertyValueSpecification","valueRequired":true,"valueName":"search_term_string"}}],"inLanguage":"fr-FR"},{"@type":"Organization","@id":"https:\/\/cheofoundation.com\/fr\/#organization","name":"CHEO Foundation","url":"https:\/\/cheofoundation.com\/fr\/","logo":{"@type":"ImageObject","inLanguage":"fr-FR","@id":"https:\/\/cheofoundation.com\/fr\/#\/schema\/logo\/image\/","url":"https:\/\/cheofoundation.com\/wp-content\/uploads\/2024\/08\/6a9404497b334c9108f34826e2e2a7ce.png","contentUrl":"https:\/\/cheofoundation.com\/wp-content\/uploads\/2024\/08\/6a9404497b334c9108f34826e2e2a7ce.png","width":900,"height":456,"caption":"CHEO Foundation"},"image":{"@id":"https:\/\/cheofoundation.com\/fr\/#\/schema\/logo\/image\/"},"sameAs":["https:\/\/www.instagram.com\/cheohospital\/","https:\/\/www.youtube.com\/user\/CHEOvideos","https:\/\/www.linkedin.com\/company\/cheo-ottawa\/"]}]}},"_links":{"self":[{"href":"https:\/\/cheofoundation.com\/fr\/wp-json\/wp\/v2\/pages\/15219","targetHints":{"allow":["GET"]}}],"collection":[{"href":"https:\/\/cheofoundation.com\/fr\/wp-json\/wp\/v2\/pages"}],"about":[{"href":"https:\/\/cheofoundation.com\/fr\/wp-json\/wp\/v2\/types\/page"}],"author":[{"embeddable":true,"href":"https:\/\/cheofoundation.com\/fr\/wp-json\/wp\/v2\/users\/1"}],"replies":[{"embeddable":true,"href":"https:\/\/cheofoundation.com\/fr\/wp-json\/wp\/v2\/comments?post=15219"}],"version-history":[{"count":0,"href":"https:\/\/cheofoundation.com\/fr\/wp-json\/wp\/v2\/pages\/15219\/revisions"}],"up":[{"embeddable":true,"href":"https:\/\/cheofoundation.com\/fr\/wp-json\/wp\/v2\/pages\/15225"}],"wp:featuredmedia":[{"embeddable":true,"href":"https:\/\/cheofoundation.com\/fr\/wp-json\/wp\/v2\/media\/15465"}],"wp:attachment":[{"href":"https:\/\/cheofoundation.com\/fr\/wp-json\/wp\/v2\/media?parent=15219"}],"curies":[{"name":"wp","href":"https:\/\/api.w.org\/{rel}","templated":true}]}}