{"id":15302,"date":"2024-08-27T12:44:16","date_gmt":"2024-08-27T16:44:16","guid":{"rendered":"https:\/\/cheofoundation.com\/impact-de-vos-dons\/"},"modified":"2025-04-07T16:39:51","modified_gmt":"2025-04-07T20:39:51","slug":"impact-de-vos-dons","status":"publish","type":"page","link":"https:\/\/cheofoundation.com\/fr\/impact-de-vos-dons\/","title":{"rendered":"L\u2019impact de vos dons"},"content":{"rendered":"\n<div class=\"wp-block-columns is-layout-flex wp-container-core-columns-is-layout-28f84493 wp-block-columns-is-layout-flex\">\n<div class=\"wp-block-column is-layout-flow wp-block-column-is-layout-flow\">\n<div class=\"wp-block-columns is-not-stacked-on-mobile images-quad is-layout-flex wp-container-core-columns-is-layout-28f84493 wp-block-columns-is-layout-flex\">\n<div class=\"wp-block-column is-layout-flow wp-block-column-is-layout-flow\">\n<figure class=\"wp-block-image size-large\"><img loading=\"lazy\" decoding=\"async\" width=\"1320\" height=\"939\" src=\"https:\/\/cheofoundation.com\/wp-content\/uploads\/2024\/10\/donation-impact-1-1320x939.png\" alt=\"\" class=\"wp-image-14438\" style=\"aspect-ratio:1;object-fit:cover\" srcset=\"https:\/\/cheofoundation.com\/wp-content\/uploads\/2024\/10\/donation-impact-1-1320x939.png 1320w, https:\/\/cheofoundation.com\/wp-content\/uploads\/2024\/10\/donation-impact-1-660x470.png 660w, https:\/\/cheofoundation.com\/wp-content\/uploads\/2024\/10\/donation-impact-1-768x546.png 768w, https:\/\/cheofoundation.com\/wp-content\/uploads\/2024\/10\/donation-impact-1-1536x1093.png 1536w, https:\/\/cheofoundation.com\/wp-content\/uploads\/2024\/10\/donation-impact-1.png 1996w\" sizes=\"auto, (max-width: 1320px) 100vw, 1320px\" \/><\/figure>\n\n\n\n<figure class=\"wp-block-image size-full\"><img loading=\"lazy\" decoding=\"async\" width=\"996\" height=\"712\" src=\"https:\/\/cheofoundation.com\/wp-content\/uploads\/2024\/10\/donation-impact-3.png\" alt=\"\" class=\"wp-image-14441\" style=\"aspect-ratio:1;object-fit:cover\" srcset=\"https:\/\/cheofoundation.com\/wp-content\/uploads\/2024\/10\/donation-impact-3.png 996w, https:\/\/cheofoundation.com\/wp-content\/uploads\/2024\/10\/donation-impact-3-660x472.png 660w, https:\/\/cheofoundation.com\/wp-content\/uploads\/2024\/10\/donation-impact-3-768x549.png 768w\" sizes=\"auto, (max-width: 996px) 100vw, 996px\" \/><\/figure>\n<\/div>\n\n\n\n<div class=\"wp-block-column is-layout-flow wp-block-column-is-layout-flow\">\n<figure class=\"wp-block-image size-full\"><img loading=\"lazy\" decoding=\"async\" width=\"994\" height=\"664\" src=\"https:\/\/cheofoundation.com\/wp-content\/uploads\/2024\/10\/donation-impact-2.png\" alt=\"\" class=\"wp-image-14440\" style=\"aspect-ratio:1;object-fit:cover\" srcset=\"https:\/\/cheofoundation.com\/wp-content\/uploads\/2024\/10\/donation-impact-2.png 994w, https:\/\/cheofoundation.com\/wp-content\/uploads\/2024\/10\/donation-impact-2-660x441.png 660w, https:\/\/cheofoundation.com\/wp-content\/uploads\/2024\/10\/donation-impact-2-768x513.png 768w\" sizes=\"auto, (max-width: 994px) 100vw, 994px\" \/><\/figure>\n\n\n\n<figure class=\"wp-block-image size-full\"><img loading=\"lazy\" decoding=\"async\" width=\"996\" height=\"710\" src=\"https:\/\/cheofoundation.com\/wp-content\/uploads\/2024\/10\/donation-impact-4.png\" alt=\"\" class=\"wp-image-14442\" style=\"aspect-ratio:1;object-fit:cover\" srcset=\"https:\/\/cheofoundation.com\/wp-content\/uploads\/2024\/10\/donation-impact-4.png 996w, https:\/\/cheofoundation.com\/wp-content\/uploads\/2024\/10\/donation-impact-4-660x470.png 660w, https:\/\/cheofoundation.com\/wp-content\/uploads\/2024\/10\/donation-impact-4-768x547.png 768w\" sizes=\"auto, (max-width: 996px) 100vw, 996px\" \/><\/figure>\n<\/div>\n<\/div>\n<\/div>\n\n\n\n<div class=\"wp-block-column is-vertically-aligned-center is-layout-flow wp-block-column-is-layout-flow\">\n<h2 class=\"wp-block-heading gold-underline line-small line-left\">Cr\u00e9er de l\u2019espoir<\/h2>\n\n\n\n<p>Ensemble, nous obtenons des r\u00e9sultats remarquables gr\u00e2ce \u00e0 la recherche, \u00e0 l&rsquo;\u00e9quipement, \u00e0 la formation du personnel, au soutien des familles en cas d&rsquo;urgence et \u00e0 l&rsquo;am\u00e9lioration des h\u00f4pitaux.<\/p>\n\n\n\n<div class=\"wp-block-buttons is-layout-flex wp-block-buttons-is-layout-flex\">\n<div class=\"wp-block-button cta-gold\"><a class=\"wp-block-button__link has-gold-background-color has-background wp-element-button\" href=\"https:\/\/secure.cheofoundation.com\/site\/Donation2?idb=1435632563&amp;df_id=1540&amp;1540.donation=form1&amp;mfc_pref=T&amp;s_locale=fr_CA\" target=\"_blank\" rel=\"noreferrer noopener\">Donner maintenant<\/a><\/div>\n<\/div>\n<\/div>\n<\/div>\n\n<p class=\"has-text-align-center\">\u00a0<\/p>\n\n<h2 class=\"wp-block-heading has-text-align-center gold-underline line-xlarge\">O\u00f9 va mon don?<\/h2>\n\n<p class=\"has-text-align-center narrow-width\" style=\"padding-right:24rem;padding-left:24rem;font-size:18px\">Nous vous remercions d&rsquo;avoir eu un impact dans divers domaines critiques des soins de sant\u00e9 p\u00e9diatriques. Vos dons sont utilis\u00e9s par le biais de:<br\/> <\/p>\n\n<div class=\"wp-block-group custom-row-wrapper cols-3 is-layout-constrained wp-block-group-is-layout-constrained\">\n<div class=\"wp-block-columns columns-with-icons is-layout-flex wp-container-core-columns-is-layout-28f84493 wp-block-columns-is-layout-flex\">\n<div class=\"wp-block-column is-layout-flow wp-block-column-is-layout-flow\">\n<div class=\"wp-block-outermost-icon-block\"><div class=\"icon-container\" style=\"width:48px;transform:rotate(0deg) scaleX(1) scaleY(1)\"><svg xmlns=\"http:\/\/www.w3.org\/2000\/svg\" aria-hidden=\"true\" focusable=\"false\" role=\"graphics-symbol\" viewbox=\"0 0 28 24\" fill=\"none\"><path d=\"M25.8462 0H2.15385C1.58261 0 1.03477 0.226922 0.630847 0.630847C0.226922 1.03477 0 1.58261 0 2.15385V21.5385C0 22.1097 0.226922 22.6575 0.630847 23.0615C1.03477 23.4654 1.58261 23.6923 2.15385 23.6923H25.8462C26.4174 23.6923 26.9652 23.4654 27.3692 23.0615C27.7731 22.6575 28 22.1097 28 21.5385V2.15385C28 1.58261 27.7731 1.03477 27.3692 0.630847C26.9652 0.226922 26.4174 0 25.8462 0ZM24.7692 12.9231H22.1631L18.1731 19.9231C18.0783 20.0872 17.9419 20.2234 17.7776 20.318C17.6134 20.4125 17.427 20.4621 17.2375 20.4615H17.1756C16.9757 20.4499 16.783 20.3828 16.6192 20.2677C16.4553 20.1526 16.3268 19.9941 16.2481 19.81L10.6346 6.72L7.40385 12.3846C7.30851 12.5498 7.17104 12.6866 7.00548 12.7812C6.83992 12.8758 6.65221 12.9248 6.46154 12.9231H3.23077C2.94515 12.9231 2.67123 12.8096 2.46927 12.6077C2.26731 12.4057 2.15385 12.1318 2.15385 11.8462C2.15385 11.5605 2.26731 11.2866 2.46927 11.0847C2.67123 10.8827 2.94515 10.7692 3.23077 10.7692H5.83692L9.83365 3.76923C9.93304 3.5953 10.079 3.45254 10.255 3.357C10.4311 3.26146 10.6303 3.21692 10.8303 3.22839C11.0303 3.23985 11.2232 3.30688 11.3871 3.42192C11.5511 3.53696 11.6798 3.69547 11.7587 3.87962L17.3654 16.9723L20.5962 11.3117C20.6909 11.1476 20.8273 11.0114 20.9916 10.9168C21.1559 10.8223 21.3422 10.7728 21.5317 10.7733H24.7625C25.0481 10.7733 25.322 10.8867 25.524 11.0887C25.726 11.2907 25.8394 11.5646 25.8394 11.8502C25.8394 12.1358 25.726 12.4097 25.524 12.6117C25.322 12.8137 25.0481 12.9271 24.7625 12.9271L24.7692 12.9231Z\" fill=\"white\"><\/path><\/svg><\/div><\/div>\n\n\n\n<h3 class=\"wp-block-heading has-text-align-center\">L&rsquo;\u00e9quipement<\/h3>\n\n\n\n<p class=\"has-text-align-center\">Fournir des outils et des technologies de pointe pour que les enfants et les jeunes re\u00e7oivent les soins m\u00e9dicaux les plus efficaces et les plus avanc\u00e9s qui soient.<\/p>\n<\/div>\n\n\n\n<div class=\"wp-block-column is-layout-flow wp-block-column-is-layout-flow\">\n<div class=\"wp-block-outermost-icon-block\"><div class=\"icon-container\" style=\"width:48px;transform:rotate(0deg) scaleX(1) scaleY(1)\"><svg xmlns=\"http:\/\/www.w3.org\/2000\/svg\" aria-hidden=\"true\" focusable=\"false\" role=\"graphics-symbol\" viewbox=\"0 0 28 28\" fill=\"none\"><path d=\"M28 11.3077V16.6923C28 17.2635 27.7731 17.8114 27.3692 18.2153C26.9652 18.6192 26.4174 18.8462 25.8462 18.8462H18.8462V25.8462C18.8462 26.4174 18.6192 26.9652 18.2153 27.3692C17.8114 27.7731 17.2635 28 16.6923 28H11.3077C10.7365 28 10.1886 27.7731 9.78469 27.3692C9.38077 26.9652 9.15385 26.4174 9.15385 25.8462V18.8462H2.15385C1.58261 18.8462 1.03477 18.6192 0.630847 18.2153C0.226922 17.8114 0 17.2635 0 16.6923V11.3077C0 10.7365 0.226922 10.1886 0.630847 9.78469C1.03477 9.38077 1.58261 9.15385 2.15385 9.15385H9.15385V2.15385C9.15385 1.58261 9.38077 1.03477 9.78469 0.630847C10.1886 0.226922 10.7365 0 11.3077 0H16.6923C17.2635 0 17.8114 0.226922 18.2153 0.630847C18.6192 1.03477 18.8462 1.58261 18.8462 2.15385V9.15385H25.8462C26.4174 9.15385 26.9652 9.38077 27.3692 9.78469C27.7731 10.1886 28 10.7365 28 11.3077Z\" fill=\"white\"><\/path><\/svg><\/div><\/div>\n\n\n\n<h3 class=\"wp-block-heading has-text-align-center\">La formation du personnel<\/h3>\n\n\n\n<p class=\"has-text-align-center\">Veiller \u00e0 ce que les professionnels de la sant\u00e9 du CHEO soient dot\u00e9s des connaissances et des comp\u00e9tences les plus r\u00e9centes, afin de leur permettre d&rsquo;offrir des soins exceptionnels.<br\/><\/p>\n<\/div>\n\n\n\n<div class=\"wp-block-column is-layout-flow wp-block-column-is-layout-flow\">\n<div class=\"wp-block-outermost-icon-block\"><div class=\"icon-container\" style=\"width:48px;transform:rotate(0deg) scaleX(1) scaleY(1)\"><svg xmlns=\"http:\/\/www.w3.org\/2000\/svg\" aria-hidden=\"true\" focusable=\"false\" role=\"graphics-symbol\" viewbox=\"0 0 28 24\" fill=\"none\"><path d=\"M27.0345 21.2414H26.069V11.5862C26.069 11.0741 25.8655 10.5829 25.5034 10.2208C25.1412 9.85862 24.6501 9.65517 24.1379 9.65517H17.3793V1.93103C17.3793 1.41889 17.1759 0.927726 16.8137 0.565587C16.4516 0.203448 15.9604 0 15.4483 0H3.86207C3.34993 0 2.85876 0.203448 2.49662 0.565587C2.13448 0.927726 1.93103 1.41889 1.93103 1.93103V21.2414H0.965517C0.709446 21.2414 0.463863 21.3431 0.282793 21.5242C0.101724 21.7052 0 21.9508 0 22.2069C0 22.463 0.101724 22.7086 0.282793 22.8896C0.463863 23.0707 0.709446 23.1724 0.965517 23.1724H27.0345C27.2906 23.1724 27.5361 23.0707 27.7172 22.8896C27.8983 22.7086 28 22.463 28 22.2069C28 21.9508 27.8983 21.7052 27.7172 21.5242C27.5361 21.3431 27.2906 21.2414 27.0345 21.2414ZM12.5517 21.2414H6.75862V15.4483H12.5517V21.2414ZM12.5517 8.68966H10.6207V10.6207C10.6207 10.8768 10.519 11.1223 10.3379 11.3034C10.1568 11.4845 9.91124 11.5862 9.65517 11.5862C9.3991 11.5862 9.15352 11.4845 8.97245 11.3034C8.79138 11.1223 8.68966 10.8768 8.68966 10.6207V8.68966H6.75862C6.50255 8.68966 6.25697 8.58793 6.0759 8.40686C5.89483 8.22579 5.7931 7.98021 5.7931 7.72414C5.7931 7.46807 5.89483 7.22248 6.0759 7.04141C6.25697 6.86034 6.50255 6.75862 6.75862 6.75862H8.68966V4.82759C8.68966 4.57152 8.79138 4.32593 8.97245 4.14486C9.15352 3.96379 9.3991 3.86207 9.65517 3.86207C9.91124 3.86207 10.1568 3.96379 10.3379 4.14486C10.519 4.32593 10.6207 4.57152 10.6207 4.82759V6.75862H12.5517C12.8078 6.75862 13.0534 6.86034 13.2344 7.04141C13.4155 7.22248 13.5172 7.46807 13.5172 7.72414C13.5172 7.98021 13.4155 8.22579 13.2344 8.40686C13.0534 8.58793 12.8078 8.68966 12.5517 8.68966ZM24.1379 21.2414H17.3793V11.5862H24.1379V21.2414Z\" fill=\"white\"><\/path><\/svg><\/div><\/div>\n\n\n\n<h3 class=\"wp-block-heading has-text-align-center\">Am\u00e9liorations \u00e0 l&rsquo;h\u00f4pital<\/h3>\n\n\n\n<p class=\"has-text-align-center\">Am\u00e9liorer les installations du CHEO afin de cr\u00e9er un environnement plus confortable et plus propice \u00e0 la gu\u00e9rison pour les enfants et leurs familles.<br\/><\/p>\n<\/div>\n<\/div>\n\n\n\n<div class=\"wp-block-columns columns-with-icons is-layout-flex wp-container-core-columns-is-layout-28f84493 wp-block-columns-is-layout-flex\">\n<div class=\"wp-block-column is-layout-flow wp-block-column-is-layout-flow\">\n<div class=\"wp-block-outermost-icon-block\"><div class=\"icon-container\" style=\"width:48px;transform:rotate(0deg) scaleX(1) scaleY(1)\"><svg xmlns=\"http:\/\/www.w3.org\/2000\/svg\" aria-hidden=\"true\" focusable=\"false\" role=\"graphics-symbol\" viewbox=\"0 0 33 33\" fill=\"none\"><g clip-path=\"url(#clip0_3379_8884)\"><path fill-rule=\"evenodd\" clip-rule=\"evenodd\" d=\"M4.71429 14.1429C4.71429 8.9356 8.9356 4.71429 14.1429 4.71429C19.3501 4.71429 23.5714 8.9356 23.5714 14.1429C23.5714 19.3501 19.3501 23.5714 14.1429 23.5714C8.9356 23.5714 4.71429 19.3501 4.71429 14.1429ZM14.1429 0C6.33197 0 0 6.33197 0 14.1429C0 21.9537 6.33197 28.2857 14.1429 28.2857C17.1972 28.2857 20.0254 27.3174 22.3373 25.6712L28.9761 32.3101C29.8966 33.2305 31.3891 33.2305 32.3096 32.3101C33.2301 31.3896 33.2301 29.8971 32.3096 28.9766L25.6709 22.3378C27.3174 20.0258 28.2857 17.1974 28.2857 14.1429C28.2857 6.33197 21.9537 0 14.1429 0Z\" fill=\"white\"><\/path><\/g><defs><clippath id=\"clip0_3379_8884\"><rect width=\"33\" height=\"33\" fill=\"white\"><\/rect><\/clippath><\/defs><\/svg><\/div><\/div>\n\n\n\n<h3 class=\"wp-block-heading has-text-align-center\">Recherche<\/h3>\n\n\n\n<p class=\"has-text-align-center\">En alimentant la recherche de classe mondiale \u00e0 l&rsquo;Institut de recherche du CHEO, rendant possible l&rsquo;innovation et l&rsquo;am\u00e9lioration dans tous les domaines des soins de sant\u00e9 p\u00e9diatriques.<\/p>\n<\/div>\n\n\n\n<div class=\"wp-block-column is-layout-flow wp-block-column-is-layout-flow\">\n<div class=\"wp-block-outermost-icon-block\"><div class=\"icon-container\" style=\"width:48px;transform:rotate(0deg) scaleX(1) scaleY(1)\"><svg xmlns=\"http:\/\/www.w3.org\/2000\/svg\" aria-hidden=\"true\" focusable=\"false\" role=\"graphics-symbol\" viewbox=\"0 0 31 29\" fill=\"none\"><path d=\"M29.2965 10.3339L20.453 9.04862L16.4997 1.03406C16.3917 0.814629 16.2141 0.636992 15.9947 0.529017C15.4443 0.257337 14.7756 0.483737 14.5004 1.03406L10.5471 9.04862L1.70361 10.3339C1.4598 10.3687 1.23688 10.4836 1.06621 10.6578C0.859877 10.8699 0.746179 11.1552 0.750098 11.451C0.754017 11.7469 0.875231 12.0291 1.08711 12.2356L7.48552 18.4738L5.97386 27.2825C5.93841 27.4874 5.96109 27.6982 6.03932 27.8908C6.11754 28.0835 6.24819 28.2504 6.41645 28.3726C6.58471 28.4948 6.78384 28.5675 6.99127 28.5822C7.19869 28.597 7.40611 28.5534 7.59001 28.4563L15.5001 24.2975L23.4101 28.4563C23.6261 28.5713 23.8769 28.6096 24.1172 28.5678C24.7233 28.4633 25.1308 27.8886 25.0263 27.2825L23.5146 18.4738L29.913 12.2356C30.0872 12.065 30.2021 11.842 30.237 11.5982C30.331 10.9887 29.9061 10.4244 29.2965 10.3339Z\" fill=\"white\"><\/path><\/svg><\/div><\/div>\n\n\n\n<h3 class=\"wp-block-heading has-text-align-center\">Les programmes<\/h3>\n\n\n\n<p class=\"has-text-align-center\">\u00c9largir les programmes et les services du CHEO afin que les enfants puissent obtenir les soins dont ils ont besoin, au moment o\u00f9 ils en ont besoin et de la fa\u00e7on dont ils en ont besoin.<\/p>\n<\/div>\n\n\n\n<div class=\"wp-block-column is-layout-flow wp-block-column-is-layout-flow\">\n<div class=\"wp-block-outermost-icon-block\"><div class=\"icon-container\" style=\"width:48px;transform:rotate(0deg) scaleX(1) scaleY(1)\"><svg xmlns=\"http:\/\/www.w3.org\/2000\/svg\" aria-hidden=\"true\" focusable=\"false\" role=\"graphics-symbol\" viewbox=\"0 0 28 26\" fill=\"none\"><path d=\"M7.74468 0.355469C3.48221 0.355469 0 3.78044 0 8.0376C0 9.63394 0.321408 12.228 2.09329 15.3019C3.86027 18.3673 7.02285 21.8289 12.5795 25.2449L12.5853 25.2485C13.0116 25.5079 13.501 25.6451 14 25.6451C14.499 25.6451 14.9884 25.5079 15.4147 25.2485L15.4205 25.2449C20.9771 21.8289 24.1397 18.3673 25.9067 15.3019C27.6786 12.228 28 9.63394 28 8.0376C28 3.78044 24.5178 0.355469 20.2553 0.355469C18.0097 0.355469 16.1098 1.55701 14.8819 2.57474C14.5529 2.84744 14.2574 3.11923 14 3.37227C13.7426 3.11923 13.4471 2.84744 13.1181 2.57474C11.8902 1.55701 9.9903 0.355469 7.74468 0.355469Z\" fill=\"white\"><\/path><\/svg><\/div><\/div>\n\n\n\n<h3 class=\"wp-block-heading has-text-align-center\">L&rsquo;aide aux familles<\/h3>\n\n\n\n<p class=\"has-text-align-center\">Aider le CHEO \u00e0 fournir des ressources financi\u00e8res aux familles, afin que les soignants puissent \u00eatre le principal soutien de leur enfant sans risquer de subir des cons\u00e9quences financi\u00e8res.<\/p>\n<\/div>\n<\/div>\n<\/div>\n","protected":false},"excerpt":{"rendered":"<p>Cr\u00e9er de l\u2019espoir Ensemble, nous obtenons des r\u00e9sultats remarquables gr\u00e2ce \u00e0 la recherche, \u00e0 l&rsquo;\u00e9quipement, \u00e0 la formation du personnel, au soutien des familles en&#8230;<\/p>\n","protected":false},"author":1,"featured_media":0,"parent":0,"menu_order":6,"comment_status":"closed","ping_status":"closed","template":"","meta":{"_eb_attr":"","footnotes":""},"class_list":["post-15302","page","type-page","status-publish","hentry"],"yoast_head":"<!-- This site is optimized with the Yoast SEO plugin v27.5 - https:\/\/yoast.com\/product\/yoast-seo-wordpress\/ -->\n<title>Fondation du CHEO | L\u2019impact de vos dons<\/title>\n<meta name=\"description\" content=\"Votre soutien transforme les soins p\u00e9diatriques au CHEO. Nous finan\u00e7ons la recherche, l&#039;aide aux familles et les innovations qui permettent aux enfants d&#039;avoir un avenir plus sain.\" \/>\n<meta name=\"robots\" content=\"index, follow, max-snippet:-1, max-image-preview:large, max-video-preview:-1\" \/>\n<link rel=\"canonical\" href=\"https:\/\/cheofoundation.com\/fr\/impact-de-vos-dons\/\" \/>\n<meta property=\"og:locale\" content=\"fr_FR\" \/>\n<meta property=\"og:type\" content=\"article\" \/>\n<meta property=\"og:title\" content=\"Fondation du CHEO | L\u2019impact de vos dons\" \/>\n<meta property=\"og:description\" content=\"Votre soutien transforme les soins p\u00e9diatriques au CHEO. Nous finan\u00e7ons la recherche, l&#039;aide aux familles et les innovations qui permettent aux enfants d&#039;avoir un avenir plus sain.\" \/>\n<meta property=\"og:url\" content=\"https:\/\/cheofoundation.com\/fr\/impact-de-vos-dons\/\" \/>\n<meta property=\"og:site_name\" content=\"Fondation du CHEO\" \/>\n<meta property=\"article:modified_time\" content=\"2025-04-07T20:39:51+00:00\" \/>\n<meta property=\"og:image\" content=\"https:\/\/cheofoundation.com\/wp-content\/uploads\/2024\/10\/donation-impact-1-1320x939.png\" \/>\n<meta name=\"twitter:card\" content=\"summary_large_image\" \/>\n<meta name=\"twitter:label1\" content=\"Est. reading time\" \/>\n\t<meta name=\"twitter:data1\" content=\"1 minute\" \/>\n<script type=\"application\/ld+json\" class=\"yoast-schema-graph\">{\"@context\":\"https:\\\/\\\/schema.org\",\"@graph\":[{\"@type\":\"WebPage\",\"@id\":\"https:\\\/\\\/cheofoundation.com\\\/fr\\\/impact-de-vos-dons\\\/\",\"url\":\"https:\\\/\\\/cheofoundation.com\\\/fr\\\/impact-de-vos-dons\\\/\",\"name\":\"Fondation du CHEO | L\u2019impact de vos dons\",\"isPartOf\":{\"@id\":\"https:\\\/\\\/cheofoundation.com\\\/fr\\\/#website\"},\"primaryImageOfPage\":{\"@id\":\"https:\\\/\\\/cheofoundation.com\\\/fr\\\/impact-de-vos-dons\\\/#primaryimage\"},\"image\":{\"@id\":\"https:\\\/\\\/cheofoundation.com\\\/fr\\\/impact-de-vos-dons\\\/#primaryimage\"},\"thumbnailUrl\":\"https:\\\/\\\/cheofoundation.com\\\/wp-content\\\/uploads\\\/2024\\\/10\\\/donation-impact-1-1320x939.png\",\"datePublished\":\"2024-08-27T16:44:16+00:00\",\"dateModified\":\"2025-04-07T20:39:51+00:00\",\"description\":\"Votre soutien transforme les soins p\u00e9diatriques au CHEO. Nous finan\u00e7ons la recherche, l'aide aux familles et les innovations qui permettent aux enfants d'avoir un avenir plus sain.\",\"breadcrumb\":{\"@id\":\"https:\\\/\\\/cheofoundation.com\\\/fr\\\/impact-de-vos-dons\\\/#breadcrumb\"},\"inLanguage\":\"fr-FR\",\"potentialAction\":[{\"@type\":\"ReadAction\",\"target\":[\"https:\\\/\\\/cheofoundation.com\\\/fr\\\/impact-de-vos-dons\\\/\"]}]},{\"@type\":\"ImageObject\",\"inLanguage\":\"fr-FR\",\"@id\":\"https:\\\/\\\/cheofoundation.com\\\/fr\\\/impact-de-vos-dons\\\/#primaryimage\",\"url\":\"https:\\\/\\\/cheofoundation.com\\\/wp-content\\\/uploads\\\/2024\\\/10\\\/donation-impact-1-1320x939.png\",\"contentUrl\":\"https:\\\/\\\/cheofoundation.com\\\/wp-content\\\/uploads\\\/2024\\\/10\\\/donation-impact-1-1320x939.png\"},{\"@type\":\"BreadcrumbList\",\"@id\":\"https:\\\/\\\/cheofoundation.com\\\/fr\\\/impact-de-vos-dons\\\/#breadcrumb\",\"itemListElement\":[{\"@type\":\"ListItem\",\"position\":1,\"name\":\"Home\",\"item\":\"https:\\\/\\\/cheofoundation.com\\\/fr\\\/\"},{\"@type\":\"ListItem\",\"position\":2,\"name\":\"L\u2019impact de vos dons\"}]},{\"@type\":\"WebSite\",\"@id\":\"https:\\\/\\\/cheofoundation.com\\\/fr\\\/#website\",\"url\":\"https:\\\/\\\/cheofoundation.com\\\/fr\\\/\",\"name\":\"Fondation du CHEO\",\"description\":\"\",\"publisher\":{\"@id\":\"https:\\\/\\\/cheofoundation.com\\\/fr\\\/#organization\"},\"potentialAction\":[{\"@type\":\"SearchAction\",\"target\":{\"@type\":\"EntryPoint\",\"urlTemplate\":\"https:\\\/\\\/cheofoundation.com\\\/fr\\\/?s={search_term_string}\"},\"query-input\":{\"@type\":\"PropertyValueSpecification\",\"valueRequired\":true,\"valueName\":\"search_term_string\"}}],\"inLanguage\":\"fr-FR\"},{\"@type\":\"Organization\",\"@id\":\"https:\\\/\\\/cheofoundation.com\\\/fr\\\/#organization\",\"name\":\"CHEO Foundation\",\"url\":\"https:\\\/\\\/cheofoundation.com\\\/fr\\\/\",\"logo\":{\"@type\":\"ImageObject\",\"inLanguage\":\"fr-FR\",\"@id\":\"https:\\\/\\\/cheofoundation.com\\\/fr\\\/#\\\/schema\\\/logo\\\/image\\\/\",\"url\":\"https:\\\/\\\/cheofoundation.com\\\/wp-content\\\/uploads\\\/2024\\\/08\\\/6a9404497b334c9108f34826e2e2a7ce.png\",\"contentUrl\":\"https:\\\/\\\/cheofoundation.com\\\/wp-content\\\/uploads\\\/2024\\\/08\\\/6a9404497b334c9108f34826e2e2a7ce.png\",\"width\":900,\"height\":456,\"caption\":\"CHEO Foundation\"},\"image\":{\"@id\":\"https:\\\/\\\/cheofoundation.com\\\/fr\\\/#\\\/schema\\\/logo\\\/image\\\/\"},\"sameAs\":[\"https:\\\/\\\/www.instagram.com\\\/cheohospital\\\/\",\"https:\\\/\\\/www.youtube.com\\\/user\\\/CHEOvideos\",\"https:\\\/\\\/www.linkedin.com\\\/company\\\/cheo-ottawa\\\/\"]}]}<\/script>\n<!-- \/ Yoast SEO plugin. -->","yoast_head_json":{"title":"Fondation du CHEO | L\u2019impact de vos dons","description":"Votre soutien transforme les soins p\u00e9diatriques au CHEO. Nous finan\u00e7ons la recherche, l'aide aux familles et les innovations qui permettent aux enfants d'avoir un avenir plus sain.","robots":{"index":"index","follow":"follow","max-snippet":"max-snippet:-1","max-image-preview":"max-image-preview:large","max-video-preview":"max-video-preview:-1"},"canonical":"https:\/\/cheofoundation.com\/fr\/impact-de-vos-dons\/","og_locale":"fr_FR","og_type":"article","og_title":"Fondation du CHEO | L\u2019impact de vos dons","og_description":"Votre soutien transforme les soins p\u00e9diatriques au CHEO. Nous finan\u00e7ons la recherche, l'aide aux familles et les innovations qui permettent aux enfants d'avoir un avenir plus sain.","og_url":"https:\/\/cheofoundation.com\/fr\/impact-de-vos-dons\/","og_site_name":"Fondation du CHEO","article_modified_time":"2025-04-07T20:39:51+00:00","og_image":[{"url":"https:\/\/cheofoundation.com\/wp-content\/uploads\/2024\/10\/donation-impact-1-1320x939.png","type":"","width":"","height":""}],"twitter_card":"summary_large_image","twitter_misc":{"Est. reading time":"1 minute"},"schema":{"@context":"https:\/\/schema.org","@graph":[{"@type":"WebPage","@id":"https:\/\/cheofoundation.com\/fr\/impact-de-vos-dons\/","url":"https:\/\/cheofoundation.com\/fr\/impact-de-vos-dons\/","name":"Fondation du CHEO | L\u2019impact de vos dons","isPartOf":{"@id":"https:\/\/cheofoundation.com\/fr\/#website"},"primaryImageOfPage":{"@id":"https:\/\/cheofoundation.com\/fr\/impact-de-vos-dons\/#primaryimage"},"image":{"@id":"https:\/\/cheofoundation.com\/fr\/impact-de-vos-dons\/#primaryimage"},"thumbnailUrl":"https:\/\/cheofoundation.com\/wp-content\/uploads\/2024\/10\/donation-impact-1-1320x939.png","datePublished":"2024-08-27T16:44:16+00:00","dateModified":"2025-04-07T20:39:51+00:00","description":"Votre soutien transforme les soins p\u00e9diatriques au CHEO. Nous finan\u00e7ons la recherche, l'aide aux familles et les innovations qui permettent aux enfants d'avoir un avenir plus sain.","breadcrumb":{"@id":"https:\/\/cheofoundation.com\/fr\/impact-de-vos-dons\/#breadcrumb"},"inLanguage":"fr-FR","potentialAction":[{"@type":"ReadAction","target":["https:\/\/cheofoundation.com\/fr\/impact-de-vos-dons\/"]}]},{"@type":"ImageObject","inLanguage":"fr-FR","@id":"https:\/\/cheofoundation.com\/fr\/impact-de-vos-dons\/#primaryimage","url":"https:\/\/cheofoundation.com\/wp-content\/uploads\/2024\/10\/donation-impact-1-1320x939.png","contentUrl":"https:\/\/cheofoundation.com\/wp-content\/uploads\/2024\/10\/donation-impact-1-1320x939.png"},{"@type":"BreadcrumbList","@id":"https:\/\/cheofoundation.com\/fr\/impact-de-vos-dons\/#breadcrumb","itemListElement":[{"@type":"ListItem","position":1,"name":"Home","item":"https:\/\/cheofoundation.com\/fr\/"},{"@type":"ListItem","position":2,"name":"L\u2019impact de vos dons"}]},{"@type":"WebSite","@id":"https:\/\/cheofoundation.com\/fr\/#website","url":"https:\/\/cheofoundation.com\/fr\/","name":"Fondation du CHEO","description":"","publisher":{"@id":"https:\/\/cheofoundation.com\/fr\/#organization"},"potentialAction":[{"@type":"SearchAction","target":{"@type":"EntryPoint","urlTemplate":"https:\/\/cheofoundation.com\/fr\/?s={search_term_string}"},"query-input":{"@type":"PropertyValueSpecification","valueRequired":true,"valueName":"search_term_string"}}],"inLanguage":"fr-FR"},{"@type":"Organization","@id":"https:\/\/cheofoundation.com\/fr\/#organization","name":"CHEO Foundation","url":"https:\/\/cheofoundation.com\/fr\/","logo":{"@type":"ImageObject","inLanguage":"fr-FR","@id":"https:\/\/cheofoundation.com\/fr\/#\/schema\/logo\/image\/","url":"https:\/\/cheofoundation.com\/wp-content\/uploads\/2024\/08\/6a9404497b334c9108f34826e2e2a7ce.png","contentUrl":"https:\/\/cheofoundation.com\/wp-content\/uploads\/2024\/08\/6a9404497b334c9108f34826e2e2a7ce.png","width":900,"height":456,"caption":"CHEO Foundation"},"image":{"@id":"https:\/\/cheofoundation.com\/fr\/#\/schema\/logo\/image\/"},"sameAs":["https:\/\/www.instagram.com\/cheohospital\/","https:\/\/www.youtube.com\/user\/CHEOvideos","https:\/\/www.linkedin.com\/company\/cheo-ottawa\/"]}]}},"_links":{"self":[{"href":"https:\/\/cheofoundation.com\/fr\/wp-json\/wp\/v2\/pages\/15302","targetHints":{"allow":["GET"]}}],"collection":[{"href":"https:\/\/cheofoundation.com\/fr\/wp-json\/wp\/v2\/pages"}],"about":[{"href":"https:\/\/cheofoundation.com\/fr\/wp-json\/wp\/v2\/types\/page"}],"author":[{"embeddable":true,"href":"https:\/\/cheofoundation.com\/fr\/wp-json\/wp\/v2\/users\/1"}],"replies":[{"embeddable":true,"href":"https:\/\/cheofoundation.com\/fr\/wp-json\/wp\/v2\/comments?post=15302"}],"version-history":[{"count":0,"href":"https:\/\/cheofoundation.com\/fr\/wp-json\/wp\/v2\/pages\/15302\/revisions"}],"wp:attachment":[{"href":"https:\/\/cheofoundation.com\/fr\/wp-json\/wp\/v2\/media?parent=15302"}],"curies":[{"name":"wp","href":"https:\/\/api.w.org\/{rel}","templated":true}]}}