{"id":15347,"date":"2025-01-06T17:48:36","date_gmt":"2025-01-06T22:48:36","guid":{"rendered":"https:\/\/cheofoundation.com\/code-ethique\/"},"modified":"2025-04-08T09:27:20","modified_gmt":"2025-04-08T13:27:20","slug":"code-ethique","status":"publish","type":"page","link":"https:\/\/cheofoundation.com\/fr\/code-ethique\/","title":{"rendered":"Code d&rsquo;\u00c9thique"},"content":{"rendered":"\n<h2 class=\"wp-block-heading\">Droits des Donateurs<\/h2>\n\n<ol class=\"wp-block-list\">\n<li>Tous les donateurs recevront un re\u00e7u officiel d&rsquo;imp\u00f4t sur le revenu pour les dons d&rsquo;un montant sup\u00e9rieur ou \u00e9gal \u00e0 20 dollars. Les donateurs de cadeaux non-mon\u00e9taires \u00e9ligibles (ou de cadeaux en nature) ont le droit de recevoir un re\u00e7u officiel refl\u00e9tant la juste valeur marchande du cadeau, conform\u00e9ment aux lignes directrices de l&rsquo;Agence du revenu du Canada. <\/li>\n\n\n\n<li>Toutes les sollicitations de collecte de fonds par ou au nom de la Fondation mentionneront le nom de la Fondation et l&rsquo;objectif pour lequel les fonds sont demand\u00e9s. Les sollicitations imprim\u00e9es (quelle que soit la mani\u00e8re dont elles sont transmises) mentionneront \u00e9galement l&rsquo;adresse de la Fondation ou d&rsquo;autres informations de contact. <\/li>\n\n\n\n<li>Les donateurs et les donateurs potentiels ont le droit de recevoir les informations suivantes, sur demande, aussi rapidement que possible:\n<ul class=\"wp-block-list\">\n<li>le dernier rapport annuel et les \u00e9tats financiers annuels v\u00e9rifi\u00e9s de la Fondation, tels qu&rsquo;ils ont \u00e9t\u00e9 approuv\u00e9s par le conseil d&rsquo;administration;<\/li>\n\n\n\n<li>le num\u00e9ro d&rsquo;entreprise (NE) de la fondation, tel qu&rsquo;attribu\u00e9 par l&rsquo;Agence du revenu du Canada;<\/li>\n\n\n\n<li>toute information contenue dans la partie publique de la derni\u00e8re d\u00e9claration de renseignements des organismes de bienfaisance de la Fondation (formulaire T3010), telle qu&rsquo;elle a \u00e9t\u00e9 soumise \u00e0 l&rsquo;Agence du revenu du Canada;<\/li>\n\n\n\n<li>une liste des noms des membres du conseil d&rsquo;administration;<\/li>\n\n\n\n<li>une copie du pr\u00e9sent code d&rsquo;\u00e9thique en mati\u00e8re de collecte de fonds et de responsabilit\u00e9 financi\u00e8re; et<\/li>\n\n\n\n<li>une copie de la \u00ab Charte des droits du donateur \u00bb de la Fondation.<\/li>\n<\/ul>\n<\/li>\n<\/ol>\n\n<ol start=\"4\" class=\"wp-block-list\">\n<li>Les donateurs et les donateurs potentiels ont le droit de savoir, sur demande, si une personne sollicitant des fonds au nom de la Fondation est un b\u00e9n\u00e9vole, un employ\u00e9 ou un consultant.<\/li>\n\n\n\n<li>Les donateurs seront encourag\u00e9s \u00e0 demander un avis ind\u00e9pendant si la Fondation a des raisons de penser qu&rsquo;un don propos\u00e9 pourrait affecter de mani\u00e8re significative la situation financi\u00e8re du donateur, son revenu imposable ou ses relations avec d&rsquo;autres membres de sa famille.<\/li>\n\n\n\n<li>Les demandes d&rsquo;anonymat des donateurs seront respect\u00e9es.<\/li>\n\n\n\n<li>La confidentialit\u00e9 des donateurs sera respect\u00e9e. Tous les dossiers des donateurs conserv\u00e9s par la Fondation resteront confidentiels dans la mesure du possible, \u00e0 moins que le donateur donne son consentement \u00e9crit \u00e0 la divulgation des informations ou que la Fondation soit tenue par la loi de divulguer ces informations. Tous les membres du personnel et les fournisseurs connexes doivent signer des accords de confidentialit\u00e9. Les donateurs ont le droit de consulter leur propre dossier et d&rsquo;en contester l&rsquo;exactitude.   <\/li>\n\n\n\n<li>La Fondation ne proc\u00e9dera jamais \u00e0 l&rsquo;\u00e9change, \u00e0 la location ou au partage de sa liste de collecte de fonds avec d&rsquo;autres personnes ou organisations.<\/li>\n\n\n\n<li>Les donateurs et les donateurs potentiels seront trait\u00e9s avec respect. Tout sera mis en \u0153uvre pour honorer leurs demandes de: \n<ul class=\"wp-block-list\">\n<li>limiter la fr\u00e9quence des sollicitations;<\/li>\n\n\n\n<li>ne pas \u00eatre sollicit\u00e9 par t\u00e9l\u00e9phone ou par d&rsquo;autres moyens technologiques;<\/li>\n\n\n\n<li>ne pas recevoir de mat\u00e9riel imprim\u00e9 concernant la Fondation ou le CHEO.<\/li>\n<\/ul>\n<\/li>\n<\/ol>\n\n<ol start=\"10\" class=\"wp-block-list\">\n<li>La Fondation r\u00e9pondra rapidement \u00e0 une plainte d&rsquo;un donateur ou d&rsquo;un donateur potentiel concernant toute question abord\u00e9e dans le pr\u00e9sent Code. Le pr\u00e9sident-directeur g\u00e9n\u00e9ral s&rsquo;efforcera de r\u00e9pondre aux pr\u00e9occupations du plaignant dans un premier temps. Si le plaignant n&rsquo;est toujours pas satisfait, il sera inform\u00e9 qu&rsquo;il peut faire appel par \u00e9crit au conseil d&rsquo;administration de la Fondation et qu&rsquo;il sera inform\u00e9 par \u00e9crit de la suite donn\u00e9e \u00e0 son appel.  <\/li>\n<\/ol>\n\n<h2 class=\"wp-block-heading\">Pratiques de Collecte de Fonds<\/h2>\n\n<ol class=\"wp-block-list\">\n<li>Les sollicitations de collecte de fonds au nom de la Fondation:\n<ul class=\"wp-block-list\">\n<li>seront v\u00e9ridiques;<\/li>\n\n\n\n<li>d\u00e9criront avec pr\u00e9cision les activit\u00e9s de la Fondation et du CHEO et l&rsquo;utilisation pr\u00e9vue des fonds donn\u00e9s; et<\/li>\n\n\n\n<li>respecteront la dignit\u00e9 et la vie priv\u00e9e des personnes qui b\u00e9n\u00e9ficient des activit\u00e9s de l&rsquo;h\u00f4pital.<\/li>\n<\/ul>\n<\/li>\n\n\n\n<li>Les b\u00e9n\u00e9voles, les employ\u00e9s et les consultants qui sollicitent ou re\u00e7oivent des fonds au nom de la Fondation:\n<ul class=\"wp-block-list\">\n<li>respecteront les dispositions du pr\u00e9sent code d&rsquo;\u00e9thique en mati\u00e8re de collecte de fonds et de responsabilit\u00e9 financi\u00e8re;<\/li>\n\n\n\n<li>agiront avec \u00e9quit\u00e9 et int\u00e9grit\u00e9, et en conformit\u00e9 avec toutes les lois applicables;<\/li>\n\n\n\n<li>respecteront les dispositions applicables des codes d&rsquo;\u00e9thique professionnelle, des normes de pratique, etc.;<\/li>\n\n\n\n<li>cesseront la sollicitation d&rsquo;un donateur potentiel qui identifie la sollicitation comme un harc\u00e8lement ou une pression indue;<\/li>\n\n\n\n<li>signaleront imm\u00e9diatement \u00e0 la Fondation tout conflit d&rsquo;int\u00e9r\u00eats r\u00e9el ou apparent; et<\/li>\n\n\n\n<li>n&rsquo;accepteront pas de dons \u00e0 des fins incompatibles avec les objectifs et la mission de la Fondation ou du CHEO.<\/li>\n<\/ul>\n<\/li>\n\n\n\n<li>Les collecteurs de fonds r\u00e9mun\u00e9r\u00e9s, qu&rsquo;il s&rsquo;agisse d&#8217;employ\u00e9s ou de consultants, seront r\u00e9mun\u00e9r\u00e9s sous forme de salaire, d&rsquo;honoraires ou de frais, et ne percevront pas d&rsquo;honoraires d&rsquo;interm\u00e9diation, de commissions ou d&rsquo;autres paiements bas\u00e9s sur le nombre de dons re\u00e7us ou la valeur des fonds collect\u00e9s. Les politiques de r\u00e9mun\u00e9ration des collecteurs de fonds, y compris les pratiques de r\u00e9mun\u00e9ration bas\u00e9es sur les performances (telles que les augmentations de salaire ou les primes), seront conformes aux politiques et pratiques de la Fondation qui s&rsquo;appliquent au personnel ne travaillant pas dans le domaine de la collecte de fonds. <\/li>\n\n\n\n<li>Le conseil d&rsquo;administration de la Fondation sera inform\u00e9 au moins une fois par an du nombre, du type et de l&rsquo;issue des plaintes re\u00e7ues de donateurs ou de donateurs potentiels concernant des questions abord\u00e9es dans le pr\u00e9sent code d&rsquo;\u00e9thique en mati\u00e8re de collecte de fonds et de responsabilit\u00e9 financi\u00e8re.<\/li>\n<\/ol>\n\n<h2 class=\"wp-block-heading\">Responsabilit\u00e9 Financi\u00e8re<\/h2>\n\n<ol class=\"wp-block-list\">\n<li>Les affaires financi\u00e8res de la Fondation seront g\u00e9r\u00e9es de mani\u00e8re responsable, conform\u00e9ment aux obligations \u00e9thiques de gestion et aux exigences l\u00e9gales des organismes de r\u00e9glementation provinciaux et f\u00e9d\u00e9raux.<\/li>\n\n\n\n<li>Tous les dons seront utilis\u00e9s pour soutenir la mission de la Fondation, telle qu&rsquo;elle est enregistr\u00e9e aupr\u00e8s de l&rsquo;Agence du revenu du Canada.<\/li>\n\n\n\n<li>Tous les dons \u00e0 usage restreint seront utilis\u00e9s aux fins pour lesquelles ils ont \u00e9t\u00e9 faits. Si n\u00e9cessaire, en raison de changements dans les programmes ou l&rsquo;organisation, d&rsquo;autres utilisations seront discut\u00e9es, dans la mesure du possible, avec le donateur ou la personne qu&rsquo;il a l\u00e9galement d\u00e9sign\u00e9e. Si aucun accord ne peut \u00eatre trouv\u00e9 avec le donateur ou son repr\u00e9sentant l\u00e9gal concernant d&rsquo;autres utilisations d&rsquo;un don affect\u00e9 ou d\u00e9sign\u00e9, la Fondation restituera la partie non d\u00e9pens\u00e9e du don. Si le donateur est d\u00e9c\u00e9d\u00e9 ou l\u00e9galement incapable, le don sera utilis\u00e9 d&rsquo;une mani\u00e8re aussi conforme que possible \u00e0 l&rsquo;intention initiale du donateur.   <\/li>\n\n\n\n<li>Les rapports financiers annuels:\n<ul class=\"wp-block-list\">\n<li>seront factuels et exacts \u00e0 tous \u00e9gards importants;<\/li>\n\n\n\n<li>divulgueront:\n<ul class=\"wp-block-list\">\n<li>le montant total des revenus de la collecte de fonds (re\u00e7us et non re\u00e7us);<\/li>\n\n\n\n<li>le montant total des d\u00e9penses li\u00e9es \u00e0 la collecte de fonds (y compris les salaires et les frais g\u00e9n\u00e9raux);<\/li>\n\n\n\n<li>le montant total des dons qui font l&rsquo;objet d&rsquo;un re\u00e7u fiscal (\u00e0 l&rsquo;exclusion des legs, des dons en dotation qui ne peuvent \u00eatre d\u00e9pens\u00e9s pendant au moins 10 ans et des dons provenant d&rsquo;autres organismes de bienfaisance);<\/li>\n\n\n\n<li>le montant total des d\u00e9penses consacr\u00e9es aux activit\u00e9s caritatives (y compris les dons \u00e0 d&rsquo;autres organismes de bienfaisance);<\/li>\n\n\n\n<li>d&rsquo;identifier les subventions et contributions publiques s\u00e9par\u00e9ment des autres dons; et<\/li>\n\n\n\n<li>\u00eatre pr\u00e9par\u00e9s conform\u00e9ment aux principes comptables g\u00e9n\u00e9ralement accept\u00e9s et aux normes \u00e9tablies par Comptables professionnels agr\u00e9\u00e9s du Canada, \u00e0 tous \u00e9gards importants.<\/li>\n<\/ul>\n<\/li>\n<\/ul>\n<\/li>\n\n\n\n<li>Les d\u00e9penses d&rsquo;administration et de collecte de fonds ne d\u00e9passeront pas ce qui est n\u00e9cessaire pour assurer une gestion efficace et le d\u00e9veloppement des ressources. En tout \u00e9tat de cause, la Fondation respectera ou d\u00e9passera les exigences de l&rsquo;Agence du revenu du Canada en ce qui concerne les d\u00e9penses li\u00e9es aux activit\u00e9s de bienfaisance. <\/li>\n\n\n\n<li>Le rapport co\u00fbt-efficacit\u00e9 du programme de collecte de fonds de la Fondation sera r\u00e9guli\u00e8rement examin\u00e9 par le conseil d&rsquo;administration.<\/li>\n<\/ol>\n","protected":false},"excerpt":{"rendered":"<p>Droits des Donateurs Pratiques de Collecte de Fonds Responsabilit\u00e9 Financi\u00e8re<\/p>\n","protected":false},"author":1,"featured_media":0,"parent":0,"menu_order":102,"comment_status":"closed","ping_status":"closed","template":"page-noheader.php","meta":{"_eb_attr":"","footnotes":""},"class_list":["post-15347","page","type-page","status-publish","hentry"],"yoast_head":"<!-- This site is optimized with the Yoast SEO plugin v27.4 - https:\/\/yoast.com\/product\/yoast-seo-wordpress\/ -->\n<title>Fondation du CHEO | Code d&#039;\u00c9thique<\/title>\n<meta name=\"description\" content=\"Lisez le Code d&#039;\u00e9thique de la Fondation du CHEO. D\u00e9couvrez notre engagement envers l&#039;int\u00e9grit\u00e9, la transparence et le respect dans toutes nos relations avec les donateurs et la communaut\u00e9.\" \/>\n<meta name=\"robots\" content=\"index, follow, max-snippet:-1, max-image-preview:large, max-video-preview:-1\" \/>\n<link rel=\"canonical\" href=\"https:\/\/cheofoundation.com\/fr\/code-ethique\/\" \/>\n<meta property=\"og:locale\" content=\"fr_FR\" \/>\n<meta property=\"og:type\" content=\"article\" \/>\n<meta property=\"og:title\" content=\"Fondation du CHEO | Code d&#039;\u00c9thique\" \/>\n<meta property=\"og:description\" content=\"Lisez le Code d&#039;\u00e9thique de la Fondation du CHEO. D\u00e9couvrez notre engagement envers l&#039;int\u00e9grit\u00e9, la transparence et le respect dans toutes nos relations avec les donateurs et la communaut\u00e9.\" \/>\n<meta property=\"og:url\" content=\"https:\/\/cheofoundation.com\/fr\/code-ethique\/\" \/>\n<meta property=\"og:site_name\" content=\"Fondation du CHEO\" \/>\n<meta property=\"article:modified_time\" content=\"2025-04-08T13:27:20+00:00\" \/>\n<meta property=\"og:image\" content=\"https:\/\/cheofoundation.com\/wp-content\/uploads\/2025\/03\/Surgical-Boy-FoundationSite.jpg\" \/>\n\t<meta property=\"og:image:width\" content=\"1200\" \/>\n\t<meta property=\"og:image:height\" content=\"627\" \/>\n\t<meta property=\"og:image:type\" content=\"image\/jpeg\" \/>\n<meta name=\"twitter:card\" content=\"summary_large_image\" \/>\n<meta name=\"twitter:label1\" content=\"Est. reading time\" \/>\n\t<meta name=\"twitter:data1\" content=\"7 minutes\" \/>\n<script type=\"application\/ld+json\" class=\"yoast-schema-graph\">{\"@context\":\"https:\\\/\\\/schema.org\",\"@graph\":[{\"@type\":\"WebPage\",\"@id\":\"https:\\\/\\\/cheofoundation.com\\\/fr\\\/code-ethique\\\/\",\"url\":\"https:\\\/\\\/cheofoundation.com\\\/fr\\\/code-ethique\\\/\",\"name\":\"Fondation du CHEO | Code d'\u00c9thique\",\"isPartOf\":{\"@id\":\"https:\\\/\\\/cheofoundation.com\\\/fr\\\/#website\"},\"datePublished\":\"2025-01-06T22:48:36+00:00\",\"dateModified\":\"2025-04-08T13:27:20+00:00\",\"description\":\"Lisez le Code d'\u00e9thique de la Fondation du CHEO. D\u00e9couvrez notre engagement envers l'int\u00e9grit\u00e9, la transparence et le respect dans toutes nos relations avec les donateurs et la communaut\u00e9.\",\"breadcrumb\":{\"@id\":\"https:\\\/\\\/cheofoundation.com\\\/fr\\\/code-ethique\\\/#breadcrumb\"},\"inLanguage\":\"fr-FR\",\"potentialAction\":[{\"@type\":\"ReadAction\",\"target\":[\"https:\\\/\\\/cheofoundation.com\\\/fr\\\/code-ethique\\\/\"]}]},{\"@type\":\"BreadcrumbList\",\"@id\":\"https:\\\/\\\/cheofoundation.com\\\/fr\\\/code-ethique\\\/#breadcrumb\",\"itemListElement\":[{\"@type\":\"ListItem\",\"position\":1,\"name\":\"Home\",\"item\":\"https:\\\/\\\/cheofoundation.com\\\/fr\\\/\"},{\"@type\":\"ListItem\",\"position\":2,\"name\":\"Code d&#8217;\u00c9thique\"}]},{\"@type\":\"WebSite\",\"@id\":\"https:\\\/\\\/cheofoundation.com\\\/fr\\\/#website\",\"url\":\"https:\\\/\\\/cheofoundation.com\\\/fr\\\/\",\"name\":\"Fondation du CHEO\",\"description\":\"\",\"publisher\":{\"@id\":\"https:\\\/\\\/cheofoundation.com\\\/fr\\\/#organization\"},\"potentialAction\":[{\"@type\":\"SearchAction\",\"target\":{\"@type\":\"EntryPoint\",\"urlTemplate\":\"https:\\\/\\\/cheofoundation.com\\\/fr\\\/?s={search_term_string}\"},\"query-input\":{\"@type\":\"PropertyValueSpecification\",\"valueRequired\":true,\"valueName\":\"search_term_string\"}}],\"inLanguage\":\"fr-FR\"},{\"@type\":\"Organization\",\"@id\":\"https:\\\/\\\/cheofoundation.com\\\/fr\\\/#organization\",\"name\":\"CHEO Foundation\",\"url\":\"https:\\\/\\\/cheofoundation.com\\\/fr\\\/\",\"logo\":{\"@type\":\"ImageObject\",\"inLanguage\":\"fr-FR\",\"@id\":\"https:\\\/\\\/cheofoundation.com\\\/fr\\\/#\\\/schema\\\/logo\\\/image\\\/\",\"url\":\"https:\\\/\\\/cheofoundation.com\\\/wp-content\\\/uploads\\\/2024\\\/08\\\/6a9404497b334c9108f34826e2e2a7ce.png\",\"contentUrl\":\"https:\\\/\\\/cheofoundation.com\\\/wp-content\\\/uploads\\\/2024\\\/08\\\/6a9404497b334c9108f34826e2e2a7ce.png\",\"width\":900,\"height\":456,\"caption\":\"CHEO Foundation\"},\"image\":{\"@id\":\"https:\\\/\\\/cheofoundation.com\\\/fr\\\/#\\\/schema\\\/logo\\\/image\\\/\"},\"sameAs\":[\"https:\\\/\\\/www.instagram.com\\\/cheohospital\\\/\",\"https:\\\/\\\/www.youtube.com\\\/user\\\/CHEOvideos\",\"https:\\\/\\\/www.linkedin.com\\\/company\\\/cheo-ottawa\\\/\"]}]}<\/script>\n<!-- \/ Yoast SEO plugin. -->","yoast_head_json":{"title":"Fondation du CHEO | Code d'\u00c9thique","description":"Lisez le Code d'\u00e9thique de la Fondation du CHEO. D\u00e9couvrez notre engagement envers l'int\u00e9grit\u00e9, la transparence et le respect dans toutes nos relations avec les donateurs et la communaut\u00e9.","robots":{"index":"index","follow":"follow","max-snippet":"max-snippet:-1","max-image-preview":"max-image-preview:large","max-video-preview":"max-video-preview:-1"},"canonical":"https:\/\/cheofoundation.com\/fr\/code-ethique\/","og_locale":"fr_FR","og_type":"article","og_title":"Fondation du CHEO | Code d'\u00c9thique","og_description":"Lisez le Code d'\u00e9thique de la Fondation du CHEO. D\u00e9couvrez notre engagement envers l'int\u00e9grit\u00e9, la transparence et le respect dans toutes nos relations avec les donateurs et la communaut\u00e9.","og_url":"https:\/\/cheofoundation.com\/fr\/code-ethique\/","og_site_name":"Fondation du CHEO","article_modified_time":"2025-04-08T13:27:20+00:00","og_image":[{"width":1200,"height":627,"url":"https:\/\/cheofoundation.com\/wp-content\/uploads\/2025\/03\/Surgical-Boy-FoundationSite.jpg","type":"image\/jpeg"}],"twitter_card":"summary_large_image","twitter_misc":{"Est. reading time":"7 minutes"},"schema":{"@context":"https:\/\/schema.org","@graph":[{"@type":"WebPage","@id":"https:\/\/cheofoundation.com\/fr\/code-ethique\/","url":"https:\/\/cheofoundation.com\/fr\/code-ethique\/","name":"Fondation du CHEO | Code d'\u00c9thique","isPartOf":{"@id":"https:\/\/cheofoundation.com\/fr\/#website"},"datePublished":"2025-01-06T22:48:36+00:00","dateModified":"2025-04-08T13:27:20+00:00","description":"Lisez le Code d'\u00e9thique de la Fondation du CHEO. D\u00e9couvrez notre engagement envers l'int\u00e9grit\u00e9, la transparence et le respect dans toutes nos relations avec les donateurs et la communaut\u00e9.","breadcrumb":{"@id":"https:\/\/cheofoundation.com\/fr\/code-ethique\/#breadcrumb"},"inLanguage":"fr-FR","potentialAction":[{"@type":"ReadAction","target":["https:\/\/cheofoundation.com\/fr\/code-ethique\/"]}]},{"@type":"BreadcrumbList","@id":"https:\/\/cheofoundation.com\/fr\/code-ethique\/#breadcrumb","itemListElement":[{"@type":"ListItem","position":1,"name":"Home","item":"https:\/\/cheofoundation.com\/fr\/"},{"@type":"ListItem","position":2,"name":"Code d&#8217;\u00c9thique"}]},{"@type":"WebSite","@id":"https:\/\/cheofoundation.com\/fr\/#website","url":"https:\/\/cheofoundation.com\/fr\/","name":"Fondation du CHEO","description":"","publisher":{"@id":"https:\/\/cheofoundation.com\/fr\/#organization"},"potentialAction":[{"@type":"SearchAction","target":{"@type":"EntryPoint","urlTemplate":"https:\/\/cheofoundation.com\/fr\/?s={search_term_string}"},"query-input":{"@type":"PropertyValueSpecification","valueRequired":true,"valueName":"search_term_string"}}],"inLanguage":"fr-FR"},{"@type":"Organization","@id":"https:\/\/cheofoundation.com\/fr\/#organization","name":"CHEO Foundation","url":"https:\/\/cheofoundation.com\/fr\/","logo":{"@type":"ImageObject","inLanguage":"fr-FR","@id":"https:\/\/cheofoundation.com\/fr\/#\/schema\/logo\/image\/","url":"https:\/\/cheofoundation.com\/wp-content\/uploads\/2024\/08\/6a9404497b334c9108f34826e2e2a7ce.png","contentUrl":"https:\/\/cheofoundation.com\/wp-content\/uploads\/2024\/08\/6a9404497b334c9108f34826e2e2a7ce.png","width":900,"height":456,"caption":"CHEO Foundation"},"image":{"@id":"https:\/\/cheofoundation.com\/fr\/#\/schema\/logo\/image\/"},"sameAs":["https:\/\/www.instagram.com\/cheohospital\/","https:\/\/www.youtube.com\/user\/CHEOvideos","https:\/\/www.linkedin.com\/company\/cheo-ottawa\/"]}]}},"_links":{"self":[{"href":"https:\/\/cheofoundation.com\/fr\/wp-json\/wp\/v2\/pages\/15347","targetHints":{"allow":["GET"]}}],"collection":[{"href":"https:\/\/cheofoundation.com\/fr\/wp-json\/wp\/v2\/pages"}],"about":[{"href":"https:\/\/cheofoundation.com\/fr\/wp-json\/wp\/v2\/types\/page"}],"author":[{"embeddable":true,"href":"https:\/\/cheofoundation.com\/fr\/wp-json\/wp\/v2\/users\/1"}],"replies":[{"embeddable":true,"href":"https:\/\/cheofoundation.com\/fr\/wp-json\/wp\/v2\/comments?post=15347"}],"version-history":[{"count":0,"href":"https:\/\/cheofoundation.com\/fr\/wp-json\/wp\/v2\/pages\/15347\/revisions"}],"wp:attachment":[{"href":"https:\/\/cheofoundation.com\/fr\/wp-json\/wp\/v2\/media?parent=15347"}],"curies":[{"name":"wp","href":"https:\/\/api.w.org\/{rel}","templated":true}]}}