{"id":15915,"date":"2024-09-04T12:25:57","date_gmt":"2024-09-04T16:25:57","guid":{"rendered":"https:\/\/cheofoundation.com\/impliquez-vous\/benevolat-entreprise\/"},"modified":"2026-02-27T13:47:04","modified_gmt":"2026-02-27T18:47:04","slug":"benevolat-entreprise","status":"publish","type":"page","link":"https:\/\/cheofoundation.com\/fr\/impliquez-vous\/benevolat-entreprise\/","title":{"rendered":"B\u00e9n\u00e9volat d\u2019entreprise"},"content":{"rendered":"\n<p>Cr\u00e9ez des liens plus \u00e9troits entre les membres de votre personnel, une plus grande unit\u00e9 et une plus grande fiert\u00e9 gr\u00e2ce \u00e0 nos d\u00e9fis d&rsquo;\u00e9quipe et au b\u00e9n\u00e9volat de groupe. Engagez vos employ\u00e9s dans des activit\u00e9s significatives qui soutiennent les enfants et les familles tout en renfor\u00e7ant les liens de votre \u00e9quipe. <br> <\/p>\n\n\n\n<p>La collecte de fonds est facile et gratifiante, que vous ayez cinq ou 500 employ\u00e9s. Joignez-vous \u00e0 notre communaut\u00e9 et voyez l&rsquo;impact positif que votre \u00e9quipe peut avoir ensemble.<\/p>\n\n\n\n<div class=\"wp-block-buttons is-layout-flex wp-block-buttons-is-layout-flex\">\n<div class=\"wp-block-button\"><a class=\"wp-block-button__link wp-element-button\" href=\"mailto:jberube@cheofoundation.com\">Communiquez avec nous<\/a><\/div>\n<\/div>\n\n\n\n<div style=\"height:60px\" aria-hidden=\"true\" class=\"wp-block-spacer\"><\/div>\n\n\n\n<div class=\"wp-block-slider-block-slider-block\"><div class=\"eb-parent-wrapper eb-parent-eb-slider-d2dan \"><div class=\"eb-slider-wrapper eb-slider-d2dan\" data-settings=\"{&quot;arrows&quot;:true,&quot;adaptiveHeight&quot;:false,&quot;autoplay&quot;:true,&quot;autoplaySpeed&quot;:4000,&quot;dots&quot;:false,&quot;fade&quot;:false,&quot;infinite&quot;:true,&quot;pauseOnHover&quot;:true,&quot;slidesToShow&quot;:1,&quot;speed&quot;:1000,&quot;vertical&quot;:false,&quot;currentSlide&quot;:0,&quot;rtl&quot;:false,&quot;responsive&quot;:[{&quot;breakpoint&quot;:1025,&quot;settings&quot;:{&quot;slidesToShow&quot;:1}},{&quot;breakpoint&quot;:767,&quot;settings&quot;:{&quot;slidesToShow&quot;:1}}]}\" data-images=\"[{&quot;url&quot;:&quot;https:\/\/cheofoundation.com\/wp-content\/uploads\/2024\/12\/CN-Cycle-for-CHEO-by-Brittany-Gawley-5137-scaled.jpg&quot;,&quot;alt&quot;:&quot;&quot;,&quot;id&quot;:0,&quot;imageId&quot;:14714,&quot;caption&quot;:&quot;CN Cycle and CHEO by Brittany Gawley&quot;,&quot;title&quot;:&quot;CN Cycle and CHEO by Brittany Gawley&quot;,&quot;subtitle&quot;:&quot;Essential Blocks Slider Subtitle&quot;,&quot;showButton&quot;:true,&quot;buttonText&quot;:&quot;See More&quot;,&quot;buttonUrl&quot;:&quot;&quot;,&quot;openNewTab&quot;:false,&quot;isValidUrl&quot;:true,&quot;showSecondButton&quot;:false,&quot;secondButtonText&quot;:&quot;See More&quot;,&quot;secondButtonUrl&quot;:&quot;&quot;,&quot;secondButtonOpenNewTab&quot;:false},{&quot;url&quot;:&quot;https:\/\/cheofoundation.com\/wp-content\/uploads\/2024\/12\/CN-Cycle-for-CHEO-by-Brittany-Gawley-5289-scaled.jpg&quot;,&quot;alt&quot;:&quot;&quot;,&quot;id&quot;:1,&quot;imageId&quot;:14716,&quot;caption&quot;:&quot;CN Cycle and CHEO by Brittany Gawley&quot;,&quot;title&quot;:&quot;CN Cycle and CHEO by Brittany Gawley&quot;,&quot;subtitle&quot;:&quot;Essential Blocks Slider Subtitle&quot;,&quot;showButton&quot;:true,&quot;buttonText&quot;:&quot;See More&quot;,&quot;buttonUrl&quot;:&quot;&quot;,&quot;openNewTab&quot;:false,&quot;isValidUrl&quot;:true,&quot;showSecondButton&quot;:false,&quot;secondButtonText&quot;:&quot;See More&quot;,&quot;secondButtonUrl&quot;:&quot;&quot;,&quot;secondButtonOpenNewTab&quot;:false},{&quot;url&quot;:&quot;https:\/\/cheofoundation.com\/wp-content\/uploads\/2024\/12\/TBP2024_046-scaled.jpg&quot;,&quot;alt&quot;:&quot;&quot;,&quot;id&quot;:2,&quot;imageId&quot;:14718,&quot;caption&quot;:&quot;&quot;,&quot;title&quot;:&quot;Slider 3&quot;,&quot;subtitle&quot;:&quot;Essential Blocks Slider Subtitle&quot;,&quot;showButton&quot;:true,&quot;buttonText&quot;:&quot;See More&quot;,&quot;buttonUrl&quot;:&quot;&quot;,&quot;openNewTab&quot;:false,&quot;isValidUrl&quot;:true,&quot;showSecondButton&quot;:false,&quot;secondButtonText&quot;:&quot;See More&quot;,&quot;secondButtonUrl&quot;:&quot;&quot;,&quot;secondButtonOpenNewTab&quot;:false},{&quot;url&quot;:&quot;https:\/\/cheofoundation.com\/wp-content\/uploads\/2024\/12\/TBP2024_053-scaled.jpg&quot;,&quot;alt&quot;:&quot;&quot;,&quot;id&quot;:3,&quot;imageId&quot;:14720,&quot;caption&quot;:&quot;&quot;,&quot;title&quot;:&quot;Slider 4&quot;,&quot;subtitle&quot;:&quot;Essential Blocks Slider Subtitle&quot;,&quot;showButton&quot;:true,&quot;buttonText&quot;:&quot;See More&quot;,&quot;buttonUrl&quot;:&quot;&quot;,&quot;openNewTab&quot;:false,&quot;isValidUrl&quot;:true,&quot;showSecondButton&quot;:false,&quot;secondButtonText&quot;:&quot;See More&quot;,&quot;secondButtonUrl&quot;:&quot;&quot;,&quot;secondButtonOpenNewTab&quot;:false},{&quot;url&quot;:&quot;https:\/\/cheofoundation.com\/wp-content\/uploads\/2024\/12\/TBP2024_054-scaled.jpg&quot;,&quot;alt&quot;:&quot;&quot;,&quot;id&quot;:4,&quot;imageId&quot;:14722,&quot;caption&quot;:&quot;&quot;,&quot;title&quot;:&quot;Slider 5&quot;,&quot;subtitle&quot;:&quot;Essential Blocks Slider Subtitle&quot;,&quot;showButton&quot;:true,&quot;buttonText&quot;:&quot;See More&quot;,&quot;buttonUrl&quot;:&quot;&quot;,&quot;openNewTab&quot;:false,&quot;isValidUrl&quot;:true,&quot;showSecondButton&quot;:false,&quot;secondButtonText&quot;:&quot;See More&quot;,&quot;secondButtonUrl&quot;:&quot;&quot;,&quot;secondButtonOpenNewTab&quot;:false},{&quot;url&quot;:&quot;https:\/\/cheofoundation.com\/wp-content\/uploads\/2024\/12\/TBP2024_065-scaled.jpg&quot;,&quot;alt&quot;:&quot;&quot;,&quot;id&quot;:5,&quot;imageId&quot;:14724,&quot;caption&quot;:&quot;&quot;,&quot;title&quot;:&quot;Slider 6&quot;,&quot;subtitle&quot;:&quot;Essential Blocks Slider Subtitle&quot;,&quot;showButton&quot;:true,&quot;buttonText&quot;:&quot;See More&quot;,&quot;buttonUrl&quot;:&quot;&quot;,&quot;openNewTab&quot;:false,&quot;isValidUrl&quot;:true,&quot;showSecondButton&quot;:false,&quot;secondButtonText&quot;:&quot;See More&quot;,&quot;secondButtonUrl&quot;:&quot;&quot;,&quot;secondButtonOpenNewTab&quot;:false},{&quot;url&quot;:&quot;https:\/\/cheofoundation.com\/wp-content\/uploads\/2024\/12\/TBP2024_073-scaled.jpg&quot;,&quot;alt&quot;:&quot;&quot;,&quot;id&quot;:6,&quot;imageId&quot;:14726,&quot;caption&quot;:&quot;&quot;,&quot;title&quot;:&quot;Slider 7&quot;,&quot;subtitle&quot;:&quot;Essential Blocks Slider Subtitle&quot;,&quot;showButton&quot;:true,&quot;buttonText&quot;:&quot;See More&quot;,&quot;buttonUrl&quot;:&quot;&quot;,&quot;openNewTab&quot;:false,&quot;isValidUrl&quot;:true,&quot;showSecondButton&quot;:false,&quot;secondButtonText&quot;:&quot;See More&quot;,&quot;secondButtonUrl&quot;:&quot;&quot;,&quot;secondButtonOpenNewTab&quot;:false}]\" data-slidercontenttype=\"content-1\" data-slidertype=\"image\" data-textalign=\"left\" data-arrownexticon=\"fas fa-chevron-circle-right\" data-arrowprevicon=\"fas fa-chevron-circle-left\"><div class=\"image\"><div class=\"eb-slider-item content-1\"><img decoding=\"async\" class=\"eb-slider-image\" src=\"https:\/\/cheofoundation.com\/wp-content\/uploads\/2024\/12\/CN-Cycle-for-CHEO-by-Brittany-Gawley-5137-scaled.jpg\"\/><\/div><div class=\"eb-slider-item content-1\"><img decoding=\"async\" class=\"eb-slider-image\" src=\"https:\/\/cheofoundation.com\/wp-content\/uploads\/2024\/12\/CN-Cycle-for-CHEO-by-Brittany-Gawley-5289-scaled.jpg\"\/><\/div><div class=\"eb-slider-item content-1\"><img decoding=\"async\" class=\"eb-slider-image\" src=\"https:\/\/cheofoundation.com\/wp-content\/uploads\/2024\/12\/TBP2024_046-scaled.jpg\"\/><\/div><div class=\"eb-slider-item content-1\"><img decoding=\"async\" class=\"eb-slider-image\" src=\"https:\/\/cheofoundation.com\/wp-content\/uploads\/2024\/12\/TBP2024_053-scaled.jpg\"\/><\/div><div class=\"eb-slider-item content-1\"><img decoding=\"async\" class=\"eb-slider-image\" src=\"https:\/\/cheofoundation.com\/wp-content\/uploads\/2024\/12\/TBP2024_054-scaled.jpg\"\/><\/div><div class=\"eb-slider-item content-1\"><img decoding=\"async\" class=\"eb-slider-image\" src=\"https:\/\/cheofoundation.com\/wp-content\/uploads\/2024\/12\/TBP2024_065-scaled.jpg\"\/><\/div><div class=\"eb-slider-item content-1\"><img decoding=\"async\" class=\"eb-slider-image\" src=\"https:\/\/cheofoundation.com\/wp-content\/uploads\/2024\/12\/TBP2024_073-scaled.jpg\"\/><\/div><\/div><\/div><\/div><\/div>\n\n\n\n<p><\/p>\n","protected":false},"excerpt":{"rendered":"<p>Cr\u00e9ez des liens plus \u00e9troits entre les membres de votre personnel, une plus grande unit\u00e9 et une plus grande fiert\u00e9 gr\u00e2ce \u00e0 nos d\u00e9fis d&rsquo;\u00e9quipe&#8230;<\/p>\n","protected":false},"author":1,"featured_media":14530,"parent":15205,"menu_order":3,"comment_status":"closed","ping_status":"closed","template":"","meta":{"_eb_attr":"","footnotes":""},"class_list":["post-15915","page","type-page","status-publish","has-post-thumbnail","hentry"],"yoast_head":"<!-- This site is optimized with the Yoast SEO plugin v27.5 - https:\/\/yoast.com\/product\/yoast-seo-wordpress\/ -->\n<title>Fondation du CHEO | B\u00e9n\u00e9volat d\u2019entreprise<\/title>\n<meta name=\"description\" content=\"Stimulez le moral de vos employ\u00e9s en faisant du b\u00e9n\u00e9volat au CHEO. Unissez votre \u00e9quipe tout en soutenant les enfants et les familles.\" \/>\n<meta name=\"robots\" content=\"index, follow, max-snippet:-1, max-image-preview:large, max-video-preview:-1\" \/>\n<link rel=\"canonical\" href=\"https:\/\/cheofoundation.com\/fr\/impliquez-vous\/benevolat-entreprise\/\" \/>\n<meta property=\"og:locale\" content=\"fr_FR\" \/>\n<meta property=\"og:type\" content=\"article\" \/>\n<meta property=\"og:title\" content=\"Fondation du CHEO | B\u00e9n\u00e9volat d\u2019entreprise\" \/>\n<meta property=\"og:description\" content=\"Stimulez le moral de vos employ\u00e9s en faisant du b\u00e9n\u00e9volat au CHEO. Unissez votre \u00e9quipe tout en soutenant les enfants et les familles.\" \/>\n<meta property=\"og:url\" content=\"https:\/\/cheofoundation.com\/fr\/impliquez-vous\/benevolat-entreprise\/\" \/>\n<meta property=\"og:site_name\" content=\"Fondation du CHEO\" \/>\n<meta property=\"article:modified_time\" content=\"2026-02-27T18:47:04+00:00\" \/>\n<meta property=\"og:image\" content=\"https:\/\/cheofoundation.com\/wp-content\/uploads\/2024\/09\/company-1.png\" \/>\n\t<meta property=\"og:image:width\" content=\"996\" \/>\n\t<meta property=\"og:image:height\" content=\"414\" \/>\n\t<meta property=\"og:image:type\" content=\"image\/png\" \/>\n<meta name=\"twitter:card\" content=\"summary_large_image\" \/>\n<meta name=\"twitter:label1\" content=\"Est. reading time\" \/>\n\t<meta name=\"twitter:data1\" content=\"2 minutes\" \/>\n<script type=\"application\/ld+json\" class=\"yoast-schema-graph\">{\"@context\":\"https:\\\/\\\/schema.org\",\"@graph\":[{\"@type\":\"WebPage\",\"@id\":\"https:\\\/\\\/cheofoundation.com\\\/fr\\\/impliquez-vous\\\/benevolat-entreprise\\\/\",\"url\":\"https:\\\/\\\/cheofoundation.com\\\/fr\\\/impliquez-vous\\\/benevolat-entreprise\\\/\",\"name\":\"Fondation du CHEO | B\u00e9n\u00e9volat d\u2019entreprise\",\"isPartOf\":{\"@id\":\"https:\\\/\\\/cheofoundation.com\\\/fr\\\/#website\"},\"primaryImageOfPage\":{\"@id\":\"https:\\\/\\\/cheofoundation.com\\\/fr\\\/impliquez-vous\\\/benevolat-entreprise\\\/#primaryimage\"},\"image\":{\"@id\":\"https:\\\/\\\/cheofoundation.com\\\/fr\\\/impliquez-vous\\\/benevolat-entreprise\\\/#primaryimage\"},\"thumbnailUrl\":\"https:\\\/\\\/cheofoundation.com\\\/wp-content\\\/uploads\\\/2024\\\/09\\\/company-1.png\",\"datePublished\":\"2024-09-04T16:25:57+00:00\",\"dateModified\":\"2026-02-27T18:47:04+00:00\",\"description\":\"Stimulez le moral de vos employ\u00e9s en faisant du b\u00e9n\u00e9volat au CHEO. Unissez votre \u00e9quipe tout en soutenant les enfants et les familles.\",\"breadcrumb\":{\"@id\":\"https:\\\/\\\/cheofoundation.com\\\/fr\\\/impliquez-vous\\\/benevolat-entreprise\\\/#breadcrumb\"},\"inLanguage\":\"fr-FR\",\"potentialAction\":[{\"@type\":\"ReadAction\",\"target\":[\"https:\\\/\\\/cheofoundation.com\\\/fr\\\/impliquez-vous\\\/benevolat-entreprise\\\/\"]}]},{\"@type\":\"ImageObject\",\"inLanguage\":\"fr-FR\",\"@id\":\"https:\\\/\\\/cheofoundation.com\\\/fr\\\/impliquez-vous\\\/benevolat-entreprise\\\/#primaryimage\",\"url\":\"https:\\\/\\\/cheofoundation.com\\\/wp-content\\\/uploads\\\/2024\\\/09\\\/company-1.png\",\"contentUrl\":\"https:\\\/\\\/cheofoundation.com\\\/wp-content\\\/uploads\\\/2024\\\/09\\\/company-1.png\",\"width\":996,\"height\":414},{\"@type\":\"BreadcrumbList\",\"@id\":\"https:\\\/\\\/cheofoundation.com\\\/fr\\\/impliquez-vous\\\/benevolat-entreprise\\\/#breadcrumb\",\"itemListElement\":[{\"@type\":\"ListItem\",\"position\":1,\"name\":\"Home\",\"item\":\"https:\\\/\\\/cheofoundation.com\\\/fr\\\/\"},{\"@type\":\"ListItem\",\"position\":2,\"name\":\"Impliquez-vous\",\"item\":\"https:\\\/\\\/cheofoundation.com\\\/fr\\\/impliquez-vous\\\/\"},{\"@type\":\"ListItem\",\"position\":3,\"name\":\"B\u00e9n\u00e9volat d\u2019entreprise\"}]},{\"@type\":\"WebSite\",\"@id\":\"https:\\\/\\\/cheofoundation.com\\\/fr\\\/#website\",\"url\":\"https:\\\/\\\/cheofoundation.com\\\/fr\\\/\",\"name\":\"Fondation du CHEO\",\"description\":\"\",\"publisher\":{\"@id\":\"https:\\\/\\\/cheofoundation.com\\\/fr\\\/#organization\"},\"potentialAction\":[{\"@type\":\"SearchAction\",\"target\":{\"@type\":\"EntryPoint\",\"urlTemplate\":\"https:\\\/\\\/cheofoundation.com\\\/fr\\\/?s={search_term_string}\"},\"query-input\":{\"@type\":\"PropertyValueSpecification\",\"valueRequired\":true,\"valueName\":\"search_term_string\"}}],\"inLanguage\":\"fr-FR\"},{\"@type\":\"Organization\",\"@id\":\"https:\\\/\\\/cheofoundation.com\\\/fr\\\/#organization\",\"name\":\"CHEO Foundation\",\"url\":\"https:\\\/\\\/cheofoundation.com\\\/fr\\\/\",\"logo\":{\"@type\":\"ImageObject\",\"inLanguage\":\"fr-FR\",\"@id\":\"https:\\\/\\\/cheofoundation.com\\\/fr\\\/#\\\/schema\\\/logo\\\/image\\\/\",\"url\":\"https:\\\/\\\/cheofoundation.com\\\/wp-content\\\/uploads\\\/2024\\\/08\\\/6a9404497b334c9108f34826e2e2a7ce.png\",\"contentUrl\":\"https:\\\/\\\/cheofoundation.com\\\/wp-content\\\/uploads\\\/2024\\\/08\\\/6a9404497b334c9108f34826e2e2a7ce.png\",\"width\":900,\"height\":456,\"caption\":\"CHEO Foundation\"},\"image\":{\"@id\":\"https:\\\/\\\/cheofoundation.com\\\/fr\\\/#\\\/schema\\\/logo\\\/image\\\/\"},\"sameAs\":[\"https:\\\/\\\/www.instagram.com\\\/cheohospital\\\/\",\"https:\\\/\\\/www.youtube.com\\\/user\\\/CHEOvideos\",\"https:\\\/\\\/www.linkedin.com\\\/company\\\/cheo-ottawa\\\/\"]}]}<\/script>\n<!-- \/ Yoast SEO plugin. -->","yoast_head_json":{"title":"Fondation du CHEO | B\u00e9n\u00e9volat d\u2019entreprise","description":"Stimulez le moral de vos employ\u00e9s en faisant du b\u00e9n\u00e9volat au CHEO. Unissez votre \u00e9quipe tout en soutenant les enfants et les familles.","robots":{"index":"index","follow":"follow","max-snippet":"max-snippet:-1","max-image-preview":"max-image-preview:large","max-video-preview":"max-video-preview:-1"},"canonical":"https:\/\/cheofoundation.com\/fr\/impliquez-vous\/benevolat-entreprise\/","og_locale":"fr_FR","og_type":"article","og_title":"Fondation du CHEO | B\u00e9n\u00e9volat d\u2019entreprise","og_description":"Stimulez le moral de vos employ\u00e9s en faisant du b\u00e9n\u00e9volat au CHEO. Unissez votre \u00e9quipe tout en soutenant les enfants et les familles.","og_url":"https:\/\/cheofoundation.com\/fr\/impliquez-vous\/benevolat-entreprise\/","og_site_name":"Fondation du CHEO","article_modified_time":"2026-02-27T18:47:04+00:00","og_image":[{"width":996,"height":414,"url":"https:\/\/cheofoundation.com\/wp-content\/uploads\/2024\/09\/company-1.png","type":"image\/png"}],"twitter_card":"summary_large_image","twitter_misc":{"Est. reading time":"2 minutes"},"schema":{"@context":"https:\/\/schema.org","@graph":[{"@type":"WebPage","@id":"https:\/\/cheofoundation.com\/fr\/impliquez-vous\/benevolat-entreprise\/","url":"https:\/\/cheofoundation.com\/fr\/impliquez-vous\/benevolat-entreprise\/","name":"Fondation du CHEO | B\u00e9n\u00e9volat d\u2019entreprise","isPartOf":{"@id":"https:\/\/cheofoundation.com\/fr\/#website"},"primaryImageOfPage":{"@id":"https:\/\/cheofoundation.com\/fr\/impliquez-vous\/benevolat-entreprise\/#primaryimage"},"image":{"@id":"https:\/\/cheofoundation.com\/fr\/impliquez-vous\/benevolat-entreprise\/#primaryimage"},"thumbnailUrl":"https:\/\/cheofoundation.com\/wp-content\/uploads\/2024\/09\/company-1.png","datePublished":"2024-09-04T16:25:57+00:00","dateModified":"2026-02-27T18:47:04+00:00","description":"Stimulez le moral de vos employ\u00e9s en faisant du b\u00e9n\u00e9volat au CHEO. Unissez votre \u00e9quipe tout en soutenant les enfants et les familles.","breadcrumb":{"@id":"https:\/\/cheofoundation.com\/fr\/impliquez-vous\/benevolat-entreprise\/#breadcrumb"},"inLanguage":"fr-FR","potentialAction":[{"@type":"ReadAction","target":["https:\/\/cheofoundation.com\/fr\/impliquez-vous\/benevolat-entreprise\/"]}]},{"@type":"ImageObject","inLanguage":"fr-FR","@id":"https:\/\/cheofoundation.com\/fr\/impliquez-vous\/benevolat-entreprise\/#primaryimage","url":"https:\/\/cheofoundation.com\/wp-content\/uploads\/2024\/09\/company-1.png","contentUrl":"https:\/\/cheofoundation.com\/wp-content\/uploads\/2024\/09\/company-1.png","width":996,"height":414},{"@type":"BreadcrumbList","@id":"https:\/\/cheofoundation.com\/fr\/impliquez-vous\/benevolat-entreprise\/#breadcrumb","itemListElement":[{"@type":"ListItem","position":1,"name":"Home","item":"https:\/\/cheofoundation.com\/fr\/"},{"@type":"ListItem","position":2,"name":"Impliquez-vous","item":"https:\/\/cheofoundation.com\/fr\/impliquez-vous\/"},{"@type":"ListItem","position":3,"name":"B\u00e9n\u00e9volat d\u2019entreprise"}]},{"@type":"WebSite","@id":"https:\/\/cheofoundation.com\/fr\/#website","url":"https:\/\/cheofoundation.com\/fr\/","name":"Fondation du CHEO","description":"","publisher":{"@id":"https:\/\/cheofoundation.com\/fr\/#organization"},"potentialAction":[{"@type":"SearchAction","target":{"@type":"EntryPoint","urlTemplate":"https:\/\/cheofoundation.com\/fr\/?s={search_term_string}"},"query-input":{"@type":"PropertyValueSpecification","valueRequired":true,"valueName":"search_term_string"}}],"inLanguage":"fr-FR"},{"@type":"Organization","@id":"https:\/\/cheofoundation.com\/fr\/#organization","name":"CHEO Foundation","url":"https:\/\/cheofoundation.com\/fr\/","logo":{"@type":"ImageObject","inLanguage":"fr-FR","@id":"https:\/\/cheofoundation.com\/fr\/#\/schema\/logo\/image\/","url":"https:\/\/cheofoundation.com\/wp-content\/uploads\/2024\/08\/6a9404497b334c9108f34826e2e2a7ce.png","contentUrl":"https:\/\/cheofoundation.com\/wp-content\/uploads\/2024\/08\/6a9404497b334c9108f34826e2e2a7ce.png","width":900,"height":456,"caption":"CHEO Foundation"},"image":{"@id":"https:\/\/cheofoundation.com\/fr\/#\/schema\/logo\/image\/"},"sameAs":["https:\/\/www.instagram.com\/cheohospital\/","https:\/\/www.youtube.com\/user\/CHEOvideos","https:\/\/www.linkedin.com\/company\/cheo-ottawa\/"]}]}},"_links":{"self":[{"href":"https:\/\/cheofoundation.com\/fr\/wp-json\/wp\/v2\/pages\/15915","targetHints":{"allow":["GET"]}}],"collection":[{"href":"https:\/\/cheofoundation.com\/fr\/wp-json\/wp\/v2\/pages"}],"about":[{"href":"https:\/\/cheofoundation.com\/fr\/wp-json\/wp\/v2\/types\/page"}],"author":[{"embeddable":true,"href":"https:\/\/cheofoundation.com\/fr\/wp-json\/wp\/v2\/users\/1"}],"replies":[{"embeddable":true,"href":"https:\/\/cheofoundation.com\/fr\/wp-json\/wp\/v2\/comments?post=15915"}],"version-history":[{"count":0,"href":"https:\/\/cheofoundation.com\/fr\/wp-json\/wp\/v2\/pages\/15915\/revisions"}],"up":[{"embeddable":true,"href":"https:\/\/cheofoundation.com\/fr\/wp-json\/wp\/v2\/pages\/15205"}],"wp:featuredmedia":[{"embeddable":true,"href":"https:\/\/cheofoundation.com\/fr\/wp-json\/wp\/v2\/media\/14530"}],"wp:attachment":[{"href":"https:\/\/cheofoundation.com\/fr\/wp-json\/wp\/v2\/media?parent=15915"}],"curies":[{"name":"wp","href":"https:\/\/api.w.org\/{rel}","templated":true}]}}