{"id":16158,"date":"2025-05-22T12:56:12","date_gmt":"2025-05-22T16:56:12","guid":{"rendered":"https:\/\/cheofoundation.com\/aidez-plusieurs-generations\/"},"modified":"2025-05-22T14:11:15","modified_gmt":"2025-05-22T18:11:15","slug":"aidez-plusieurs-generations","status":"publish","type":"page","link":"https:\/\/cheofoundation.com\/fr\/aidez-plusieurs-generations\/","title":{"rendered":"Aidez plusieurs g\u00e9n\u00e9rations"},"content":{"rendered":"\n<h2 class=\"wp-block-heading\">Investissez dans la sant\u00e9 des enfants <\/h2>\n\n<p>Le CHEO a \u00e9t\u00e9 fond\u00e9 gr\u00e2ce \u00e0 la g\u00e9n\u00e9rosit\u00e9 de nos donateurs avant m\u00eame son ouverture en 1974. Les dons de 5 000 $ ou plus ont un impact consid\u00e9rable sur toute une s\u00e9rie de probl\u00e8mes auxquels les enfants sont confront\u00e9s aujourd&rsquo;hui, des soins cliniques \u00e0 la recherche et bien plus encore. Alors que nous cherchons \u00e0 transformer les soins pour la prochaine g\u00e9n\u00e9ration, votre soutien est essentiel.  <\/p>\n\n<p>Cette d\u00e9cision peut \u00eatre personnelle, c&rsquo;est pourquoi nous vous invitons \u00e0 discuter avec un membre de notre \u00e9quipe de philanthropie individuelle afin de d\u00e9terminer comment vos investissements philanthropiques peuvent aider le CHEO, l&rsquo;Institut de recherche du CHEO et Roger Neilson, soins palliatifs pour enfants.<\/p>\n\n<p>Pour plus d&rsquo;informations sur la mani\u00e8re de faire un don philanthropiques individuel, veuillez contacter Katie Graham \u00e0 l&rsquo;adresse <a href=\"mailto:kgraham@cheofoundation.com\">kgraham@cheofoundation.com<\/a> ou appeler le <strong>343-551-8787<\/strong>.<\/p>\n\n<h2 class=\"wp-block-heading\">Cr\u00e9er un fonds de dotation pour le CHEO <\/h2>\n\n<p>Lorsque vous ouvrez un fonds de dotation pour le CHEO, vous cr\u00e9ez une source de financement permanente qui est pr\u00e9serv\u00e9e \u00e0 perp\u00e9tuit\u00e9, les int\u00e9r\u00eats annuels g\u00e9n\u00e9r\u00e9s \u00e9tant affect\u00e9s au soutien et aux soins des patients du CHEO. <\/p>\n\n<p>L&rsquo;administration de votre fonds de dotation CHEO est gratuite, ce qui signifie que 100 % de votre don est directement affect\u00e9 au soutien des programmes du CHEO. Vous pouvez cr\u00e9er un fonds avec une contribution minimale de 25 000 $ ou atteindre ce montant au fil du temps. <\/p>\n\n<p>Vous pouvez faire un don \u00e0 votre fonds \u00e0 tout moment, tout comme n&rsquo;importe qui d&rsquo;autre. Souvent, les donateurs demandent que leurs dons soient vers\u00e9s \u00e0 leur fonds de dotation du CHEO plut\u00f4t que d&rsquo;offrir des cadeaux pour marquer un \u00e9v\u00e9nement important, comme un anniversaire ou une date significative. <\/p>\n\n<p>Vous pouvez donner un nom \u00e0 votre fonds de dotation, ce qui en fait un moyen significatif de se souvenir d&rsquo;une personne et de lui rendre hommage.\u202fDe nombreux donateurs ont cr\u00e9\u00e9 un tel fonds \u00e0 la m\u00e9moire d&rsquo;un ancien patient ou d&rsquo;un membre de leur famille et l&rsquo;ont nomm\u00e9 en l&rsquo;honneur de cette personne ou en leur propre nom. Vous pouvez choisir d&rsquo;affecter les int\u00e9r\u00eats de votre fonds \u00e0 un service ou \u00e0 un programme particulier, ou de cr\u00e9er un fonds sans restriction qui permettra d&rsquo;affecter les int\u00e9r\u00eats aux besoins les plus urgents du CHEO. <\/p>\n\n<p>Pour plus d&rsquo;informations sur la mani\u00e8re de cr\u00e9er votre propre fonds de dotation au CHEO, veuillez contacter Megan Doyle Ray \u00e0 l&rsquo;adresse <a href=\"mailto:mdoyleray@cheofoundatio.com\" target=\"_blank\" rel=\"noreferrer noopener\"><strong>mdoyleray@cheofoundation.com<\/strong><\/a> ou appeler le <strong>613 297-2633<\/strong>. <\/p>\n\n<p><em>La Fondation du CHEO vous recommande de consulter vos conseillers juridique et financier pour toute question relative aux dons successoraux et aux legs. Toutes les demandes sont trait\u00e9es dans la plus stricte confidentialit\u00e9. La Fondation du CHEO dispose de documents imprim\u00e9s pour vous aider et guider votre conseiller professionnel.  <\/em>\u202f<\/p>\n","protected":false},"excerpt":{"rendered":"<p>Investissez dans la sant\u00e9 des enfants Le CHEO a \u00e9t\u00e9 fond\u00e9 gr\u00e2ce \u00e0 la g\u00e9n\u00e9rosit\u00e9 de nos donateurs avant m\u00eame son ouverture en 1974. Les&#8230;<\/p>\n","protected":false},"author":6,"featured_media":0,"parent":0,"menu_order":0,"comment_status":"closed","ping_status":"closed","template":"page-nodonate.php","meta":{"_eb_attr":"","footnotes":""},"class_list":["post-16158","page","type-page","status-publish","hentry"],"yoast_head":"<!-- This site is optimized with the Yoast SEO plugin v27.4 - https:\/\/yoast.com\/product\/yoast-seo-wordpress\/ -->\n<title>Fondation du CHEO | Aidez plusieurs g\u00e9n\u00e9rations<\/title>\n<meta name=\"robots\" content=\"index, follow, max-snippet:-1, max-image-preview:large, max-video-preview:-1\" \/>\n<link rel=\"canonical\" href=\"https:\/\/cheofoundation.com\/fr\/aidez-plusieurs-generations\/\" \/>\n<meta property=\"og:locale\" content=\"fr_FR\" \/>\n<meta property=\"og:type\" content=\"article\" \/>\n<meta property=\"og:title\" content=\"Fondation du CHEO | Aidez plusieurs g\u00e9n\u00e9rations\" \/>\n<meta property=\"og:description\" content=\"Investissez dans la sant\u00e9 des enfants Le CHEO a \u00e9t\u00e9 fond\u00e9 gr\u00e2ce \u00e0 la g\u00e9n\u00e9rosit\u00e9 de nos donateurs avant m\u00eame son ouverture en 1974. Les...\" \/>\n<meta property=\"og:url\" content=\"https:\/\/cheofoundation.com\/fr\/aidez-plusieurs-generations\/\" \/>\n<meta property=\"og:site_name\" content=\"Fondation du CHEO\" \/>\n<meta property=\"article:modified_time\" content=\"2025-05-22T18:11:15+00:00\" \/>\n<meta property=\"og:image\" content=\"https:\/\/cheofoundation.com\/wp-content\/uploads\/2025\/03\/Surgical-Boy-FoundationSite.jpg\" \/>\n\t<meta property=\"og:image:width\" content=\"1200\" \/>\n\t<meta property=\"og:image:height\" content=\"627\" \/>\n\t<meta property=\"og:image:type\" content=\"image\/jpeg\" \/>\n<meta name=\"twitter:card\" content=\"summary_large_image\" \/>\n<meta name=\"twitter:label1\" content=\"Est. reading time\" \/>\n\t<meta name=\"twitter:data1\" content=\"2 minutes\" \/>\n<script type=\"application\/ld+json\" class=\"yoast-schema-graph\">{\"@context\":\"https:\\\/\\\/schema.org\",\"@graph\":[{\"@type\":\"WebPage\",\"@id\":\"https:\\\/\\\/cheofoundation.com\\\/fr\\\/aidez-plusieurs-generations\\\/\",\"url\":\"https:\\\/\\\/cheofoundation.com\\\/fr\\\/aidez-plusieurs-generations\\\/\",\"name\":\"Fondation du CHEO | Aidez plusieurs g\u00e9n\u00e9rations\",\"isPartOf\":{\"@id\":\"https:\\\/\\\/cheofoundation.com\\\/fr\\\/#website\"},\"datePublished\":\"2025-05-22T16:56:12+00:00\",\"dateModified\":\"2025-05-22T18:11:15+00:00\",\"breadcrumb\":{\"@id\":\"https:\\\/\\\/cheofoundation.com\\\/fr\\\/aidez-plusieurs-generations\\\/#breadcrumb\"},\"inLanguage\":\"fr-FR\",\"potentialAction\":[{\"@type\":\"ReadAction\",\"target\":[\"https:\\\/\\\/cheofoundation.com\\\/fr\\\/aidez-plusieurs-generations\\\/\"]}]},{\"@type\":\"BreadcrumbList\",\"@id\":\"https:\\\/\\\/cheofoundation.com\\\/fr\\\/aidez-plusieurs-generations\\\/#breadcrumb\",\"itemListElement\":[{\"@type\":\"ListItem\",\"position\":1,\"name\":\"Home\",\"item\":\"https:\\\/\\\/cheofoundation.com\\\/fr\\\/\"},{\"@type\":\"ListItem\",\"position\":2,\"name\":\"Aidez plusieurs g\u00e9n\u00e9rations\"}]},{\"@type\":\"WebSite\",\"@id\":\"https:\\\/\\\/cheofoundation.com\\\/fr\\\/#website\",\"url\":\"https:\\\/\\\/cheofoundation.com\\\/fr\\\/\",\"name\":\"Fondation du CHEO\",\"description\":\"\",\"publisher\":{\"@id\":\"https:\\\/\\\/cheofoundation.com\\\/fr\\\/#organization\"},\"potentialAction\":[{\"@type\":\"SearchAction\",\"target\":{\"@type\":\"EntryPoint\",\"urlTemplate\":\"https:\\\/\\\/cheofoundation.com\\\/fr\\\/?s={search_term_string}\"},\"query-input\":{\"@type\":\"PropertyValueSpecification\",\"valueRequired\":true,\"valueName\":\"search_term_string\"}}],\"inLanguage\":\"fr-FR\"},{\"@type\":\"Organization\",\"@id\":\"https:\\\/\\\/cheofoundation.com\\\/fr\\\/#organization\",\"name\":\"CHEO Foundation\",\"url\":\"https:\\\/\\\/cheofoundation.com\\\/fr\\\/\",\"logo\":{\"@type\":\"ImageObject\",\"inLanguage\":\"fr-FR\",\"@id\":\"https:\\\/\\\/cheofoundation.com\\\/fr\\\/#\\\/schema\\\/logo\\\/image\\\/\",\"url\":\"https:\\\/\\\/cheofoundation.com\\\/wp-content\\\/uploads\\\/2024\\\/08\\\/6a9404497b334c9108f34826e2e2a7ce.png\",\"contentUrl\":\"https:\\\/\\\/cheofoundation.com\\\/wp-content\\\/uploads\\\/2024\\\/08\\\/6a9404497b334c9108f34826e2e2a7ce.png\",\"width\":900,\"height\":456,\"caption\":\"CHEO Foundation\"},\"image\":{\"@id\":\"https:\\\/\\\/cheofoundation.com\\\/fr\\\/#\\\/schema\\\/logo\\\/image\\\/\"},\"sameAs\":[\"https:\\\/\\\/www.instagram.com\\\/cheohospital\\\/\",\"https:\\\/\\\/www.youtube.com\\\/user\\\/CHEOvideos\",\"https:\\\/\\\/www.linkedin.com\\\/company\\\/cheo-ottawa\\\/\"]}]}<\/script>\n<!-- \/ Yoast SEO plugin. -->","yoast_head_json":{"title":"Fondation du CHEO | Aidez plusieurs g\u00e9n\u00e9rations","robots":{"index":"index","follow":"follow","max-snippet":"max-snippet:-1","max-image-preview":"max-image-preview:large","max-video-preview":"max-video-preview:-1"},"canonical":"https:\/\/cheofoundation.com\/fr\/aidez-plusieurs-generations\/","og_locale":"fr_FR","og_type":"article","og_title":"Fondation du CHEO | Aidez plusieurs g\u00e9n\u00e9rations","og_description":"Investissez dans la sant\u00e9 des enfants Le CHEO a \u00e9t\u00e9 fond\u00e9 gr\u00e2ce \u00e0 la g\u00e9n\u00e9rosit\u00e9 de nos donateurs avant m\u00eame son ouverture en 1974. Les...","og_url":"https:\/\/cheofoundation.com\/fr\/aidez-plusieurs-generations\/","og_site_name":"Fondation du CHEO","article_modified_time":"2025-05-22T18:11:15+00:00","og_image":[{"width":1200,"height":627,"url":"https:\/\/cheofoundation.com\/wp-content\/uploads\/2025\/03\/Surgical-Boy-FoundationSite.jpg","type":"image\/jpeg"}],"twitter_card":"summary_large_image","twitter_misc":{"Est. reading time":"2 minutes"},"schema":{"@context":"https:\/\/schema.org","@graph":[{"@type":"WebPage","@id":"https:\/\/cheofoundation.com\/fr\/aidez-plusieurs-generations\/","url":"https:\/\/cheofoundation.com\/fr\/aidez-plusieurs-generations\/","name":"Fondation du CHEO | Aidez plusieurs g\u00e9n\u00e9rations","isPartOf":{"@id":"https:\/\/cheofoundation.com\/fr\/#website"},"datePublished":"2025-05-22T16:56:12+00:00","dateModified":"2025-05-22T18:11:15+00:00","breadcrumb":{"@id":"https:\/\/cheofoundation.com\/fr\/aidez-plusieurs-generations\/#breadcrumb"},"inLanguage":"fr-FR","potentialAction":[{"@type":"ReadAction","target":["https:\/\/cheofoundation.com\/fr\/aidez-plusieurs-generations\/"]}]},{"@type":"BreadcrumbList","@id":"https:\/\/cheofoundation.com\/fr\/aidez-plusieurs-generations\/#breadcrumb","itemListElement":[{"@type":"ListItem","position":1,"name":"Home","item":"https:\/\/cheofoundation.com\/fr\/"},{"@type":"ListItem","position":2,"name":"Aidez plusieurs g\u00e9n\u00e9rations"}]},{"@type":"WebSite","@id":"https:\/\/cheofoundation.com\/fr\/#website","url":"https:\/\/cheofoundation.com\/fr\/","name":"Fondation du CHEO","description":"","publisher":{"@id":"https:\/\/cheofoundation.com\/fr\/#organization"},"potentialAction":[{"@type":"SearchAction","target":{"@type":"EntryPoint","urlTemplate":"https:\/\/cheofoundation.com\/fr\/?s={search_term_string}"},"query-input":{"@type":"PropertyValueSpecification","valueRequired":true,"valueName":"search_term_string"}}],"inLanguage":"fr-FR"},{"@type":"Organization","@id":"https:\/\/cheofoundation.com\/fr\/#organization","name":"CHEO Foundation","url":"https:\/\/cheofoundation.com\/fr\/","logo":{"@type":"ImageObject","inLanguage":"fr-FR","@id":"https:\/\/cheofoundation.com\/fr\/#\/schema\/logo\/image\/","url":"https:\/\/cheofoundation.com\/wp-content\/uploads\/2024\/08\/6a9404497b334c9108f34826e2e2a7ce.png","contentUrl":"https:\/\/cheofoundation.com\/wp-content\/uploads\/2024\/08\/6a9404497b334c9108f34826e2e2a7ce.png","width":900,"height":456,"caption":"CHEO Foundation"},"image":{"@id":"https:\/\/cheofoundation.com\/fr\/#\/schema\/logo\/image\/"},"sameAs":["https:\/\/www.instagram.com\/cheohospital\/","https:\/\/www.youtube.com\/user\/CHEOvideos","https:\/\/www.linkedin.com\/company\/cheo-ottawa\/"]}]}},"_links":{"self":[{"href":"https:\/\/cheofoundation.com\/fr\/wp-json\/wp\/v2\/pages\/16158","targetHints":{"allow":["GET"]}}],"collection":[{"href":"https:\/\/cheofoundation.com\/fr\/wp-json\/wp\/v2\/pages"}],"about":[{"href":"https:\/\/cheofoundation.com\/fr\/wp-json\/wp\/v2\/types\/page"}],"author":[{"embeddable":true,"href":"https:\/\/cheofoundation.com\/fr\/wp-json\/wp\/v2\/users\/6"}],"replies":[{"embeddable":true,"href":"https:\/\/cheofoundation.com\/fr\/wp-json\/wp\/v2\/comments?post=16158"}],"version-history":[{"count":0,"href":"https:\/\/cheofoundation.com\/fr\/wp-json\/wp\/v2\/pages\/16158\/revisions"}],"wp:attachment":[{"href":"https:\/\/cheofoundation.com\/fr\/wp-json\/wp\/v2\/media?parent=16158"}],"curies":[{"name":"wp","href":"https:\/\/api.w.org\/{rel}","templated":true}]}}