{"id":16681,"date":"2025-10-28T15:41:31","date_gmt":"2025-10-28T19:41:31","guid":{"rendered":"https:\/\/cheofoundation.com\/dons-de-titres-dactions-en-bourse\/"},"modified":"2025-11-21T08:20:02","modified_gmt":"2025-11-21T13:20:02","slug":"dons-de-titres-dactions-en-bourse","status":"publish","type":"page","link":"https:\/\/cheofoundation.com\/fr\/comment-donner\/dons-de-titres-dactions-en-bourse\/","title":{"rendered":"Dons de titres d\u2019actions en bourse"},"content":{"rendered":"\n<h2 class=\"wp-block-heading\">Pourquoi choisir le CHEO?<\/h2>\n\n\n\n<p><strong>Chaque enfant m\u00e9rite une chance de se battre \u2014 et vos actions ou fonds communs de placement peuvent contribuer \u00e0 rendre cela possible.<\/strong><\/p>\n\n\n\n<p>Un don de titres au profit du CHEO est bien plus qu\u2019un simple geste de g\u00e9n\u00e9rosit\u00e9. C\u2019est un engagement envers l\u2019avenir des soins, de la recherche et de l\u2019innovation en p\u00e9diatrie. Votre g\u00e9n\u00e9rosit\u00e9 permet aux enfants et aux jeunes de recevoir des traitements de calibre mondial, du r\u00e9confort et de l\u2019espoir lorsqu\u2019ils en ont le plus besoin. Que vous souhaitiez rendre hommage \u00e0 un \u00eatre cher, redonner \u00e0 votre communaut\u00e9 ou simplement croire en un avenir plus sain, votre don r\u00e9fl\u00e9chi r\u00e9sonnera pendant des g\u00e9n\u00e9rations, aidant ainsi chaque enfant \u00e0 vivre pleinement sa vie.  <\/p>\n\n\n\n<p>Votre don aura un impact encore plus grand \u2013 il n\u2019a jamais \u00e9t\u00e9 aussi significatif de donner.<\/p>\n\n\n\n<div class=\"wp-block-cover\" style=\"border-radius:15px\"><span aria-hidden=\"true\" class=\"wp-block-cover__background has-dkpurple-background-color has-background-dim-100 has-background-dim\"><\/span><div class=\"wp-block-cover__inner-container is-layout-constrained wp-block-cover-is-layout-constrained\">\n<div class=\"wp-block-columns is-layout-flex wp-container-core-columns-is-layout-f7f775d8 wp-block-columns-is-layout-flex\" style=\"padding-top:var(--wp--preset--spacing--50);padding-right:var(--wp--preset--spacing--60);padding-bottom:var(--wp--preset--spacing--50);padding-left:var(--wp--preset--spacing--60)\">\n<div class=\"wp-block-column is-vertically-aligned-center is-layout-flow wp-block-column-is-layout-flow\" style=\"flex-basis:33.33%\">\n<p>Peter Harle a soutenu les programmes qui lui tiennent \u00e0 c\u0153ur en faisant don de titres d\u2019actions. Son impact sera ressenti d\u00e8s aujourd\u2019hui et pour les g\u00e9n\u00e9rations \u00e0 venir. <\/p>\n\n\n\n<div style=\"height:2px\" aria-hidden=\"true\" class=\"wp-block-spacer\"><\/div>\n\n\n\n<blockquote class=\"wp-block-quote is-layout-flow wp-block-quote-is-layout-flow\">\n<p class=\"has-white-color has-text-color has-link-color wp-elements-040fbaa4d19dce09db8983ca6dce7add\">\u00ab Je me concentre sur les enfants du CHEO aujourd\u2019hui et j\u2019essaie de veiller \u00e0 ce qu\u2019ils re\u00e7oivent les th\u00e9rapies dont ils ont besoin pour vivre la meilleure vie possible. \u00bb<\/p>\n\n\n\n<p class=\"has-white-color has-text-color has-link-color wp-elements-e054635cd73cecec20285414bcf0204f\"><strong>~ Peter Harle<\/strong><\/p>\n<\/blockquote>\n<\/div>\n\n\n\n<div class=\"wp-block-column is-layout-flow wp-block-column-is-layout-flow\" style=\"flex-basis:66.66%\">\n<figure class=\"wp-block-embed is-type-video is-provider-vimeo wp-block-embed-vimeo wp-embed-aspect-16-9 wp-has-aspect-ratio\"><div class=\"wp-block-embed__wrapper\">\n<iframe loading=\"lazy\" title=\"Forever CHEO - Peter Harle\" src=\"https:\/\/player.vimeo.com\/video\/714459889?dnt=1&amp;app_id=122963\" width=\"1320\" height=\"743\" frameborder=\"0\" allow=\"autoplay; fullscreen; picture-in-picture; clipboard-write; encrypted-media; web-share\" referrerpolicy=\"strict-origin-when-cross-origin\"><\/iframe>\n<\/div><\/figure>\n\n\n\n<p class=\"has-text-align-right\"><em>*Veuillez noter que cette vid\u00e9o est disponible en anglais seulement.<\/em><\/p>\n<\/div>\n<\/div>\n<\/div><\/div>\n\n\n\n<div style=\"height:50px\" aria-hidden=\"true\" class=\"wp-block-spacer\"><\/div>\n\n\n\n<h2 class=\"wp-block-heading\">L&rsquo;avantage des dons de titres d\u2019actions en bourse<\/h2>\n\n\n\n<p>Pour soutenir les enfants, les adolescents et les familles du CHEO de la mani\u00e8re la plus avantageuse pour vous sur le plan fiscal, vous pouvez faire don de titres cot\u00e9s en bourse. Lorsque vous donnez un titre d\u2019action en bourse ayant pris de la valeur, vous ne payez aucun imp\u00f4t sur les gains en capital, et votre re\u00e7u officiel pour don de bienfaisance correspond \u00e0 la juste valeur marchande de ces titres \u00e0 la date du transfert.<strong> <\/strong> <\/p>\n\n\n\n<p>Veuillez consulter le tableau ci-dessous, qui illustre les avantages d\u2019un don \u00e0 la Fondation du CHEO sous forme de titres.<\/p>\n\n\n\n<figure class=\"wp-block-image aligncenter size-full\"><img loading=\"lazy\" decoding=\"async\" width=\"1366\" height=\"483\" src=\"https:\/\/cheofoundation.com\/wp-content\/uploads\/2025\/10\/gift_of_securities_example-FR.png\" alt=\"\" class=\"wp-image-16692\" srcset=\"https:\/\/cheofoundation.com\/wp-content\/uploads\/2025\/10\/gift_of_securities_example-FR.png 1366w, https:\/\/cheofoundation.com\/wp-content\/uploads\/2025\/10\/gift_of_securities_example-FR-660x233.png 660w, https:\/\/cheofoundation.com\/wp-content\/uploads\/2025\/10\/gift_of_securities_example-FR-1320x467.png 1320w, https:\/\/cheofoundation.com\/wp-content\/uploads\/2025\/10\/gift_of_securities_example-FR-768x272.png 768w\" sizes=\"auto, (max-width: 1366px) 100vw, 1366px\" \/><\/figure>\n\n\n\n<ol class=\"wp-block-list\">\n<li class=\"has-small-font-size\">Taux d\u2019imposition marginal estim\u00e9 \u00e0 46 %, appliqu\u00e9 \u00e0 50 % du gain en capital<\/li>\n\n\n\n<li class=\"has-small-font-size\">Ce montant repr\u00e9sente la valeur marchande des titres moins l\u2019imp\u00f4t sur les gains en capital<\/li>\n\n\n\n<li class=\"has-small-font-size\">Votre cr\u00e9dit d\u2019imp\u00f4t pour don de bienfaisance, bas\u00e9 sur les taux combin\u00e9s de l\u2019Ontario et du gouvernement f\u00e9d\u00e9ral<\/li>\n<\/ol>\n\n\n\n<div style=\"height:50px\" aria-hidden=\"true\" class=\"wp-block-spacer\"><\/div>\n\n\n\n<h2 class=\"wp-block-heading\">Comment donner?<\/h2>\n\n\n\n<p>Transf\u00e9rer vos titres ayant pris de la valeur \u00e0 la Fondation du CHEO est facile. Il vous suffit de remplir le <strong><a href=\"https:\/\/cheofoundation.com\/wp-content\/uploads\/2025\/11\/Gift-of-Securities-Letter-of-Authorization-FR.pdf\">Formulaire de don de titres d\u2019actions<\/a><\/strong> et de le remettre \u00e0 votre courtier pour qu\u2019il effectue la transaction.<\/p>\n\n\n\n<p>Pour toute question, veuillez contacter Marc B\u00e9langer au <strong><a href=\"tel:+16134022968\">613 402-2968<\/a><\/strong> ou par courriel \u00e0 l\u2019adresse <strong><a href=\"mailto:mbelanger@cheofoundation.com\" target=\"_blank\" rel=\"noreferrer noopener\">mbelanger@cheofoundation.com<\/a><\/strong>.<\/p>\n\n\n\n<div style=\"height:50px\" aria-hidden=\"true\" class=\"wp-block-spacer\"><\/div>\n\n\n\n<h2 class=\"wp-block-heading\">Comment votre don sera-t-il utilis\u00e9?<\/h2>\n\n\n\n<p>Vous d\u00e9cidez de la mani\u00e8re dont votre don sera utilis\u00e9, que ce soit en soutien \u00e0 la campagne de r\u00e9am\u00e9nagement du CHEO, pour appuyer les besoins urgents \u00e0 l\u2019h\u00f4pital ou la recherche de calibre mondial men\u00e9e \u00e0 l\u2019Institut de recherche du CHEO, pour contribuer \u00e0 un programme ou un d\u00e9partement sp\u00e9cifique de l\u2019h\u00f4pital, pour venir en aide \u00e0 Roger Neilson, soins palliatifs pour enfants qui offre des soins palliatifs et des services de deuil ou pour appuyer l\u2019achat d\u2019\u00e9quipements de pointe qui offrent \u00e0 nos enfants les meilleures technologies de diagnostic et traitements disponibles.<\/p>\n","protected":false},"excerpt":{"rendered":"<p>Pourquoi choisir le CHEO? Chaque enfant m\u00e9rite une chance de se battre \u2014 et vos actions ou fonds communs de placement peuvent contribuer \u00e0 rendre&#8230;<\/p>\n","protected":false},"author":6,"featured_media":0,"parent":15202,"menu_order":0,"comment_status":"closed","ping_status":"closed","template":"page-nodonate.php","meta":{"_eb_attr":"","footnotes":""},"class_list":["post-16681","page","type-page","status-publish","hentry"],"yoast_head":"<!-- This site is optimized with the Yoast SEO plugin v27.5 - https:\/\/yoast.com\/product\/yoast-seo-wordpress\/ -->\n<title>Fondation du CHEO | Dons de titres d\u2019actions en bourse<\/title>\n<meta name=\"robots\" content=\"index, follow, max-snippet:-1, max-image-preview:large, max-video-preview:-1\" \/>\n<link rel=\"canonical\" href=\"https:\/\/cheofoundation.com\/fr\/comment-donner\/dons-de-titres-dactions-en-bourse\/\" \/>\n<meta property=\"og:locale\" content=\"fr_FR\" \/>\n<meta property=\"og:type\" content=\"article\" \/>\n<meta property=\"og:title\" content=\"Fondation du CHEO | Dons de titres d\u2019actions en bourse\" \/>\n<meta property=\"og:description\" content=\"Pourquoi choisir le CHEO? Chaque enfant m\u00e9rite une chance de se battre \u2014 et vos actions ou fonds communs de placement peuvent contribuer \u00e0 rendre...\" \/>\n<meta property=\"og:url\" content=\"https:\/\/cheofoundation.com\/fr\/comment-donner\/dons-de-titres-dactions-en-bourse\/\" \/>\n<meta property=\"og:site_name\" content=\"Fondation du CHEO\" \/>\n<meta property=\"article:modified_time\" content=\"2025-11-21T13:20:02+00:00\" \/>\n<meta property=\"og:image\" content=\"https:\/\/cheofoundation.com\/wp-content\/uploads\/2025\/10\/gift_of_securities_example-FR.png\" \/>\n\t<meta property=\"og:image:width\" content=\"1366\" \/>\n\t<meta property=\"og:image:height\" content=\"483\" \/>\n\t<meta property=\"og:image:type\" content=\"image\/png\" \/>\n<meta name=\"twitter:card\" content=\"summary_large_image\" \/>\n<meta name=\"twitter:label1\" content=\"Est. reading time\" \/>\n\t<meta name=\"twitter:data1\" content=\"3 minutes\" \/>\n<script type=\"application\/ld+json\" class=\"yoast-schema-graph\">{\"@context\":\"https:\\\/\\\/schema.org\",\"@graph\":[{\"@type\":\"WebPage\",\"@id\":\"https:\\\/\\\/cheofoundation.com\\\/fr\\\/comment-donner\\\/dons-de-titres-dactions-en-bourse\\\/\",\"url\":\"https:\\\/\\\/cheofoundation.com\\\/fr\\\/comment-donner\\\/dons-de-titres-dactions-en-bourse\\\/\",\"name\":\"Fondation du CHEO | Dons de titres d\u2019actions en bourse\",\"isPartOf\":{\"@id\":\"https:\\\/\\\/cheofoundation.com\\\/fr\\\/#website\"},\"primaryImageOfPage\":{\"@id\":\"https:\\\/\\\/cheofoundation.com\\\/fr\\\/comment-donner\\\/dons-de-titres-dactions-en-bourse\\\/#primaryimage\"},\"image\":{\"@id\":\"https:\\\/\\\/cheofoundation.com\\\/fr\\\/comment-donner\\\/dons-de-titres-dactions-en-bourse\\\/#primaryimage\"},\"thumbnailUrl\":\"https:\\\/\\\/cheofoundation.com\\\/wp-content\\\/uploads\\\/2025\\\/10\\\/gift_of_securities_example-FR.png\",\"datePublished\":\"2025-10-28T19:41:31+00:00\",\"dateModified\":\"2025-11-21T13:20:02+00:00\",\"breadcrumb\":{\"@id\":\"https:\\\/\\\/cheofoundation.com\\\/fr\\\/comment-donner\\\/dons-de-titres-dactions-en-bourse\\\/#breadcrumb\"},\"inLanguage\":\"fr-FR\",\"potentialAction\":[{\"@type\":\"ReadAction\",\"target\":[\"https:\\\/\\\/cheofoundation.com\\\/fr\\\/comment-donner\\\/dons-de-titres-dactions-en-bourse\\\/\"]}]},{\"@type\":\"ImageObject\",\"inLanguage\":\"fr-FR\",\"@id\":\"https:\\\/\\\/cheofoundation.com\\\/fr\\\/comment-donner\\\/dons-de-titres-dactions-en-bourse\\\/#primaryimage\",\"url\":\"https:\\\/\\\/cheofoundation.com\\\/wp-content\\\/uploads\\\/2025\\\/10\\\/gift_of_securities_example-FR.png\",\"contentUrl\":\"https:\\\/\\\/cheofoundation.com\\\/wp-content\\\/uploads\\\/2025\\\/10\\\/gift_of_securities_example-FR.png\"},{\"@type\":\"BreadcrumbList\",\"@id\":\"https:\\\/\\\/cheofoundation.com\\\/fr\\\/comment-donner\\\/dons-de-titres-dactions-en-bourse\\\/#breadcrumb\",\"itemListElement\":[{\"@type\":\"ListItem\",\"position\":1,\"name\":\"Home\",\"item\":\"https:\\\/\\\/cheofoundation.com\\\/fr\\\/\"},{\"@type\":\"ListItem\",\"position\":2,\"name\":\"Comment donner\",\"item\":\"https:\\\/\\\/cheofoundation.com\\\/fr\\\/comment-donner\\\/\"},{\"@type\":\"ListItem\",\"position\":3,\"name\":\"Dons de titres d\u2019actions en bourse\"}]},{\"@type\":\"WebSite\",\"@id\":\"https:\\\/\\\/cheofoundation.com\\\/fr\\\/#website\",\"url\":\"https:\\\/\\\/cheofoundation.com\\\/fr\\\/\",\"name\":\"Fondation du CHEO\",\"description\":\"\",\"publisher\":{\"@id\":\"https:\\\/\\\/cheofoundation.com\\\/fr\\\/#organization\"},\"potentialAction\":[{\"@type\":\"SearchAction\",\"target\":{\"@type\":\"EntryPoint\",\"urlTemplate\":\"https:\\\/\\\/cheofoundation.com\\\/fr\\\/?s={search_term_string}\"},\"query-input\":{\"@type\":\"PropertyValueSpecification\",\"valueRequired\":true,\"valueName\":\"search_term_string\"}}],\"inLanguage\":\"fr-FR\"},{\"@type\":\"Organization\",\"@id\":\"https:\\\/\\\/cheofoundation.com\\\/fr\\\/#organization\",\"name\":\"CHEO Foundation\",\"url\":\"https:\\\/\\\/cheofoundation.com\\\/fr\\\/\",\"logo\":{\"@type\":\"ImageObject\",\"inLanguage\":\"fr-FR\",\"@id\":\"https:\\\/\\\/cheofoundation.com\\\/fr\\\/#\\\/schema\\\/logo\\\/image\\\/\",\"url\":\"https:\\\/\\\/cheofoundation.com\\\/wp-content\\\/uploads\\\/2024\\\/08\\\/6a9404497b334c9108f34826e2e2a7ce.png\",\"contentUrl\":\"https:\\\/\\\/cheofoundation.com\\\/wp-content\\\/uploads\\\/2024\\\/08\\\/6a9404497b334c9108f34826e2e2a7ce.png\",\"width\":900,\"height\":456,\"caption\":\"CHEO Foundation\"},\"image\":{\"@id\":\"https:\\\/\\\/cheofoundation.com\\\/fr\\\/#\\\/schema\\\/logo\\\/image\\\/\"},\"sameAs\":[\"https:\\\/\\\/www.instagram.com\\\/cheohospital\\\/\",\"https:\\\/\\\/www.youtube.com\\\/user\\\/CHEOvideos\",\"https:\\\/\\\/www.linkedin.com\\\/company\\\/cheo-ottawa\\\/\"]}]}<\/script>\n<!-- \/ Yoast SEO plugin. -->","yoast_head_json":{"title":"Fondation du CHEO | Dons de titres d\u2019actions en bourse","robots":{"index":"index","follow":"follow","max-snippet":"max-snippet:-1","max-image-preview":"max-image-preview:large","max-video-preview":"max-video-preview:-1"},"canonical":"https:\/\/cheofoundation.com\/fr\/comment-donner\/dons-de-titres-dactions-en-bourse\/","og_locale":"fr_FR","og_type":"article","og_title":"Fondation du CHEO | Dons de titres d\u2019actions en bourse","og_description":"Pourquoi choisir le CHEO? Chaque enfant m\u00e9rite une chance de se battre \u2014 et vos actions ou fonds communs de placement peuvent contribuer \u00e0 rendre...","og_url":"https:\/\/cheofoundation.com\/fr\/comment-donner\/dons-de-titres-dactions-en-bourse\/","og_site_name":"Fondation du CHEO","article_modified_time":"2025-11-21T13:20:02+00:00","og_image":[{"width":1366,"height":483,"url":"https:\/\/cheofoundation.com\/wp-content\/uploads\/2025\/10\/gift_of_securities_example-FR.png","type":"image\/png"}],"twitter_card":"summary_large_image","twitter_misc":{"Est. reading time":"3 minutes"},"schema":{"@context":"https:\/\/schema.org","@graph":[{"@type":"WebPage","@id":"https:\/\/cheofoundation.com\/fr\/comment-donner\/dons-de-titres-dactions-en-bourse\/","url":"https:\/\/cheofoundation.com\/fr\/comment-donner\/dons-de-titres-dactions-en-bourse\/","name":"Fondation du CHEO | Dons de titres d\u2019actions en bourse","isPartOf":{"@id":"https:\/\/cheofoundation.com\/fr\/#website"},"primaryImageOfPage":{"@id":"https:\/\/cheofoundation.com\/fr\/comment-donner\/dons-de-titres-dactions-en-bourse\/#primaryimage"},"image":{"@id":"https:\/\/cheofoundation.com\/fr\/comment-donner\/dons-de-titres-dactions-en-bourse\/#primaryimage"},"thumbnailUrl":"https:\/\/cheofoundation.com\/wp-content\/uploads\/2025\/10\/gift_of_securities_example-FR.png","datePublished":"2025-10-28T19:41:31+00:00","dateModified":"2025-11-21T13:20:02+00:00","breadcrumb":{"@id":"https:\/\/cheofoundation.com\/fr\/comment-donner\/dons-de-titres-dactions-en-bourse\/#breadcrumb"},"inLanguage":"fr-FR","potentialAction":[{"@type":"ReadAction","target":["https:\/\/cheofoundation.com\/fr\/comment-donner\/dons-de-titres-dactions-en-bourse\/"]}]},{"@type":"ImageObject","inLanguage":"fr-FR","@id":"https:\/\/cheofoundation.com\/fr\/comment-donner\/dons-de-titres-dactions-en-bourse\/#primaryimage","url":"https:\/\/cheofoundation.com\/wp-content\/uploads\/2025\/10\/gift_of_securities_example-FR.png","contentUrl":"https:\/\/cheofoundation.com\/wp-content\/uploads\/2025\/10\/gift_of_securities_example-FR.png"},{"@type":"BreadcrumbList","@id":"https:\/\/cheofoundation.com\/fr\/comment-donner\/dons-de-titres-dactions-en-bourse\/#breadcrumb","itemListElement":[{"@type":"ListItem","position":1,"name":"Home","item":"https:\/\/cheofoundation.com\/fr\/"},{"@type":"ListItem","position":2,"name":"Comment donner","item":"https:\/\/cheofoundation.com\/fr\/comment-donner\/"},{"@type":"ListItem","position":3,"name":"Dons de titres d\u2019actions en bourse"}]},{"@type":"WebSite","@id":"https:\/\/cheofoundation.com\/fr\/#website","url":"https:\/\/cheofoundation.com\/fr\/","name":"Fondation du CHEO","description":"","publisher":{"@id":"https:\/\/cheofoundation.com\/fr\/#organization"},"potentialAction":[{"@type":"SearchAction","target":{"@type":"EntryPoint","urlTemplate":"https:\/\/cheofoundation.com\/fr\/?s={search_term_string}"},"query-input":{"@type":"PropertyValueSpecification","valueRequired":true,"valueName":"search_term_string"}}],"inLanguage":"fr-FR"},{"@type":"Organization","@id":"https:\/\/cheofoundation.com\/fr\/#organization","name":"CHEO Foundation","url":"https:\/\/cheofoundation.com\/fr\/","logo":{"@type":"ImageObject","inLanguage":"fr-FR","@id":"https:\/\/cheofoundation.com\/fr\/#\/schema\/logo\/image\/","url":"https:\/\/cheofoundation.com\/wp-content\/uploads\/2024\/08\/6a9404497b334c9108f34826e2e2a7ce.png","contentUrl":"https:\/\/cheofoundation.com\/wp-content\/uploads\/2024\/08\/6a9404497b334c9108f34826e2e2a7ce.png","width":900,"height":456,"caption":"CHEO Foundation"},"image":{"@id":"https:\/\/cheofoundation.com\/fr\/#\/schema\/logo\/image\/"},"sameAs":["https:\/\/www.instagram.com\/cheohospital\/","https:\/\/www.youtube.com\/user\/CHEOvideos","https:\/\/www.linkedin.com\/company\/cheo-ottawa\/"]}]}},"_links":{"self":[{"href":"https:\/\/cheofoundation.com\/fr\/wp-json\/wp\/v2\/pages\/16681","targetHints":{"allow":["GET"]}}],"collection":[{"href":"https:\/\/cheofoundation.com\/fr\/wp-json\/wp\/v2\/pages"}],"about":[{"href":"https:\/\/cheofoundation.com\/fr\/wp-json\/wp\/v2\/types\/page"}],"author":[{"embeddable":true,"href":"https:\/\/cheofoundation.com\/fr\/wp-json\/wp\/v2\/users\/6"}],"replies":[{"embeddable":true,"href":"https:\/\/cheofoundation.com\/fr\/wp-json\/wp\/v2\/comments?post=16681"}],"version-history":[{"count":0,"href":"https:\/\/cheofoundation.com\/fr\/wp-json\/wp\/v2\/pages\/16681\/revisions"}],"up":[{"embeddable":true,"href":"https:\/\/cheofoundation.com\/fr\/wp-json\/wp\/v2\/pages\/15202"}],"wp:attachment":[{"href":"https:\/\/cheofoundation.com\/fr\/wp-json\/wp\/v2\/media?parent=16681"}],"curies":[{"name":"wp","href":"https:\/\/api.w.org\/{rel}","templated":true}]}}