{"id":16832,"date":"2025-04-09T14:46:54","date_gmt":"2025-04-09T18:46:54","guid":{"rendered":"https:\/\/cheofoundation.com\/laissez-un-heritage-2\/"},"modified":"2026-02-05T15:25:57","modified_gmt":"2026-02-05T20:25:57","slug":"laissez-un-heritage-2","status":"publish","type":"page","link":"https:\/\/cheofoundation.com\/fr\/laissez-un-heritage-2\/","title":{"rendered":"Faites don d&rsquo;un h\u00e9ritage durable"},"content":{"rendered":"\n<h2 class=\"wp-block-heading\">Pourquoi laisser un don testamentaire \u00e0 la Fondation du CHEO?<\/h2>\n\n\n\n<p>Laisser un don dans votre testament au CHEO est une fa\u00e7on puissante de faire une diff\u00e9rence durable pour les enfants, les adolescents et leurs familles. C\u2019est une occasion de r\u00e9fl\u00e9chir aux valeurs qui ont guid\u00e9 votre vie et de soutenir ce qui compte le plus pour vous. <\/p>\n\n\n\n<p>Un legs est le terme utilis\u00e9 pour d\u00e9signer un don fait par l\u2019entremise d\u2019un testament. Peu importe le montant de votre legs, vous cr\u00e9erez un h\u00e9ritage porteur d\u2019impact pour les enfants et les jeunes. Ce geste de g\u00e9n\u00e9rosit\u00e9 et de compassion continuera d\u2019am\u00e9liorer la sant\u00e9 des g\u00e9n\u00e9rations futures.  <\/p>\n\n\n\n<div style=\"height:50px\" aria-hidden=\"true\" class=\"wp-block-spacer\"><\/div>\n\n\n\n<h2 class=\"wp-block-heading\">Avantages de laisser un don dans votre testament au CHEO<\/h2>\n\n\n\n<p>Vous pouvez avoir un impact durable \u2014 souvent plus grand que ce qui est possible au cours d\u2019une vie \u2014 sans affecter votre situation financi\u00e8re actuelle.<\/p>\n\n\n\n<p>Vous apporterez une contribution significative au CHEO, souvent sans compromettre d\u2019autres dons importants que vous souhaitez l\u00e9guer \u00e0 vos proches ou \u00e0 des causes qui vous tiennent \u00e0 c\u0153ur.<\/p>\n\n\n\n<p>Un re\u00e7u fiscal pour votre don testamentaire peut contribuer \u00e0 r\u00e9duire les imp\u00f4ts de votre succession.<\/p>\n\n\n\n<p>Un legs est une fa\u00e7on sinc\u00e8re d\u2019honorer ce qui compte le plus pour vous, tout en faisant une diff\u00e9rence concr\u00e8te dans votre communaut\u00e9 en soutenant les patients et les familles du CHEO.<\/p>\n\n\n\n<div style=\"height:50px\" aria-hidden=\"true\" class=\"wp-block-spacer\"><\/div>\n\n\n\n<h2 class=\"wp-block-heading\">Comment \u00e7a fonctionne \u2014 <em>C\u2019est plus simple que vous pourriez pense<\/em><\/h2>\n\n\n\n<ol class=\"wp-block-list\">\n<li><strong>Consultez un professionnel du droit <\/strong><br>Communiquez avec un avocat pour r\u00e9diger votre testament afin de vous assurer qu\u2019il est l\u00e9galement valide et qu\u2019il refl\u00e8te fid\u00e8lement vos intentions. Vous pouvez \u00e9galement cr\u00e9er un testament l\u00e9gal en ligne \u2014 assurez-vous simplement que l\u2019option choisie est reconnue dans votre province. <br><br>Voici un article qui pr\u00e9sente <a href=\"https:\/\/www.willpower.ca\/what-to-consider-when-exploring-online-wills\/\" target=\"_blank\" rel=\"noreferrer noopener\"><strong>les \u00e9l\u00e9ments \u00e0 consid\u00e9rer lors de la cr\u00e9ation d\u2019un testament en ligne<\/strong><\/a>. Veuillez noter que cet article est disponible en anglais seulement.<\/li>\n<\/ol>\n\n\n\n<ol start=\"2\" class=\"wp-block-list\">\n<li><strong>Fournissez des renseignements exacts et \u00e0 jour<\/strong> Lorsque vous r\u00e9digerez la section portant sur votre legs, incluez le nom l\u00e9gal complet, le num\u00e9ro d\u2019enregistrement d\u2019organisme de bienfaisance et l\u2019adresse postale pour \u00e9viter toute complication ou tout d\u00e9lai<br>Entit\u00e9 l\u00e9gale : Fondation du CHEO<br>Num\u00e9ro d\u2019enregistrement d\u2019organisme de bienfaisance : 11885 2474 RR0001<br>Adresse postale : 415, chemin Smyth, Ottawa, Ontario, K1H 8M8<br><\/li>\n\n\n\n<li><strong>Specify your intent:<\/strong>&nbsp; Clearly state the type of gift and how you would like the funds used. Providing CHEO with discretion for the \u00ab\u00a0greatest needs\u00a0\u00bb is common and flexible, but you can also designate funds for a specific program. If you are considering designating your gift to a certain program or department at CHEO it is advisable that you contact the CHEO Foundation to ensure that specific wishes can be honoured. We also recommend including variable language so that CHEO Foundation will be able to accept your gift even in the rare circumstance that CHEO\u2019s needs and\/or programs change.<br><br>Here is an example of wording that could be used in a Will to leave a gift to CHEO.\n<ul class=\"wp-block-list\">\n<li>\u00ab Je l\u00e8gue au CHEO (Centre hospitalier pour enfants de l\u2019est de l\u2019Ontario) ___ % de la valeur de ma succession afin qu\u2019il soit utilis\u00e9 pour les besoins les plus urgents de l\u2019h\u00f4pital. \u00bb<\/li>\n\n\n\n<li><strong><a href=\"https:\/\/cheofoundation.com\/wp-content\/uploads\/2026\/01\/Gifts_In_Will-FR.pdf\" type=\"attachment\" id=\"16826\" target=\"_blank\" rel=\"noreferrer noopener\">Autres formulations sugg\u00e9r\u00e9es<\/a><\/strong><\/li>\n<\/ul>\n<\/li>\n\n\n\n<li><strong>Avertissez la Fondation du CHEO<\/strong><br>Nous serions ravis de vous entendre afin de vous remercier et d\u2019honorer votre geste selon vos souhaits. Surtout, nous aimerions vous aider \u00e0 constater d\u00e8s aujourd\u2019hui l\u2019impact futur de votre don. Si vous choisissez de nous en informer, soyez assur\u00e9(e) que vos renseignements seront trait\u00e9s de mani\u00e8re strictement confidentielle.  <\/li>\n<\/ol>\n\n\n\n<div style=\"height:50px\" aria-hidden=\"true\" class=\"wp-block-spacer\"><\/div>\n\n\n\n<h2 class=\"wp-block-heading\">Que faire si mon testament est d\u00e9j\u00e0 r\u00e9dig\u00e9?<\/h2>\n\n\n\n<p>Si vous avez d\u00e9j\u00e0 un testament, vous n\u2019avez pas \u00e0 le r\u00e9\u00e9crire au complet pour ajouter un legs au CHEO. Votre avocat peut pr\u00e9parer un simple ajout, appel\u00e9 un codicille. Ce processus est plus simple et moins co\u00fbteux, mais il doit \u00eatre ex\u00e9cut\u00e9 et sign\u00e9 correctement pour \u00eatre valide.   <\/p>\n\n\n\n<div style=\"height:50px\" aria-hidden=\"true\" class=\"wp-block-spacer\"><\/div>\n\n\n\n<h2 class=\"wp-block-heading\">Un don testamentaire au CHEO change r\u00e9ellement les choses<\/h2>\n\n\n\n<div class=\"wp-block-cover\" style=\"border-radius:15px\"><span aria-hidden=\"true\" class=\"wp-block-cover__background has-dkpurple-background-color has-background-dim-100 has-background-dim\"><\/span><div class=\"wp-block-cover__inner-container is-layout-constrained wp-block-cover-is-layout-constrained\">\n<div class=\"wp-block-columns is-layout-flex wp-container-core-columns-is-layout-f7f775d8 wp-block-columns-is-layout-flex\" style=\"padding-top:var(--wp--preset--spacing--50);padding-right:var(--wp--preset--spacing--60);padding-bottom:var(--wp--preset--spacing--50);padding-left:var(--wp--preset--spacing--60)\">\n<div class=\"wp-block-column is-vertically-aligned-center is-layout-flow wp-block-column-is-layout-flow\" style=\"flex-basis:33.33%\">\n<div style=\"height:2px\" aria-hidden=\"true\" class=\"wp-block-spacer\"><\/div>\n\n\n\n<blockquote class=\"wp-block-quote is-layout-flow wp-block-quote-is-layout-flow\">\n<p class=\"has-white-color has-text-color has-link-color wp-elements-2b62c01391b81a17eceb100a090ad4be\">\u00ab Donner est probablement l\u2019une des choses les plus merveilleuses et satisfaisantes qu\u2019un \u00eatre humain puisse faire. En donnant \u00e0 quelqu\u2019un d\u2019autre, on s\u2019enrichit soi-m\u00eame et on ressent un profond bien-\u00eatre. \u00bb<\/p>\n\n\n\n<p class=\"has-white-color has-text-color has-link-color wp-elements-bc33e192b34d0782f0cefe87243952ad\"><strong>&#8211; Jean Louis, donateur de la Fondation du CHEO<\/strong><\/p>\n<\/blockquote>\n<\/div>\n\n\n\n<div class=\"wp-block-column is-layout-flow wp-block-column-is-layout-flow\" style=\"flex-basis:66.66%\">\n<figure class=\"wp-block-embed is-type-video is-provider-vimeo wp-block-embed-vimeo wp-embed-aspect-16-9 wp-has-aspect-ratio\"><div class=\"wp-block-embed__wrapper\">\n<iframe loading=\"lazy\" title=\"Forever CHEO - Jean-Louis and George\" src=\"https:\/\/player.vimeo.com\/video\/714197129?dnt=1&amp;app_id=122963\" width=\"1320\" height=\"743\" frameborder=\"0\" allow=\"autoplay; fullscreen; picture-in-picture; clipboard-write; encrypted-media; web-share\" referrerpolicy=\"strict-origin-when-cross-origin\"><\/iframe>\n<\/div><\/figure>\n<\/div>\n<\/div>\n<\/div><\/div>\n\n\n\n<div style=\"height:50px\" aria-hidden=\"true\" class=\"wp-block-spacer\"><\/div>\n\n\n\n<p><\/p>\n\n\n\n<h2 class=\"wp-block-heading\">Nos renseignements juridiques<\/h2>\n\n\n\n<p>Entit\u00e9 l\u00e9gale : Fondation du CHEO<br>Adresse postale : 415, chemin Smyth, Ottawa, Ontario, K1H 8M8<br>Num\u00e9ro d\u2019enregistrement d\u2019organisme de bienfaisance : 11885 2474 RR0001<\/p>\n\n\n\n<div style=\"height:50px\" aria-hidden=\"true\" class=\"wp-block-spacer\"><\/div>\n\n\n\n<h2 class=\"wp-block-heading\">Coordonn\u00e9es<\/h2>\n\n\n\n<p>Pour de plus amples renseignements, veuillez communiquer avec :<br>Megan Doyle Ray<br>Directrice, Conseils en mati\u00e8re d&rsquo;h\u00e9ritage et de succession<br><a href=\"mailto:mdoyleray@cheofoundation.com\"><strong>mdoyleray@cheofoundation.com<\/strong><\/a><br><strong><a href=\"tel:+16132972633\">613-297-2633<\/a><\/strong>.<\/p>\n","protected":false},"excerpt":{"rendered":"<p>Pourquoi laisser un don testamentaire \u00e0 la Fondation du CHEO? Laisser un don dans votre testament au CHEO est une fa\u00e7on puissante de faire une&#8230;<\/p>\n","protected":false},"author":6,"featured_media":16829,"parent":0,"menu_order":0,"comment_status":"closed","ping_status":"closed","template":"","meta":{"_eb_attr":"","footnotes":""},"class_list":["post-16832","page","type-page","status-publish","has-post-thumbnail","hentry"],"yoast_head":"<!-- This site is optimized with the Yoast SEO plugin v27.4 - https:\/\/yoast.com\/product\/yoast-seo-wordpress\/ -->\n<title>Fondation du CHEO | Faites don d&#039;un h\u00e9ritage durable<\/title>\n<meta name=\"description\" content=\"Faites don d&#039;un h\u00e9ritage durable : Laisser un don dans votre testament au CHEO est une fa\u00e7on puissante de faire une diff\u00e9rence durable pour les enfants, les adolescents et leurs familles.\" \/>\n<meta name=\"robots\" content=\"index, follow, max-snippet:-1, max-image-preview:large, max-video-preview:-1\" \/>\n<link rel=\"canonical\" href=\"https:\/\/cheofoundation.com\/fr\/laissez-un-heritage-2\/\" \/>\n<meta property=\"og:locale\" content=\"fr_FR\" \/>\n<meta property=\"og:type\" content=\"article\" \/>\n<meta property=\"og:title\" content=\"Fondation du CHEO | Faites don d&#039;un h\u00e9ritage durable\" \/>\n<meta property=\"og:description\" content=\"Faites don d&#039;un h\u00e9ritage durable : Laisser un don dans votre testament au CHEO est une fa\u00e7on puissante de faire une diff\u00e9rence durable pour les enfants, les adolescents et leurs familles.\" \/>\n<meta property=\"og:url\" content=\"https:\/\/cheofoundation.com\/fr\/laissez-un-heritage-2\/\" \/>\n<meta property=\"og:site_name\" content=\"Fondation du CHEO\" \/>\n<meta property=\"article:modified_time\" content=\"2026-02-05T20:25:57+00:00\" \/>\n<meta property=\"og:image\" content=\"https:\/\/cheofoundation.com\/wp-content\/uploads\/2026\/01\/gift-in-will-hero.jpg\" \/>\n\t<meta property=\"og:image:width\" content=\"2400\" \/>\n\t<meta property=\"og:image:height\" content=\"1349\" \/>\n\t<meta property=\"og:image:type\" content=\"image\/jpeg\" \/>\n<meta name=\"twitter:card\" content=\"summary_large_image\" \/>\n<meta name=\"twitter:label1\" content=\"Est. reading time\" \/>\n\t<meta name=\"twitter:data1\" content=\"4 minutes\" \/>\n<script type=\"application\/ld+json\" class=\"yoast-schema-graph\">{\"@context\":\"https:\\\/\\\/schema.org\",\"@graph\":[{\"@type\":\"WebPage\",\"@id\":\"https:\\\/\\\/cheofoundation.com\\\/fr\\\/laissez-un-heritage-2\\\/\",\"url\":\"https:\\\/\\\/cheofoundation.com\\\/fr\\\/laissez-un-heritage-2\\\/\",\"name\":\"Fondation du CHEO | Faites don d'un h\u00e9ritage durable\",\"isPartOf\":{\"@id\":\"https:\\\/\\\/cheofoundation.com\\\/fr\\\/#website\"},\"primaryImageOfPage\":{\"@id\":\"https:\\\/\\\/cheofoundation.com\\\/fr\\\/laissez-un-heritage-2\\\/#primaryimage\"},\"image\":{\"@id\":\"https:\\\/\\\/cheofoundation.com\\\/fr\\\/laissez-un-heritage-2\\\/#primaryimage\"},\"thumbnailUrl\":\"https:\\\/\\\/cheofoundation.com\\\/wp-content\\\/uploads\\\/2026\\\/01\\\/gift-in-will-hero.jpg\",\"datePublished\":\"2025-04-09T18:46:54+00:00\",\"dateModified\":\"2026-02-05T20:25:57+00:00\",\"description\":\"Faites don d'un h\u00e9ritage durable : Laisser un don dans votre testament au CHEO est une fa\u00e7on puissante de faire une diff\u00e9rence durable pour les enfants, les adolescents et leurs familles.\",\"breadcrumb\":{\"@id\":\"https:\\\/\\\/cheofoundation.com\\\/fr\\\/laissez-un-heritage-2\\\/#breadcrumb\"},\"inLanguage\":\"fr-FR\",\"potentialAction\":[{\"@type\":\"ReadAction\",\"target\":[\"https:\\\/\\\/cheofoundation.com\\\/fr\\\/laissez-un-heritage-2\\\/\"]}]},{\"@type\":\"ImageObject\",\"inLanguage\":\"fr-FR\",\"@id\":\"https:\\\/\\\/cheofoundation.com\\\/fr\\\/laissez-un-heritage-2\\\/#primaryimage\",\"url\":\"https:\\\/\\\/cheofoundation.com\\\/wp-content\\\/uploads\\\/2026\\\/01\\\/gift-in-will-hero.jpg\",\"contentUrl\":\"https:\\\/\\\/cheofoundation.com\\\/wp-content\\\/uploads\\\/2026\\\/01\\\/gift-in-will-hero.jpg\",\"width\":2400,\"height\":1349,\"caption\":\"Malakai laughing\"},{\"@type\":\"BreadcrumbList\",\"@id\":\"https:\\\/\\\/cheofoundation.com\\\/fr\\\/laissez-un-heritage-2\\\/#breadcrumb\",\"itemListElement\":[{\"@type\":\"ListItem\",\"position\":1,\"name\":\"Home\",\"item\":\"https:\\\/\\\/cheofoundation.com\\\/fr\\\/\"},{\"@type\":\"ListItem\",\"position\":2,\"name\":\"Faites don d&#8217;un h\u00e9ritage durable\"}]},{\"@type\":\"WebSite\",\"@id\":\"https:\\\/\\\/cheofoundation.com\\\/fr\\\/#website\",\"url\":\"https:\\\/\\\/cheofoundation.com\\\/fr\\\/\",\"name\":\"Fondation du CHEO\",\"description\":\"\",\"publisher\":{\"@id\":\"https:\\\/\\\/cheofoundation.com\\\/fr\\\/#organization\"},\"potentialAction\":[{\"@type\":\"SearchAction\",\"target\":{\"@type\":\"EntryPoint\",\"urlTemplate\":\"https:\\\/\\\/cheofoundation.com\\\/fr\\\/?s={search_term_string}\"},\"query-input\":{\"@type\":\"PropertyValueSpecification\",\"valueRequired\":true,\"valueName\":\"search_term_string\"}}],\"inLanguage\":\"fr-FR\"},{\"@type\":\"Organization\",\"@id\":\"https:\\\/\\\/cheofoundation.com\\\/fr\\\/#organization\",\"name\":\"CHEO Foundation\",\"url\":\"https:\\\/\\\/cheofoundation.com\\\/fr\\\/\",\"logo\":{\"@type\":\"ImageObject\",\"inLanguage\":\"fr-FR\",\"@id\":\"https:\\\/\\\/cheofoundation.com\\\/fr\\\/#\\\/schema\\\/logo\\\/image\\\/\",\"url\":\"https:\\\/\\\/cheofoundation.com\\\/wp-content\\\/uploads\\\/2024\\\/08\\\/6a9404497b334c9108f34826e2e2a7ce.png\",\"contentUrl\":\"https:\\\/\\\/cheofoundation.com\\\/wp-content\\\/uploads\\\/2024\\\/08\\\/6a9404497b334c9108f34826e2e2a7ce.png\",\"width\":900,\"height\":456,\"caption\":\"CHEO Foundation\"},\"image\":{\"@id\":\"https:\\\/\\\/cheofoundation.com\\\/fr\\\/#\\\/schema\\\/logo\\\/image\\\/\"},\"sameAs\":[\"https:\\\/\\\/www.instagram.com\\\/cheohospital\\\/\",\"https:\\\/\\\/www.youtube.com\\\/user\\\/CHEOvideos\",\"https:\\\/\\\/www.linkedin.com\\\/company\\\/cheo-ottawa\\\/\"]}]}<\/script>\n<!-- \/ Yoast SEO plugin. -->","yoast_head_json":{"title":"Fondation du CHEO | Faites don d'un h\u00e9ritage durable","description":"Faites don d'un h\u00e9ritage durable : Laisser un don dans votre testament au CHEO est une fa\u00e7on puissante de faire une diff\u00e9rence durable pour les enfants, les adolescents et leurs familles.","robots":{"index":"index","follow":"follow","max-snippet":"max-snippet:-1","max-image-preview":"max-image-preview:large","max-video-preview":"max-video-preview:-1"},"canonical":"https:\/\/cheofoundation.com\/fr\/laissez-un-heritage-2\/","og_locale":"fr_FR","og_type":"article","og_title":"Fondation du CHEO | Faites don d'un h\u00e9ritage durable","og_description":"Faites don d'un h\u00e9ritage durable : Laisser un don dans votre testament au CHEO est une fa\u00e7on puissante de faire une diff\u00e9rence durable pour les enfants, les adolescents et leurs familles.","og_url":"https:\/\/cheofoundation.com\/fr\/laissez-un-heritage-2\/","og_site_name":"Fondation du CHEO","article_modified_time":"2026-02-05T20:25:57+00:00","og_image":[{"width":2400,"height":1349,"url":"https:\/\/cheofoundation.com\/wp-content\/uploads\/2026\/01\/gift-in-will-hero.jpg","type":"image\/jpeg"}],"twitter_card":"summary_large_image","twitter_misc":{"Est. reading time":"4 minutes"},"schema":{"@context":"https:\/\/schema.org","@graph":[{"@type":"WebPage","@id":"https:\/\/cheofoundation.com\/fr\/laissez-un-heritage-2\/","url":"https:\/\/cheofoundation.com\/fr\/laissez-un-heritage-2\/","name":"Fondation du CHEO | Faites don d'un h\u00e9ritage durable","isPartOf":{"@id":"https:\/\/cheofoundation.com\/fr\/#website"},"primaryImageOfPage":{"@id":"https:\/\/cheofoundation.com\/fr\/laissez-un-heritage-2\/#primaryimage"},"image":{"@id":"https:\/\/cheofoundation.com\/fr\/laissez-un-heritage-2\/#primaryimage"},"thumbnailUrl":"https:\/\/cheofoundation.com\/wp-content\/uploads\/2026\/01\/gift-in-will-hero.jpg","datePublished":"2025-04-09T18:46:54+00:00","dateModified":"2026-02-05T20:25:57+00:00","description":"Faites don d'un h\u00e9ritage durable : Laisser un don dans votre testament au CHEO est une fa\u00e7on puissante de faire une diff\u00e9rence durable pour les enfants, les adolescents et leurs familles.","breadcrumb":{"@id":"https:\/\/cheofoundation.com\/fr\/laissez-un-heritage-2\/#breadcrumb"},"inLanguage":"fr-FR","potentialAction":[{"@type":"ReadAction","target":["https:\/\/cheofoundation.com\/fr\/laissez-un-heritage-2\/"]}]},{"@type":"ImageObject","inLanguage":"fr-FR","@id":"https:\/\/cheofoundation.com\/fr\/laissez-un-heritage-2\/#primaryimage","url":"https:\/\/cheofoundation.com\/wp-content\/uploads\/2026\/01\/gift-in-will-hero.jpg","contentUrl":"https:\/\/cheofoundation.com\/wp-content\/uploads\/2026\/01\/gift-in-will-hero.jpg","width":2400,"height":1349,"caption":"Malakai laughing"},{"@type":"BreadcrumbList","@id":"https:\/\/cheofoundation.com\/fr\/laissez-un-heritage-2\/#breadcrumb","itemListElement":[{"@type":"ListItem","position":1,"name":"Home","item":"https:\/\/cheofoundation.com\/fr\/"},{"@type":"ListItem","position":2,"name":"Faites don d&#8217;un h\u00e9ritage durable"}]},{"@type":"WebSite","@id":"https:\/\/cheofoundation.com\/fr\/#website","url":"https:\/\/cheofoundation.com\/fr\/","name":"Fondation du CHEO","description":"","publisher":{"@id":"https:\/\/cheofoundation.com\/fr\/#organization"},"potentialAction":[{"@type":"SearchAction","target":{"@type":"EntryPoint","urlTemplate":"https:\/\/cheofoundation.com\/fr\/?s={search_term_string}"},"query-input":{"@type":"PropertyValueSpecification","valueRequired":true,"valueName":"search_term_string"}}],"inLanguage":"fr-FR"},{"@type":"Organization","@id":"https:\/\/cheofoundation.com\/fr\/#organization","name":"CHEO Foundation","url":"https:\/\/cheofoundation.com\/fr\/","logo":{"@type":"ImageObject","inLanguage":"fr-FR","@id":"https:\/\/cheofoundation.com\/fr\/#\/schema\/logo\/image\/","url":"https:\/\/cheofoundation.com\/wp-content\/uploads\/2024\/08\/6a9404497b334c9108f34826e2e2a7ce.png","contentUrl":"https:\/\/cheofoundation.com\/wp-content\/uploads\/2024\/08\/6a9404497b334c9108f34826e2e2a7ce.png","width":900,"height":456,"caption":"CHEO Foundation"},"image":{"@id":"https:\/\/cheofoundation.com\/fr\/#\/schema\/logo\/image\/"},"sameAs":["https:\/\/www.instagram.com\/cheohospital\/","https:\/\/www.youtube.com\/user\/CHEOvideos","https:\/\/www.linkedin.com\/company\/cheo-ottawa\/"]}]}},"_links":{"self":[{"href":"https:\/\/cheofoundation.com\/fr\/wp-json\/wp\/v2\/pages\/16832","targetHints":{"allow":["GET"]}}],"collection":[{"href":"https:\/\/cheofoundation.com\/fr\/wp-json\/wp\/v2\/pages"}],"about":[{"href":"https:\/\/cheofoundation.com\/fr\/wp-json\/wp\/v2\/types\/page"}],"author":[{"embeddable":true,"href":"https:\/\/cheofoundation.com\/fr\/wp-json\/wp\/v2\/users\/6"}],"replies":[{"embeddable":true,"href":"https:\/\/cheofoundation.com\/fr\/wp-json\/wp\/v2\/comments?post=16832"}],"version-history":[{"count":0,"href":"https:\/\/cheofoundation.com\/fr\/wp-json\/wp\/v2\/pages\/16832\/revisions"}],"wp:featuredmedia":[{"embeddable":true,"href":"https:\/\/cheofoundation.com\/fr\/wp-json\/wp\/v2\/media\/16829"}],"wp:attachment":[{"href":"https:\/\/cheofoundation.com\/fr\/wp-json\/wp\/v2\/media?parent=16832"}],"curies":[{"name":"wp","href":"https:\/\/api.w.org\/{rel}","templated":true}]}}